{"id":146870,"date":"2023-06-01T12:07:32","date_gmt":"2023-06-01T16:07:32","guid":{"rendered":"https:\/\/mendomedical.ca\/?post_type=product&#038;p=146870"},"modified":"2026-03-16T09:55:03","modified_gmt":"2026-03-16T13:55:03","slug":"cbg-30mg-30-caps","status":"publish","type":"product","link":"https:\/\/mendomedical.ca\/fr\/produit\/cbg-30mg-30-caps\/","title":{"rendered":"CBG 30mg - 30 g\u00e9lules"},"content":{"rendered":"","protected":false},"excerpt":{"rendered":"<div class=\"ExternalClass8A1C16FA351F4F6F9C79FA00AB2B3139\">\n<h3>CBG 30mg - 30 g\u00e9lules<\/h3>\n<p>D\u00e9couvrez les bienfaits potentiels du CBG (Cannabigerol) avec les capsules d&rsquo;isolat de premi\u00e8re qualit\u00e9 de Naturally Nutra. Chaque g\u00e9lule d\u00e9livre une dose pr\u00e9cise de 30 mg de CBG pur, un cannabino\u00efde non psychoactif qui peut contribuer au bien-\u00eatre g\u00e9n\u00e9ral. Extraites de chanvre de culture biologique et test\u00e9es par des tiers pour l&rsquo;assurance qualit\u00e9, ces g\u00e9lules sans THC offrent un moyen pratique d&rsquo;incorporer le CBG dans votre routine quotidienne.  <\/p>\n<h4>Caract\u00e9ristiques principales<\/h4>\n<ul>\n<li>30 mg d&rsquo;isolat pur de CBG par g\u00e9lule pour un dosage constant et mesur\u00e9<\/li>\n<li>Formule sans THC adapt\u00e9e aux personnes \u00e0 la recherche de cannabino\u00efdes non psychoactifs<\/li>\n<li>Extrait de plantes de chanvre cultiv\u00e9es de mani\u00e8re biologique en utilisant des m\u00e9thodes d&rsquo;isolation de premi\u00e8re qualit\u00e9<\/li>\n<li>Test\u00e9 par une tierce partie pour la puissance, la puret\u00e9 et l&rsquo;assurance qualit\u00e9<\/li>\n<li>30 g\u00e9lules par flacon pour une r\u00e9serve d&rsquo;un mois complet<\/li>\n<\/ul>\n<h4>Pourquoi choisir CBG Capsules<\/h4>\n<p>Les capsules CBG offrent aux consommateurs de cannabis m\u00e9dical une m\u00e9thode de consommation pr\u00e9cise et discr\u00e8te, sans qu&rsquo;il soit n\u00e9cessaire de fumer ou de vaper. Les doses pr\u00e9mesur\u00e9es garantissent la coh\u00e9rence, tandis que le format des g\u00e9lules permet une int\u00e9gration simple et pratique dans les routines de bien-\u00eatre quotidiennes. <\/p>\n<h4>Exp\u00e9dition dans tout le Canada<\/h4>\n<p>CBG 30mg - 30 capsules est exp\u00e9di\u00e9 rapidement \u00e0 travers le Canada. Nous offrons la livraison gratuite pour toutes les commandes de plus de 150 $. Veuillez noter que les produits contenant de la g\u00e9latine peuvent fondre pendant l&rsquo;exp\u00e9dition durant les mois d&rsquo;\u00e9t\u00e9. Nous vous recommandons de tenir compte de ce probl\u00e8me potentiel lorsque vous passez votre commande.    Malheureusement, nous ne pouvons pas offrir de remboursement ou de remplacement pour les produits qui fondent pendant le transport. Nous vous remercions de votre compr\u00e9hension.<\/p>\n<h4>Avantages et couverture pour les anciens combattants<\/h4>\n<p>CBG 30mg - 30 capsules est admissible \u00e0 la couverture d&rsquo;ACC (Anciens Combattants Canada) et \u00e0 la facturation directe par l&rsquo;entremise de la Croix Bleue, sans aucun d\u00e9bours\u00e9. Si vous n&rsquo;avez pas encore de carte m\u00e9dicale, obtenez-la gratuitement, rapidement et facilement \u00e0 l&rsquo;<a href=\"https:\/\/mendomedical.ca\/fr\/carte-medicale\/\">adresse https:\/\/mendomedical.ca\/medical-card\/.<\/a> <\/p>\n<p><strong>Ingr\u00e9dients :<\/strong> Poudre de cellulose microcristalline, isolat de CBG, hydroxypropylm\u00e9thylcellulose, eau purifi\u00e9e, gomme de g\u00e9latine.<\/p>\n<\/div>\n","protected":false},"featured_media":146873,"comment_status":"closed","ping_status":"closed","template":"","meta":{"_acf_changed":false,"site-sidebar-layout":"default","site-content-layout":"","ast-site-content-layout":"default","site-content-style":"default","site-sidebar-style":"default","ast-global-header-display":"","ast-banner-title-visibility":"","ast-main-header-display":"","ast-hfb-above-header-display":"","ast-hfb-below-header-display":"","ast-hfb-mobile-header-display":"","site-post-title":"","ast-breadcrumbs-content":"","ast-featured-img":"","footer-sml-layout":"","ast-disable-related-posts":"","theme-transparent-header-meta":"default","adv-header-id-meta":"","stick-header-meta":"","header-above-stick-meta":"","header-main-stick-meta":"","header-below-stick-meta":"","astra-migrate-meta-layouts":"set","ast-page-background-enabled":"default","ast-page-background-meta":{"desktop":{"background-color":"var(--ast-global-color-4)","background-image":"","background-repeat":"repeat","background-position":"center center","background-size":"auto","background-attachment":"scroll","background-type":"","background-media":"","overlay-type":"","overlay-color":"","overlay-opacity":"","overlay-gradient":""},"tablet":{"background-color":"","background-image":"","background-repeat":"repeat","background-position":"center center","background-size":"auto","background-attachment":"scroll","background-type":"","background-media":"","overlay-type":"","overlay-color":"","overlay-opacity":"","overlay-gradient":""},"mobile":{"background-color":"","background-image":"","background-repeat":"repeat","background-position":"center center","background-size":"auto","background-attachment":"scroll","background-type":"","background-media":"","overlay-type":"","overlay-color":"","overlay-opacity":"","overlay-gradient":""}},"ast-content-background-meta":{"desktop":{"background-color":"var(--ast-global-color-5)","background-image":"","background-repeat":"repeat","background-position":"center center","background-size":"auto","background-attachment":"scroll","background-type":"","background-media":"","overlay-type":"","overlay-color":"","overlay-opacity":"","overlay-gradient":""},"tablet":{"background-color":"var(--ast-global-color-5)","background-image":"","background-repeat":"repeat","background-position":"center center","background-size":"auto","background-attachment":"scroll","background-type":"","background-media":"","overlay-type":"","overlay-color":"","overlay-opacity":"","overlay-gradient":""},"mobile":{"background-color":"var(--ast-global-color-5)","background-image":"","background-repeat":"repeat","background-position":"center center","background-size":"auto","background-attachment":"scroll","background-type":"","background-media":"","overlay-type":"","overlay-color":"","overlay-opacity":"","overlay-gradient":""}}},"product_brand":[],"product_cat":[1115,3853,1114],"product_tag":[3831],"product_format_filter":[],"class_list":{"0":"post-146870","1":"product","2":"type-product","3":"status-publish","4":"has-post-thumbnail","6":"product_cat-gelules-fr","7":"product_cat-cbd-minors-5-fr","8":"product_cat-gelules","9":"product_tag-naturally-nutra-fr","10":"pa_cbg-30mg-fr","11":"pa_format-30-units-fr","12":"pa_intensity-med-cbg-fr","13":"pa_marques-naturally-nutra-fr","14":"pa_origin-colombie-britannique-fr","15":"desktop-align-left","16":"tablet-align-left","17":"mobile-align-left","19":"first","20":"instock","21":"taxable","22":"shipping-taxable","23":"purchasable","24":"product-type-simple"},"group_of_quantity":0,"min_quantity":0,"max_quantity":"","exclude_order_quantity_value_rules":"no","exclude_category_quantity_rules":"no","combine_variations":"no","acf":[],"_links":{"self":[{"href":"https:\/\/mendomedical.ca\/fr\/wp-json\/wp\/v2\/product\/146870","targetHints":{"allow":["GET"]}}],"collection":[{"href":"https:\/\/mendomedical.ca\/fr\/wp-json\/wp\/v2\/product"}],"about":[{"href":"https:\/\/mendomedical.ca\/fr\/wp-json\/wp\/v2\/types\/product"}],"replies":[{"embeddable":true,"href":"https:\/\/mendomedical.ca\/fr\/wp-json\/wp\/v2\/comments?post=146870"}],"wp:featuredmedia":[{"embeddable":true,"href":"https:\/\/mendomedical.ca\/fr\/wp-json\/wp\/v2\/media\/146873"}],"wp:attachment":[{"href":"https:\/\/mendomedical.ca\/fr\/wp-json\/wp\/v2\/media?parent=146870"}],"wp:term":[{"taxonomy":"product_brand","embeddable":true,"href":"https:\/\/mendomedical.ca\/fr\/wp-json\/wp\/v2\/product_brand?post=146870"},{"taxonomy":"product_cat","embeddable":true,"href":"https:\/\/mendomedical.ca\/fr\/wp-json\/wp\/v2\/product_cat?post=146870"},{"taxonomy":"product_tag","embeddable":true,"href":"https:\/\/mendomedical.ca\/fr\/wp-json\/wp\/v2\/product_tag?post=146870"},{"taxonomy":"product_format_filter","embeddable":true,"href":"https:\/\/mendomedical.ca\/fr\/wp-json\/wp\/v2\/product_format_filter?post=146870"}],"curies":[{"name":"wp","href":"https:\/\/api.w.org\/{rel}","templated":true}]}}