{"id":146861,"date":"2025-08-14T02:30:07","date_gmt":"2025-08-14T06:30:07","guid":{"rendered":"https:\/\/mendomedical.ca\/?post_type=product&#038;p=146861"},"modified":"2026-03-17T15:12:03","modified_gmt":"2026-03-17T19:12:03","slug":"sunbeam-cbdcbg-with-turmeric-30-caps","status":"publish","type":"product","link":"https:\/\/mendomedical.ca\/fr\/produit\/sunbeam-cbdcbg-with-turmeric-30-caps\/","title":{"rendered":"Sunbeam CBD:CBG avec Curcuma - 30 g\u00e9lules"},"content":{"rendered":"","protected":false},"excerpt":{"rendered":"<div class=\"ExternalClass459A8C617F32468592FA684F6977A7F4\">\n<h3>Sunbeam CBD:CBG avec Curcuma - 30 g\u00e9lules<\/h3>\n<p>D\u00e9couvrez les bienfaits synergiques des cannabino\u00efdes avec les g\u00e9lules Sunbeam CBD:CBG de Naturally Nutra. Ce suppl\u00e9ment soigneusement formul\u00e9 combine 100 mg d&rsquo;isolat de CBD pur et 20 mg d&rsquo;isolat de CBG par g\u00e9lule, rehauss\u00e9 de curcuma pour un soutien suppl\u00e9mentaire au bien-\u00eatre. Totalement exemptes de THC, ces g\u00e9lules constituent un moyen pratique et pr\u00e9cis d&rsquo;incorporer les cannabino\u00efdes dans votre routine quotidienne.  <\/p>\n<h4>Caract\u00e9ristiques principales<\/h4>\n<ul>\n<li>Formule \u00e0 haute puissance avec 100mg de CBD et 20mg de CBG par g\u00e9lule.<\/li>\n<li>Enrichi en curcuma pour des b\u00e9n\u00e9fices compl\u00e9mentaires<\/li>\n<li>Formule sans THC utilisant des isolats purs de CBD et de CBG<\/li>\n<li>30 g\u00e9lules par flacon pour une r\u00e9serve d&rsquo;un mois complet<\/li>\n<li>G\u00e9lules faciles \u00e0 avaler pour une utilisation quotidienne pratique<\/li>\n<\/ul>\n<h4>Profil des cannabino\u00efdes<\/h4>\n<p>Chaque g\u00e9lule pr\u00e9sente un rapport \u00e9quilibr\u00e9 entre le CBD et le CBG (5:1), apportant 100 mg de cannabidiol et 20 mg de cannabig\u00e9rol. Ces cannabino\u00efdes non psychoactifs agissent ensemble pour cr\u00e9er un effet d&rsquo;entourage, tandis que l&rsquo;ajout de curcuma peut aider \u00e0 soutenir la r\u00e9ponse inflammatoire naturelle du corps. <\/p>\n<h4>Pourquoi choisir les capsules de CBD<\/h4>\n<p>Les capsules de CBD offrent aux utilisateurs m\u00e9dicaux une m\u00e9thode discr\u00e8te, coh\u00e9rente et pratique de suppl\u00e9mentation en cannabino\u00efdes. Les doses pr\u00e9mesur\u00e9es \u00e9liminent toute incertitude et facilitent le maintien d&rsquo;une routine de bien-\u00eatre r\u00e9guli\u00e8re. <\/p>\n<h4>Exp\u00e9dition dans tout le Canada<\/h4>\n<p>Sunbeam CBD:CBG avec curcuma est exp\u00e9di\u00e9 rapidement \u00e0 travers le Canada. Profitez de la livraison gratuite pour toutes les commandes de plus de 150 $. <\/p>\n<h4>Avantages et couverture pour les anciens combattants<\/h4>\n<p>Sunbeam CBD:CBG avec curcuma est admissible \u00e0 la couverture d&rsquo;ACC (Anciens Combattants Canada) avec facturation directe par l&rsquo;entremise de la Croix Bleue, ce qui signifie que les anciens combattants admissibles n&rsquo;ont pas \u00e0 d\u00e9bourser d&rsquo;argent. Si vous n&rsquo;avez pas encore de carte m\u00e9dicale, <a href=\"https:\/\/mendomedical.ca\/fr\/carte-medicale\/\">obtenez votre carte m\u00e9dicale gratuite rapidement et facilement<\/a>. <\/p>\n<p><strong>Ingr\u00e9dients :<\/strong> Poudre de cellulose microcristalline, isolat de CBD, isolat de CBG, curcuma.<\/p>\n<\/div>\n","protected":false},"featured_media":146863,"comment_status":"closed","ping_status":"closed","template":"","meta":{"_acf_changed":false,"site-sidebar-layout":"default","site-content-layout":"","ast-site-content-layout":"default","site-content-style":"default","site-sidebar-style":"default","ast-global-header-display":"","ast-banner-title-visibility":"","ast-main-header-display":"","ast-hfb-above-header-display":"","ast-hfb-below-header-display":"","ast-hfb-mobile-header-display":"","site-post-title":"","ast-breadcrumbs-content":"","ast-featured-img":"","footer-sml-layout":"","ast-disable-related-posts":"","theme-transparent-header-meta":"default","adv-header-id-meta":"","stick-header-meta":"","header-above-stick-meta":"","header-main-stick-meta":"","header-below-stick-meta":"","astra-migrate-meta-layouts":"set","ast-page-background-enabled":"default","ast-page-background-meta":{"desktop":{"background-color":"var(--ast-global-color-4)","background-image":"","background-repeat":"repeat","background-position":"center center","background-size":"auto","background-attachment":"scroll","background-type":"","background-media":"","overlay-type":"","overlay-color":"","overlay-opacity":"","overlay-gradient":""},"tablet":{"background-color":"","background-image":"","background-repeat":"repeat","background-position":"center center","background-size":"auto","background-attachment":"scroll","background-type":"","background-media":"","overlay-type":"","overlay-color":"","overlay-opacity":"","overlay-gradient":""},"mobile":{"background-color":"","background-image":"","background-repeat":"repeat","background-position":"center center","background-size":"auto","background-attachment":"scroll","background-type":"","background-media":"","overlay-type":"","overlay-color":"","overlay-opacity":"","overlay-gradient":""}},"ast-content-background-meta":{"desktop":{"background-color":"var(--ast-global-color-5)","background-image":"","background-repeat":"repeat","background-position":"center center","background-size":"auto","background-attachment":"scroll","background-type":"","background-media":"","overlay-type":"","overlay-color":"","overlay-opacity":"","overlay-gradient":""},"tablet":{"background-color":"var(--ast-global-color-5)","background-image":"","background-repeat":"repeat","background-position":"center center","background-size":"auto","background-attachment":"scroll","background-type":"","background-media":"","overlay-type":"","overlay-color":"","overlay-opacity":"","overlay-gradient":""},"mobile":{"background-color":"var(--ast-global-color-5)","background-image":"","background-repeat":"repeat","background-position":"center center","background-size":"auto","background-attachment":"scroll","background-type":"","background-media":"","overlay-type":"","overlay-color":"","overlay-opacity":"","overlay-gradient":""}}},"product_brand":[],"product_cat":[1115,3853,1114],"product_tag":[3831],"product_format_filter":[],"class_list":{"0":"post-146861","1":"product","2":"type-product","3":"status-publish","4":"has-post-thumbnail","6":"product_cat-gelules-fr","7":"product_cat-cbd-minors-5-fr","8":"product_cat-gelules","9":"product_tag-naturally-nutra-fr","10":"pa_cbd-100mg-fr","11":"pa_cbg-20mg-fr","12":"pa_format-30-units-fr","13":"pa_intensity-eleve-en-cbd","14":"pa_intensity-med-cbg-fr","15":"pa_marques-naturally-nutra-fr","16":"pa_origin-colombie-britannique-fr","17":"desktop-align-left","18":"tablet-align-left","19":"mobile-align-left","21":"first","22":"instock","23":"taxable","24":"shipping-taxable","25":"purchasable","26":"product-type-simple"},"group_of_quantity":0,"min_quantity":0,"max_quantity":"","exclude_order_quantity_value_rules":"no","exclude_category_quantity_rules":"no","combine_variations":"no","acf":[],"_links":{"self":[{"href":"https:\/\/mendomedical.ca\/fr\/wp-json\/wp\/v2\/product\/146861","targetHints":{"allow":["GET"]}}],"collection":[{"href":"https:\/\/mendomedical.ca\/fr\/wp-json\/wp\/v2\/product"}],"about":[{"href":"https:\/\/mendomedical.ca\/fr\/wp-json\/wp\/v2\/types\/product"}],"replies":[{"embeddable":true,"href":"https:\/\/mendomedical.ca\/fr\/wp-json\/wp\/v2\/comments?post=146861"}],"wp:featuredmedia":[{"embeddable":true,"href":"https:\/\/mendomedical.ca\/fr\/wp-json\/wp\/v2\/media\/146863"}],"wp:attachment":[{"href":"https:\/\/mendomedical.ca\/fr\/wp-json\/wp\/v2\/media?parent=146861"}],"wp:term":[{"taxonomy":"product_brand","embeddable":true,"href":"https:\/\/mendomedical.ca\/fr\/wp-json\/wp\/v2\/product_brand?post=146861"},{"taxonomy":"product_cat","embeddable":true,"href":"https:\/\/mendomedical.ca\/fr\/wp-json\/wp\/v2\/product_cat?post=146861"},{"taxonomy":"product_tag","embeddable":true,"href":"https:\/\/mendomedical.ca\/fr\/wp-json\/wp\/v2\/product_tag?post=146861"},{"taxonomy":"product_format_filter","embeddable":true,"href":"https:\/\/mendomedical.ca\/fr\/wp-json\/wp\/v2\/product_format_filter?post=146861"}],"curies":[{"name":"wp","href":"https:\/\/api.w.org\/{rel}","templated":true}]}}