{"id":146841,"date":"2023-06-01T12:03:02","date_gmt":"2023-06-01T16:03:02","guid":{"rendered":"https:\/\/mendomedical.ca\/?post_type=product&#038;p=146841"},"modified":"2026-02-06T12:18:53","modified_gmt":"2026-02-06T17:18:53","slug":"100mg-cbd-60-caps","status":"publish","type":"product","link":"https:\/\/mendomedical.ca\/fr\/produit\/100mg-cbd-60-caps\/","title":{"rendered":"100mg CBD - 60 g\u00e9lules"},"content":{"rendered":"","protected":false},"excerpt":{"rendered":"<div class=\"ExternalClassA04D706088E04DFFBCF1FCD6CB08B5C2\">\n<h3>100mg CBD - 60 g\u00e9lules<\/h3>\n<p>D\u00e9couvrez la pr\u00e9cision et la puret\u00e9 des capsules de CBD de 100 mg de Naturally Nutra. Chaque flacon contient 60 g\u00e9lules d&rsquo;isolat de CBD de premi\u00e8re qualit\u00e9 d\u00e9riv\u00e9 du chanvre canadien, offrant un moyen sans THC, sans odeur et sans go\u00fbt d&rsquo;incorporer le CBD \u00e0 votre routine de bien-\u00eatre. Avec 100mg d&rsquo;isolat de CBD pur par g\u00e9lule, ces suppl\u00e9ments \u00e0 haute puissance offrent un dosage coh\u00e9rent et pr\u00e9cis pour ceux qui recherchent une exp\u00e9rience concentr\u00e9e de CBD.  <\/p>\n<h3>Caract\u00e9ristiques principales<\/h3>\n<ul>\n<li>100 mg d&rsquo;isolat de CBD pur par g\u00e9lule pour une puissance maximale<\/li>\n<li>Formule sans THC d\u00e9riv\u00e9e du chanvre canadien de premi\u00e8re qualit\u00e9<\/li>\n<li>Capsules inodores et insipides pour une consommation facile<\/li>\n<li>60 g\u00e9lules par flacon pour un approvisionnement de deux mois<\/li>\n<li>Dosage pr\u00e9cis gr\u00e2ce au format pratique des g\u00e9lules<\/li>\n<\/ul>\n<h3>Pourquoi choisir les capsules de CBD<\/h3>\n<p>Les capsules de CBD offrent aux utilisateurs m\u00e9dicaux une m\u00e9thode de consommation discr\u00e8te et pratique, avec des capacit\u00e9s de dosage pr\u00e9cises. Le format des g\u00e9lules \u00e9limine le besoin de mesurer ou les probl\u00e8mes de go\u00fbt, ce qui les rend id\u00e9ales pour ceux qui ont besoin d&rsquo;un apport constant de CBD dans le cadre de leur routine de bien-\u00eatre. <\/p>\n<h3>Exp\u00e9dition dans tout le Canada<\/h3>\n<p>100mg CBD - 60 caps est exp\u00e9di\u00e9 rapidement au Canada. Nous offrons la livraison gratuite pour les commandes de plus de 150 $. Veuillez noter que les produits contenant de la g\u00e9latine peuvent fondre pendant l&rsquo;exp\u00e9dition en \u00e9t\u00e9. Nous vous recommandons de tenir compte de ce probl\u00e8me potentiel lorsque vous passez votre commande.    Malheureusement, nous ne pouvons pas offrir de remboursement ou de remplacement pour les produits qui fondent pendant le transport. Nous vous remercions de votre compr\u00e9hension.<\/p>\n<h3>Avantages et couverture pour les anciens combattants<\/h3>\n<p>100mg CBD - 60 capsules est admissible \u00e0 la couverture d&rsquo;ACC (Anciens Combattants Canada) et \u00e0 la facturation directe par l&rsquo;entremise de la Croix Bleue, sans aucun d\u00e9bours\u00e9. Si vous n&rsquo;avez pas encore de carte m\u00e9dicale, obtenez-la rapidement et facilement sur le site <a href=\"https:\/\/mendomedical.ca\/fr\/carte-medicale\/\">https:\/\/mendomedical.ca\/medical-card\/.<\/a> <\/p>\n<h4>Ingr\u00e9dients<\/h4>\n<p>Poudre de cellulose microcristalline, isolat de CBD, hydroxypropylm\u00e9thylcellulose, eau purifi\u00e9e, gomme de g\u00e9latine.<\/p>\n<\/div>\n","protected":false},"featured_media":146843,"comment_status":"closed","ping_status":"closed","template":"","meta":{"_acf_changed":false,"site-sidebar-layout":"default","site-content-layout":"","ast-site-content-layout":"default","site-content-style":"default","site-sidebar-style":"default","ast-global-header-display":"","ast-banner-title-visibility":"","ast-main-header-display":"","ast-hfb-above-header-display":"","ast-hfb-below-header-display":"","ast-hfb-mobile-header-display":"","site-post-title":"","ast-breadcrumbs-content":"","ast-featured-img":"","footer-sml-layout":"","ast-disable-related-posts":"","theme-transparent-header-meta":"default","adv-header-id-meta":"","stick-header-meta":"","header-above-stick-meta":"","header-main-stick-meta":"","header-below-stick-meta":"","astra-migrate-meta-layouts":"set","ast-page-background-enabled":"default","ast-page-background-meta":{"desktop":{"background-color":"var(--ast-global-color-4)","background-image":"","background-repeat":"repeat","background-position":"center center","background-size":"auto","background-attachment":"scroll","background-type":"","background-media":"","overlay-type":"","overlay-color":"","overlay-opacity":"","overlay-gradient":""},"tablet":{"background-color":"","background-image":"","background-repeat":"repeat","background-position":"center center","background-size":"auto","background-attachment":"scroll","background-type":"","background-media":"","overlay-type":"","overlay-color":"","overlay-opacity":"","overlay-gradient":""},"mobile":{"background-color":"","background-image":"","background-repeat":"repeat","background-position":"center center","background-size":"auto","background-attachment":"scroll","background-type":"","background-media":"","overlay-type":"","overlay-color":"","overlay-opacity":"","overlay-gradient":""}},"ast-content-background-meta":{"desktop":{"background-color":"var(--ast-global-color-5)","background-image":"","background-repeat":"repeat","background-position":"center center","background-size":"auto","background-attachment":"scroll","background-type":"","background-media":"","overlay-type":"","overlay-color":"","overlay-opacity":"","overlay-gradient":""},"tablet":{"background-color":"var(--ast-global-color-5)","background-image":"","background-repeat":"repeat","background-position":"center center","background-size":"auto","background-attachment":"scroll","background-type":"","background-media":"","overlay-type":"","overlay-color":"","overlay-opacity":"","overlay-gradient":""},"mobile":{"background-color":"var(--ast-global-color-5)","background-image":"","background-repeat":"repeat","background-position":"center center","background-size":"auto","background-attachment":"scroll","background-type":"","background-media":"","overlay-type":"","overlay-color":"","overlay-opacity":"","overlay-gradient":""}}},"product_brand":[],"product_cat":[1115,3853,1114],"product_tag":[3831],"product_format_filter":[],"class_list":{"0":"post-146841","1":"product","2":"type-product","3":"status-publish","4":"has-post-thumbnail","6":"product_cat-gelules-fr","7":"product_cat-cbd-minors-5-fr","8":"product_cat-gelules","9":"product_tag-naturally-nutra-fr","10":"pa_cbd-100mg-fr","11":"pa_format-60-unites","12":"pa_intensity-eleve-en-cbd","13":"pa_marques-naturally-nutra-fr","14":"pa_origin-colombie-britannique-fr","15":"desktop-align-left","16":"tablet-align-left","17":"mobile-align-left","19":"first","20":"instock","21":"taxable","22":"shipping-taxable","23":"purchasable","24":"product-type-simple"},"group_of_quantity":0,"min_quantity":0,"max_quantity":"","exclude_order_quantity_value_rules":"no","exclude_category_quantity_rules":"no","combine_variations":"no","acf":[],"_links":{"self":[{"href":"https:\/\/mendomedical.ca\/fr\/wp-json\/wp\/v2\/product\/146841","targetHints":{"allow":["GET"]}}],"collection":[{"href":"https:\/\/mendomedical.ca\/fr\/wp-json\/wp\/v2\/product"}],"about":[{"href":"https:\/\/mendomedical.ca\/fr\/wp-json\/wp\/v2\/types\/product"}],"replies":[{"embeddable":true,"href":"https:\/\/mendomedical.ca\/fr\/wp-json\/wp\/v2\/comments?post=146841"}],"wp:featuredmedia":[{"embeddable":true,"href":"https:\/\/mendomedical.ca\/fr\/wp-json\/wp\/v2\/media\/146843"}],"wp:attachment":[{"href":"https:\/\/mendomedical.ca\/fr\/wp-json\/wp\/v2\/media?parent=146841"}],"wp:term":[{"taxonomy":"product_brand","embeddable":true,"href":"https:\/\/mendomedical.ca\/fr\/wp-json\/wp\/v2\/product_brand?post=146841"},{"taxonomy":"product_cat","embeddable":true,"href":"https:\/\/mendomedical.ca\/fr\/wp-json\/wp\/v2\/product_cat?post=146841"},{"taxonomy":"product_tag","embeddable":true,"href":"https:\/\/mendomedical.ca\/fr\/wp-json\/wp\/v2\/product_tag?post=146841"},{"taxonomy":"product_format_filter","embeddable":true,"href":"https:\/\/mendomedical.ca\/fr\/wp-json\/wp\/v2\/product_format_filter?post=146841"}],"curies":[{"name":"wp","href":"https:\/\/api.w.org\/{rel}","templated":true}]}}