{"id":146821,"date":"2023-06-01T12:00:35","date_gmt":"2023-06-01T16:00:35","guid":{"rendered":"https:\/\/mendomedical.ca\/?post_type=product&#038;p=146821"},"modified":"2026-04-13T10:39:44","modified_gmt":"2026-04-13T14:39:44","slug":"100mg-cbd-15-caps","status":"publish","type":"product","link":"https:\/\/mendomedical.ca\/fr\/produit\/100mg-cbd-15-caps\/","title":{"rendered":"100mg CBD - 15 g\u00e9lules"},"content":{"rendered":"","protected":false},"excerpt":{"rendered":"<div class=\"ExternalClassFF50E2703652483182304A5A9F60D762\">\n<h3>100mg CBD - 15 g\u00e9lules<\/h3>\n<p>D\u00e9couvrez la commodit\u00e9 et la pr\u00e9cision des capsules d&rsquo;isolat de CBD de Naturally Nutra. Chaque flacon contient 15 g\u00e9lules avec 100 mg d&rsquo;isolat de CBD pur par unit\u00e9, offrant un moyen coh\u00e9rent et fiable d&rsquo;incorporer le CBD dans votre routine quotidienne de bien-\u00eatre. Ces g\u00e9lules sans THC constituent une option discr\u00e8te, insipide et inodore pour ceux qui recherchent les bienfaits potentiels du CBD sans effets psychoactifs.  <\/p>\n<h3>Caract\u00e9ristiques principales<\/h3>\n<ul>\n<li>1500mg d&rsquo;isolat de CBD pur par bouteille (15 capsules au total)<\/li>\n<li>Formule totalement exempte de THC pour une plus grande tranquillit\u00e9 d&rsquo;esprit<\/li>\n<li>Insipide et inodore pour une consommation facile<\/li>\n<li>Convient aux v\u00e9g\u00e9tariens et fabriqu\u00e9 avec des ingr\u00e9dients de qualit\u00e9<\/li>\n<li>Dosage pr\u00e9cis sous forme de g\u00e9lule pratique<\/li>\n<\/ul>\n<h3>Pourquoi choisir les capsules de CBD<\/h3>\n<p>Les capsules de CBD offrent aux utilisateurs m\u00e9dicaux une m\u00e9thode de consommation simple et coh\u00e9rente, sans mesure ni pr\u00e9paration. Les doses pr\u00e9mesur\u00e9es garantissent la pr\u00e9cision, tandis que le format discret les rend id\u00e9ales pour maintenir votre routine de bien-\u00eatre tout au long de la journ\u00e9e. <\/p>\n<h3>Exp\u00e9dition dans tout le Canada<\/h3>\n<p>100mg CBD - 15 capsules est exp\u00e9di\u00e9 rapidement \u00e0 travers le Canada. Nous offrons la livraison gratuite pour toutes les commandes de plus de 150 $. Recevez vos capsules de CBD directement \u00e0 votre porte gr\u00e2ce \u00e0 notre service d&rsquo;exp\u00e9dition fiable.  <\/p>\n<h3>Avantages et couverture pour les anciens combattants<\/h3>\n<p>100mg CBD - 15 capsules est admissible \u00e0 la couverture d&rsquo;ACC (Anciens Combattants Canada) et \u00e0 la facturation directe par l&rsquo;entremise de la Croix Bleue, ce qui signifie que les anciens combattants admissibles n&rsquo;ont pas \u00e0 d\u00e9bourser d&rsquo;argent. Si vous n&rsquo;avez pas encore de carte m\u00e9dicale, <a href=\"https:\/\/mendomedical.ca\/fr\/carte-medicale\/\">obtenez votre carte m\u00e9dicale gratuite rapidement et facilement<\/a>. <\/p>\n<h4>Ingr\u00e9dients<\/h4>\n<p>Poudre de cellulose microcristalline, isolat de CBD, hydroxypropylm\u00e9thylcellulose, eau purifi\u00e9e, gomme de g\u00e9latine.<\/p>\n<\/div>\n","protected":false},"featured_media":146823,"comment_status":"closed","ping_status":"closed","template":"","meta":{"_acf_changed":false,"site-sidebar-layout":"default","site-content-layout":"","ast-site-content-layout":"default","site-content-style":"default","site-sidebar-style":"default","ast-global-header-display":"","ast-banner-title-visibility":"","ast-main-header-display":"","ast-hfb-above-header-display":"","ast-hfb-below-header-display":"","ast-hfb-mobile-header-display":"","site-post-title":"","ast-breadcrumbs-content":"","ast-featured-img":"","footer-sml-layout":"","ast-disable-related-posts":"","theme-transparent-header-meta":"default","adv-header-id-meta":"","stick-header-meta":"","header-above-stick-meta":"","header-main-stick-meta":"","header-below-stick-meta":"","astra-migrate-meta-layouts":"set","ast-page-background-enabled":"default","ast-page-background-meta":{"desktop":{"background-color":"var(--ast-global-color-4)","background-image":"","background-repeat":"repeat","background-position":"center center","background-size":"auto","background-attachment":"scroll","background-type":"","background-media":"","overlay-type":"","overlay-color":"","overlay-opacity":"","overlay-gradient":""},"tablet":{"background-color":"","background-image":"","background-repeat":"repeat","background-position":"center center","background-size":"auto","background-attachment":"scroll","background-type":"","background-media":"","overlay-type":"","overlay-color":"","overlay-opacity":"","overlay-gradient":""},"mobile":{"background-color":"","background-image":"","background-repeat":"repeat","background-position":"center center","background-size":"auto","background-attachment":"scroll","background-type":"","background-media":"","overlay-type":"","overlay-color":"","overlay-opacity":"","overlay-gradient":""}},"ast-content-background-meta":{"desktop":{"background-color":"var(--ast-global-color-5)","background-image":"","background-repeat":"repeat","background-position":"center center","background-size":"auto","background-attachment":"scroll","background-type":"","background-media":"","overlay-type":"","overlay-color":"","overlay-opacity":"","overlay-gradient":""},"tablet":{"background-color":"var(--ast-global-color-5)","background-image":"","background-repeat":"repeat","background-position":"center center","background-size":"auto","background-attachment":"scroll","background-type":"","background-media":"","overlay-type":"","overlay-color":"","overlay-opacity":"","overlay-gradient":""},"mobile":{"background-color":"var(--ast-global-color-5)","background-image":"","background-repeat":"repeat","background-position":"center center","background-size":"auto","background-attachment":"scroll","background-type":"","background-media":"","overlay-type":"","overlay-color":"","overlay-opacity":"","overlay-gradient":""}}},"product_brand":[],"product_cat":[1115,3853,1114],"product_tag":[3831],"product_format_filter":[6519],"class_list":{"0":"post-146821","1":"product","2":"type-product","3":"status-publish","4":"has-post-thumbnail","6":"product_cat-gelules-fr","7":"product_cat-cbd-minors-5-fr","8":"product_cat-gelules","9":"product_tag-naturally-nutra-fr","10":"pa_intensity-eleve-en-cbd","11":"pa_marques-naturally-nutra-fr","12":"pa_origin-colombie-britannique-fr","13":"product_format_filter-15units","14":"desktop-align-left","15":"tablet-align-left","16":"mobile-align-left","18":"first","19":"instock","20":"taxable","21":"shipping-taxable","22":"purchasable","23":"product-type-simple"},"group_of_quantity":0,"min_quantity":0,"max_quantity":"","exclude_order_quantity_value_rules":"no","exclude_category_quantity_rules":"no","combine_variations":"no","acf":[],"_links":{"self":[{"href":"https:\/\/mendomedical.ca\/fr\/wp-json\/wp\/v2\/product\/146821","targetHints":{"allow":["GET"]}}],"collection":[{"href":"https:\/\/mendomedical.ca\/fr\/wp-json\/wp\/v2\/product"}],"about":[{"href":"https:\/\/mendomedical.ca\/fr\/wp-json\/wp\/v2\/types\/product"}],"replies":[{"embeddable":true,"href":"https:\/\/mendomedical.ca\/fr\/wp-json\/wp\/v2\/comments?post=146821"}],"wp:featuredmedia":[{"embeddable":true,"href":"https:\/\/mendomedical.ca\/fr\/wp-json\/wp\/v2\/media\/146823"}],"wp:attachment":[{"href":"https:\/\/mendomedical.ca\/fr\/wp-json\/wp\/v2\/media?parent=146821"}],"wp:term":[{"taxonomy":"product_brand","embeddable":true,"href":"https:\/\/mendomedical.ca\/fr\/wp-json\/wp\/v2\/product_brand?post=146821"},{"taxonomy":"product_cat","embeddable":true,"href":"https:\/\/mendomedical.ca\/fr\/wp-json\/wp\/v2\/product_cat?post=146821"},{"taxonomy":"product_tag","embeddable":true,"href":"https:\/\/mendomedical.ca\/fr\/wp-json\/wp\/v2\/product_tag?post=146821"},{"taxonomy":"product_format_filter","embeddable":true,"href":"https:\/\/mendomedical.ca\/fr\/wp-json\/wp\/v2\/product_format_filter?post=146821"}],"curies":[{"name":"wp","href":"https:\/\/api.w.org\/{rel}","templated":true}]}}