{"id":146813,"date":"2024-07-01T14:57:02","date_gmt":"2024-07-01T18:57:02","guid":{"rendered":"https:\/\/mendomedical.ca\/?post_type=product&#038;p=146813"},"modified":"2026-04-16T11:49:14","modified_gmt":"2026-04-16T15:49:14","slug":"cbdcbg-relief-stick","status":"publish","type":"product","link":"https:\/\/mendomedical.ca\/fr\/produit\/cbdcbg-relief-stick\/","title":{"rendered":"CBD:CBG Stick de soulagement"},"content":{"rendered":"","protected":false},"excerpt":{"rendered":"<div class=\"ExternalClass6EC27DCCC1F24F64A0B2FDD55D6AFD68\">\n<h3>Naturally Nutra CBD:CBG Stick de soulagement<\/h3>\n<p>Faites l&rsquo;exp\u00e9rience d&rsquo;un soulagement cibl\u00e9 avec le b\u00e2ton de soulagement Naturally Nutra CBD:CBG, une formulation topique de premi\u00e8re qualit\u00e9 combinant 1000 mg de CBD et 200 mg de CBG dans un applicateur pratique de 30 g \u00e0 bille. Ce b\u00e2ton de soulagement soigneusement con\u00e7u exploite les avantages potentiels des cannabino\u00efdes avec des plantes naturelles, notamment l&rsquo;arnica, le camphre et la vitamine E, pour cr\u00e9er une solution topique apaisante. La conception du roll-on sans d\u00e9g\u00e2ts rend l&rsquo;application simple et pr\u00e9cise, que vous soyez \u00e0 la maison ou en d\u00e9placement.  <\/p>\n<h4>Caract\u00e9ristiques principales<\/h4>\n<ul>\n<li>M\u00e9lange puissant de cannabino\u00efdes : 1000 mg d&rsquo;isolat de CBD + 200 mg d&rsquo;isolat de CBG pour une efficacit\u00e9 accrue<\/li>\n<li>Infusion botanique naturelle \u00e0 base d&rsquo;arnica montana, de camphre, de menthe poivr\u00e9e et d&rsquo;huiles de lavande.<\/li>\n<li>Base nourrissante de beurre de cacao et de vitamine E pour le conditionnement de la peau<\/li>\n<li>Stick pratique de 30 g pour une application cibl\u00e9e et sans d\u00e9g\u00e2ts.<\/li>\n<li>Sans produits chimiques agressifs ni parfums artificiels<\/li>\n<\/ul>\n<h4>Profil aromatique<\/h4>\n<p>Ce b\u00e2ton de secours pr\u00e9sente un m\u00e9lange aromatique rafra\u00eechissant qui associe des notes de camphre bois\u00e9 \u00e0 des nuances de menthe rafra\u00eechissante et de lavande subtile, cr\u00e9ant ainsi une exp\u00e9rience sensorielle naturellement apaisante lors de l&rsquo;application.<\/p>\n<h4>Pourquoi choisir les Roll-Ons Topiques<\/h4>\n<p>Les produits topiques roll-on offrent aux consommateurs de cannabis m\u00e9dical une m\u00e9thode pratique et discr\u00e8te d&rsquo;application cibl\u00e9e. Le syst\u00e8me d&rsquo;administration pr\u00e9cis permet un dosage contr\u00f4l\u00e9 tout en \u00e9vitant les effets syst\u00e9miques, ce qui les rend id\u00e9aux pour un soulagement localis\u00e9 tout au long de la journ\u00e9e. <\/p>\n<h4>Exp\u00e9dition dans tout le Canada<\/h4>\n<p>Le b\u00e2ton de soulagement CBD:CBG est exp\u00e9di\u00e9 rapidement au Canada. Profitez de la livraison gratuite pour toutes les commandes de plus de 150 $, ce qui vous assure de recevoir vos produits de soulagement rapidement et \u00e0 un prix abordable. <\/p>\n<h4>Avantages et couverture pour les anciens combattants<\/h4>\n<p>Ce produit est admissible \u00e0 la couverture d&rsquo;ACC (Anciens Combattants Canada) avec facturation directe par la Croix Bleue, ce qui signifie que les anciens combattants admissibles n&rsquo;ont pas \u00e0 d\u00e9bourser d&rsquo;argent. Si vous n&rsquo;avez pas encore votre carte m\u00e9dicale, vous pouvez l <a href=\"https:\/\/mendomedical.ca\/fr\/carte-medicale\/\">&lsquo;obtenir rapidement et facilement ici.<\/a><\/p>\n<p><strong>Ingr\u00e9dients :<\/strong> Triglyc\u00e9ride caprylique\/caprique, beurre de graines de th\u00e9obroma cacao, cera alba, isolat de CBD, tocoph\u00e9rol, huile de fleur d&rsquo;arnica montana, huile de mentha piperita, lavandula angustifolia, huile de camphre, isolat de CBG.<\/p>\n<\/div>\n","protected":false},"featured_media":146815,"comment_status":"closed","ping_status":"closed","template":"","meta":{"_acf_changed":false,"site-sidebar-layout":"default","site-content-layout":"","ast-site-content-layout":"default","site-content-style":"default","site-sidebar-style":"default","ast-global-header-display":"","ast-banner-title-visibility":"","ast-main-header-display":"","ast-hfb-above-header-display":"","ast-hfb-below-header-display":"","ast-hfb-mobile-header-display":"","site-post-title":"","ast-breadcrumbs-content":"","ast-featured-img":"","footer-sml-layout":"","ast-disable-related-posts":"","theme-transparent-header-meta":"default","adv-header-id-meta":"","stick-header-meta":"","header-above-stick-meta":"","header-main-stick-meta":"","header-below-stick-meta":"","astra-migrate-meta-layouts":"set","ast-page-background-enabled":"default","ast-page-background-meta":{"desktop":{"background-color":"var(--ast-global-color-4)","background-image":"","background-repeat":"repeat","background-position":"center center","background-size":"auto","background-attachment":"scroll","background-type":"","background-media":"","overlay-type":"","overlay-color":"","overlay-opacity":"","overlay-gradient":""},"tablet":{"background-color":"","background-image":"","background-repeat":"repeat","background-position":"center center","background-size":"auto","background-attachment":"scroll","background-type":"","background-media":"","overlay-type":"","overlay-color":"","overlay-opacity":"","overlay-gradient":""},"mobile":{"background-color":"","background-image":"","background-repeat":"repeat","background-position":"center center","background-size":"auto","background-attachment":"scroll","background-type":"","background-media":"","overlay-type":"","overlay-color":"","overlay-opacity":"","overlay-gradient":""}},"ast-content-background-meta":{"desktop":{"background-color":"var(--ast-global-color-5)","background-image":"","background-repeat":"repeat","background-position":"center center","background-size":"auto","background-attachment":"scroll","background-type":"","background-media":"","overlay-type":"","overlay-color":"","overlay-opacity":"","overlay-gradient":""},"tablet":{"background-color":"var(--ast-global-color-5)","background-image":"","background-repeat":"repeat","background-position":"center center","background-size":"auto","background-attachment":"scroll","background-type":"","background-media":"","overlay-type":"","overlay-color":"","overlay-opacity":"","overlay-gradient":""},"mobile":{"background-color":"var(--ast-global-color-5)","background-image":"","background-repeat":"repeat","background-position":"center center","background-size":"auto","background-attachment":"scroll","background-type":"","background-media":"","overlay-type":"","overlay-color":"","overlay-opacity":"","overlay-gradient":""}}},"product_brand":[],"product_cat":[1155,1150],"product_tag":[3831],"product_format_filter":[],"class_list":{"0":"post-146813","1":"product","2":"type-product","3":"status-publish","4":"has-post-thumbnail","6":"product_cat-rouleaux","7":"product_cat-topiques","8":"product_tag-naturally-nutra-fr","9":"pa_cbd-1000mg-fr","10":"pa_cbg-500mg","11":"pa_format-30g-fr","12":"pa_intensity-cbg-eleve","13":"pa_intensity-eleve-en-cbd","14":"pa_marques-naturally-nutra-fr","15":"pa_origin-colombie-britannique-fr","16":"pa_type-de-plante-cbd-fr","17":"pa_type-de-plante-cbg-fr","18":"desktop-align-left","19":"tablet-align-left","20":"mobile-align-left","22":"first","23":"instock","24":"taxable","25":"shipping-taxable","26":"purchasable","27":"product-type-simple"},"group_of_quantity":0,"min_quantity":0,"max_quantity":"","exclude_order_quantity_value_rules":"no","exclude_category_quantity_rules":"no","combine_variations":"no","acf":[],"_links":{"self":[{"href":"https:\/\/mendomedical.ca\/fr\/wp-json\/wp\/v2\/product\/146813","targetHints":{"allow":["GET"]}}],"collection":[{"href":"https:\/\/mendomedical.ca\/fr\/wp-json\/wp\/v2\/product"}],"about":[{"href":"https:\/\/mendomedical.ca\/fr\/wp-json\/wp\/v2\/types\/product"}],"replies":[{"embeddable":true,"href":"https:\/\/mendomedical.ca\/fr\/wp-json\/wp\/v2\/comments?post=146813"}],"wp:featuredmedia":[{"embeddable":true,"href":"https:\/\/mendomedical.ca\/fr\/wp-json\/wp\/v2\/media\/146815"}],"wp:attachment":[{"href":"https:\/\/mendomedical.ca\/fr\/wp-json\/wp\/v2\/media?parent=146813"}],"wp:term":[{"taxonomy":"product_brand","embeddable":true,"href":"https:\/\/mendomedical.ca\/fr\/wp-json\/wp\/v2\/product_brand?post=146813"},{"taxonomy":"product_cat","embeddable":true,"href":"https:\/\/mendomedical.ca\/fr\/wp-json\/wp\/v2\/product_cat?post=146813"},{"taxonomy":"product_tag","embeddable":true,"href":"https:\/\/mendomedical.ca\/fr\/wp-json\/wp\/v2\/product_tag?post=146813"},{"taxonomy":"product_format_filter","embeddable":true,"href":"https:\/\/mendomedical.ca\/fr\/wp-json\/wp\/v2\/product_format_filter?post=146813"}],"curies":[{"name":"wp","href":"https:\/\/api.w.org\/{rel}","templated":true}]}}