{"id":146805,"date":"2024-07-01T14:55:16","date_gmt":"2024-07-01T18:55:16","guid":{"rendered":"https:\/\/mendomedical.ca\/?post_type=product&#038;p=146805"},"modified":"2026-04-13T10:40:46","modified_gmt":"2026-04-13T14:40:46","slug":"24k-gold-cbdcbg-spray-transdermal","status":"publish","type":"product","link":"https:\/\/mendomedical.ca\/fr\/produit\/24k-gold-cbdcbg-spray-transdermal\/","title":{"rendered":"24K Gold CBD:CBG Spray Transdermal"},"content":{"rendered":"","protected":false},"excerpt":{"rendered":"<div class=\"ExternalClassB53F47EB45E3448494378C676C7F2381\">\n<h3>24K Gold CBD:CBG Spray Transdermal<\/h3>\n<p>D\u00e9couvrez le summum du bien-\u00eatre transdermique avec le spray CBD:CBG 24K Gold de Naturally Nutra. Cette formulation innovante combine 500 mg de CBD et 50 mg de CBG avec de luxueuses particules d&rsquo;or 24K, du magn\u00e9sium et de l&rsquo;acide hyaluronique pour une absorption et une efficacit\u00e9 accrues. Le spray \u00e0 action rapide d\u00e9livre les cannabino\u00efdes directement \u00e0 travers votre peau, en contournant le syst\u00e8me digestif pour des r\u00e9sultats rapides.  <\/p>\n<h4>Caract\u00e9ristiques principales<\/h4>\n<ul>\n<li>M\u00e9lange puissant de cannabino\u00efdes contenant 500 mg d&rsquo;isolat de CBD et 50 mg d&rsquo;isolat de CBG pour un soutien complet au bien-\u00eatre.<\/li>\n<li>Am\u00e9lior\u00e9 avec de l&rsquo;or collo\u00efdal 24K, de l&rsquo;argent et du cuivre pour une biodisponibilit\u00e9 sup\u00e9rieure et des b\u00e9n\u00e9fices pour la peau.<\/li>\n<li>Enrichi en chlorure de magn\u00e9sium, en MSM et en acide hyaluronique pour favoriser la r\u00e9cup\u00e9ration musculaire et l&rsquo;hydratation de la peau.<\/li>\n<li>La formule rafra\u00eechissante \u00e0 base de menthol naturel et d&rsquo;huile d&rsquo;eucalyptus procure des sensations apaisantes imm\u00e9diates.<\/li>\n<li>L&rsquo;application pratique par pulv\u00e9risation permet un dosage pr\u00e9cis et un soulagement cibl\u00e9 exactement l\u00e0 o\u00f9 le besoin s&rsquo;en fait sentir.<\/li>\n<\/ul>\n<h4>Pourquoi choisir les sprays transdermiques ?<\/h4>\n<p>Les sprays transdermiques de CBD offrent aux utilisateurs m\u00e9dicaux un avantage unique en d\u00e9livrant des cannabino\u00efdes directement \u00e0 travers la peau dans la circulation sanguine. Cette m\u00e9thode peut contribuer \u00e0 un soulagement localis\u00e9 tout en \u00e9vitant le m\u00e9tabolisme de premier passage, ce qui en fait un excellent choix pour ceux qui recherchent un soutien cibl\u00e9 \u00e0 action rapide sans consommation orale. <\/p>\n<h4>Exp\u00e9dition dans tout le Canada<\/h4>\n<p>24K Gold CBD:CBG Spray Transdermal est exp\u00e9di\u00e9 rapidement au Canada. Nous offrons une livraison gratuite pour toutes les commandes de plus de 150 $, ce qui vous assure de recevoir vos produits de bien-\u00eatre rapidement et \u00e0 un prix abordable. <\/p>\n<h4>Avantages et couverture pour les anciens combattants<\/h4>\n<p>24K Gold CBD:CBG Spray Transdermal est admissible \u00e0 la couverture d&rsquo;ACC (Anciens Combattants Canada) et \u00e0 la facturation directe par l&rsquo;entremise de la Croix Bleue, ce qui signifie que les anciens combattants admissibles n&rsquo;ont pas \u00e0 d\u00e9bourser d&rsquo;argent. Si vous n&rsquo;avez pas encore de carte m\u00e9dicale, vous pouvez <a href=\"https:\/\/mendomedical.ca\/fr\/carte-medicale\/\">l&rsquo;obtenir rapidement et facilement<\/a> gr\u00e2ce \u00e0 notre processus simplifi\u00e9. <\/p>\n<h4>Ingr\u00e9dients<\/h4>\n<p>Aqua, Isopropanol, Glyc\u00e9rine, Chlorure de magn\u00e9sium, Caprylic, Sorbitan Monolaurate, Mentha Arvensis, CBD Isolate, Sodium Hyaluronate, Methyl Sulfonyl Methane, CBG Isolate, Eucalyptus Globulus, Benzyl Alcohol, Salicylic Acid, Sorbic Acid, Colloidal Gold, Colloidal Copper, Colloidal Silver<\/p>\n<\/div>\n","protected":false},"featured_media":146807,"comment_status":"closed","ping_status":"closed","template":"","meta":{"_acf_changed":false,"site-sidebar-layout":"default","site-content-layout":"","ast-site-content-layout":"default","site-content-style":"default","site-sidebar-style":"default","ast-global-header-display":"","ast-banner-title-visibility":"","ast-main-header-display":"","ast-hfb-above-header-display":"","ast-hfb-below-header-display":"","ast-hfb-mobile-header-display":"","site-post-title":"","ast-breadcrumbs-content":"","ast-featured-img":"","footer-sml-layout":"","ast-disable-related-posts":"","theme-transparent-header-meta":"default","adv-header-id-meta":"","stick-header-meta":"","header-above-stick-meta":"","header-main-stick-meta":"","header-below-stick-meta":"","astra-migrate-meta-layouts":"set","ast-page-background-enabled":"default","ast-page-background-meta":{"desktop":{"background-color":"var(--ast-global-color-4)","background-image":"","background-repeat":"repeat","background-position":"center center","background-size":"auto","background-attachment":"scroll","background-type":"","background-media":"","overlay-type":"","overlay-color":"","overlay-opacity":"","overlay-gradient":""},"tablet":{"background-color":"","background-image":"","background-repeat":"repeat","background-position":"center center","background-size":"auto","background-attachment":"scroll","background-type":"","background-media":"","overlay-type":"","overlay-color":"","overlay-opacity":"","overlay-gradient":""},"mobile":{"background-color":"","background-image":"","background-repeat":"repeat","background-position":"center center","background-size":"auto","background-attachment":"scroll","background-type":"","background-media":"","overlay-type":"","overlay-color":"","overlay-opacity":"","overlay-gradient":""}},"ast-content-background-meta":{"desktop":{"background-color":"var(--ast-global-color-5)","background-image":"","background-repeat":"repeat","background-position":"center center","background-size":"auto","background-attachment":"scroll","background-type":"","background-media":"","overlay-type":"","overlay-color":"","overlay-opacity":"","overlay-gradient":""},"tablet":{"background-color":"var(--ast-global-color-5)","background-image":"","background-repeat":"repeat","background-position":"center center","background-size":"auto","background-attachment":"scroll","background-type":"","background-media":"","overlay-type":"","overlay-color":"","overlay-opacity":"","overlay-gradient":""},"mobile":{"background-color":"var(--ast-global-color-5)","background-image":"","background-repeat":"repeat","background-position":"center center","background-size":"auto","background-attachment":"scroll","background-type":"","background-media":"","overlay-type":"","overlay-color":"","overlay-opacity":"","overlay-gradient":""}}},"product_brand":[],"product_cat":[1156,1150,1157],"product_tag":[3831],"product_format_filter":[],"class_list":{"0":"post-146805","1":"product","2":"type-product","3":"status-publish","4":"has-post-thumbnail","6":"product_cat-sprays-fr","7":"product_cat-topiques","8":"product_cat-transdermique","9":"product_tag-naturally-nutra-fr","10":"pa_cbd-500mg","11":"pa_cbg-50mg","12":"pa_format-60g-fr","13":"pa_intensity-low-cbg-fr","14":"pa_intensity-cbd-moyen","15":"pa_marques-naturally-nutra-fr","16":"pa_origin-colombie-britannique-fr","17":"pa_type-de-plante-cbd-fr","18":"pa_type-de-plante-cbg-fr","19":"desktop-align-left","20":"tablet-align-left","21":"mobile-align-left","23":"first","24":"instock","25":"taxable","26":"shipping-taxable","27":"purchasable","28":"product-type-simple"},"group_of_quantity":0,"min_quantity":0,"max_quantity":"","exclude_order_quantity_value_rules":"no","exclude_category_quantity_rules":"no","combine_variations":"no","acf":[],"_links":{"self":[{"href":"https:\/\/mendomedical.ca\/fr\/wp-json\/wp\/v2\/product\/146805","targetHints":{"allow":["GET"]}}],"collection":[{"href":"https:\/\/mendomedical.ca\/fr\/wp-json\/wp\/v2\/product"}],"about":[{"href":"https:\/\/mendomedical.ca\/fr\/wp-json\/wp\/v2\/types\/product"}],"replies":[{"embeddable":true,"href":"https:\/\/mendomedical.ca\/fr\/wp-json\/wp\/v2\/comments?post=146805"}],"wp:featuredmedia":[{"embeddable":true,"href":"https:\/\/mendomedical.ca\/fr\/wp-json\/wp\/v2\/media\/146807"}],"wp:attachment":[{"href":"https:\/\/mendomedical.ca\/fr\/wp-json\/wp\/v2\/media?parent=146805"}],"wp:term":[{"taxonomy":"product_brand","embeddable":true,"href":"https:\/\/mendomedical.ca\/fr\/wp-json\/wp\/v2\/product_brand?post=146805"},{"taxonomy":"product_cat","embeddable":true,"href":"https:\/\/mendomedical.ca\/fr\/wp-json\/wp\/v2\/product_cat?post=146805"},{"taxonomy":"product_tag","embeddable":true,"href":"https:\/\/mendomedical.ca\/fr\/wp-json\/wp\/v2\/product_tag?post=146805"},{"taxonomy":"product_format_filter","embeddable":true,"href":"https:\/\/mendomedical.ca\/fr\/wp-json\/wp\/v2\/product_format_filter?post=146805"}],"curies":[{"name":"wp","href":"https:\/\/api.w.org\/{rel}","templated":true}]}}