{"id":146783,"date":"2024-07-03T12:43:23","date_gmt":"2024-07-03T16:43:23","guid":{"rendered":"https:\/\/mendomedical.ca\/?post_type=product&#038;p=146783"},"modified":"2026-04-15T20:16:20","modified_gmt":"2026-04-16T00:16:20","slug":"arctic-heat-topical-cream","status":"publish","type":"product","link":"https:\/\/mendomedical.ca\/fr\/produit\/arctic-heat-topical-cream\/","title":{"rendered":"Cr\u00e8me topique Arctic Heat"},"content":{"rendered":"<div class=\"description_toggle\">\n<div class=\"the_content active_toggle\">\n<div id=\"shopify-section-product-template\" class=\"shopify-section\">\n<section class=\"product-single wrapper product--product-template\" data-section-type=\"product-template\" data-section-id=\"product-template\" data-reviews=\"false\" data-swatches=\"false\">\n<div class=\"grid--full\">\n<div class=\"grid__item\">\n<div class=\"grid\">\n<div class=\"grid__item large--one-half text-left\">\n<div class=\"product-description-wrapper\">\n<div class=\"product-tabs js-product-tabs\">\n<div class=\"product-tab\">\n<div id=\"ProductTab--ingredients-2\" class=\"product-tab__content is-expanded\" data-collapsible-container=\"\">\n<div class=\"product-tab__inner rte\" data-collapsible-content=\"\">\n<h5>Ingr\u00e9dients:<\/h5>\n<p>Aqua, beurre de Butyrospermum Parkii (karit\u00e9), palmitate d\u2019\u00e9thylhexyle, huile de cocos nucifera (noix de coco), beurre de graines d\u2019astrocaryum tucuma, tryglyc\u00e9ride caprylique\/caprique (MCT), glyc\u00e9rine, dicitrate\/st\u00e9arate de polyglyc\u00e9ryl-3, huile de Cinnamomum camphora (camphre), pipe de Mentha<\/p>\n<\/div>\n<\/div>\n<\/div>\n<\/div>\n<\/div>\n<\/div>\n<\/div>\n<\/div>\n<\/div>\n<\/section>\n<\/div>\n<\/div>\n<\/div>\n","protected":false},"excerpt":{"rendered":"<div class=\"ExternalClass33BC33F7C1CD4782B577730991125784\">\n<h3>Cr\u00e8me topique Arctic Heat<\/h3>\n<p>La cr\u00e8me topique Arctic Heat de Stewart Farms offre un soulagement puissant avec 500 mg de CBD et 500 mg de THC dans une formule luxueuse \u00e0 absorption rapide. Ce topique \u00e0 double action cr\u00e9e des sensations de refroidissement et de r\u00e9chauffement qui p\u00e9n\u00e8trent profond\u00e9ment dans les muscles tout en hydratant et en prot\u00e9geant tous les types de peau. Fabriqu\u00e9e \u00e0 partir d&rsquo;ingr\u00e9dients naturels \u00e0 base de plantes, cette cr\u00e8me v\u00e9g\u00e9talienne associe des cannabino\u00efdes th\u00e9rapeutiques \u00e0 des huiles essentielles pour soutenir votre routine quotidienne de bien-\u00eatre.  <\/p>\n<h4>Caract\u00e9ristiques principales<\/h4>\n<ul>\n<li>Rapport \u00e9quilibr\u00e9 1:1 de 500 mg de CBD et 500 mg de THC pour un soulagement complet.<\/li>\n<li>Double effet rafra\u00eechissant et r\u00e9chauffant des huiles essentielles de camphre, de menthe, d&rsquo;eucalyptus, de romarin et de gaulth\u00e9rie.<\/li>\n<li>Formule ultra-hydratante \u00e0 base de beurre de karit\u00e9, de beurre de tucuma et d&rsquo;huile de coco qui p\u00e9n\u00e8tre rapidement sans laisser de r\u00e9sidus gras.<\/li>\n<li>Vegan-friendly et naturellement formul\u00e9 sans produits d&rsquo;origine animale<\/li>\n<li>Con\u00e7u pour 2 \u00e0 3 applications quotidiennes afin de favoriser la circulation et la r\u00e9cup\u00e9ration musculaire.<\/li>\n<\/ul>\n<h4>Profil des ar\u00f4mes et des huiles essentielles<\/h4>\n<p>Arctic Heat contient un m\u00e9lange rafra\u00eechissant d&rsquo;huiles essentielles th\u00e9rapeutiques, dont le camphre, la menthe, l&rsquo;eucalyptus, le romarin et la gaulth\u00e9rie. Cette combinaison soigneusement s\u00e9lectionn\u00e9e cr\u00e9e la sensation caract\u00e9ristique de double action - un effet rafra\u00eechissant initial suivi d&rsquo;un l\u00e9ger r\u00e9chauffement qui peut contribuer au soulagement des muscles et \u00e0 la circulation. <\/p>\n<h4>Pourquoi choisir les cr\u00e8mes topiques ?<\/h4>\n<p>Les cr\u00e8mes topiques au cannabis offrent un soulagement cibl\u00e9 directement l\u00e0 o\u00f9 le besoin s&rsquo;en fait sentir, sans effets syst\u00e9miques. Elles sont id\u00e9ales pour les utilisateurs m\u00e9dicaux qui recherchent un soutien localis\u00e9 pour les muscles et les articulations tout en poursuivant leurs activit\u00e9s quotidiennes. <\/p>\n<h4>Exp\u00e9dition dans tout le Canada<\/h4>\n<p>La cr\u00e8me topique Arctic Heat est exp\u00e9di\u00e9e rapidement au Canada. Nous offrons la livraison gratuite pour les commandes de plus de 150 $, ce qui vous assure de recevoir vos produits de bien-\u00eatre rapidement et \u00e0 un prix abordable. <\/p>\n<h4>Avantages et couverture pour les anciens combattants<\/h4>\n<p>La cr\u00e8me topique Arctic Heat est admissible \u00e0 la couverture d&rsquo;ACC (Anciens Combattants Canada) avec facturation directe par l&rsquo;entremise de la Croix Bleue, ce qui signifie que les anciens combattants admissibles n&rsquo;ont pas \u00e0 d\u00e9bourser d&rsquo;argent. Si vous n&rsquo;avez pas encore votre ordonnance de cannabis m\u00e9dical, obtenez votre carte m\u00e9dicale gratuite rapidement et facilement \u00e0 l&rsquo;<a href=\"https:\/\/mendomedical.ca\/fr\/carte-medicale\/\">adresse https:\/\/mendomedical.ca\/medical-card\/.<\/a> <\/p>\n<p><strong>Ingr\u00e9dients :<\/strong> Aqua, Butyrospermum Parkii (beurre de karit\u00e9), Ethylhexyl Palmitate, Cocos Nucifera (huile de noix de coco), Astrocaryum Tucuma Seed Butter, Caprylic\/Capric Tryglyceride (MCT), Glycerin, Polyglyceryl-3 Dicitrate\/Stearate, Cinnamomum camphora (huile de camphre), Mentha pipe.<\/p>\n<\/div>\n","protected":false},"featured_media":146785,"comment_status":"closed","ping_status":"closed","template":"","meta":{"_acf_changed":false,"site-sidebar-layout":"default","site-content-layout":"","ast-site-content-layout":"default","site-content-style":"default","site-sidebar-style":"default","ast-global-header-display":"","ast-banner-title-visibility":"","ast-main-header-display":"","ast-hfb-above-header-display":"","ast-hfb-below-header-display":"","ast-hfb-mobile-header-display":"","site-post-title":"","ast-breadcrumbs-content":"","ast-featured-img":"","footer-sml-layout":"","ast-disable-related-posts":"","theme-transparent-header-meta":"default","adv-header-id-meta":"","stick-header-meta":"","header-above-stick-meta":"","header-main-stick-meta":"","header-below-stick-meta":"","astra-migrate-meta-layouts":"set","ast-page-background-enabled":"default","ast-page-background-meta":{"desktop":{"background-color":"var(--ast-global-color-4)","background-image":"","background-repeat":"repeat","background-position":"center center","background-size":"auto","background-attachment":"scroll","background-type":"","background-media":"","overlay-type":"","overlay-color":"","overlay-opacity":"","overlay-gradient":""},"tablet":{"background-color":"","background-image":"","background-repeat":"repeat","background-position":"center center","background-size":"auto","background-attachment":"scroll","background-type":"","background-media":"","overlay-type":"","overlay-color":"","overlay-opacity":"","overlay-gradient":""},"mobile":{"background-color":"","background-image":"","background-repeat":"repeat","background-position":"center center","background-size":"auto","background-attachment":"scroll","background-type":"","background-media":"","overlay-type":"","overlay-color":"","overlay-opacity":"","overlay-gradient":""}},"ast-content-background-meta":{"desktop":{"background-color":"var(--ast-global-color-5)","background-image":"","background-repeat":"repeat","background-position":"center center","background-size":"auto","background-attachment":"scroll","background-type":"","background-media":"","overlay-type":"","overlay-color":"","overlay-opacity":"","overlay-gradient":""},"tablet":{"background-color":"var(--ast-global-color-5)","background-image":"","background-repeat":"repeat","background-position":"center center","background-size":"auto","background-attachment":"scroll","background-type":"","background-media":"","overlay-type":"","overlay-color":"","overlay-opacity":"","overlay-gradient":""},"mobile":{"background-color":"var(--ast-global-color-5)","background-image":"","background-repeat":"repeat","background-position":"center center","background-size":"auto","background-attachment":"scroll","background-type":"","background-media":"","overlay-type":"","overlay-color":"","overlay-opacity":"","overlay-gradient":""}}},"product_brand":[],"product_cat":[1153,1150],"product_tag":[3691],"product_format_filter":[6527],"class_list":{"0":"post-146783","1":"product","2":"type-product","3":"status-publish","4":"has-post-thumbnail","6":"product_cat-cremes","7":"product_cat-topiques","8":"product_tag-stewart-farms-fr","9":"pa_cbd-500mg","10":"pa_format-120g-fr","11":"pa_intensity-eleve-en-cbd","12":"pa_intensity-thc-moyen","13":"pa_marques-stewart-farms-fr","14":"pa_origin-nouveau-brunswick","15":"pa_thc-500mg","16":"product_format_filter-12g","17":"desktop-align-left","18":"tablet-align-left","19":"mobile-align-left","21":"first","22":"instock","23":"taxable","24":"shipping-taxable","25":"purchasable","26":"product-type-simple"},"group_of_quantity":0,"min_quantity":0,"max_quantity":"","exclude_order_quantity_value_rules":"no","exclude_category_quantity_rules":"no","combine_variations":"no","acf":[],"_links":{"self":[{"href":"https:\/\/mendomedical.ca\/fr\/wp-json\/wp\/v2\/product\/146783","targetHints":{"allow":["GET"]}}],"collection":[{"href":"https:\/\/mendomedical.ca\/fr\/wp-json\/wp\/v2\/product"}],"about":[{"href":"https:\/\/mendomedical.ca\/fr\/wp-json\/wp\/v2\/types\/product"}],"replies":[{"embeddable":true,"href":"https:\/\/mendomedical.ca\/fr\/wp-json\/wp\/v2\/comments?post=146783"}],"wp:featuredmedia":[{"embeddable":true,"href":"https:\/\/mendomedical.ca\/fr\/wp-json\/wp\/v2\/media\/146785"}],"wp:attachment":[{"href":"https:\/\/mendomedical.ca\/fr\/wp-json\/wp\/v2\/media?parent=146783"}],"wp:term":[{"taxonomy":"product_brand","embeddable":true,"href":"https:\/\/mendomedical.ca\/fr\/wp-json\/wp\/v2\/product_brand?post=146783"},{"taxonomy":"product_cat","embeddable":true,"href":"https:\/\/mendomedical.ca\/fr\/wp-json\/wp\/v2\/product_cat?post=146783"},{"taxonomy":"product_tag","embeddable":true,"href":"https:\/\/mendomedical.ca\/fr\/wp-json\/wp\/v2\/product_tag?post=146783"},{"taxonomy":"product_format_filter","embeddable":true,"href":"https:\/\/mendomedical.ca\/fr\/wp-json\/wp\/v2\/product_format_filter?post=146783"}],"curies":[{"name":"wp","href":"https:\/\/api.w.org\/{rel}","templated":true}]}}