{"id":146772,"date":"2023-06-01T08:51:47","date_gmt":"2023-06-01T12:51:47","guid":{"rendered":"https:\/\/mendomedical.ca\/?post_type=product&#038;p=146772"},"modified":"2026-04-10T17:46:05","modified_gmt":"2026-04-10T21:46:05","slug":"fast-acting-cbd-isolate-50-thc-free-max-1500-softgels","status":"publish","type":"product","link":"https:\/\/mendomedical.ca\/fr\/produit\/fast-acting-cbd-isolate-50-thc-free-max-1500-softgels\/","title":{"rendered":"CBD Isolate 50 THC-Free Max 1500 Softgels"},"content":{"rendered":"<div class=\"description_toggle\">\n<div class=\"the_content active_toggle\">\n<div id=\"shopify-section-product-template\" class=\"shopify-section\">\n<section class=\"product-single wrapper product--product-template\" data-section-type=\"product-template\" data-section-id=\"product-template\" data-reviews=\"false\" data-swatches=\"false\">\n<div class=\"grid--full\">\n<div class=\"grid__item\">\n<div class=\"grid\">\n<div class=\"grid__item large--one-half text-left\">\n<div class=\"product-description-wrapper\">\n<div class=\"product-tabs js-product-tabs\">\n<div class=\"product-tab\">\n<div id=\"ProductTab--ingredients-2\" class=\"product-tab__content is-expanded\" data-collapsible-container=\"\">\n<div class=\"product-tab__inner rte\" data-collapsible-content=\"\">\n<p>&nbsp;<\/p>\n<\/div>\n<\/div>\n<\/div>\n<\/div>\n<\/div>\n<\/div>\n<\/div>\n<\/div>\n<\/div>\n<\/section>\n<\/div>\n<\/div>\n<\/div>\n<p class=\"format_produit\">\n","protected":false},"excerpt":{"rendered":"<div class=\"ExternalClass74734FC5E0F4446688D9A294A03B3063\">\n<h3>CBD Isolate 50 THC-Free Max 1500 Softgels<\/h3>\n<p>D\u00e9couvrez la commodit\u00e9 et la puissance des capsules molles de CBD \u00e0 action rapide de Proofly, qui fournissent une dose pr\u00e9cise de 50 mg de CBD pur dans chaque capsule facile \u00e0 avaler. Ce conditionnement de valeur offre 30 capsules molles avec un contenu total de 1500mg de CBD, offrant un soulagement sans THC dans un format discret et sans d\u00e9g\u00e2ts auquel les patients du cannabis m\u00e9dical font confiance pour leurs routines quotidiennes de bien-\u00eatre. <\/p>\n<h4>Caract\u00e9ristiques principales<\/h4>\n<ul>\n<li>Haut en CBD 50mg par softgel avec 0% de THC.<\/li>\n<li>Formule \u00e0 action rapide sous forme de capsules molles pratiques de couleur jaune-or<\/li>\n<li>Pack \u00e9conomique contenant 30 g\u00e9lules (1500mg de CBD au total) pour un excellent co\u00fbt par cannabino\u00efde<\/li>\n<li>Pas de d\u00e9g\u00e2ts, pas de fuites d&rsquo;huile - un dosage pr\u00e9cis et discret \u00e0 chaque fois<\/li>\n<li>Les patients rapportent des r\u00e9sultats efficaces avec seulement 1 \u00e0 2 g\u00e9lules par jour<\/li>\n<\/ul>\n<h4>Profil des cannabino\u00efdes<\/h4>\n<p>Chaque softgel contient 50 mg d&rsquo;isolat de CBD pur et 0 mg de THC, ce qui garantit une puissance constante sans effets psychoactifs. Les softgels jaune-or offrent un attrait visuel tout en maintenant des normes de qualit\u00e9 de niveau pharmaceutique. <\/p>\n<h4>Pourquoi choisir les capsules de CBD ?<\/h4>\n<p>Les g\u00e9lules de CBD offrent aux utilisateurs m\u00e9dicaux un dosage pr\u00e9cis et coh\u00e9rent, sans les al\u00e9as des huiles ou des teintures. De nombreux patients appr\u00e9cient les g\u00e9lules en tant que format familier, de type pharmaceutique, qui s&rsquo;int\u00e8gre parfaitement \u00e0 leur routine quotidienne, et certains membres consid\u00e8rent ces capsules molles comme une alternative de choix aux analg\u00e9siques traditionnels en vente libre. <\/p>\n<h4>Exp\u00e9dition dans tout le Canada<\/h4>\n<p>Fast Acting CBD Isolate 50 THC-Free Max 1500 Softgels est exp\u00e9di\u00e9 rapidement \u00e0 travers le Canada. Nous offrons la livraison gratuite pour les commandes de plus de 150 $. Veuillez noter que les produits contenant de la g\u00e9latine peuvent fondre pendant l&rsquo;exp\u00e9dition durant les mois d&rsquo;\u00e9t\u00e9. Nous vous recommandons de tenir compte de ce probl\u00e8me potentiel lorsque vous passez votre commande.    Malheureusement, nous ne pouvons pas offrir de remboursement ou de remplacement pour les produits qui fondent pendant le transport. Nous vous remercions de votre compr\u00e9hension.<\/p>\n<h4>Avantages et couverture pour les anciens combattants<\/h4>\n<p>Fast Acting CBD Isolate 50 THC-Free Max 1500 Softgels est admissible \u00e0 la couverture d&rsquo;ACC (Anciens Combattants Canada) et \u00e0 la facturation directe par l&rsquo;entremise de la Croix Bleue, sans aucun d\u00e9bours\u00e9. Si vous n&rsquo;avez pas encore de carte m\u00e9dicale, <a href=\"https:\/\/mendomedical.ca\/fr\/carte-medicale\/\">obtenez-la rapidement et facilement<\/a>. <\/p>\n<div><b>Ingr\u00e9dients<\/b><br \/>\nTriglyc\u00e9rides \u00e0 cha\u00eene moyenne, g\u00e9latine, eau purifi\u00e9e, glyc\u00e9rine v\u00e9g\u00e9tale, isolat de CBD.<\/div>\n<\/div>\n","protected":false},"featured_media":146774,"comment_status":"closed","ping_status":"closed","template":"","meta":{"_acf_changed":false,"site-sidebar-layout":"default","site-content-layout":"","ast-site-content-layout":"default","site-content-style":"default","site-sidebar-style":"default","ast-global-header-display":"","ast-banner-title-visibility":"","ast-main-header-display":"","ast-hfb-above-header-display":"","ast-hfb-below-header-display":"","ast-hfb-mobile-header-display":"","site-post-title":"","ast-breadcrumbs-content":"","ast-featured-img":"","footer-sml-layout":"","ast-disable-related-posts":"","theme-transparent-header-meta":"default","adv-header-id-meta":"","stick-header-meta":"","header-above-stick-meta":"","header-main-stick-meta":"","header-below-stick-meta":"","astra-migrate-meta-layouts":"set","ast-page-background-enabled":"default","ast-page-background-meta":{"desktop":{"background-color":"var(--ast-global-color-4)","background-image":"","background-repeat":"repeat","background-position":"center center","background-size":"auto","background-attachment":"scroll","background-type":"","background-media":"","overlay-type":"","overlay-color":"","overlay-opacity":"","overlay-gradient":""},"tablet":{"background-color":"","background-image":"","background-repeat":"repeat","background-position":"center center","background-size":"auto","background-attachment":"scroll","background-type":"","background-media":"","overlay-type":"","overlay-color":"","overlay-opacity":"","overlay-gradient":""},"mobile":{"background-color":"","background-image":"","background-repeat":"repeat","background-position":"center center","background-size":"auto","background-attachment":"scroll","background-type":"","background-media":"","overlay-type":"","overlay-color":"","overlay-opacity":"","overlay-gradient":""}},"ast-content-background-meta":{"desktop":{"background-color":"var(--ast-global-color-5)","background-image":"","background-repeat":"repeat","background-position":"center center","background-size":"auto","background-attachment":"scroll","background-type":"","background-media":"","overlay-type":"","overlay-color":"","overlay-opacity":"","overlay-gradient":""},"tablet":{"background-color":"var(--ast-global-color-5)","background-image":"","background-repeat":"repeat","background-position":"center center","background-size":"auto","background-attachment":"scroll","background-type":"","background-media":"","overlay-type":"","overlay-color":"","overlay-opacity":"","overlay-gradient":""},"mobile":{"background-color":"var(--ast-global-color-5)","background-image":"","background-repeat":"repeat","background-position":"center center","background-size":"auto","background-attachment":"scroll","background-type":"","background-media":"","overlay-type":"","overlay-color":"","overlay-opacity":"","overlay-gradient":""}}},"product_brand":[],"product_cat":[3853,1116,1114],"product_tag":[3686],"product_format_filter":[],"class_list":{"0":"post-146772","1":"product","2":"type-product","3":"status-publish","4":"has-post-thumbnail","6":"product_cat-cbd-minors-5-fr","7":"product_cat-gels-mous","8":"product_cat-gelules","9":"product_tag-proofly-fr","10":"pa_cbd-50mg-fr","11":"pa_format-30-units-fr","12":"pa_intensity-eleve-en-cbd","13":"pa_marques-a-lepreuve","14":"pa_origin-ontario-fr","15":"desktop-align-left","16":"tablet-align-left","17":"mobile-align-left","19":"first","20":"outofstock","21":"taxable","22":"shipping-taxable","23":"purchasable","24":"product-type-simple"},"group_of_quantity":0,"min_quantity":0,"max_quantity":"","exclude_order_quantity_value_rules":"no","exclude_category_quantity_rules":"no","combine_variations":"no","acf":[],"_links":{"self":[{"href":"https:\/\/mendomedical.ca\/fr\/wp-json\/wp\/v2\/product\/146772","targetHints":{"allow":["GET"]}}],"collection":[{"href":"https:\/\/mendomedical.ca\/fr\/wp-json\/wp\/v2\/product"}],"about":[{"href":"https:\/\/mendomedical.ca\/fr\/wp-json\/wp\/v2\/types\/product"}],"replies":[{"embeddable":true,"href":"https:\/\/mendomedical.ca\/fr\/wp-json\/wp\/v2\/comments?post=146772"}],"wp:featuredmedia":[{"embeddable":true,"href":"https:\/\/mendomedical.ca\/fr\/wp-json\/wp\/v2\/media\/146774"}],"wp:attachment":[{"href":"https:\/\/mendomedical.ca\/fr\/wp-json\/wp\/v2\/media?parent=146772"}],"wp:term":[{"taxonomy":"product_brand","embeddable":true,"href":"https:\/\/mendomedical.ca\/fr\/wp-json\/wp\/v2\/product_brand?post=146772"},{"taxonomy":"product_cat","embeddable":true,"href":"https:\/\/mendomedical.ca\/fr\/wp-json\/wp\/v2\/product_cat?post=146772"},{"taxonomy":"product_tag","embeddable":true,"href":"https:\/\/mendomedical.ca\/fr\/wp-json\/wp\/v2\/product_tag?post=146772"},{"taxonomy":"product_format_filter","embeddable":true,"href":"https:\/\/mendomedical.ca\/fr\/wp-json\/wp\/v2\/product_format_filter?post=146772"}],"curies":[{"name":"wp","href":"https:\/\/api.w.org\/{rel}","templated":true}]}}