{"id":146766,"date":"2024-07-01T08:52:58","date_gmt":"2024-07-01T12:52:58","guid":{"rendered":"https:\/\/mendomedical.ca\/?post_type=product&#038;p=146766"},"modified":"2026-04-09T05:36:50","modified_gmt":"2026-04-09T09:36:50","slug":"mega-cbgcbdthc-arnica-relief-cream-5500","status":"publish","type":"product","link":"https:\/\/mendomedical.ca\/fr\/produit\/mega-cbgcbdthc-arnica-relief-cream-5500\/","title":{"rendered":"Mega CBG:CBD:THC Arnica Relief Cream 5500"},"content":{"rendered":"<div class=\"description_toggle\">\n<div class=\"the_content active_toggle\">\n<div id=\"shopify-section-product-template\" class=\"shopify-section\">\n<section class=\"product-single wrapper product--product-template\" data-section-type=\"product-template\" data-section-id=\"product-template\" data-reviews=\"false\" data-swatches=\"false\">\n<div class=\"grid--full\">\n<div class=\"grid__item\">\n<div class=\"grid\">\n<div class=\"grid__item large--one-half text-left\">\n<div class=\"product-description-wrapper\">\n<div class=\"product-tabs js-product-tabs\">\n<div class=\"product-tab\">\n<div id=\"ProductTab--ingredients-2\" class=\"product-tab__content is-expanded\" data-collapsible-container=\"\">\n<div class=\"product-tab__inner rte\" data-collapsible-content=\"\">\n<p>&nbsp;<\/p>\n<\/div>\n<\/div>\n<\/div>\n<\/div>\n<\/div>\n<\/div>\n<\/div>\n<\/div>\n<\/div>\n<\/section>\n<\/div>\n<\/div>\n<\/div>\n<p class=\"format_produit\">\n","protected":false},"excerpt":{"rendered":"<div class=\"ExternalClass772B90E9769948C3814A8F29B45372EC\">\n<h3>Mega CBG:CBD:THC Arnica Relief Cream 5500<\/h3>\n<p>D\u00e9couvrez un soulagement topique puissant avec la Mega CBG:CBD:THC Arnica Relief Cream 5500 de Proofly. Cette formulation haut de gamme associe une teneur totale impressionnante de 5500 mg de cannabino\u00efdes \u00e0 des plantes traditionnelles qui soulagent la douleur, comme l&rsquo;arnica, le menthol et la menthe poivr\u00e9e. Enrichie d&rsquo;huiles v\u00e9g\u00e9tales nourrissantes telles que le jojoba, le babassu et le beurre de cacao, cette cr\u00e8me de couleur blanc cass\u00e9 offre \u00e0 la fois des bienfaits th\u00e9rapeutiques et une hydratation profonde de la peau dans un format g\u00e9n\u00e9reux, parfait pour un usage r\u00e9gulier.  <\/p>\n<h4>Caract\u00e9ristiques principales<\/h4>\n<ul>\n<li>M\u00e9lange de cannabino\u00efdes \u00e0 haute puissance : 2500 mg de CBG, 2500 mg de CBD et 500 mg de THC pour un soulagement complet.<\/li>\n<li>Enrichi en arnica, menthol et menthe poivr\u00e9e pour des sensations de fra\u00eecheur et d&rsquo;apaisement.<\/li>\n<li>Enrichi d&rsquo;agents hydratants de qualit\u00e9 sup\u00e9rieure, notamment d&rsquo;huile de jojoba, d&rsquo;huile de babassu et de beurre de cacao.<\/li>\n<li>Formule \u00e0 action rapide con\u00e7ue pour un confort imm\u00e9diat et des effets durables<\/li>\n<li>Le format m\u00e9ga offre une valeur exceptionnelle pour une utilisation th\u00e9rapeutique continue<\/li>\n<\/ul>\n<h4>Profil des cannabino\u00efdes<\/h4>\n<p>Cette cr\u00e8me de soulagement puissante pr\u00e9sente un profil de cannabino\u00efdes soigneusement \u00e9quilibr\u00e9 avec 2500 mg de CBG, 2500 mg de CBD et 500 mg de THC par unit\u00e9. Cette combinaison unique peut contribuer \u00e0 la gestion de la douleur et \u00e0 la r\u00e9duction de l&rsquo;inflammation tout en fournissant l&rsquo;effet d&rsquo;entourage de plusieurs cannabino\u00efdes agissant en synergie. <\/p>\n<h4>Pourquoi choisir les cr\u00e8mes topiques ?<\/h4>\n<p>Les cr\u00e8mes topiques au cannabis offrent un soulagement cibl\u00e9 directement l\u00e0 o\u00f9 le besoin s&rsquo;en fait sentir, sans effets syst\u00e9miques. Elles sont id\u00e9ales pour les utilisateurs m\u00e9dicaux qui recherchent un confort localis\u00e9 pour les muscles, les articulations et les zones sp\u00e9cifiques d&rsquo;inconfort, tout en conservant leur fonctionnalit\u00e9 quotidienne. <\/p>\n<h4>Exp\u00e9dition dans tout le Canada<\/h4>\n<p>Mega CBG:CBD:THC Arnica Relief Cream 5500 est exp\u00e9di\u00e9 rapidement \u00e0 travers le Canada avec une livraison gratuite pour les commandes de plus de 150 $. Faites l&rsquo;exp\u00e9rience d&rsquo;une livraison rapide et fiable de vos produits de cannabis m\u00e9dical directement \u00e0 votre porte. <\/p>\n<h4>Avantages et couverture pour les anciens combattants<\/h4>\n<p>La cr\u00e8me Mega CBG:CBD:THC Arnica Relief Cream 5500 est admissible \u00e0 la couverture d&rsquo;ACC (Anciens Combattants Canada) avec facturation directe par l&rsquo;entremise de la Croix Bleue, ce qui signifie que les anciens combattants admissibles n&rsquo;ont pas \u00e0 d\u00e9bourser d&rsquo;argent. Si vous n&rsquo;avez pas encore d&rsquo;ordonnance de cannabis m\u00e9dical, <a href=\"https:\/\/mendomedical.ca\/fr\/carte-medicale\/\">obtenez votre carte m\u00e9dicale gratuite rapidement et facilement<\/a> pour acc\u00e9der aux avantages de la couverture. <\/p>\n<div style=\"14px;14px\"><b>Ingr\u00e9dients<\/b><br \/>Aqua, Caprylic\/Capric Triglyceride, Paraffinum Liquidum, Theobroma Cacao (Cocoa) Seed Butter, Glycerin, Glyceryl Stearate, Simmondsia Chinensis (Jojoba) Seed Oil, C10-18 Triglycerides, Menthol, Orbignya Oleifera Seed Oil, Cetyl Alcohol, Heterotheca Inuloides Flower Extract, Extrait de Cannabis Sativa, Laureth-7, Ceteareth-20, Caprylyl Glycol, Stearyl alcohol, PEG- 100 Stearate, Sorbitan Oleate, Centella Asiatica Extract, Mentha Piperita (Peppermint) Oil, Acrylates\/Acrylamide Copolymer, Tocopheryl Acetate, Tocopherol, Phenoxyethanol, Hexylene Glycol, Trideceth-6<\/div>\n<\/div>\n","protected":false},"featured_media":146768,"comment_status":"closed","ping_status":"closed","template":"","meta":{"_acf_changed":false,"site-sidebar-layout":"default","site-content-layout":"","ast-site-content-layout":"default","site-content-style":"default","site-sidebar-style":"default","ast-global-header-display":"","ast-banner-title-visibility":"","ast-main-header-display":"","ast-hfb-above-header-display":"","ast-hfb-below-header-display":"","ast-hfb-mobile-header-display":"","site-post-title":"","ast-breadcrumbs-content":"","ast-featured-img":"","footer-sml-layout":"","ast-disable-related-posts":"","theme-transparent-header-meta":"default","adv-header-id-meta":"","stick-header-meta":"","header-above-stick-meta":"","header-main-stick-meta":"","header-below-stick-meta":"","astra-migrate-meta-layouts":"set","ast-page-background-enabled":"default","ast-page-background-meta":{"desktop":{"background-color":"var(--ast-global-color-4)","background-image":"","background-repeat":"repeat","background-position":"center center","background-size":"auto","background-attachment":"scroll","background-type":"","background-media":"","overlay-type":"","overlay-color":"","overlay-opacity":"","overlay-gradient":""},"tablet":{"background-color":"","background-image":"","background-repeat":"repeat","background-position":"center center","background-size":"auto","background-attachment":"scroll","background-type":"","background-media":"","overlay-type":"","overlay-color":"","overlay-opacity":"","overlay-gradient":""},"mobile":{"background-color":"","background-image":"","background-repeat":"repeat","background-position":"center center","background-size":"auto","background-attachment":"scroll","background-type":"","background-media":"","overlay-type":"","overlay-color":"","overlay-opacity":"","overlay-gradient":""}},"ast-content-background-meta":{"desktop":{"background-color":"var(--ast-global-color-5)","background-image":"","background-repeat":"repeat","background-position":"center center","background-size":"auto","background-attachment":"scroll","background-type":"","background-media":"","overlay-type":"","overlay-color":"","overlay-opacity":"","overlay-gradient":""},"tablet":{"background-color":"var(--ast-global-color-5)","background-image":"","background-repeat":"repeat","background-position":"center center","background-size":"auto","background-attachment":"scroll","background-type":"","background-media":"","overlay-type":"","overlay-color":"","overlay-opacity":"","overlay-gradient":""},"mobile":{"background-color":"var(--ast-global-color-5)","background-image":"","background-repeat":"repeat","background-position":"center center","background-size":"auto","background-attachment":"scroll","background-type":"","background-media":"","overlay-type":"","overlay-color":"","overlay-opacity":"","overlay-gradient":""}}},"product_brand":[],"product_cat":[1153,1150],"product_tag":[3686],"product_format_filter":[],"class_list":{"0":"post-146766","1":"product","2":"type-product","3":"status-publish","4":"has-post-thumbnail","6":"product_cat-cremes","7":"product_cat-topiques","8":"product_tag-proofly-fr","9":"pa_cbd-2500mg-fr","10":"pa_cbg-2500mg-fr","11":"pa_format-250g-fr","12":"pa_intensity-cbg-eleve","13":"pa_intensity-eleve-en-cbd","14":"pa_intensity-thc-moyen","15":"pa_marques-a-lepreuve","16":"pa_origin-ontario-fr","17":"pa_thc-500mg","18":"desktop-align-left","19":"tablet-align-left","20":"mobile-align-left","22":"first","23":"outofstock","24":"taxable","25":"shipping-taxable","26":"purchasable","27":"product-type-simple"},"group_of_quantity":0,"min_quantity":0,"max_quantity":"","exclude_order_quantity_value_rules":"no","exclude_category_quantity_rules":"no","combine_variations":"no","acf":[],"_links":{"self":[{"href":"https:\/\/mendomedical.ca\/fr\/wp-json\/wp\/v2\/product\/146766","targetHints":{"allow":["GET"]}}],"collection":[{"href":"https:\/\/mendomedical.ca\/fr\/wp-json\/wp\/v2\/product"}],"about":[{"href":"https:\/\/mendomedical.ca\/fr\/wp-json\/wp\/v2\/types\/product"}],"replies":[{"embeddable":true,"href":"https:\/\/mendomedical.ca\/fr\/wp-json\/wp\/v2\/comments?post=146766"}],"wp:featuredmedia":[{"embeddable":true,"href":"https:\/\/mendomedical.ca\/fr\/wp-json\/wp\/v2\/media\/146768"}],"wp:attachment":[{"href":"https:\/\/mendomedical.ca\/fr\/wp-json\/wp\/v2\/media?parent=146766"}],"wp:term":[{"taxonomy":"product_brand","embeddable":true,"href":"https:\/\/mendomedical.ca\/fr\/wp-json\/wp\/v2\/product_brand?post=146766"},{"taxonomy":"product_cat","embeddable":true,"href":"https:\/\/mendomedical.ca\/fr\/wp-json\/wp\/v2\/product_cat?post=146766"},{"taxonomy":"product_tag","embeddable":true,"href":"https:\/\/mendomedical.ca\/fr\/wp-json\/wp\/v2\/product_tag?post=146766"},{"taxonomy":"product_format_filter","embeddable":true,"href":"https:\/\/mendomedical.ca\/fr\/wp-json\/wp\/v2\/product_format_filter?post=146766"}],"curies":[{"name":"wp","href":"https:\/\/api.w.org\/{rel}","templated":true}]}}