{"id":146762,"date":"2025-05-28T16:39:18","date_gmt":"2025-05-28T20:39:18","guid":{"rendered":"https:\/\/mendomedical.ca\/?post_type=product&#038;p=146762"},"modified":"2025-10-20T11:18:27","modified_gmt":"2025-10-20T15:18:27","slug":"signature-live-rosin-dominion-g-skunk","status":"publish","type":"product","link":"https:\/\/mendomedical.ca\/fr\/produit\/signature-live-rosin-dominion-g-skunk\/","title":{"rendered":"Signature Live Rosin Dominion G (Skunk)"},"content":{"rendered":"","protected":false},"excerpt":{"rendered":"<div class=\"ExternalClassCDB4D20D10AD4C9ABFE15DFCD71BC654\">\n<h3>TERP\u00c8NES TOTAUX 13,21%.<\/h3>\n<h3>Signature Live Rosin Dominion G (Skunk)<\/h3>\n<p>D\u00e9couvrez le summum de l&rsquo;extraction sans solvant avec le Live Rosin Dominion G (Skunk) de Sauce&rsquo;s Signature. Ce concentr\u00e9 haut de gamme met en valeur le mariage parfait des g\u00e9n\u00e9tiques Dominion Skunk x Capital G, offrant une teneur en terp\u00e8nes totaux exceptionnelle de 13,21 %. Fabriqu\u00e9 \u00e0 partir de cannabis fra\u00eechement congel\u00e9 et de techniques m\u00e9ticuleuses de hachage \u00e0 l&rsquo;eau glac\u00e9e, ce Live Rosin offre une exp\u00e9rience audacieuse, \u00e0 spectre complet, avec de riches notes cr\u00e9meuses de diesel et de profondes nuances v\u00e9g\u00e9tales.  <\/p>\n<h4>Caract\u00e9ristiques principales<\/h4>\n<ul>\n<li>Consistance exclusive combinant des diamants THCa sans solvant dans une poudre de cure \u00e0 froid avec une sauce terp\u00e9nique.<\/li>\n<li>Hachage d&rsquo;eau glac\u00e9e de premi\u00e8re qualit\u00e9 73\u03bc-159\u03bc micron pour une meilleure complexit\u00e9 des ar\u00f4mes.<\/li>\n<li>13,21 % de terp\u00e8nes totaux, dont le s\u00e9linadi\u00e8ne, le b-caryophyll\u00e8ne et le limon\u00e8ne.<\/li>\n<li>Apparence claire avec un profil de go\u00fbt cr\u00e9meux, gazeux et herbac\u00e9.<\/li>\n<li>Plage de temp\u00e9rature de vaporisation optimale de 490\u00b0F \u00e0 510\u00b0F pour de meilleurs r\u00e9sultats<\/li>\n<\/ul>\n<h4>Profil aromatique et terp\u00e9nique<\/h4>\n<p>Ce Live Rosin exceptionnel offre une exp\u00e9rience sensorielle sophistiqu\u00e9e avec son profil cr\u00e9meux et diesel compl\u00e9t\u00e9 par des nuances v\u00e9g\u00e9tales. L&rsquo;impressionnante teneur en terp\u00e8nes totaux de 13,21 % est domin\u00e9e par le s\u00e9linadi\u00e8ne, le caryophyll\u00e8ne B, le limon\u00e8ne, l&rsquo;a-humul\u00e8ne et le germacr\u00e8ne B, cr\u00e9ant un ar\u00f4me complexe qui se traduit par des effets puissants et enivrants. Le concentr\u00e9 de couleur claire conserve sa consistance caract\u00e9ristique, garantissant que votre extrait ne se dess\u00e8che pas lorsqu&rsquo;il est conserv\u00e9 correctement au r\u00e9frig\u00e9rateur.  <\/p>\n<h4>Pourquoi choisir les concentr\u00e9s de Live Rosin ?<\/h4>\n<p>Les concentr\u00e9s de Live Rosin offrent aux patients de cannabis m\u00e9dical une option puissante et sans solvant qui pr\u00e9serve le spectre complet des cannabino\u00efdes et des terp\u00e8nes. La teneur \u00e9lev\u00e9e en terp\u00e8nes et les m\u00e9thodes d&rsquo;extraction pr\u00e9cises peuvent contribuer \u00e0 renforcer les b\u00e9n\u00e9fices th\u00e9rapeutiques tout en produisant des effets coh\u00e9rents et fiables. <\/p>\n<h4>Exp\u00e9dition dans tout le Canada<\/h4>\n<p>Le Live Rosin Dominion G (Skunk) de Signature est exp\u00e9di\u00e9 rapidement \u00e0 travers le Canada avec la livraison gratuite pour les commandes de plus de 150 $. Nous vous recommandons de conserver le produit au r\u00e9frig\u00e9rateur afin d&rsquo;en pr\u00e9server la fra\u00eecheur et la qualit\u00e9 \u00e0 l&rsquo;arriv\u00e9e. <\/p>\n<h4>Avantages et couverture pour les anciens combattants<\/h4>\n<p>Signature Live Rosin Dominion G (Skunk) est admissible \u00e0 la couverture d&rsquo;ACC (Anciens Combattants Canada) avec facturation directe par l&rsquo;entremise de la Croix Bleue, ce qui signifie que les anciens combattants admissibles n&rsquo;ont pas \u00e0 d\u00e9bourser d&rsquo;argent. Si vous n&rsquo;avez pas encore votre carte m\u00e9dicale, <a href=\"https:\/\/mendomedical.ca\/fr\/carte-medicale\/\">obtenez-la rapidement et facilement<\/a>. <\/p>\n<\/div>\n","protected":false},"featured_media":146764,"comment_status":"closed","ping_status":"closed","template":"","meta":{"_acf_changed":false,"site-sidebar-layout":"default","site-content-layout":"","ast-site-content-layout":"default","site-content-style":"default","site-sidebar-style":"default","ast-global-header-display":"","ast-banner-title-visibility":"","ast-main-header-display":"","ast-hfb-above-header-display":"","ast-hfb-below-header-display":"","ast-hfb-mobile-header-display":"","site-post-title":"","ast-breadcrumbs-content":"","ast-featured-img":"","footer-sml-layout":"","ast-disable-related-posts":"","theme-transparent-header-meta":"default","adv-header-id-meta":"","stick-header-meta":"","header-above-stick-meta":"","header-main-stick-meta":"","header-below-stick-meta":"","astra-migrate-meta-layouts":"set","ast-page-background-enabled":"default","ast-page-background-meta":{"desktop":{"background-color":"var(--ast-global-color-4)","background-image":"","background-repeat":"repeat","background-position":"center center","background-size":"auto","background-attachment":"scroll","background-type":"","background-media":"","overlay-type":"","overlay-color":"","overlay-opacity":"","overlay-gradient":""},"tablet":{"background-color":"","background-image":"","background-repeat":"repeat","background-position":"center center","background-size":"auto","background-attachment":"scroll","background-type":"","background-media":"","overlay-type":"","overlay-color":"","overlay-opacity":"","overlay-gradient":""},"mobile":{"background-color":"","background-image":"","background-repeat":"repeat","background-position":"center center","background-size":"auto","background-attachment":"scroll","background-type":"","background-media":"","overlay-type":"","overlay-color":"","overlay-opacity":"","overlay-gradient":""}},"ast-content-background-meta":{"desktop":{"background-color":"var(--ast-global-color-5)","background-image":"","background-repeat":"repeat","background-position":"center center","background-size":"auto","background-attachment":"scroll","background-type":"","background-media":"","overlay-type":"","overlay-color":"","overlay-opacity":"","overlay-gradient":""},"tablet":{"background-color":"var(--ast-global-color-5)","background-image":"","background-repeat":"repeat","background-position":"center center","background-size":"auto","background-attachment":"scroll","background-type":"","background-media":"","overlay-type":"","overlay-color":"","overlay-opacity":"","overlay-gradient":""},"mobile":{"background-color":"var(--ast-global-color-5)","background-image":"","background-repeat":"repeat","background-position":"center center","background-size":"auto","background-attachment":"scroll","background-type":"","background-media":"","overlay-type":"","overlay-color":"","overlay-opacity":"","overlay-gradient":""}}},"product_brand":[],"product_cat":[3926,1125,1118,1119],"product_tag":[2581],"product_format_filter":[6369],"class_list":{"0":"post-146762","1":"product","2":"type-product","3":"status-publish","4":"has-post-thumbnail","6":"product_cat-cbd-minors-2-fr","7":"product_cat-rosin-vivante","8":"product_cat-concentres","9":"product_cat-tout-sans-solvant","10":"product_tag-sauce-fr","11":"pa_flavours-cremeux","12":"pa_flavours-gazeux-diesel","13":"pa_flavours-a-base-de-plantes","14":"pa_format-1g-2-fr","15":"pa_intensity-thc-eleve","16":"pa_marques-sauce-rosin-labs-fr","17":"pa_origin-colombie-britannique-fr","18":"pa_profil-terpene-caryophyllene","19":"pa_profil-terpene-humulene-fr","20":"pa_profil-terpene-limonene-fr","21":"pa_profil-terpene-linalol-fr","22":"pa_profil-terpene-pinene-fr","23":"pa_thc-71-6-fr","24":"pa_type-de-plante-hybride-fr-2","25":"product_format_filter-1g","26":"desktop-align-left","27":"tablet-align-left","28":"mobile-align-left","30":"first","31":"outofstock","32":"taxable","33":"shipping-taxable","34":"purchasable","35":"product-type-simple"},"group_of_quantity":0,"min_quantity":0,"max_quantity":"","exclude_order_quantity_value_rules":"no","exclude_category_quantity_rules":"no","combine_variations":"no","acf":[],"_links":{"self":[{"href":"https:\/\/mendomedical.ca\/fr\/wp-json\/wp\/v2\/product\/146762","targetHints":{"allow":["GET"]}}],"collection":[{"href":"https:\/\/mendomedical.ca\/fr\/wp-json\/wp\/v2\/product"}],"about":[{"href":"https:\/\/mendomedical.ca\/fr\/wp-json\/wp\/v2\/types\/product"}],"replies":[{"embeddable":true,"href":"https:\/\/mendomedical.ca\/fr\/wp-json\/wp\/v2\/comments?post=146762"}],"wp:featuredmedia":[{"embeddable":true,"href":"https:\/\/mendomedical.ca\/fr\/wp-json\/wp\/v2\/media\/146764"}],"wp:attachment":[{"href":"https:\/\/mendomedical.ca\/fr\/wp-json\/wp\/v2\/media?parent=146762"}],"wp:term":[{"taxonomy":"product_brand","embeddable":true,"href":"https:\/\/mendomedical.ca\/fr\/wp-json\/wp\/v2\/product_brand?post=146762"},{"taxonomy":"product_cat","embeddable":true,"href":"https:\/\/mendomedical.ca\/fr\/wp-json\/wp\/v2\/product_cat?post=146762"},{"taxonomy":"product_tag","embeddable":true,"href":"https:\/\/mendomedical.ca\/fr\/wp-json\/wp\/v2\/product_tag?post=146762"},{"taxonomy":"product_format_filter","embeddable":true,"href":"https:\/\/mendomedical.ca\/fr\/wp-json\/wp\/v2\/product_format_filter?post=146762"}],"curies":[{"name":"wp","href":"https:\/\/api.w.org\/{rel}","templated":true}]}}