{"id":131711,"date":"2024-01-01T02:37:42","date_gmt":"2024-01-01T07:37:42","guid":{"rendered":"https:\/\/mendomedical.ca\/?post_type=product&#038;p=131711"},"modified":"2025-12-14T21:29:01","modified_gmt":"2025-12-15T02:29:01","slug":"real-fruit-sour-peach-mango-sativa-gummies","status":"publish","type":"product","link":"https:\/\/mendomedical.ca\/fr\/produit\/real-fruit-sour-peach-mango-sativa-gummies\/","title":{"rendered":"Real Fruit Sour Peach Mango Sativa Gummies"},"content":{"rendered":"","protected":false},"excerpt":{"rendered":"<div class=\"ExternalClassD9C8110395D2487998CBA35B069F08BE\">\n<h3>WYLD Real Fruit Sour Peach Mango Sativa Gummies - CBG Enhanced<\/h3>\n<p>Faites l&rsquo;exp\u00e9rience d&rsquo;un \u00e9quilibre parfait entre \u00e9nergie et restauration avec les Real Fruit Sour Peach Mango Sativa Gummies de WYLD. Ces edibles enrichis en CBG pr\u00e9sentent un ratio CBG\/THC de 3:1, d\u00e9livrant 15 mg de CBG et 5 mg de THC par gomme. Fabriqu\u00e9s avec de vrais concentr\u00e9s de fruits et des terp\u00e8nes botaniques, ces gommes certifi\u00e9es \u00ab\u00a0Climate Neutral\u00a0\u00bb offrent un d\u00e9licieux profil de saveur tropicale tout en procurant une exp\u00e9rience \u00e9nergique et stimulante, id\u00e9ale pour une utilisation en journ\u00e9e.  <\/p>\n<h4>Caract\u00e9ristiques principales<\/h4>\n<ul>\n<li>Rapport CBG\/THC de 3:1 (15mg CBG + 5mg THC par gomme, 30mg CBG + 10mg THC par paquet)<\/li>\n<li>Fabriqu\u00e9 avec de vrais concentr\u00e9s de jus de p\u00eache et de mangue pour une saveur de fruit authentique.<\/li>\n<li>Enrichi en terp\u00e8nes sativa \u00e9nergisants, dont le limon\u00e8ne, le valenc\u00e8ne et l&rsquo;alpha-pin\u00e8ne.<\/li>\n<li>La formule thermostable conserve sa consistance jusqu&rsquo;\u00e0 55\u00b0C avec une texture non collante.<\/li>\n<li>Emball\u00e9 de mani\u00e8re durable dans des sachets compostables par une marque certifi\u00e9e climatiquement neutre<\/li>\n<\/ul>\n<h4>Profil aromatique et terp\u00e9nique<\/h4>\n<p><strong>Attrait visuel :<\/strong> Couleur orange\/jaune clair<br \/> Ar\u00f4me<strong>:<\/strong> Notes fra\u00eeches de p\u00eache et de mangue<br \/><strong>Go\u00fbt :<\/strong> Commence par une explosion acidul\u00e9e, suivie d&rsquo;une p\u00eache et d&rsquo;une mangue sucr\u00e9es<br \/><strong>Profil terp\u00e9nique :<\/strong> Limon\u00e8ne, valenc\u00e8ne, alpha-pin\u00e8ne et b\u00eata-pin\u00e8ne cr\u00e9ent une exp\u00e9rience \u00e9nergique et stimulante<br \/><strong>Effets :<\/strong> \u00c9l\u00e9vateur et \u00e9nergisant<\/p>\n<h4>Pourquoi choisir les plantes aromatiques<\/h4>\n<p>Les edibles de cannabis offrent un dosage pr\u00e9cis et des effets durables, ce qui en fait un excellent choix pour les utilisateurs m\u00e9dicaux \u00e0 la recherche d&rsquo;un soulagement constant et contr\u00f4l\u00e9. Le profil \u00e0 dominante CBG de ces gommes peut aider \u00e0 soutenir la concentration et l&rsquo;\u00e9nergie tout au long de la journ\u00e9e. <\/p>\n<h4>Exp\u00e9dition dans tout le Canada<\/h4>\n<p>Les gommes Real Fruit Sour Peach Mango Sativa sont exp\u00e9di\u00e9es rapidement partout au Canada, et la livraison est gratuite pour les commandes de plus de 150 $. Veuillez noter que les produits contenant de la g\u00e9latine peuvent fondre pendant l&rsquo;exp\u00e9dition durant les mois d&rsquo;\u00e9t\u00e9. Nous vous recommandons de tenir compte de ce probl\u00e8me potentiel lorsque vous passez votre commande.   Malheureusement, nous ne pouvons pas offrir de remboursement ou de remplacement pour les produits qui fondent pendant le transport. Nous vous remercions de votre compr\u00e9hension.<\/p>\n<h4>Avantages et couverture pour les anciens combattants<\/h4>\n<p>Les gommes Real Fruit Sour Peach Mango Sativa sont admissibles \u00e0 la couverture d&rsquo;ACC (Anciens Combattants Canada) et \u00e0 la facturation directe par l&rsquo;entremise de la Croix Bleue, sans frais. Si vous n&rsquo;avez pas encore votre carte m\u00e9dicale, <a href=\"https:\/\/mendomedical.ca\/fr\/carte-medicale\/\">obtenez-la rapidement et facilement<\/a>. <\/p>\n<p><strong>Ingr\u00e9dients :<\/strong> Sucre (sucre, sirop de tapioca, concentr\u00e9 de jus de p\u00eache, concentr\u00e9 de jus de mangue), eau, g\u00e9latine, acide malique, huile de coco, ar\u00f4me naturel, acide citrique, pectine (pectine, citrate de sodium), extrait de cannabis, l\u00e9cithine de tournesol, terp\u00e8nes (limon\u00e8ne, valenc\u00e8ne, alpha-pin\u00e8ne, b\u00eata-caryophyll\u00e8ne, b\u00eata-pin\u00e8ne)<br \/><strong>Contient :<\/strong> Noix de coco<\/p>\n<\/div>\n","protected":false},"featured_media":131713,"comment_status":"closed","ping_status":"closed","template":"","meta":{"_acf_changed":false,"site-sidebar-layout":"default","site-content-layout":"","ast-site-content-layout":"default","site-content-style":"default","site-sidebar-style":"default","ast-global-header-display":"","ast-banner-title-visibility":"","ast-main-header-display":"","ast-hfb-above-header-display":"","ast-hfb-below-header-display":"","ast-hfb-mobile-header-display":"","site-post-title":"","ast-breadcrumbs-content":"","ast-featured-img":"","footer-sml-layout":"","ast-disable-related-posts":"","theme-transparent-header-meta":"default","adv-header-id-meta":"","stick-header-meta":"","header-above-stick-meta":"","header-main-stick-meta":"","header-below-stick-meta":"","astra-migrate-meta-layouts":"set","ast-page-background-enabled":"default","ast-page-background-meta":{"desktop":{"background-color":"var(--ast-global-color-4)","background-image":"","background-repeat":"repeat","background-position":"center center","background-size":"auto","background-attachment":"scroll","background-type":"","background-media":"","overlay-type":"","overlay-color":"","overlay-opacity":"","overlay-gradient":""},"tablet":{"background-color":"","background-image":"","background-repeat":"repeat","background-position":"center center","background-size":"auto","background-attachment":"scroll","background-type":"","background-media":"","overlay-type":"","overlay-color":"","overlay-opacity":"","overlay-gradient":""},"mobile":{"background-color":"","background-image":"","background-repeat":"repeat","background-position":"center center","background-size":"auto","background-attachment":"scroll","background-type":"","background-media":"","overlay-type":"","overlay-color":"","overlay-opacity":"","overlay-gradient":""}},"ast-content-background-meta":{"desktop":{"background-color":"var(--ast-global-color-5)","background-image":"","background-repeat":"repeat","background-position":"center center","background-size":"auto","background-attachment":"scroll","background-type":"","background-media":"","overlay-type":"","overlay-color":"","overlay-opacity":"","overlay-gradient":""},"tablet":{"background-color":"var(--ast-global-color-5)","background-image":"","background-repeat":"repeat","background-position":"center center","background-size":"auto","background-attachment":"scroll","background-type":"","background-media":"","overlay-type":"","overlay-color":"","overlay-opacity":"","overlay-gradient":""},"mobile":{"background-color":"var(--ast-global-color-5)","background-image":"","background-repeat":"repeat","background-position":"center center","background-size":"auto","background-attachment":"scroll","background-type":"","background-media":"","overlay-type":"","overlay-color":"","overlay-opacity":"","overlay-gradient":""}}},"product_brand":[],"product_cat":[3825,1132,1128],"product_tag":[3652],"product_format_filter":[],"class_list":{"0":"post-131711","1":"product","2":"type-product","3":"status-publish","4":"has-post-thumbnail","6":"product_cat-cbd-minors-3-fr","7":"product_cat-bonbons","8":"product_cat-comestibles","9":"product_tag-wyld-fr","10":"pa_cbg-30mg-fr","11":"pa_flavours-peach-mango-fr","12":"pa_format-2-unites","13":"pa_intensity-med-cbg-fr","14":"pa_intensity-thc-moyen","15":"pa_marques-wyld-fr","16":"pa_origin-colombie-britannique-fr","17":"pa_profil-terpene-limonene-fr","18":"pa_profil-terpene-pinene-fr","19":"pa_thc-10mg-fr","20":"pa_type-de-plante-sativa-fr","21":"desktop-align-left","22":"tablet-align-left","23":"mobile-align-left","25":"first","26":"instock","27":"taxable","28":"shipping-taxable","29":"purchasable","30":"product-type-simple"},"group_of_quantity":0,"min_quantity":0,"max_quantity":"","exclude_order_quantity_value_rules":"no","exclude_category_quantity_rules":"no","combine_variations":"no","acf":[],"_links":{"self":[{"href":"https:\/\/mendomedical.ca\/fr\/wp-json\/wp\/v2\/product\/131711","targetHints":{"allow":["GET"]}}],"collection":[{"href":"https:\/\/mendomedical.ca\/fr\/wp-json\/wp\/v2\/product"}],"about":[{"href":"https:\/\/mendomedical.ca\/fr\/wp-json\/wp\/v2\/types\/product"}],"replies":[{"embeddable":true,"href":"https:\/\/mendomedical.ca\/fr\/wp-json\/wp\/v2\/comments?post=131711"}],"wp:featuredmedia":[{"embeddable":true,"href":"https:\/\/mendomedical.ca\/fr\/wp-json\/wp\/v2\/media\/131713"}],"wp:attachment":[{"href":"https:\/\/mendomedical.ca\/fr\/wp-json\/wp\/v2\/media?parent=131711"}],"wp:term":[{"taxonomy":"product_brand","embeddable":true,"href":"https:\/\/mendomedical.ca\/fr\/wp-json\/wp\/v2\/product_brand?post=131711"},{"taxonomy":"product_cat","embeddable":true,"href":"https:\/\/mendomedical.ca\/fr\/wp-json\/wp\/v2\/product_cat?post=131711"},{"taxonomy":"product_tag","embeddable":true,"href":"https:\/\/mendomedical.ca\/fr\/wp-json\/wp\/v2\/product_tag?post=131711"},{"taxonomy":"product_format_filter","embeddable":true,"href":"https:\/\/mendomedical.ca\/fr\/wp-json\/wp\/v2\/product_format_filter?post=131711"}],"curies":[{"name":"wp","href":"https:\/\/api.w.org\/{rel}","templated":true}]}}