{"id":131705,"date":"2024-01-01T02:15:01","date_gmt":"2024-01-01T07:15:01","guid":{"rendered":"https:\/\/mendomedical.ca\/?post_type=product&#038;p=131705"},"modified":"2025-11-23T14:25:44","modified_gmt":"2025-11-23T19:25:44","slug":"real-fruit-boysenberry-indica-gummies","status":"publish","type":"product","link":"https:\/\/mendomedical.ca\/fr\/produit\/real-fruit-boysenberry-indica-gummies\/","title":{"rendered":"Real Fruit Boysenberry Indica Gummies"},"content":{"rendered":"","protected":false},"excerpt":{"rendered":"<div class=\"ExternalClass19149DBC69DE45E69D97E8D83F2BA249\">\n<h3>WYLD Real Fruit Boysenberry Indica Gummies - CBD:THC:CBN Enhanced Formula<\/h3>\n<p>Faites l&rsquo;exp\u00e9rience d&rsquo;une relaxation profonde avec les gommes Boysenberry Indica Enhanced de WYLD, qui pr\u00e9sentent un rapport 2:1:1 soigneusement \u00e9quilibr\u00e9 de CBD, THC et CBN. Ces edibles de qualit\u00e9 sup\u00e9rieure combinent 10 mg de CBD, 5 mg de THC et 5 mg de CBN par gomme, pour un total de 20 mg de CBD, 10 mg de THC et 10 mg de CBN par paquet. Fabriqu\u00e9s avec du vrai jus de fruit de m\u00fbre de Boysen et enrichis de terp\u00e8nes relaxants, ces gommes offrent une saveur de confiture robuste avec une subtile acidit\u00e9, tout en favorisant une exp\u00e9rience reposante et calme.  <\/p>\n<h4>Caract\u00e9ristiques principales<\/h4>\n<ul>\n<li>Formule de ratio 2:1:1 \u00e0 dominance CBD avec 10mg de CBD, 5mg de THC et 5mg de CBN par gomme.<\/li>\n<li>Fabriqu\u00e9 avec de v\u00e9ritables concentr\u00e9s de jus de fruits et des ar\u00f4mes naturels pour un go\u00fbt authentique de m\u00fbre de Boysen.<\/li>\n<li>Enrichi en terp\u00e8nes indica, dont le myrc\u00e8ne, le linalol, le b\u00eata-caryophyll\u00e8ne et le terpin\u00e9ol.<\/li>\n<li>Thermostable jusqu&rsquo;\u00e0 55\u00b0C avec une biodisponibilit\u00e9 am\u00e9lior\u00e9e gr\u00e2ce \u00e0 la l\u00e9cithine de tournesol<\/li>\n<li>Marque certifi\u00e9e climatiquement neutre avec emballage compostable<\/li>\n<\/ul>\n<h4>Profil aromatique et terp\u00e9nique<\/h4>\n<p><strong>Attrait visuel :<\/strong> Pourpre moyennement fonc\u00e9<br \/> Ar\u00f4me<strong>:<\/strong> Baies fonc\u00e9es<br \/><strong>Profil d&rsquo;ar\u00f4me :<\/strong> Confiture robuste de m\u00fbre de Boysen avec une subtile acidit\u00e9<br \/><strong>Profil des terp\u00e8nes :<\/strong> Chaque gomme contient du myrc\u00e8ne, du linalol, du b\u00eata-caryophyll\u00e8ne et du terpin\u00e9ol, sp\u00e9cifiquement s\u00e9lectionn\u00e9s pour favoriser la relaxation et les exp\u00e9riences reposantes<br \/><strong>Effets :<\/strong> D\u00e9tendu\/Restaurant<\/p>\n<h4>Pourquoi choisir les produits comestibles au CBD ?<\/h4>\n<p>Les edibles \u00e0 dominante CBD comme ces gommes WYLD offrent aux consommateurs de cannabis m\u00e9dical un moyen pratique et discret de g\u00e9rer leur routine de bien-\u00eatre. Le profil \u00e9quilibr\u00e9 des cannabino\u00efdes peut contribuer \u00e0 la relaxation et au repos, tandis que le dosage pr\u00e9cis garantit des exp\u00e9riences r\u00e9guli\u00e8res. <\/p>\n<h4>Exp\u00e9dition dans tout le Canada<\/h4>\n<p>Nous exp\u00e9dions les WYLD Real Fruit Boysenberry Indica Gummies rapidement \u00e0 travers le Canada avec une livraison gratuite pour les commandes de plus de 150 $. Veuillez noter que les produits contenant de la g\u00e9latine peuvent fondre pendant l&rsquo;exp\u00e9dition durant les mois d&rsquo;\u00e9t\u00e9. Nous vous recommandons de tenir compte de ce probl\u00e8me potentiel lorsque vous passez votre commande.   Malheureusement, nous ne pouvons pas offrir de remboursement ou de remplacement pour les produits qui fondent pendant le transport. Nous vous remercions de votre compr\u00e9hension.<\/p>\n<h4>Avantages et couverture pour les anciens combattants<\/h4>\n<p>Les WYLD Real Fruit Boysenberry Indica Gummies sont admissibles \u00e0 la couverture d&rsquo;ACC (Anciens Combattants Canada) avec facturation directe par la Croix Bleue, ce qui signifie que les anciens combattants admissibles n&rsquo;ont pas \u00e0 d\u00e9bourser d&rsquo;argent. Si vous n&rsquo;avez pas encore votre carte de cannabis m\u00e9dical, faites-la approuver rapidement et facilement sur <a href=\"https:\/\/mendomedical.ca\/fr\/carte-medicale\/\">https:\/\/mendomedical.ca\/medical-card\/.<\/a> <\/p>\n<p><strong>Ingr\u00e9dients :<\/strong> Sucre (sucre, sirop de tapioca, concentr\u00e9 de jus de m\u00fbre, concentr\u00e9 de jus de framboise, concentr\u00e9 de jus de m\u00fbre de Boysen), eau, g\u00e9latine, acide malique, ar\u00f4me naturel, huile de coco, acide citrique, pectine (pectine, citrate de sodium), extrait de cannabis, l\u00e9cithine de tournesol, terp\u00e8nes (linalol, myrc\u00e8ne, b\u00eata-caryophyll\u00e8ne, terpin\u00e9ol)<br \/><strong>Contient :<\/strong> Noix de coco<\/p>\n<\/div>\n","protected":false},"featured_media":131707,"comment_status":"closed","ping_status":"closed","template":"","meta":{"_acf_changed":false,"site-sidebar-layout":"default","site-content-layout":"","ast-site-content-layout":"default","site-content-style":"default","site-sidebar-style":"default","ast-global-header-display":"","ast-banner-title-visibility":"","ast-main-header-display":"","ast-hfb-above-header-display":"","ast-hfb-below-header-display":"","ast-hfb-mobile-header-display":"","site-post-title":"","ast-breadcrumbs-content":"","ast-featured-img":"","footer-sml-layout":"","ast-disable-related-posts":"","theme-transparent-header-meta":"default","adv-header-id-meta":"","stick-header-meta":"","header-above-stick-meta":"","header-main-stick-meta":"","header-below-stick-meta":"","astra-migrate-meta-layouts":"set","ast-page-background-enabled":"default","ast-page-background-meta":{"desktop":{"background-color":"var(--ast-global-color-4)","background-image":"","background-repeat":"repeat","background-position":"center center","background-size":"auto","background-attachment":"scroll","background-type":"","background-media":"","overlay-type":"","overlay-color":"","overlay-opacity":"","overlay-gradient":""},"tablet":{"background-color":"","background-image":"","background-repeat":"repeat","background-position":"center center","background-size":"auto","background-attachment":"scroll","background-type":"","background-media":"","overlay-type":"","overlay-color":"","overlay-opacity":"","overlay-gradient":""},"mobile":{"background-color":"","background-image":"","background-repeat":"repeat","background-position":"center center","background-size":"auto","background-attachment":"scroll","background-type":"","background-media":"","overlay-type":"","overlay-color":"","overlay-opacity":"","overlay-gradient":""}},"ast-content-background-meta":{"desktop":{"background-color":"var(--ast-global-color-5)","background-image":"","background-repeat":"repeat","background-position":"center center","background-size":"auto","background-attachment":"scroll","background-type":"","background-media":"","overlay-type":"","overlay-color":"","overlay-opacity":"","overlay-gradient":""},"tablet":{"background-color":"var(--ast-global-color-5)","background-image":"","background-repeat":"repeat","background-position":"center center","background-size":"auto","background-attachment":"scroll","background-type":"","background-media":"","overlay-type":"","overlay-color":"","overlay-opacity":"","overlay-gradient":""},"mobile":{"background-color":"var(--ast-global-color-5)","background-image":"","background-repeat":"repeat","background-position":"center center","background-size":"auto","background-attachment":"scroll","background-type":"","background-media":"","overlay-type":"","overlay-color":"","overlay-opacity":"","overlay-gradient":""}}},"product_brand":[],"product_cat":[3825,1132,1128],"product_tag":[3652],"product_format_filter":[],"class_list":{"0":"post-131705","1":"product","2":"type-product","3":"status-publish","4":"has-post-thumbnail","6":"product_cat-cbd-minors-3-fr","7":"product_cat-bonbons","8":"product_cat-comestibles","9":"product_tag-wyld-fr","10":"pa_cbd-20mg-fr","11":"pa_cbn-10-mg-fr","12":"pa_flavours-boysenberry","13":"pa_format-2-unites","14":"pa_intensity-cbd-moyen","15":"pa_intensity-med-cbn-fr","16":"pa_intensity-thc-moyen","17":"pa_marques-wyld-fr","18":"pa_origin-colombie-britannique-fr","19":"pa_profil-terpene-caryophyllene","20":"pa_profil-terpene-myrcene","21":"pa_thc-10mg-fr","22":"pa_type-de-plante-indica-fr","23":"desktop-align-left","24":"tablet-align-left","25":"mobile-align-left","27":"first","28":"outofstock","29":"taxable","30":"shipping-taxable","31":"purchasable","32":"product-type-simple"},"group_of_quantity":0,"min_quantity":0,"max_quantity":"","exclude_order_quantity_value_rules":"no","exclude_category_quantity_rules":"no","combine_variations":"no","acf":[],"_links":{"self":[{"href":"https:\/\/mendomedical.ca\/fr\/wp-json\/wp\/v2\/product\/131705","targetHints":{"allow":["GET"]}}],"collection":[{"href":"https:\/\/mendomedical.ca\/fr\/wp-json\/wp\/v2\/product"}],"about":[{"href":"https:\/\/mendomedical.ca\/fr\/wp-json\/wp\/v2\/types\/product"}],"replies":[{"embeddable":true,"href":"https:\/\/mendomedical.ca\/fr\/wp-json\/wp\/v2\/comments?post=131705"}],"wp:featuredmedia":[{"embeddable":true,"href":"https:\/\/mendomedical.ca\/fr\/wp-json\/wp\/v2\/media\/131707"}],"wp:attachment":[{"href":"https:\/\/mendomedical.ca\/fr\/wp-json\/wp\/v2\/media?parent=131705"}],"wp:term":[{"taxonomy":"product_brand","embeddable":true,"href":"https:\/\/mendomedical.ca\/fr\/wp-json\/wp\/v2\/product_brand?post=131705"},{"taxonomy":"product_cat","embeddable":true,"href":"https:\/\/mendomedical.ca\/fr\/wp-json\/wp\/v2\/product_cat?post=131705"},{"taxonomy":"product_tag","embeddable":true,"href":"https:\/\/mendomedical.ca\/fr\/wp-json\/wp\/v2\/product_tag?post=131705"},{"taxonomy":"product_format_filter","embeddable":true,"href":"https:\/\/mendomedical.ca\/fr\/wp-json\/wp\/v2\/product_format_filter?post=131705"}],"curies":[{"name":"wp","href":"https:\/\/api.w.org\/{rel}","templated":true}]}}