{"id":131687,"date":"2024-09-01T15:30:27","date_gmt":"2024-09-01T19:30:27","guid":{"rendered":"https:\/\/mendomedical.ca\/?post_type=product&#038;p=131687"},"modified":"2026-03-30T08:16:18","modified_gmt":"2026-03-30T12:16:18","slug":"strawberry-cookies-premium-joints","status":"publish","type":"product","link":"https:\/\/mendomedical.ca\/fr\/produit\/strawberry-cookies-premium-joints\/","title":{"rendered":"Biscuits \u00e0 la fraise Premium Joints"},"content":{"rendered":"","protected":false},"excerpt":{"rendered":"<div class=\"ExternalClassDEE3D9CDD5694B11B7F595ACD26B1376\">\n<h3>Biscuits \u00e0 la fraise Premium Joints by Plush<\/h3>\n<h3>Terp\u00e8nes totaux : 3,29%.<\/h3>\n<p>D\u00e9couvrez la qualit\u00e9 exceptionnelle des Strawberry Cookies Premium Joints de Plush, avec des fleurs enti\u00e8res cultiv\u00e9es de mani\u00e8re artisanale et une teneur totale en terp\u00e8nes impressionnante de 3,29 %. Ces Pr\u00e9-rolls \u00e0 dominance sativa offrent un m\u00e9lange harmonieux de saveurs sucr\u00e9es de fraise et de p\u00e2te \u00e0 cookie avec de subtiles nuances gazeuses, cr\u00e9ant une exp\u00e9rience de cannabis premium \u00e0 la fois enlevante et savoureuse. <\/p>\n<h4>Caract\u00e9ristiques principales<\/h4>\n<ul>\n<li>Une teneur \u00e9lev\u00e9e en terp\u00e8nes (3,29 %) pour une saveur et des effets renforc\u00e9s<\/li>\n<li>Vari\u00e9t\u00e9 \u00e0 dominante sativa id\u00e9ale pour la journ\u00e9e et les activit\u00e9s cr\u00e9atives.<\/li>\n<li>Emball\u00e9s \u00e0 la main et roul\u00e9s avec pr\u00e9cision pour une combustion homog\u00e8ne et r\u00e9guli\u00e8re<\/li>\n<li>Fleurs enti\u00e8res, cannabis cultiv\u00e9 de mani\u00e8re artisanale avec une teneur exceptionnelle en cannabino\u00efdes<\/li>\n<li>Effets c\u00e9r\u00e9braux \u00e9nergisants et relaxation corporelle douce<\/li>\n<\/ul>\n<h4>Profil aromatique et gustatif<\/h4>\n<p>Strawberry Cookies Premium Joints offre une exp\u00e9rience sensorielle captivante avec des ar\u00f4mes de fraise brillants et sucr\u00e9s, compl\u00e9t\u00e9s par des notes chaudes de p\u00e2te \u00e0 biscuit. Les nuances cr\u00e9meuses et p\u00e2teuses se fondent parfaitement dans la douceur des fruits frais, tandis que de subtiles notes gazeuses ajoutent de la complexit\u00e9 et de la profondeur. Chaque bouff\u00e9e d\u00e9livre des saveurs de fraises juteuses, \u00e9quilibr\u00e9es par une douceur de dessert, et se termine par une pointe audacieuse et satisfaisante \u00e0 l&rsquo;expiration.  <\/p>\n<h4>Pourquoi choisir les pr\u00e9-rolls ?<\/h4>\n<p>Les joints Pr\u00e9-rolls offrent aux patients de cannabis m\u00e9dical des options pratiques et pr\u00e9cis\u00e9ment dos\u00e9es sans qu&rsquo;il soit n\u00e9cessaire de les broyer ou de les rouler. Parfaits pour ceux qui recherchent une qualit\u00e9 constante et un soulagement imm\u00e9diat, ces joints fabriqu\u00e9s par des experts garantissent des taux de combustion optimaux et des effets fiables \u00e0 chaque fois. <\/p>\n<h4>Exp\u00e9dition dans tout le Canada<\/h4>\n<p>Strawberry Cookies Premium Joints est exp\u00e9di\u00e9 rapidement \u00e0 travers le Canada avec une livraison gratuite pour les commandes de plus de 150 $. Nous nous assurons que votre cannabis m\u00e9dical arrive rapidement et discr\u00e8tement \u00e0 votre porte. <\/p>\n<h4>Avantages et couverture pour les anciens combattants<\/h4>\n<p>Les Strawberry Cookies Premium Joints sont admissibles \u00e0 la couverture d&rsquo;ACC (Anciens Combattants Canada) avec facturation directe par l&rsquo;entremise de la Croix Bleue, ce qui signifie que les anciens combattants admissibles n&rsquo;ont pas \u00e0 d\u00e9bourser d&rsquo;argent. Si vous n&rsquo;avez pas encore votre carte de cannabis m\u00e9dical, obtenez-la rapidement et facilement \u00e0 l&rsquo;<a href=\"https:\/\/mendomedical.ca\/fr\/carte-medicale\/\">adresse https:\/\/mendomedical.ca\/medical-card\/.<\/a> <\/p>\n<\/div>\n","protected":false},"featured_media":147150,"comment_status":"closed","ping_status":"closed","template":"","meta":{"_acf_changed":false,"site-sidebar-layout":"default","site-content-layout":"","ast-site-content-layout":"default","site-content-style":"default","site-sidebar-style":"default","ast-global-header-display":"","ast-banner-title-visibility":"","ast-main-header-display":"","ast-hfb-above-header-display":"","ast-hfb-below-header-display":"","ast-hfb-mobile-header-display":"","site-post-title":"","ast-breadcrumbs-content":"","ast-featured-img":"","footer-sml-layout":"","ast-disable-related-posts":"","theme-transparent-header-meta":"default","adv-header-id-meta":"","stick-header-meta":"","header-above-stick-meta":"","header-main-stick-meta":"","header-below-stick-meta":"","astra-migrate-meta-layouts":"set","ast-page-background-enabled":"default","ast-page-background-meta":{"desktop":{"background-color":"var(--ast-global-color-4)","background-image":"","background-repeat":"repeat","background-position":"center center","background-size":"auto","background-attachment":"scroll","background-type":"","background-media":"","overlay-type":"","overlay-color":"","overlay-opacity":"","overlay-gradient":""},"tablet":{"background-color":"","background-image":"","background-repeat":"repeat","background-position":"center center","background-size":"auto","background-attachment":"scroll","background-type":"","background-media":"","overlay-type":"","overlay-color":"","overlay-opacity":"","overlay-gradient":""},"mobile":{"background-color":"","background-image":"","background-repeat":"repeat","background-position":"center center","background-size":"auto","background-attachment":"scroll","background-type":"","background-media":"","overlay-type":"","overlay-color":"","overlay-opacity":"","overlay-gradient":""}},"ast-content-background-meta":{"desktop":{"background-color":"var(--ast-global-color-5)","background-image":"","background-repeat":"repeat","background-position":"center center","background-size":"auto","background-attachment":"scroll","background-type":"","background-media":"","overlay-type":"","overlay-color":"","overlay-opacity":"","overlay-gradient":""},"tablet":{"background-color":"var(--ast-global-color-5)","background-image":"","background-repeat":"repeat","background-position":"center center","background-size":"auto","background-attachment":"scroll","background-type":"","background-media":"","overlay-type":"","overlay-color":"","overlay-opacity":"","overlay-gradient":""},"mobile":{"background-color":"var(--ast-global-color-5)","background-image":"","background-repeat":"repeat","background-position":"center center","background-size":"auto","background-attachment":"scroll","background-type":"","background-media":"","overlay-type":"","overlay-color":"","overlay-opacity":"","overlay-gradient":""}}},"product_brand":[4041],"product_cat":[4803,1144],"product_tag":[2369],"product_format_filter":[6374],"class_list":{"0":"post-131687","1":"product","2":"type-product","3":"status-publish","4":"has-post-thumbnail","6":"product_brand-plush","7":"product_cat-pre-rolls-non-infuses","8":"product_cat-pre-roules","9":"product_tag-plush-fr","10":"pa_flavours-cremeux","11":"pa_flavours-fraise","12":"pa_flavours-gaz","13":"pa_flavours-pateux","14":"pa_format-0-5g-x-5","15":"pa_intensity-thc-eleve","16":"pa_marques-plush-fr","17":"pa_origin-ontario-fr","18":"pa_profil-terpene-caryophyllene","19":"pa_profil-terpene-farnesene-fr","20":"pa_profil-terpene-linalol-fr","21":"pa_thc-31-6-fr","22":"pa_type-de-plante-hybride-sativa-fr","23":"product_format_filter-0-5g","24":"desktop-align-left","25":"tablet-align-left","26":"mobile-align-left","28":"first","29":"outofstock","30":"taxable","31":"shipping-taxable","32":"purchasable","33":"product-type-simple"},"group_of_quantity":0,"min_quantity":0,"max_quantity":"","exclude_order_quantity_value_rules":"no","exclude_category_quantity_rules":"no","combine_variations":"no","acf":[],"_links":{"self":[{"href":"https:\/\/mendomedical.ca\/fr\/wp-json\/wp\/v2\/product\/131687","targetHints":{"allow":["GET"]}}],"collection":[{"href":"https:\/\/mendomedical.ca\/fr\/wp-json\/wp\/v2\/product"}],"about":[{"href":"https:\/\/mendomedical.ca\/fr\/wp-json\/wp\/v2\/types\/product"}],"replies":[{"embeddable":true,"href":"https:\/\/mendomedical.ca\/fr\/wp-json\/wp\/v2\/comments?post=131687"}],"wp:featuredmedia":[{"embeddable":true,"href":"https:\/\/mendomedical.ca\/fr\/wp-json\/wp\/v2\/media\/147150"}],"wp:attachment":[{"href":"https:\/\/mendomedical.ca\/fr\/wp-json\/wp\/v2\/media?parent=131687"}],"wp:term":[{"taxonomy":"product_brand","embeddable":true,"href":"https:\/\/mendomedical.ca\/fr\/wp-json\/wp\/v2\/product_brand?post=131687"},{"taxonomy":"product_cat","embeddable":true,"href":"https:\/\/mendomedical.ca\/fr\/wp-json\/wp\/v2\/product_cat?post=131687"},{"taxonomy":"product_tag","embeddable":true,"href":"https:\/\/mendomedical.ca\/fr\/wp-json\/wp\/v2\/product_tag?post=131687"},{"taxonomy":"product_format_filter","embeddable":true,"href":"https:\/\/mendomedical.ca\/fr\/wp-json\/wp\/v2\/product_format_filter?post=131687"}],"curies":[{"name":"wp","href":"https:\/\/api.w.org\/{rel}","templated":true}]}}