{"id":131513,"date":"2023-05-15T05:50:38","date_gmt":"2023-05-15T09:50:38","guid":{"rendered":"https:\/\/mendomedical.ca\/?post_type=product&#038;p=131513"},"modified":"2025-07-31T16:42:33","modified_gmt":"2025-07-31T20:42:33","slug":"humidiccant-pack-62-4g","status":"publish","type":"product","link":"https:\/\/mendomedical.ca\/fr\/produit\/humidiccant-pack-62-4g\/","title":{"rendered":"Humidiccant pack \u2013 62% 4g"},"content":{"rendered":"","protected":false},"excerpt":{"rendered":"<p><strong>\u00c9liminez le jeu des devinettes! Integra Boost Humidiccant utilise une technologie qui lib\u00e8re ou absorbe l\u2019humidit\u00e9 et maintient degr\u00e9 hygrom\u00e9trique \u00e0 62 % dans un environnement confin\u00e9. Assurez-vous que votre r\u00e9serve reste fra\u00eeche avec ce produit r\u00e9volutionnaire. Les r\u00e9gulateurs d\u2019humidit\u00e9 \u00e0 2 voies de BOOST contr\u00f4lent votre humidit\u00e9 de mani\u00e8re coh\u00e9rente et efficace \u00e0 l\u2019int\u00e9rieur de n\u2019importe quel r\u00e9cipient scell\u00e9. Integra comprend une carte indicatrice de remplacement intelligente et simple \u00e0 lire avec les packs Boost. Remplacez simplement l\u2019ancien pack par un nouveau lorsque le point sur la carte indicatrice de remplacement devient bleu vif.<\/strong><\/p>\n<p>&nbsp;<\/p>\n<p><strong>Caract\u00e9ristiques Integra Boost:<\/strong><\/p>\n<ul>\n<li>Technologie brevet\u00e9e pour maintenir une humidit\u00e9 id\u00e9ale dans tous les appareils de stockage<\/li>\n<li>Pr\u00e9serve les qualit\u00e9s m\u00e9dicinales et la saveur du produit<\/li>\n<li>R\u00e9sistant aux d\u00e9chirures et aux \u00e9claboussures<\/li>\n<li>Indicateur de remplacement int\u00e9gr\u00e9 inclus pour une maintenance mains libres<\/li>\n<li>Ce qui nous diff\u00e9rencie de tout autre produit de contr\u00f4le de l\u2019humidit\u00e9 sur le march\u00e9:\n<ul>\n<li>Ingr\u00e9dients non corrosifs<\/li>\n<li>Ne transf\u00e9rera aucune odeur<\/li>\n<li>Comprend un indicateur de remplacement pour une surveillance mains libres<\/li>\n<\/ul>\n<\/li>\n<\/ul>\n","protected":false},"featured_media":131515,"comment_status":"closed","ping_status":"closed","template":"","meta":{"_acf_changed":false,"site-sidebar-layout":"default","site-content-layout":"","ast-site-content-layout":"default","site-content-style":"default","site-sidebar-style":"default","ast-global-header-display":"","ast-banner-title-visibility":"","ast-main-header-display":"","ast-hfb-above-header-display":"","ast-hfb-below-header-display":"","ast-hfb-mobile-header-display":"","site-post-title":"","ast-breadcrumbs-content":"","ast-featured-img":"","footer-sml-layout":"","ast-disable-related-posts":"","theme-transparent-header-meta":"default","adv-header-id-meta":"","stick-header-meta":"","header-above-stick-meta":"","header-main-stick-meta":"","header-below-stick-meta":"","astra-migrate-meta-layouts":"set","ast-page-background-enabled":"default","ast-page-background-meta":{"desktop":{"background-color":"var(--ast-global-color-4)","background-image":"","background-repeat":"repeat","background-position":"center center","background-size":"auto","background-attachment":"scroll","background-type":"","background-media":"","overlay-type":"","overlay-color":"","overlay-opacity":"","overlay-gradient":""},"tablet":{"background-color":"","background-image":"","background-repeat":"repeat","background-position":"center center","background-size":"auto","background-attachment":"scroll","background-type":"","background-media":"","overlay-type":"","overlay-color":"","overlay-opacity":"","overlay-gradient":""},"mobile":{"background-color":"","background-image":"","background-repeat":"repeat","background-position":"center center","background-size":"auto","background-attachment":"scroll","background-type":"","background-media":"","overlay-type":"","overlay-color":"","overlay-opacity":"","overlay-gradient":""}},"ast-content-background-meta":{"desktop":{"background-color":"var(--ast-global-color-5)","background-image":"","background-repeat":"repeat","background-position":"center center","background-size":"auto","background-attachment":"scroll","background-type":"","background-media":"","overlay-type":"","overlay-color":"","overlay-opacity":"","overlay-gradient":""},"tablet":{"background-color":"var(--ast-global-color-5)","background-image":"","background-repeat":"repeat","background-position":"center center","background-size":"auto","background-attachment":"scroll","background-type":"","background-media":"","overlay-type":"","overlay-color":"","overlay-opacity":"","overlay-gradient":""},"mobile":{"background-color":"var(--ast-global-color-5)","background-image":"","background-repeat":"repeat","background-position":"center center","background-size":"auto","background-attachment":"scroll","background-type":"","background-media":"","overlay-type":"","overlay-color":"","overlay-opacity":"","overlay-gradient":""}}},"product_brand":[],"product_cat":[1109,1104],"product_tag":[3943],"product_format_filter":[],"class_list":{"0":"post-131513","1":"product","2":"type-product","3":"status-publish","4":"has-post-thumbnail","6":"product_cat-controle-de-lhumidite","7":"product_cat-accessoires","8":"product_tag-integra-fr","9":"desktop-align-left","10":"tablet-align-left","11":"mobile-align-left","13":"first","14":"outofstock","15":"taxable","16":"shipping-taxable","17":"purchasable","18":"product-type-simple"},"group_of_quantity":0,"min_quantity":0,"max_quantity":"","exclude_order_quantity_value_rules":"no","exclude_category_quantity_rules":"no","combine_variations":"no","acf":[],"_links":{"self":[{"href":"https:\/\/mendomedical.ca\/fr\/wp-json\/wp\/v2\/product\/131513","targetHints":{"allow":["GET"]}}],"collection":[{"href":"https:\/\/mendomedical.ca\/fr\/wp-json\/wp\/v2\/product"}],"about":[{"href":"https:\/\/mendomedical.ca\/fr\/wp-json\/wp\/v2\/types\/product"}],"replies":[{"embeddable":true,"href":"https:\/\/mendomedical.ca\/fr\/wp-json\/wp\/v2\/comments?post=131513"}],"wp:featuredmedia":[{"embeddable":true,"href":"https:\/\/mendomedical.ca\/fr\/wp-json\/wp\/v2\/media\/131515"}],"wp:attachment":[{"href":"https:\/\/mendomedical.ca\/fr\/wp-json\/wp\/v2\/media?parent=131513"}],"wp:term":[{"taxonomy":"product_brand","embeddable":true,"href":"https:\/\/mendomedical.ca\/fr\/wp-json\/wp\/v2\/product_brand?post=131513"},{"taxonomy":"product_cat","embeddable":true,"href":"https:\/\/mendomedical.ca\/fr\/wp-json\/wp\/v2\/product_cat?post=131513"},{"taxonomy":"product_tag","embeddable":true,"href":"https:\/\/mendomedical.ca\/fr\/wp-json\/wp\/v2\/product_tag?post=131513"},{"taxonomy":"product_format_filter","embeddable":true,"href":"https:\/\/mendomedical.ca\/fr\/wp-json\/wp\/v2\/product_format_filter?post=131513"}],"curies":[{"name":"wp","href":"https:\/\/api.w.org\/{rel}","templated":true}]}}