{"id":131501,"date":"2024-08-02T00:41:46","date_gmt":"2024-08-02T04:41:46","guid":{"rendered":"https:\/\/mendomedical.ca\/?post_type=product&#038;p=131501"},"modified":"2025-09-24T11:06:36","modified_gmt":"2025-09-24T15:06:36","slug":"cherry-bomb-all-in-one-vape","status":"publish","type":"product","link":"https:\/\/mendomedical.ca\/fr\/produit\/cherry-bomb-all-in-one-vape\/","title":{"rendered":"Cherry Bomb All-In-One Vape"},"content":{"rendered":"","protected":false},"excerpt":{"rendered":"<p><strong>Les cartouches disposable de vape Cherry Bomb de Jonny Chronic commencent par une extraction de CO2 \u00e0 une seule souche, s\u00e9parant les terp\u00e8nes d\u00e9licats et les cannabino\u00efdes \u00e0 l\u2019aide de nos m\u00e9thodes exclusives. Nous recombinons ensuite notre distillat Cherry Bomb avec ses terp\u00e8nes initialement captur\u00e9s comme le myrc\u00e8ne, le limon\u00e8ne et le c\u00e9d\u00e9r\u00e8ne pour produire une cartouche de vape \u00e0 spectre complet. Il offre un tirage doux avec un go\u00fbt qui rappelle notre variante de fleurs s\u00e9ch\u00e9es. Ce produit doit \u00eatre stock\u00e9 dans un endroit frais et sec en position verticale lorsqu\u2019il n\u2019est pas utilis\u00e9.<\/strong><\/p>\n<p>&nbsp;<\/p>\n<h5>Ar\u00f4mes:<\/h5>\n<p>D\u00e8s l\u2019ouverture du contenant de Cherry Bomb Vapes, pr\u00e9parez-vous \u00e0 \u00eatre envelopp\u00e9 par un ar\u00f4me captivant qui ravit les sens. La premi\u00e8re impression est comme entrer dans une cerisaie en pleine floraison, avec un \u00e9clat de cerises m\u00fbres saturant l\u2019air de leur parfum sucr\u00e9 et fruit\u00e9.<\/p>\n<p>&nbsp;<\/p>\n<h5>Profil de saveur:<\/h5>\n<p>Lors de votre premi\u00e8re inspiration de Cherry Bomb Vapes, pr\u00e9parez-vous pour un voyage sensoriel rempli d\u2019un d\u00e9licieux m\u00e9lange de saveurs. La premi\u00e8re impression est un \u00e9clat de cerises juteuses, qui rappelle la morsure d\u2019un fruit m\u00fbr par une chaude journ\u00e9e d\u2019\u00e9t\u00e9.<\/p>\n<p>&nbsp;<\/p>\n<h5>Profil cannabino\u00efde et terp\u00e8ne\u00a0:<\/h5>\n<p>Cherry Bomb Vapes est susceptible de pr\u00e9senter un profil cannabino\u00efde robuste, pr\u00e9sentant potentiellement des niveaux \u00e9lev\u00e9s de THC pour de puissants effets psychoactifs, avec des niveaux plus faibles de CBD. Son profil terp\u00e9nique devrait \u00eatre diversifi\u00e9, contribuant \u00e0 son ar\u00f4me unique et \u00e0 ses effets d\u2019entourage potentiels. Les terp\u00e8nes courants trouv\u00e9s dans Cherry Bomb Vapes peuvent inclure le myrc\u00e8ne, connu pour son ar\u00f4me terreux et musqu\u00e9, le caryophyll\u00e8ne, offrant des notes \u00e9pic\u00e9es et poivr\u00e9es, et le limon\u00e8ne, ajoutant un zeste d\u2019agrumes. Ensemble, ces cannabino\u00efdes et terp\u00e8nes cr\u00e9ent un profil complexe et aromatique, am\u00e9liorant l\u2019exp\u00e9rience globale de Cherry Bomb Vapes.<\/p>\n<p>&nbsp;<\/p>\n<h5>Effets:<\/h5>\n<p>Ce All-in-One Cherry Bomb offre une exp\u00e9rience compl\u00e8te caract\u00e9ris\u00e9e par ses effets puissants et \u00e9quilibr\u00e9s. Lors de l\u2019inhalation, les utilisateurs peuvent ressentir une \u00e9l\u00e9vation euphorique imm\u00e9diate, accompagn\u00e9e d\u2019une pouss\u00e9e d\u2019\u00e9nergie cr\u00e9atrice et d\u2019une concentration accrue. Cette stimulation c\u00e9r\u00e9brale ouvre la voie \u00e0 des activit\u00e9s productives et engageantes. Au fur et \u00e0 mesure que l\u2019effet progresse, les propri\u00e9t\u00e9s calmantes et relaxantes h\u00e9rit\u00e9es de ses vari\u00e9t\u00e9s parentales \u00e9mergent progressivement, procurant une sensation apaisante sans induire de s\u00e9dation. Que vous vous d\u00e9tendiez apr\u00e8s une longue journ\u00e9e ou que vous recherchiez l\u2019inspiration pour des activit\u00e9s cr\u00e9atives, Cherry Bomb promet un voyage polyvalent et agr\u00e9able, r\u00e9pondant \u00e0 diverses pr\u00e9f\u00e9rences et occasions.<\/p>\n","protected":false},"featured_media":131503,"comment_status":"closed","ping_status":"closed","template":"","meta":{"_acf_changed":false,"site-sidebar-layout":"default","site-content-layout":"","ast-site-content-layout":"default","site-content-style":"default","site-sidebar-style":"default","ast-global-header-display":"","ast-banner-title-visibility":"","ast-main-header-display":"","ast-hfb-above-header-display":"","ast-hfb-below-header-display":"","ast-hfb-mobile-header-display":"","site-post-title":"","ast-breadcrumbs-content":"","ast-featured-img":"","footer-sml-layout":"","ast-disable-related-posts":"","theme-transparent-header-meta":"default","adv-header-id-meta":"","stick-header-meta":"","header-above-stick-meta":"","header-main-stick-meta":"","header-below-stick-meta":"","astra-migrate-meta-layouts":"set","ast-page-background-enabled":"default","ast-page-background-meta":{"desktop":{"background-color":"var(--ast-global-color-4)","background-image":"","background-repeat":"repeat","background-position":"center center","background-size":"auto","background-attachment":"scroll","background-type":"","background-media":"","overlay-type":"","overlay-color":"","overlay-opacity":"","overlay-gradient":""},"tablet":{"background-color":"","background-image":"","background-repeat":"repeat","background-position":"center center","background-size":"auto","background-attachment":"scroll","background-type":"","background-media":"","overlay-type":"","overlay-color":"","overlay-opacity":"","overlay-gradient":""},"mobile":{"background-color":"","background-image":"","background-repeat":"repeat","background-position":"center center","background-size":"auto","background-attachment":"scroll","background-type":"","background-media":"","overlay-type":"","overlay-color":"","overlay-opacity":"","overlay-gradient":""}},"ast-content-background-meta":{"desktop":{"background-color":"var(--ast-global-color-5)","background-image":"","background-repeat":"repeat","background-position":"center center","background-size":"auto","background-attachment":"scroll","background-type":"","background-media":"","overlay-type":"","overlay-color":"","overlay-opacity":"","overlay-gradient":""},"tablet":{"background-color":"var(--ast-global-color-5)","background-image":"","background-repeat":"repeat","background-position":"center center","background-size":"auto","background-attachment":"scroll","background-type":"","background-media":"","overlay-type":"","overlay-color":"","overlay-opacity":"","overlay-gradient":""},"mobile":{"background-color":"var(--ast-global-color-5)","background-image":"","background-repeat":"repeat","background-position":"center center","background-size":"auto","background-attachment":"scroll","background-type":"","background-media":"","overlay-type":"","overlay-color":"","overlay-opacity":"","overlay-gradient":""}}},"product_brand":[],"product_cat":[1162,1159,1161],"product_tag":[2214],"product_format_filter":[6374],"class_list":{"0":"post-131501","1":"product","2":"type-product","3":"status-publish","4":"has-post-thumbnail","6":"product_cat-distillat","7":"product_cat-vapoteuses","8":"product_cat-tout-en-un","9":"product_tag-jonny-chronic-platinum-fr","10":"pa_format-0-5g-fr","11":"pa_intensity-thc-eleve","12":"pa_marques-jonny-chronic-platinum-fr","13":"pa_origin-ontario-fr","14":"pa_profil-terpene-caryophyllene","15":"pa_profil-terpene-limonene-fr","16":"pa_profil-terpene-linalol-fr","17":"pa_profil-terpene-myrcene","18":"pa_thc-82-3-fr","19":"pa_type-de-plante-hybride-sativa-fr","20":"product_format_filter-0-5g","21":"desktop-align-left","22":"tablet-align-left","23":"mobile-align-left","25":"first","26":"outofstock","27":"taxable","28":"shipping-taxable","29":"purchasable","30":"product-type-simple"},"group_of_quantity":0,"min_quantity":0,"max_quantity":"","exclude_order_quantity_value_rules":"no","exclude_category_quantity_rules":"no","combine_variations":"no","acf":[],"_links":{"self":[{"href":"https:\/\/mendomedical.ca\/fr\/wp-json\/wp\/v2\/product\/131501","targetHints":{"allow":["GET"]}}],"collection":[{"href":"https:\/\/mendomedical.ca\/fr\/wp-json\/wp\/v2\/product"}],"about":[{"href":"https:\/\/mendomedical.ca\/fr\/wp-json\/wp\/v2\/types\/product"}],"replies":[{"embeddable":true,"href":"https:\/\/mendomedical.ca\/fr\/wp-json\/wp\/v2\/comments?post=131501"}],"wp:featuredmedia":[{"embeddable":true,"href":"https:\/\/mendomedical.ca\/fr\/wp-json\/wp\/v2\/media\/131503"}],"wp:attachment":[{"href":"https:\/\/mendomedical.ca\/fr\/wp-json\/wp\/v2\/media?parent=131501"}],"wp:term":[{"taxonomy":"product_brand","embeddable":true,"href":"https:\/\/mendomedical.ca\/fr\/wp-json\/wp\/v2\/product_brand?post=131501"},{"taxonomy":"product_cat","embeddable":true,"href":"https:\/\/mendomedical.ca\/fr\/wp-json\/wp\/v2\/product_cat?post=131501"},{"taxonomy":"product_tag","embeddable":true,"href":"https:\/\/mendomedical.ca\/fr\/wp-json\/wp\/v2\/product_tag?post=131501"},{"taxonomy":"product_format_filter","embeddable":true,"href":"https:\/\/mendomedical.ca\/fr\/wp-json\/wp\/v2\/product_format_filter?post=131501"}],"curies":[{"name":"wp","href":"https:\/\/api.w.org\/{rel}","templated":true}]}}