{"id":131468,"date":"2024-01-01T04:37:50","date_gmt":"2024-01-01T09:37:50","guid":{"rendered":"https:\/\/mendomedical.ca\/?post_type=product&#038;p=131468"},"modified":"2026-04-28T12:42:19","modified_gmt":"2026-04-28T16:42:19","slug":"thc-mango-coco","status":"publish","type":"product","link":"https:\/\/mendomedical.ca\/fr\/produit\/thc-mango-coco\/","title":{"rendered":"THC Mangue &amp; Coco"},"content":{"rendered":"<h5>Ingr\u00e9dients:<\/h5>\n<p>Mangues s\u00e9ch\u00e9es biologiques, Dattes, Farine de noix de coco biologique, Beurre de tournesol (graines de tournesol grill\u00e9es), Huile de coco, Concentr\u00e9 de jus de citron, F\u00e9cule de pomme de terre, Extrait naturel de vanille, Sel de mer, Vitamine E, \u00c9pices, Extrait de cannabis.<\/p>\n","protected":false},"excerpt":{"rendered":"<div class=\"ExternalClass84F784F162E141A19E4A728BE6FE83C9\">\n<h3>THC Mangue &amp; Coco de Jublee<\/h3>\n<p>D\u00e9couvrez l&rsquo;essence tropicale de THC Mango &amp; Coco, un produit comestible infus\u00e9 au cannabis de premi\u00e8re qualit\u00e9 qui combine les saveurs exotiques de la noix de coco et de la mangue dans une bouch\u00e9e douce et d\u00e9lectable. Ces bouch\u00e9es de fruits sans gluten, sans allerg\u00e8nes et v\u00e9g\u00e9taliennes sont soigneusement \u00e9labor\u00e9es avec de l&rsquo;huile de haschisch \u00e0 spectre complet, offrant une exp\u00e9rience \u00e9quilibr\u00e9e du cannabis sans sucres ajout\u00e9s. Chaque morceau rectangulaire et moelleux offre un m\u00e9lange harmonieux de relaxation et d&rsquo;euphorie tout en conservant la douceur naturelle des dattes et de la noix de coco.  <\/p>\n<h4>Caract\u00e9ristiques principales<\/h4>\n<ul>\n<li>Sans gluten, sans allerg\u00e8nes, sans sucre ajout\u00e9 et enti\u00e8rement v\u00e9g\u00e9talien.<\/li>\n<li>Infus\u00e9 avec de l&rsquo;huile de haschisch \u00e0 spectre complet pour des bienfaits cannabiques complets.<\/li>\n<li>Ingr\u00e9dients naturels : dattes, noix de coco et beurre de tournesol.<\/li>\n<li>Texture souple et mall\u00e9able avec une sensation de friabilit\u00e9 et de p\u00e2tisserie.<\/li>\n<li>Effets relaxants, apaisants et euphorisants<\/li>\n<\/ul>\n<h4>Profil aromatique et gustatif<\/h4>\n<p>Le voyage aromatique commence par des notes parfum\u00e9es de noix de coco qui vous transportent vers des destinations tropicales, suivies de douces nuances de vanille. En bouche, la texture friable initiale se fond dans une saveur indulgente de p\u00e2tisserie, avec des notes pro\u00e9minentes de noix de coco et de vanilline qui cr\u00e9ent une exp\u00e9rience sensorielle luxueuse. <\/p>\n<h4>Pourquoi choisir les produits comestibles \u00e0 base de cannabis ?<\/h4>\n<p>Les edibles de cannabis offrent aux utilisateurs m\u00e9dicaux une m\u00e9thode de consommation discr\u00e8te et sans fum\u00e9e, avec des effets plus durables que l&rsquo;inhalation. Le dosage pr\u00e9cis et la dur\u00e9e prolong\u00e9e des effets font des edibles un produit particuli\u00e8rement adapt\u00e9 aux personnes qui cherchent \u00e0 g\u00e9rer leurs sympt\u00f4mes tout au long de la journ\u00e9e ou de la nuit. <\/p>\n<h4>Exp\u00e9dition dans tout le Canada<\/h4>\n<p>THC Mango &amp; Coco est exp\u00e9di\u00e9 rapidement \u00e0 travers le Canada, avec une livraison gratuite pour les commandes de plus de 150 $. Veuillez noter que les produits peuvent se ramollir ou fondre pendant l&rsquo;exp\u00e9dition durant les mois d&rsquo;\u00e9t\u00e9.  Nous vous recommandons de tenir compte de ce probl\u00e8me potentiel lorsque vous passez votre commande. Malheureusement, nous ne pouvons pas offrir de remboursement ou de remplacement pour les produits qui fondent pendant le transport. Nous vous remercions de votre compr\u00e9hension.<\/p>\n<h4>Avantages et couverture pour les anciens combattants<\/h4>\n<p>THC Mango &amp; Coco est admissible \u00e0 la couverture d&rsquo;ACC (Anciens Combattants Canada) et \u00e0 la facturation directe par l&rsquo;entremise de la Croix Bleue, ce qui signifie que les anciens combattants admissibles n&rsquo;ont pas \u00e0 d\u00e9bourser d&rsquo;argent. Si vous n&rsquo;avez pas encore de carte de cannabis m\u00e9dical, <a href=\"https:\/\/mendomedical.ca\/fr\/carte-medicale\/\">obtenez votre carte m\u00e9dicale gratuite rapidement et facilement<\/a>. <\/p>\n<p><strong>Ingr\u00e9dients :<\/strong> Dattes, noix de coco s\u00e9ch\u00e9e, beurre de tournesol (graines de tournesol grill\u00e9es), farine de coco biologique, f\u00e9cule de pomme de terre, huile de coco, extrait naturel de vanille, sel marin, vitamine E, extrait de cannabis (huile de haschisch \u00e0 spectre complet).<\/p>\n<\/div>\n","protected":false},"featured_media":131470,"comment_status":"closed","ping_status":"closed","template":"","meta":{"_acf_changed":false,"site-sidebar-layout":"default","site-content-layout":"","ast-site-content-layout":"default","site-content-style":"default","site-sidebar-style":"default","ast-global-header-display":"","ast-banner-title-visibility":"","ast-main-header-display":"","ast-hfb-above-header-display":"","ast-hfb-below-header-display":"","ast-hfb-mobile-header-display":"","site-post-title":"","ast-breadcrumbs-content":"","ast-featured-img":"","footer-sml-layout":"","ast-disable-related-posts":"","theme-transparent-header-meta":"default","adv-header-id-meta":"","stick-header-meta":"","header-above-stick-meta":"","header-main-stick-meta":"","header-below-stick-meta":"","astra-migrate-meta-layouts":"set","ast-page-background-enabled":"default","ast-page-background-meta":{"desktop":{"background-color":"var(--ast-global-color-4)","background-image":"","background-repeat":"repeat","background-position":"center center","background-size":"auto","background-attachment":"scroll","background-type":"","background-media":"","overlay-type":"","overlay-color":"","overlay-opacity":"","overlay-gradient":""},"tablet":{"background-color":"","background-image":"","background-repeat":"repeat","background-position":"center center","background-size":"auto","background-attachment":"scroll","background-type":"","background-media":"","overlay-type":"","overlay-color":"","overlay-opacity":"","overlay-gradient":""},"mobile":{"background-color":"","background-image":"","background-repeat":"repeat","background-position":"center center","background-size":"auto","background-attachment":"scroll","background-type":"","background-media":"","overlay-type":"","overlay-color":"","overlay-opacity":"","overlay-gradient":""}},"ast-content-background-meta":{"desktop":{"background-color":"var(--ast-global-color-5)","background-image":"","background-repeat":"repeat","background-position":"center center","background-size":"auto","background-attachment":"scroll","background-type":"","background-media":"","overlay-type":"","overlay-color":"","overlay-opacity":"","overlay-gradient":""},"tablet":{"background-color":"var(--ast-global-color-5)","background-image":"","background-repeat":"repeat","background-position":"center center","background-size":"auto","background-attachment":"scroll","background-type":"","background-media":"","overlay-type":"","overlay-color":"","overlay-opacity":"","overlay-gradient":""},"mobile":{"background-color":"var(--ast-global-color-5)","background-image":"","background-repeat":"repeat","background-position":"center center","background-size":"auto","background-attachment":"scroll","background-type":"","background-media":"","overlay-type":"","overlay-color":"","overlay-opacity":"","overlay-gradient":""}}},"product_brand":[],"product_cat":[1134,1511,1128],"product_tag":[2468],"product_format_filter":[],"class_list":{"0":"post-131468","1":"product","2":"type-product","3":"status-publish","4":"has-post-thumbnail","6":"product_cat-alimentation-intelligente","7":"product_cat-full-spectrum-fr","8":"product_cat-comestibles","9":"product_tag-jublee-fr","10":"pa_flavours-mango-fr","11":"pa_flavours-coconut-fr","12":"pa_format-1-unit-fr","13":"pa_intensity-thc-moyen","14":"pa_marques-jublee-fr","15":"pa_origin-quebec-fr","16":"pa_thc-10mg-fr","17":"pa_type-de-plante-hybride-fr","18":"pa_type-de-plante-thc-fr","19":"desktop-align-left","20":"tablet-align-left","21":"mobile-align-left","23":"first","24":"instock","25":"taxable","26":"shipping-taxable","27":"purchasable","28":"product-type-simple"},"group_of_quantity":0,"min_quantity":0,"max_quantity":"","exclude_order_quantity_value_rules":"no","exclude_category_quantity_rules":"no","combine_variations":"no","acf":[],"_links":{"self":[{"href":"https:\/\/mendomedical.ca\/fr\/wp-json\/wp\/v2\/product\/131468","targetHints":{"allow":["GET"]}}],"collection":[{"href":"https:\/\/mendomedical.ca\/fr\/wp-json\/wp\/v2\/product"}],"about":[{"href":"https:\/\/mendomedical.ca\/fr\/wp-json\/wp\/v2\/types\/product"}],"replies":[{"embeddable":true,"href":"https:\/\/mendomedical.ca\/fr\/wp-json\/wp\/v2\/comments?post=131468"}],"wp:featuredmedia":[{"embeddable":true,"href":"https:\/\/mendomedical.ca\/fr\/wp-json\/wp\/v2\/media\/131470"}],"wp:attachment":[{"href":"https:\/\/mendomedical.ca\/fr\/wp-json\/wp\/v2\/media?parent=131468"}],"wp:term":[{"taxonomy":"product_brand","embeddable":true,"href":"https:\/\/mendomedical.ca\/fr\/wp-json\/wp\/v2\/product_brand?post=131468"},{"taxonomy":"product_cat","embeddable":true,"href":"https:\/\/mendomedical.ca\/fr\/wp-json\/wp\/v2\/product_cat?post=131468"},{"taxonomy":"product_tag","embeddable":true,"href":"https:\/\/mendomedical.ca\/fr\/wp-json\/wp\/v2\/product_tag?post=131468"},{"taxonomy":"product_format_filter","embeddable":true,"href":"https:\/\/mendomedical.ca\/fr\/wp-json\/wp\/v2\/product_format_filter?post=131468"}],"curies":[{"name":"wp","href":"https:\/\/api.w.org\/{rel}","templated":true}]}}