{"id":131459,"date":"2024-01-01T04:19:48","date_gmt":"2024-01-01T09:19:48","guid":{"rendered":"https:\/\/mendomedical.ca\/?post_type=product&#038;p=131459"},"modified":"2026-04-28T12:45:56","modified_gmt":"2026-04-28T16:45:56","slug":"thc-coconut-vanilla","status":"publish","type":"product","link":"https:\/\/mendomedical.ca\/fr\/produit\/thc-coconut-vanilla\/","title":{"rendered":"THC noix de coco et vanille"},"content":{"rendered":"<h5>Ingr\u00e9dients:<\/h5>\n<p>Dattes, Noix de coco s\u00e9ch\u00e9e, Beurre de tournesol (graines de tournesol torr\u00e9fi\u00e9es), Farine de noix de coco biologique, F\u00e9cule de pomme de terre, Huile de coco, Extrait naturel de vanille, Sel marin, Vitamine E, Extrait de cannabis.<\/p>\n","protected":false},"excerpt":{"rendered":"<div class=\"ExternalClass113F388952734EB18402EBAE69201C5E\">\n<h3>THC Coconut &amp; Vanilla de Jublee<\/h3>\n<p>D\u00e9couvrez le bonheur tropical de THC Coconut &amp; Vanilla by Jublee - un produit comestible infus\u00e9 au cannabis de premi\u00e8re qualit\u00e9 qui combine des ingr\u00e9dients sains avec de l&rsquo;huile de haschisch \u00e0 spectre complet. Ces bouch\u00e9es de fruits sans gluten, sans allerg\u00e8nes et v\u00e9g\u00e9taliennes offrent une exp\u00e9rience parfaitement \u00e9quilibr\u00e9e gr\u00e2ce \u00e0 leur texture douce et mall\u00e9able et \u00e0 leur saveur indulgente de noix de coco et de vanille. Sans sucre ajout\u00e9 et fabriqu\u00e9s \u00e0 partir d&rsquo;ingr\u00e9dients naturels comme les dattes et la noix de coco, ces edibles offrent une alternative plus saine aux consommateurs conscients qui recherchent la relaxation et l&rsquo;euphorie.  <\/p>\n<h4>Caract\u00e9ristiques principales<\/h4>\n<ul>\n<li>Formule sans gluten, sans allerg\u00e8ne, v\u00e9g\u00e9talienne et sans sucre ajout\u00e9<\/li>\n<li>Infus\u00e9 avec de l&rsquo;huile de haschisch \u00e0 spectre complet pour des bienfaits cannabiques accrus.<\/li>\n<li>Ingr\u00e9dients naturels : dattes, noix de coco et beurre de tournesol.<\/li>\n<li>Texture rectangulaire, moelleuse, douce et mall\u00e9able<\/li>\n<li>Effets relaxants, apaisants et euphorisants<\/li>\n<\/ul>\n<h4>Profil aromatique et gustatif<\/h4>\n<p>Transportez-vous vers des horizons tropicaux gr\u00e2ce au parfum distinctif de noix de coco, compl\u00e9t\u00e9 par de douces nuances de vanille. La texture friable se fond en une sensation de p\u00e2tisserie indulgente en bouche, cr\u00e9ant une exp\u00e9rience gustative luxueuse qui masque parfaitement tout ar\u00f4me de cannabis. <\/p>\n<h4>Pourquoi choisir Smart Food Edibles ?<\/h4>\n<p>Les edibles alimentaires intelligents comme le THC Coconut &amp; Vanilla offrent un dosage pr\u00e9cis et des effets plus durables que les autres m\u00e9thodes de consommation. Ils sont discrets, pratiques et id\u00e9aux pour les utilisateurs m\u00e9dicaux qui pr\u00e9f\u00e8rent ne pas fumer ou vaper tout en b\u00e9n\u00e9ficiant des avantages th\u00e9rapeutiques du cannabis. <\/p>\n<h4>Exp\u00e9dition dans tout le Canada<\/h4>\n<p>THC Coconut &amp; Vanilla est exp\u00e9di\u00e9 rapidement \u00e0 travers le Canada, avec une livraison gratuite pour les commandes de plus de 150 $. Veuillez noter que les produits peuvent se ramollir ou fondre pendant l&rsquo;exp\u00e9dition durant les mois d&rsquo;\u00e9t\u00e9.  Nous vous recommandons de tenir compte de ce probl\u00e8me potentiel lorsque vous passez votre commande. Malheureusement, nous ne pouvons pas offrir de remboursement ou de remplacement pour les produits qui fondent pendant le transport. Nous vous remercions de votre compr\u00e9hension.<\/p>\n<h4>Avantages et couverture pour les anciens combattants<\/h4>\n<p>THC Coconut &amp; Vanilla est admissible \u00e0 la couverture d&rsquo;ACC (Anciens Combattants Canada) et \u00e0 la facturation directe par l&rsquo;entremise de la Croix Bleue, ce qui signifie que les anciens combattants admissibles n&rsquo;ont pas \u00e0 d\u00e9bourser d&rsquo;argent. Si vous n&rsquo;avez pas encore d&rsquo;ordonnance de cannabis m\u00e9dical, <a href=\"https:\/\/mendomedical.ca\/fr\/carte-medicale\/\">obtenez votre carte m\u00e9dicale gratuite rapidement et facilement<\/a>. <\/p>\n<p><strong>Ingr\u00e9dients :<\/strong> Dattes, noix de coco s\u00e9ch\u00e9e, beurre de tournesol (graines de tournesol grill\u00e9es), farine de coco biologique, f\u00e9cule de pomme de terre, huile de coco, extrait naturel de vanille, sel marin, vitamine E, extrait de cannabis (huile de haschisch \u00e0 spectre complet).<\/p>\n<\/div>\n","protected":false},"featured_media":131461,"comment_status":"closed","ping_status":"closed","template":"","meta":{"_acf_changed":false,"site-sidebar-layout":"default","site-content-layout":"","ast-site-content-layout":"default","site-content-style":"default","site-sidebar-style":"default","ast-global-header-display":"","ast-banner-title-visibility":"","ast-main-header-display":"","ast-hfb-above-header-display":"","ast-hfb-below-header-display":"","ast-hfb-mobile-header-display":"","site-post-title":"","ast-breadcrumbs-content":"","ast-featured-img":"","footer-sml-layout":"","ast-disable-related-posts":"","theme-transparent-header-meta":"default","adv-header-id-meta":"","stick-header-meta":"","header-above-stick-meta":"","header-main-stick-meta":"","header-below-stick-meta":"","astra-migrate-meta-layouts":"set","ast-page-background-enabled":"default","ast-page-background-meta":{"desktop":{"background-color":"var(--ast-global-color-4)","background-image":"","background-repeat":"repeat","background-position":"center center","background-size":"auto","background-attachment":"scroll","background-type":"","background-media":"","overlay-type":"","overlay-color":"","overlay-opacity":"","overlay-gradient":""},"tablet":{"background-color":"","background-image":"","background-repeat":"repeat","background-position":"center center","background-size":"auto","background-attachment":"scroll","background-type":"","background-media":"","overlay-type":"","overlay-color":"","overlay-opacity":"","overlay-gradient":""},"mobile":{"background-color":"","background-image":"","background-repeat":"repeat","background-position":"center center","background-size":"auto","background-attachment":"scroll","background-type":"","background-media":"","overlay-type":"","overlay-color":"","overlay-opacity":"","overlay-gradient":""}},"ast-content-background-meta":{"desktop":{"background-color":"var(--ast-global-color-5)","background-image":"","background-repeat":"repeat","background-position":"center center","background-size":"auto","background-attachment":"scroll","background-type":"","background-media":"","overlay-type":"","overlay-color":"","overlay-opacity":"","overlay-gradient":""},"tablet":{"background-color":"var(--ast-global-color-5)","background-image":"","background-repeat":"repeat","background-position":"center center","background-size":"auto","background-attachment":"scroll","background-type":"","background-media":"","overlay-type":"","overlay-color":"","overlay-opacity":"","overlay-gradient":""},"mobile":{"background-color":"var(--ast-global-color-5)","background-image":"","background-repeat":"repeat","background-position":"center center","background-size":"auto","background-attachment":"scroll","background-type":"","background-media":"","overlay-type":"","overlay-color":"","overlay-opacity":"","overlay-gradient":""}}},"product_brand":[],"product_cat":[1134,1511,1128],"product_tag":[2468],"product_format_filter":[],"class_list":{"0":"post-131459","1":"product","2":"type-product","3":"status-publish","4":"has-post-thumbnail","6":"product_cat-alimentation-intelligente","7":"product_cat-full-spectrum-fr","8":"product_cat-comestibles","9":"product_tag-jublee-fr","10":"pa_flavours-coconut-fr","11":"pa_flavours-vanille","12":"pa_format-1-unit-fr","13":"pa_intensity-thc-moyen","14":"pa_marques-jublee-fr","15":"pa_origin-quebec-fr","16":"pa_thc-10mg-fr","17":"pa_type-de-plante-thc-fr","18":"desktop-align-left","19":"tablet-align-left","20":"mobile-align-left","22":"first","23":"instock","24":"taxable","25":"shipping-taxable","26":"purchasable","27":"product-type-simple"},"group_of_quantity":0,"min_quantity":0,"max_quantity":"","exclude_order_quantity_value_rules":"no","exclude_category_quantity_rules":"no","combine_variations":"no","acf":[],"_links":{"self":[{"href":"https:\/\/mendomedical.ca\/fr\/wp-json\/wp\/v2\/product\/131459","targetHints":{"allow":["GET"]}}],"collection":[{"href":"https:\/\/mendomedical.ca\/fr\/wp-json\/wp\/v2\/product"}],"about":[{"href":"https:\/\/mendomedical.ca\/fr\/wp-json\/wp\/v2\/types\/product"}],"replies":[{"embeddable":true,"href":"https:\/\/mendomedical.ca\/fr\/wp-json\/wp\/v2\/comments?post=131459"}],"wp:featuredmedia":[{"embeddable":true,"href":"https:\/\/mendomedical.ca\/fr\/wp-json\/wp\/v2\/media\/131461"}],"wp:attachment":[{"href":"https:\/\/mendomedical.ca\/fr\/wp-json\/wp\/v2\/media?parent=131459"}],"wp:term":[{"taxonomy":"product_brand","embeddable":true,"href":"https:\/\/mendomedical.ca\/fr\/wp-json\/wp\/v2\/product_brand?post=131459"},{"taxonomy":"product_cat","embeddable":true,"href":"https:\/\/mendomedical.ca\/fr\/wp-json\/wp\/v2\/product_cat?post=131459"},{"taxonomy":"product_tag","embeddable":true,"href":"https:\/\/mendomedical.ca\/fr\/wp-json\/wp\/v2\/product_tag?post=131459"},{"taxonomy":"product_format_filter","embeddable":true,"href":"https:\/\/mendomedical.ca\/fr\/wp-json\/wp\/v2\/product_format_filter?post=131459"}],"curies":[{"name":"wp","href":"https:\/\/api.w.org\/{rel}","templated":true}]}}