{"id":131451,"date":"2024-01-01T04:09:16","date_gmt":"2024-01-01T09:09:16","guid":{"rendered":"https:\/\/mendomedical.ca\/?post_type=product&#038;p=131451"},"modified":"2026-04-28T12:44:51","modified_gmt":"2026-04-28T16:44:51","slug":"thc-banana-chocolate","status":"publish","type":"product","link":"https:\/\/mendomedical.ca\/fr\/produit\/thc-banana-chocolate\/","title":{"rendered":"THC Banane &amp; Chocolat"},"content":{"rendered":"<h5>Ingr\u00e9dients:<\/h5>\n<p>Bananes s\u00e9ch\u00e9es biologiques, Dattes, Beurre de tournesol (graines de tournesol torr\u00e9fi\u00e9es), Farine de coco biologique, Gru\u00e9 de cacao, Poudre de cacao naturelle, F\u00e9cule de pomme de terre, Fibre de pomme, Huile de coco, Extrait naturel de vanille, Sel marin, Vitamine E, Extrait de cannabis.<\/p>\n","protected":false},"excerpt":{"rendered":"<div class=\"ExternalClass8C1B8B6D1D6248E7ACCA49FBBF1D87AE\">\n<h3>THC Banane &amp; Chocolat de Jublee<\/h3>\n<p>Laissez-vous tenter par les bouch\u00e9es de fruits THC Banane &amp; Chocolat de Jublee, un produit comestible haut de gamme qui allie parfaitement bien-\u00eatre et go\u00fbt exceptionnel. Ces friandises sans gluten, sans allerg\u00e8nes et v\u00e9g\u00e9taliennes combinent les saveurs r\u00e9confortantes de la banane et du chocolat dans une texture unique, semblable \u00e0 celle d&rsquo;un brownie. Fabriqu\u00e9es \u00e0 partir d&rsquo;ingr\u00e9dients biologiques et sans sucre ajout\u00e9, chaque bouch\u00e9e offre une exp\u00e9rience de cannabis en pleine conscience, con\u00e7ue pour la relaxation et le plaisir sensoriel tout au long de la journ\u00e9e.  <\/p>\n<h4>Caract\u00e9ristiques principales<\/h4>\n<ul>\n<li>Formule sans gluten, sans allerg\u00e8ne, v\u00e9g\u00e9talienne et sans sucre ajout\u00e9<\/li>\n<li>Fabriqu\u00e9 avec des bananes s\u00e9ch\u00e9es, des dattes et de la poudre de cacao naturelle.<\/li>\n<li>Texture rectangulaire et moelleuse avec une consistance mall\u00e9able semblable \u00e0 celle d&rsquo;un brownie.<\/li>\n<li>Infusion de THC pour des effets calmants et apaisants<\/li>\n<li>Parfait pour un grignotage sans culpabilit\u00e9 tout au long de la journ\u00e9e et pour se d\u00e9tendre<\/li>\n<\/ul>\n<h4>Profil aromatique et gustatif<\/h4>\n<p>D\u00e9couvrez les ar\u00f4mes invitants de pain aux bananes et de chocolat, rehauss\u00e9s de subtiles notes de vanille rappelant celles d&rsquo;une p\u00e2tisserie traditionnelle. La texture semblable \u00e0 celle d&rsquo;un brownie fond dans votre bouche, r\u00e9v\u00e9lant de d\u00e9licieuses notes de banane Candy parfaitement \u00e9quilibr\u00e9es par le riche chocolat. Cette formule m\u00e9ticuleusement \u00e9labor\u00e9e offre des effets calmants, apaisants et de pleine conscience qui peuvent contribuer \u00e0 la relaxation et \u00e0 la clart\u00e9 mentale.  <\/p>\n<h4>Pourquoi choisir Smart Food Edibles ?<\/h4>\n<p>Les edibles alimentaires intelligents comme ces bouch\u00e9es de fruits infus\u00e9es au THC offrent un dosage pr\u00e9cis et des effets durables, ce qui les rend id\u00e9aux pour les consommateurs de cannabis m\u00e9dical \u00e0 la recherche d&rsquo;un soulagement constant. Le format discret et portable permet une consommation pratique tout au long de la journ\u00e9e tout en maintenant votre routine de bien-\u00eatre. <\/p>\n<h4>Exp\u00e9dition dans tout le Canada<\/h4>\n<p>THC Banana &amp; Chocolate est exp\u00e9di\u00e9 rapidement \u00e0 travers le Canada avec une livraison gratuite pour les commandes de plus de 150 $. Veuillez noter que les produits contenant du chocolat peuvent fondre pendant l&rsquo;exp\u00e9dition en \u00e9t\u00e9.  Nous vous recommandons de tenir compte de ce probl\u00e8me potentiel lorsque vous passez votre commande. Malheureusement, nous ne pouvons pas offrir de remboursement ou de remplacement pour les produits qui fondent pendant le transport. Nous vous remercions de votre compr\u00e9hension.<\/p>\n<h4>Avantages et couverture pour les anciens combattants<\/h4>\n<p>THC Banana &amp; Chocolate est admissible \u00e0 la couverture d&rsquo;ACC (Anciens Combattants Canada) et \u00e0 la facturation directe par l&rsquo;entremise de la Croix Bleue, sans frais. Si vous n&rsquo;avez pas encore d&rsquo;ordonnance de cannabis m\u00e9dical, <a href=\"https:\/\/mendomedical.ca\/fr\/carte-medicale\/\">obtenez votre carte m\u00e9dicale gratuite rapidement et facilement<\/a>. <\/p>\n<p><strong>Ingr\u00e9dients :<\/strong> Bananes s\u00e9ch\u00e9es biologiques, dattes, beurre de tournesol (graines de tournesol grill\u00e9es), farine de noix de coco biologique, gruau de cacao, poudre de cacao naturel, f\u00e9cule de pomme de terre, fibre de pomme, huile de noix de coco, extrait naturel de vanille, sel marin, vitamine E, extrait de cannabis.<\/p>\n<\/div>\n","protected":false},"featured_media":131453,"comment_status":"closed","ping_status":"closed","template":"","meta":{"_acf_changed":false,"site-sidebar-layout":"default","site-content-layout":"","ast-site-content-layout":"default","site-content-style":"default","site-sidebar-style":"default","ast-global-header-display":"","ast-banner-title-visibility":"","ast-main-header-display":"","ast-hfb-above-header-display":"","ast-hfb-below-header-display":"","ast-hfb-mobile-header-display":"","site-post-title":"","ast-breadcrumbs-content":"","ast-featured-img":"","footer-sml-layout":"","ast-disable-related-posts":"","theme-transparent-header-meta":"default","adv-header-id-meta":"","stick-header-meta":"","header-above-stick-meta":"","header-main-stick-meta":"","header-below-stick-meta":"","astra-migrate-meta-layouts":"set","ast-page-background-enabled":"default","ast-page-background-meta":{"desktop":{"background-color":"var(--ast-global-color-4)","background-image":"","background-repeat":"repeat","background-position":"center center","background-size":"auto","background-attachment":"scroll","background-type":"","background-media":"","overlay-type":"","overlay-color":"","overlay-opacity":"","overlay-gradient":""},"tablet":{"background-color":"","background-image":"","background-repeat":"repeat","background-position":"center center","background-size":"auto","background-attachment":"scroll","background-type":"","background-media":"","overlay-type":"","overlay-color":"","overlay-opacity":"","overlay-gradient":""},"mobile":{"background-color":"","background-image":"","background-repeat":"repeat","background-position":"center center","background-size":"auto","background-attachment":"scroll","background-type":"","background-media":"","overlay-type":"","overlay-color":"","overlay-opacity":"","overlay-gradient":""}},"ast-content-background-meta":{"desktop":{"background-color":"var(--ast-global-color-5)","background-image":"","background-repeat":"repeat","background-position":"center center","background-size":"auto","background-attachment":"scroll","background-type":"","background-media":"","overlay-type":"","overlay-color":"","overlay-opacity":"","overlay-gradient":""},"tablet":{"background-color":"var(--ast-global-color-5)","background-image":"","background-repeat":"repeat","background-position":"center center","background-size":"auto","background-attachment":"scroll","background-type":"","background-media":"","overlay-type":"","overlay-color":"","overlay-opacity":"","overlay-gradient":""},"mobile":{"background-color":"var(--ast-global-color-5)","background-image":"","background-repeat":"repeat","background-position":"center center","background-size":"auto","background-attachment":"scroll","background-type":"","background-media":"","overlay-type":"","overlay-color":"","overlay-opacity":"","overlay-gradient":""}}},"product_brand":[],"product_cat":[1134,1511,1128],"product_tag":[2468],"product_format_filter":[6366],"class_list":{"0":"post-131451","1":"product","2":"type-product","3":"status-publish","4":"has-post-thumbnail","6":"product_cat-alimentation-intelligente","7":"product_cat-full-spectrum-fr","8":"product_cat-comestibles","9":"product_tag-jublee-fr","10":"pa_flavours-banane","11":"pa_flavours-chocolate-fr","12":"pa_format-1-unit-fr","13":"pa_intensity-thc-moyen","14":"pa_marques-jublee-fr","15":"pa_origin-quebec-fr","16":"pa_thc-10mg-fr","17":"pa_type-de-plante-thc-fr","18":"product_format_filter-1units","19":"desktop-align-left","20":"tablet-align-left","21":"mobile-align-left","23":"first","24":"instock","25":"taxable","26":"shipping-taxable","27":"purchasable","28":"product-type-simple"},"group_of_quantity":0,"min_quantity":0,"max_quantity":"","exclude_order_quantity_value_rules":"no","exclude_category_quantity_rules":"no","combine_variations":"no","acf":[],"_links":{"self":[{"href":"https:\/\/mendomedical.ca\/fr\/wp-json\/wp\/v2\/product\/131451","targetHints":{"allow":["GET"]}}],"collection":[{"href":"https:\/\/mendomedical.ca\/fr\/wp-json\/wp\/v2\/product"}],"about":[{"href":"https:\/\/mendomedical.ca\/fr\/wp-json\/wp\/v2\/types\/product"}],"replies":[{"embeddable":true,"href":"https:\/\/mendomedical.ca\/fr\/wp-json\/wp\/v2\/comments?post=131451"}],"wp:featuredmedia":[{"embeddable":true,"href":"https:\/\/mendomedical.ca\/fr\/wp-json\/wp\/v2\/media\/131453"}],"wp:attachment":[{"href":"https:\/\/mendomedical.ca\/fr\/wp-json\/wp\/v2\/media?parent=131451"}],"wp:term":[{"taxonomy":"product_brand","embeddable":true,"href":"https:\/\/mendomedical.ca\/fr\/wp-json\/wp\/v2\/product_brand?post=131451"},{"taxonomy":"product_cat","embeddable":true,"href":"https:\/\/mendomedical.ca\/fr\/wp-json\/wp\/v2\/product_cat?post=131451"},{"taxonomy":"product_tag","embeddable":true,"href":"https:\/\/mendomedical.ca\/fr\/wp-json\/wp\/v2\/product_tag?post=131451"},{"taxonomy":"product_format_filter","embeddable":true,"href":"https:\/\/mendomedical.ca\/fr\/wp-json\/wp\/v2\/product_format_filter?post=131451"}],"curies":[{"name":"wp","href":"https:\/\/api.w.org\/{rel}","templated":true}]}}