{"id":131367,"date":"2023-12-31T13:20:01","date_gmt":"2023-12-31T18:20:01","guid":{"rendered":"https:\/\/mendomedical.ca\/?post_type=product&#038;p=131367"},"modified":"2026-03-29T23:54:49","modified_gmt":"2026-03-30T03:54:49","slug":"thc-instant-blue-raspberry-drink","status":"publish","type":"product","link":"https:\/\/mendomedical.ca\/fr\/produit\/thc-instant-blue-raspberry-drink\/","title":{"rendered":"Boisson instantan\u00e9e THC \u00e0 la framboise bleue"},"content":{"rendered":"","protected":false},"excerpt":{"rendered":"<div class=\"description_toggle\">\n<div class=\"the_excerpt active_toggle\">\n<div class=\"description_toggle\">\n<div class=\"the_excerpt active_toggle\">\n<h2><strong>THC Instantan\u00e9 Boisson Framboise Bleue 10mg<\/strong><\/h2>\n<p>&nbsp;<\/p>\n<h3><strong>Action rapide, soulagement savoureux \u00e0 chaque gorg\u00e9e<\/strong><\/h3>\n<p><strong>THC Instant Blue Raspberry Drink<\/strong> est un m\u00e9lange de boissons au cannabis pratique et \u00e0 action rapide, con\u00e7u pour ceux qui pr\u00e9f\u00e8rent ne pas inhaler. <a title=\"En savoir plus sur Emprise\" href=\"https:\/\/emprise.ca\/\" target=\"_blank\" rel=\"noopener\">Gr\u00e2ce \u00e0 la technologie avanc\u00e9e de nano\u00e9mulsion d&rsquo;Emprise<\/a>, chaque sachet d\u00e9livre 10 mg de THC avec des effets rapides - g\u00e9n\u00e9ralement dans les 10 \u00e0 15 minutes - lorsqu&rsquo;il est m\u00e9lang\u00e9 \u00e0 250 ml d&rsquo;eau.<\/p>\n<p>Con\u00e7ue \u00e0 l&rsquo;intention des utilisateurs m\u00e9dicaux, cette d\u00e9licieuse boisson offre une <strong>saveur<\/strong> acidul\u00e9e et <strong>rafra\u00eechissante de framboise bleue<\/strong> et une dose constante dans chaque portion. Que vous soyez \u00e0 la recherche d&rsquo;une fonctionnalit\u00e9 diurne ou d&rsquo;un soulagement l\u00e9ger en soir\u00e9e, cette boisson peut vous apporter le soutien dont vous avez besoin. <\/p>\n<p>&nbsp;<\/p>\n<h3><strong>Pourquoi choisir les boissons instantan\u00e9es THC ?<\/strong><\/h3>\n<ul>\n<li><strong>Action rapide<\/strong> - La technologie de l&rsquo;\u00e9mulsion Nano THC peut \u00eatre activ\u00e9e en seulement 10 minutes.<\/li>\n<li><strong>Soulagement sans fum\u00e9e<\/strong> - Id\u00e9al pour les patients qui pr\u00e9f\u00e8rent ne pas inhaler le cannabis<\/li>\n<li><strong>Portable et discret<\/strong> - Id\u00e9al pour les voyages, les dosages sur le pouce ou dans votre routine quotidienne.<\/li>\n<li><strong>Dosage pr\u00e9cis<\/strong> - Chaque sachet fournit une dose fiable de 10 mg de THC.<\/li>\n<\/ul>\n<p>&nbsp;<\/p>\n<h3><strong>Couverture des v\u00e9t\u00e9rans et exp\u00e9dition<\/strong><\/h3>\n<p>Ce produit est \u00e9ligible \u00e0 la <strong>facturation directe par ACC (Anciens Combattants Canada)<\/strong> et la Croix Bleue, ce qui en fait une option gratuite pour les v\u00e9t\u00e9rans qualifi\u00e9s. Mendo prend \u00e9galement en charge les <strong>commandes relais jusqu&rsquo;\u00e0 300 g<\/strong> afin de garantir un acc\u00e8s ininterrompu au cannabis m\u00e9dical pendant les d\u00e9lais d&rsquo;approbation. <\/p>\n<p>Nous offrons un <strong>service d&rsquo;exp\u00e9dition rapide et discret dans tout le Canada<\/strong>. Toutes les commandes de plus de 150 $ sont exp\u00e9di\u00e9es gratuitement, et chaque colis est trait\u00e9 avec soin pour prot\u00e9ger votre vie priv\u00e9e et la qualit\u00e9 du produit. <\/p>\n<p>&nbsp;<\/p>\n<h3><strong>Comment l&rsquo;utiliser<\/strong><\/h3>\n<ol>\n<li>Ouvrez un sachet<\/li>\n<li>M\u00e9langer soigneusement avec 250 ml d&rsquo;eau froide<\/li>\n<li>Consommez et attendez les effets - ceux-ci peuvent appara\u00eetre au bout de 10 \u00e0 15 minutes.<\/li>\n<\/ol>\n<p>&nbsp;<\/p>\n<h3><strong>Pour qui c&rsquo;est id\u00e9al<\/strong><\/h3>\n<p>Cette boisson instantan\u00e9e au THC peut \u00eatre utile pour les personnes qui g\u00e8rent leurs probl\u00e8mes de sant\u00e9 :<\/p>\n<ul>\n<li>Douleur l\u00e9g\u00e8re<\/li>\n<li>L\u00e9g\u00e8re anxi\u00e9t\u00e9 ou stress<\/li>\n<li>Besoin d&rsquo;un soulagement par le cannabis \u00e0 action rapide et sans fum\u00e9e<\/li>\n<\/ul>\n<p>&nbsp;<\/p>\n<h3><strong>Une alternative intelligente aux produits comestibles<\/strong><\/h3>\n<p>Contrairement aux edibles traditionnels, qui peuvent prendre jusqu&rsquo;\u00e0 2 heures pour \u00eatre activ\u00e9s, ce m\u00e9lange pour boisson offre une <strong>exp\u00e9rience plus rapide<\/strong> avec une dur\u00e9e similaire, ce qui en fait une alternative intelligente et discr\u00e8te pour vos besoins en cannabis m\u00e9dical.<\/p>\n<p>&nbsp;<\/p>\n<p><strong>Vous cherchez des <a title=\"Achetez des boissons et des produits \u00e0 base de cannabis avec Mendo Medical\" href=\"https:\/\/mendomedical.ca\/fr\/categorie-produit\/comestibles\/boissons\/\" target=\"_blank\" rel=\"noopener\">boissons au cannabis au Canada<\/a> qui offrent rapidit\u00e9, constance et soutien aux v\u00e9t\u00e9rans ?<\/strong> Essayez la boisson instantan\u00e9e THC \u00e0 la framboise bleue d\u00e8s aujourd&rsquo;hui. Si vous n&rsquo;avez pas encore d&rsquo;ordonnance, <a title=\"Obtenez un document sur le cannabis m\u00e9dical par l'interm\u00e9diaire de mendo medical\" href=\"https:\/\/mendomedical.ca\/fr\/carte-medicale\/\" target=\"_blank\" rel=\"noopener\">obtenez d\u00e8s maintenant votre document m\u00e9dical gratuit<\/a> et commencez \u00e0 acc\u00e9der aux produits couverts par ACC en quelques minutes.<\/p>\n<p>&nbsp;<\/p>\n<h4>Ingr\u00e9dients<\/h4>\n<p>Sucre, poudre de THC \u00e0 action rapide (maltodextrine, eau, extrait de cannabis, polysorbate (80), huile MCT, monool\u00e9ate de sorbitan, acide citrique), acide malique, ar\u00f4me, citrate de sodium, dioxyde de titane, tartrazine, amarante, bleu brillant FCF.<\/p>\n<\/div>\n<\/div>\n<\/div>\n<\/div>\n","protected":false},"featured_media":131369,"comment_status":"closed","ping_status":"closed","template":"","meta":{"_acf_changed":false,"site-sidebar-layout":"default","site-content-layout":"","ast-site-content-layout":"default","site-content-style":"default","site-sidebar-style":"default","ast-global-header-display":"","ast-banner-title-visibility":"","ast-main-header-display":"","ast-hfb-above-header-display":"","ast-hfb-below-header-display":"","ast-hfb-mobile-header-display":"","site-post-title":"","ast-breadcrumbs-content":"","ast-featured-img":"","footer-sml-layout":"","ast-disable-related-posts":"","theme-transparent-header-meta":"default","adv-header-id-meta":"","stick-header-meta":"","header-above-stick-meta":"","header-main-stick-meta":"","header-below-stick-meta":"","astra-migrate-meta-layouts":"set","ast-page-background-enabled":"default","ast-page-background-meta":{"desktop":{"background-color":"var(--ast-global-color-4)","background-image":"","background-repeat":"repeat","background-position":"center center","background-size":"auto","background-attachment":"scroll","background-type":"","background-media":"","overlay-type":"","overlay-color":"","overlay-opacity":"","overlay-gradient":""},"tablet":{"background-color":"","background-image":"","background-repeat":"repeat","background-position":"center center","background-size":"auto","background-attachment":"scroll","background-type":"","background-media":"","overlay-type":"","overlay-color":"","overlay-opacity":"","overlay-gradient":""},"mobile":{"background-color":"","background-image":"","background-repeat":"repeat","background-position":"center center","background-size":"auto","background-attachment":"scroll","background-type":"","background-media":"","overlay-type":"","overlay-color":"","overlay-opacity":"","overlay-gradient":""}},"ast-content-background-meta":{"desktop":{"background-color":"var(--ast-global-color-5)","background-image":"","background-repeat":"repeat","background-position":"center center","background-size":"auto","background-attachment":"scroll","background-type":"","background-media":"","overlay-type":"","overlay-color":"","overlay-opacity":"","overlay-gradient":""},"tablet":{"background-color":"var(--ast-global-color-5)","background-image":"","background-repeat":"repeat","background-position":"center center","background-size":"auto","background-attachment":"scroll","background-type":"","background-media":"","overlay-type":"","overlay-color":"","overlay-opacity":"","overlay-gradient":""},"mobile":{"background-color":"var(--ast-global-color-5)","background-image":"","background-repeat":"repeat","background-position":"center center","background-size":"auto","background-attachment":"scroll","background-type":"","background-media":"","overlay-type":"","overlay-color":"","overlay-opacity":"","overlay-gradient":""}}},"product_brand":[],"product_cat":[1131,1128],"product_tag":[3632],"product_format_filter":[],"class_list":{"0":"post-131367","1":"product","2":"type-product","3":"status-publish","4":"has-post-thumbnail","6":"product_cat-boissons","7":"product_cat-comestibles","8":"product_tag-emprise-fr","9":"pa_flavours-framboise-bleue-fr","10":"pa_format-1-unit-fr","11":"pa_intensity-faible-thc","12":"pa_marques-emprise-fr","13":"pa_origin-ontario-fr","14":"pa_thc-10mg-fr","15":"desktop-align-left","16":"tablet-align-left","17":"mobile-align-left","19":"first","20":"instock","21":"taxable","22":"shipping-taxable","23":"purchasable","24":"product-type-simple"},"group_of_quantity":0,"min_quantity":0,"max_quantity":"","exclude_order_quantity_value_rules":"no","exclude_category_quantity_rules":"no","combine_variations":"no","acf":[],"_links":{"self":[{"href":"https:\/\/mendomedical.ca\/fr\/wp-json\/wp\/v2\/product\/131367","targetHints":{"allow":["GET"]}}],"collection":[{"href":"https:\/\/mendomedical.ca\/fr\/wp-json\/wp\/v2\/product"}],"about":[{"href":"https:\/\/mendomedical.ca\/fr\/wp-json\/wp\/v2\/types\/product"}],"replies":[{"embeddable":true,"href":"https:\/\/mendomedical.ca\/fr\/wp-json\/wp\/v2\/comments?post=131367"}],"wp:featuredmedia":[{"embeddable":true,"href":"https:\/\/mendomedical.ca\/fr\/wp-json\/wp\/v2\/media\/131369"}],"wp:attachment":[{"href":"https:\/\/mendomedical.ca\/fr\/wp-json\/wp\/v2\/media?parent=131367"}],"wp:term":[{"taxonomy":"product_brand","embeddable":true,"href":"https:\/\/mendomedical.ca\/fr\/wp-json\/wp\/v2\/product_brand?post=131367"},{"taxonomy":"product_cat","embeddable":true,"href":"https:\/\/mendomedical.ca\/fr\/wp-json\/wp\/v2\/product_cat?post=131367"},{"taxonomy":"product_tag","embeddable":true,"href":"https:\/\/mendomedical.ca\/fr\/wp-json\/wp\/v2\/product_tag?post=131367"},{"taxonomy":"product_format_filter","embeddable":true,"href":"https:\/\/mendomedical.ca\/fr\/wp-json\/wp\/v2\/product_format_filter?post=131367"}],"curies":[{"name":"wp","href":"https:\/\/api.w.org\/{rel}","templated":true}]}}