{"id":131362,"date":"2023-12-31T13:35:40","date_gmt":"2023-12-31T18:35:40","guid":{"rendered":"https:\/\/mendomedical.ca\/?post_type=product&#038;p=131362"},"modified":"2026-03-29T23:54:49","modified_gmt":"2026-03-30T03:54:49","slug":"thc-instant-cherry-drink","status":"publish","type":"product","link":"https:\/\/mendomedical.ca\/fr\/produit\/thc-instant-cherry-drink\/","title":{"rendered":"THC boisson instantan\u00e9e \u00e0 la cerise"},"content":{"rendered":"","protected":false},"excerpt":{"rendered":"<div class=\"ExternalClassF6C8F0DF0D934426B01244DBB83DB9DD\">\n<h3>Emprise THC boisson instantan\u00e9e \u00e0 la cerise - 10mg THC<\/h3>\n<p>Profitez d&rsquo;un soulagement rapide gr\u00e2ce \u00e0 la boisson instantan\u00e9e Emprise Rapid THirstC Cherry 10mg THC, une boisson innovante \u00e0 base de cannabis qui allie commodit\u00e9 et technologie de pointe en mati\u00e8re de nano-\u00e9mulsion. Ce sachet \u00e0 usage unique transforme de l&rsquo;eau ordinaire en une boisson rafra\u00eechissante au THC aromatis\u00e9e \u00e0 la cerise, dont les effets se font sentir en seulement 10 \u00e0 15 minutes. Il suffit de le m\u00e9langer \u00e0 250 ml d&rsquo;eau pour obtenir un dosage pr\u00e9cis, une exp\u00e9rience de cannabis \u00e0 action rapide qui s&rsquo;int\u00e8gre parfaitement \u00e0 votre routine quotidienne.  <\/p>\n<h4>Caract\u00e9ristiques principales<\/h4>\n<ul>\n<li>Technologie avanc\u00e9e d&rsquo;\u00e9mulsion de nano THC pour une action rapide en 10-15 minutes<\/li>\n<li>Sachets pratiques \u00e0 portion unique contenant 10 mg de THC mesur\u00e9s avec pr\u00e9cision.<\/li>\n<li>Ar\u00f4me de cerise rafra\u00eechissant qui masque le go\u00fbt du cannabis<\/li>\n<li>La formule hydrosoluble se m\u00e9lange facilement \u00e0 250 ml d&rsquo;eau.<\/li>\n<li>Format portable id\u00e9al pour le dosage en d\u00e9placement<\/li>\n<\/ul>\n<h4>Profil d&rsquo;ar\u00f4me<\/h4>\n<p>Cette boisson instantan\u00e9e pr\u00e9sente un ar\u00f4me de cerise vibrant qui procure une exp\u00e9rience gustative agr\u00e9able et fruit\u00e9e tout en masquant efficacement l&rsquo;ar\u00f4me naturel du cannabis. La formulation soigneusement \u00e9labor\u00e9e garantit une boisson douce et agr\u00e9able, facile \u00e0 consommer. <\/p>\n<h4>Pourquoi choisir THC Drinkables ?<\/h4>\n<p>Les boissons au THC offrent aux consommateurs de cannabis m\u00e9dical une alternative sans fum\u00e9e et respectueuse des poumons, avec un dosage pr\u00e9cis et un effet plus rapide que les edibles traditionnels. Le format liquide peut permettre un contr\u00f4le plus facile du dosage et des effets plus pr\u00e9visibles, ce qui en fait un excellent choix pour ceux qui recherchent un soulagement constant et g\u00e9rable. <\/p>\n<h4>Exp\u00e9dition dans tout le Canada<\/h4>\n<p>THC Instant Cherry Drink est exp\u00e9di\u00e9 rapidement dans tout le Canada, avec une livraison gratuite pour les commandes de plus de 150 $. Vos produits de cannabis m\u00e9dical discrets arrivent en toute s\u00e9curit\u00e9 \u00e0 votre porte. <\/p>\n<h4>Avantages et couverture pour les anciens combattants<\/h4>\n<p>La boisson instantan\u00e9e \u00e0 la cerise THC est admissible \u00e0 la couverture d&rsquo;ACC (Anciens Combattants Canada) avec facturation directe par l&rsquo;entremise de la Croix Bleue, ce qui permet aux anciens combattants admissibles de ne pas avoir \u00e0 d\u00e9bourser d&rsquo;argent. Si vous n&rsquo;avez pas encore votre carte de cannabis m\u00e9dical, <a href=\"https:\/\/mendomedical.ca\/fr\/carte-medicale\/\">obtenez votre carte m\u00e9dicale gratuite rapidement et facilement<\/a> pour acc\u00e9der \u00e0 ces avantages. <\/p>\n<p><strong>Ingr\u00e9dients :<\/strong> Sucre, poudre de THC \u00e0 action rapide (maltodextrine, eau, extrait de cannabis, polysorbate (80), huile MCT, monool\u00e9ate de sorbitan, acide citrique), acide malique, ar\u00f4me, citrate de sodium, dioxyde de titane, tartrazine, amarante, bleu brillant FCF.<\/p>\n<\/div>\n","protected":false},"featured_media":131364,"comment_status":"closed","ping_status":"closed","template":"","meta":{"_acf_changed":false,"site-sidebar-layout":"default","site-content-layout":"","ast-site-content-layout":"default","site-content-style":"default","site-sidebar-style":"default","ast-global-header-display":"","ast-banner-title-visibility":"","ast-main-header-display":"","ast-hfb-above-header-display":"","ast-hfb-below-header-display":"","ast-hfb-mobile-header-display":"","site-post-title":"","ast-breadcrumbs-content":"","ast-featured-img":"","footer-sml-layout":"","ast-disable-related-posts":"","theme-transparent-header-meta":"default","adv-header-id-meta":"","stick-header-meta":"","header-above-stick-meta":"","header-main-stick-meta":"","header-below-stick-meta":"","astra-migrate-meta-layouts":"set","ast-page-background-enabled":"default","ast-page-background-meta":{"desktop":{"background-color":"var(--ast-global-color-4)","background-image":"","background-repeat":"repeat","background-position":"center center","background-size":"auto","background-attachment":"scroll","background-type":"","background-media":"","overlay-type":"","overlay-color":"","overlay-opacity":"","overlay-gradient":""},"tablet":{"background-color":"","background-image":"","background-repeat":"repeat","background-position":"center center","background-size":"auto","background-attachment":"scroll","background-type":"","background-media":"","overlay-type":"","overlay-color":"","overlay-opacity":"","overlay-gradient":""},"mobile":{"background-color":"","background-image":"","background-repeat":"repeat","background-position":"center center","background-size":"auto","background-attachment":"scroll","background-type":"","background-media":"","overlay-type":"","overlay-color":"","overlay-opacity":"","overlay-gradient":""}},"ast-content-background-meta":{"desktop":{"background-color":"var(--ast-global-color-5)","background-image":"","background-repeat":"repeat","background-position":"center center","background-size":"auto","background-attachment":"scroll","background-type":"","background-media":"","overlay-type":"","overlay-color":"","overlay-opacity":"","overlay-gradient":""},"tablet":{"background-color":"var(--ast-global-color-5)","background-image":"","background-repeat":"repeat","background-position":"center center","background-size":"auto","background-attachment":"scroll","background-type":"","background-media":"","overlay-type":"","overlay-color":"","overlay-opacity":"","overlay-gradient":""},"mobile":{"background-color":"var(--ast-global-color-5)","background-image":"","background-repeat":"repeat","background-position":"center center","background-size":"auto","background-attachment":"scroll","background-type":"","background-media":"","overlay-type":"","overlay-color":"","overlay-opacity":"","overlay-gradient":""}}},"product_brand":[],"product_cat":[1131,1128],"product_tag":[3632],"product_format_filter":[],"class_list":{"0":"post-131362","1":"product","2":"type-product","3":"status-publish","4":"has-post-thumbnail","6":"product_cat-boissons","7":"product_cat-comestibles","8":"product_tag-emprise-fr","9":"pa_flavours-cherry-fr","10":"pa_format-1-unit-fr","11":"pa_intensity-faible-thc","12":"pa_marques-emprise-fr","13":"pa_origin-ontario-fr","14":"pa_thc-10mg-fr","15":"desktop-align-left","16":"tablet-align-left","17":"mobile-align-left","19":"first","20":"instock","21":"taxable","22":"shipping-taxable","23":"purchasable","24":"product-type-simple"},"group_of_quantity":0,"min_quantity":0,"max_quantity":"","exclude_order_quantity_value_rules":"no","exclude_category_quantity_rules":"no","combine_variations":"no","acf":[],"_links":{"self":[{"href":"https:\/\/mendomedical.ca\/fr\/wp-json\/wp\/v2\/product\/131362","targetHints":{"allow":["GET"]}}],"collection":[{"href":"https:\/\/mendomedical.ca\/fr\/wp-json\/wp\/v2\/product"}],"about":[{"href":"https:\/\/mendomedical.ca\/fr\/wp-json\/wp\/v2\/types\/product"}],"replies":[{"embeddable":true,"href":"https:\/\/mendomedical.ca\/fr\/wp-json\/wp\/v2\/comments?post=131362"}],"wp:featuredmedia":[{"embeddable":true,"href":"https:\/\/mendomedical.ca\/fr\/wp-json\/wp\/v2\/media\/131364"}],"wp:attachment":[{"href":"https:\/\/mendomedical.ca\/fr\/wp-json\/wp\/v2\/media?parent=131362"}],"wp:term":[{"taxonomy":"product_brand","embeddable":true,"href":"https:\/\/mendomedical.ca\/fr\/wp-json\/wp\/v2\/product_brand?post=131362"},{"taxonomy":"product_cat","embeddable":true,"href":"https:\/\/mendomedical.ca\/fr\/wp-json\/wp\/v2\/product_cat?post=131362"},{"taxonomy":"product_tag","embeddable":true,"href":"https:\/\/mendomedical.ca\/fr\/wp-json\/wp\/v2\/product_tag?post=131362"},{"taxonomy":"product_format_filter","embeddable":true,"href":"https:\/\/mendomedical.ca\/fr\/wp-json\/wp\/v2\/product_format_filter?post=131362"}],"curies":[{"name":"wp","href":"https:\/\/api.w.org\/{rel}","templated":true}]}}