{"id":131358,"date":"2023-12-31T13:24:20","date_gmt":"2023-12-31T18:24:20","guid":{"rendered":"https:\/\/mendomedical.ca\/?post_type=product&#038;p=131358"},"modified":"2026-03-29T23:54:49","modified_gmt":"2026-03-30T03:54:49","slug":"thc-instant-grape-drink","status":"publish","type":"product","link":"https:\/\/mendomedical.ca\/fr\/produit\/thc-instant-grape-drink\/","title":{"rendered":"Boisson instantan\u00e9e au raisin THC"},"content":{"rendered":"","protected":false},"excerpt":{"rendered":"<div class=\"ExternalClassF8B4473A7F0440B5A142A76F176B44A1\">\n<h3>Boisson instantan\u00e9e au raisin THC<\/h3>\n<p>D\u00e9couvrez la commodit\u00e9 et les effets rapides de la boisson instantan\u00e9e Emprise Rapid THirstC Grape 10mg THC. Ce produit innovant \u00e0 base de cannabis \u00e0 boire offre un dosage pr\u00e9cis gr\u00e2ce \u00e0 une technologie avanc\u00e9e de nano-\u00e9mulsion, garantissant un soulagement constant et rapide. Il suffit de m\u00e9langer un sachet \u00e0 250 ml d&rsquo;eau pour obtenir une boisson rafra\u00eechissante au go\u00fbt de raisin, pr\u00eate \u00e0 l&#8217;emploi quand vous en avez besoin.  <\/p>\n<h4>Caract\u00e9ristiques principales<\/h4>\n<ul>\n<li>Nano \u00e9mulsion THC avanc\u00e9e pour un effet rapide en seulement 10 \u00e0 15 minutes.<\/li>\n<li>Dosage pr\u00e9cis de 10mg de THC par sachet pour des effets constants<\/li>\n<li>Des sachets pratiques \u00e0 usage unique - parfaits pour une utilisation sur le pouce<\/li>\n<li>Ar\u00f4me rafra\u00eechissant de raisin qui se m\u00e9lange facilement \u00e0 l&rsquo;eau<\/li>\n<li>Alternative discr\u00e8te et portable aux m\u00e9thodes traditionnelles de consommation de cannabis<\/li>\n<\/ul>\n<h4>Profil d&rsquo;ar\u00f4me<\/h4>\n<p>Ce m\u00e9lange pour boisson instantan\u00e9e pr\u00e9sente un ar\u00f4me de raisin vibrant qui masque le go\u00fbt du cannabis tout en offrant une exp\u00e9rience agr\u00e9able de boisson fruit\u00e9e. Le m\u00e9lange soigneusement formul\u00e9 assure un mixage en douceur, sans grains ni arri\u00e8re-go\u00fbt. <\/p>\n<h4>Pourquoi choisir Drinkables ?<\/h4>\n<p>Les boissons \u00e0 base de cannabis offrent aux utilisateurs m\u00e9dicaux une m\u00e9thode de consommation sans fum\u00e9e et respectueuse des poumons, avec un contr\u00f4le pr\u00e9cis du dosage. Le d\u00e9lai d&rsquo;action rapide facilite la gestion efficace des sympt\u00f4mes, tandis que le format familier de la boisson constitue un moyen discret et socialement acceptable de se soigner. <\/p>\n<h4>Exp\u00e9dition dans tout le Canada<\/h4>\n<p>THC Instant Grape Drink est exp\u00e9di\u00e9 rapidement \u00e0 travers le Canada. Nous offrons une livraison gratuite pour les commandes de plus de 150 $. Comme il s&rsquo;agit d&rsquo;un produit en poudre, il voyage bien dans toutes les conditions m\u00e9t\u00e9orologiques sans risque de fonte ou de d\u00e9gradation pendant le transport.  <\/p>\n<h4>Avantages et couverture pour les anciens combattants<\/h4>\n<p>La boisson instantan\u00e9e au raisin THC est admissible \u00e0 la couverture d&rsquo;ACC (Anciens Combattants Canada) avec facturation directe par l&rsquo;entremise de la Croix Bleue, ce qui signifie que les anciens combattants admissibles n&rsquo;ont pas \u00e0 d\u00e9bourser d&rsquo;argent. Si vous n&rsquo;avez pas encore d&rsquo;ordonnance de cannabis m\u00e9dical, <a href=\"https:\/\/mendomedical.ca\/fr\/carte-medicale\/\">obtenez votre carte m\u00e9dicale gratuite rapidement et facilement<\/a> pour acc\u00e9der aux avantages de la couverture. <\/p>\n<p><strong>Ingr\u00e9dients :<\/strong> Sucre, poudre de THC \u00e0 action rapide (maltodextrine, eau, extrait de cannabis, polysorbate (80), huile MCT, monool\u00e9ate de sorbitan, acide citrique), acide malique, ar\u00f4me, citrate de sodium, dioxyde de titane, tartrazine, amarante, bleu brillant FCF.<\/p>\n<\/div>\n","protected":false},"featured_media":131360,"comment_status":"closed","ping_status":"closed","template":"","meta":{"_acf_changed":false,"site-sidebar-layout":"default","site-content-layout":"","ast-site-content-layout":"default","site-content-style":"default","site-sidebar-style":"default","ast-global-header-display":"","ast-banner-title-visibility":"","ast-main-header-display":"","ast-hfb-above-header-display":"","ast-hfb-below-header-display":"","ast-hfb-mobile-header-display":"","site-post-title":"","ast-breadcrumbs-content":"","ast-featured-img":"","footer-sml-layout":"","ast-disable-related-posts":"","theme-transparent-header-meta":"default","adv-header-id-meta":"","stick-header-meta":"","header-above-stick-meta":"","header-main-stick-meta":"","header-below-stick-meta":"","astra-migrate-meta-layouts":"set","ast-page-background-enabled":"default","ast-page-background-meta":{"desktop":{"background-color":"var(--ast-global-color-4)","background-image":"","background-repeat":"repeat","background-position":"center center","background-size":"auto","background-attachment":"scroll","background-type":"","background-media":"","overlay-type":"","overlay-color":"","overlay-opacity":"","overlay-gradient":""},"tablet":{"background-color":"","background-image":"","background-repeat":"repeat","background-position":"center center","background-size":"auto","background-attachment":"scroll","background-type":"","background-media":"","overlay-type":"","overlay-color":"","overlay-opacity":"","overlay-gradient":""},"mobile":{"background-color":"","background-image":"","background-repeat":"repeat","background-position":"center center","background-size":"auto","background-attachment":"scroll","background-type":"","background-media":"","overlay-type":"","overlay-color":"","overlay-opacity":"","overlay-gradient":""}},"ast-content-background-meta":{"desktop":{"background-color":"var(--ast-global-color-5)","background-image":"","background-repeat":"repeat","background-position":"center center","background-size":"auto","background-attachment":"scroll","background-type":"","background-media":"","overlay-type":"","overlay-color":"","overlay-opacity":"","overlay-gradient":""},"tablet":{"background-color":"var(--ast-global-color-5)","background-image":"","background-repeat":"repeat","background-position":"center center","background-size":"auto","background-attachment":"scroll","background-type":"","background-media":"","overlay-type":"","overlay-color":"","overlay-opacity":"","overlay-gradient":""},"mobile":{"background-color":"var(--ast-global-color-5)","background-image":"","background-repeat":"repeat","background-position":"center center","background-size":"auto","background-attachment":"scroll","background-type":"","background-media":"","overlay-type":"","overlay-color":"","overlay-opacity":"","overlay-gradient":""}}},"product_brand":[],"product_cat":[1131,1128],"product_tag":[3632],"product_format_filter":[],"class_list":{"0":"post-131358","1":"product","2":"type-product","3":"status-publish","4":"has-post-thumbnail","6":"product_cat-boissons","7":"product_cat-comestibles","8":"product_tag-emprise-fr","9":"pa_flavours-raisin","10":"pa_format-1-unit-fr","11":"pa_intensity-thc-moyen","12":"pa_marques-emprise-fr","13":"pa_origin-ontario-fr","14":"pa_thc-10mg-fr","15":"desktop-align-left","16":"tablet-align-left","17":"mobile-align-left","19":"first","20":"instock","21":"taxable","22":"shipping-taxable","23":"purchasable","24":"product-type-simple"},"group_of_quantity":0,"min_quantity":0,"max_quantity":"","exclude_order_quantity_value_rules":"no","exclude_category_quantity_rules":"no","combine_variations":"no","acf":[],"_links":{"self":[{"href":"https:\/\/mendomedical.ca\/fr\/wp-json\/wp\/v2\/product\/131358","targetHints":{"allow":["GET"]}}],"collection":[{"href":"https:\/\/mendomedical.ca\/fr\/wp-json\/wp\/v2\/product"}],"about":[{"href":"https:\/\/mendomedical.ca\/fr\/wp-json\/wp\/v2\/types\/product"}],"replies":[{"embeddable":true,"href":"https:\/\/mendomedical.ca\/fr\/wp-json\/wp\/v2\/comments?post=131358"}],"wp:featuredmedia":[{"embeddable":true,"href":"https:\/\/mendomedical.ca\/fr\/wp-json\/wp\/v2\/media\/131360"}],"wp:attachment":[{"href":"https:\/\/mendomedical.ca\/fr\/wp-json\/wp\/v2\/media?parent=131358"}],"wp:term":[{"taxonomy":"product_brand","embeddable":true,"href":"https:\/\/mendomedical.ca\/fr\/wp-json\/wp\/v2\/product_brand?post=131358"},{"taxonomy":"product_cat","embeddable":true,"href":"https:\/\/mendomedical.ca\/fr\/wp-json\/wp\/v2\/product_cat?post=131358"},{"taxonomy":"product_tag","embeddable":true,"href":"https:\/\/mendomedical.ca\/fr\/wp-json\/wp\/v2\/product_tag?post=131358"},{"taxonomy":"product_format_filter","embeddable":true,"href":"https:\/\/mendomedical.ca\/fr\/wp-json\/wp\/v2\/product_format_filter?post=131358"}],"curies":[{"name":"wp","href":"https:\/\/api.w.org\/{rel}","templated":true}]}}