{"id":131354,"date":"2025-05-24T13:10:23","date_gmt":"2025-05-24T17:10:23","guid":{"rendered":"https:\/\/mendomedical.ca\/?post_type=product&#038;p=131354"},"modified":"2026-03-18T14:27:19","modified_gmt":"2026-03-18T18:27:19","slug":"black-cherry-punch-hash","status":"publish","type":"product","link":"https:\/\/mendomedical.ca\/fr\/produit\/black-cherry-punch-hash\/","title":{"rendered":"Black Cherry Punch Hash"},"content":{"rendered":"","protected":false},"excerpt":{"rendered":"<div class=\"ExternalClass88151D8EC4F3444492477BA4B55C5014\">\n<h3>Black Cherry Punch Hash par Curado<\/h3>\n<p>D\u00e9couvrez la qualit\u00e9 exceptionnelle de Black Cherry Punch Hash, un concentr\u00e9 de boules de temple haut de gamme issu de la collection distingu\u00e9e de Curado. Ce hasch artisanal subit un authentique processus de vieillissement de 2 \u00e0 3 mois avant d&rsquo;\u00eatre emball\u00e9, suivi d&rsquo;une maturation suppl\u00e9mentaire d&rsquo;au moins un mois avant d&rsquo;\u00eatre mis sur le march\u00e9. Fabriqu\u00e9 selon les m\u00e9thodes traditionnelles d&rsquo;extraction \u00e0 l&rsquo;eau glac\u00e9e \u00e0 Montr\u00e9al, ce concentr\u00e9 \u00e0 une seule souche offre un profil cannabino\u00efde impressionnant avec une teneur en THC d\u00e9passant les 60 % et des Terp\u00e8nes totaux \u00e0 3,28 %.  <\/p>\n<h3>Caract\u00e9ristiques principales<\/h3>\n<ul>\n<li>Une boule de haschisch de premi\u00e8re qualit\u00e9 de 1,5 g, vieillie selon des m\u00e9thodes de s\u00e9chage traditionnelles.<\/li>\n<li>Eau glac\u00e9e extraite du cultivar Black Cherry Punch \u00e0 souche unique<\/li>\n<li>Concentr\u00e9 tr\u00e8s puissant avec plus de 60 % de THC et 3,28 % de Terp\u00e8nes totaux.<\/li>\n<li>Contient un profil CBG distinctif ainsi que divers cannabino\u00efdes.<\/li>\n<li>Produit par Oaziz Extracts sous la marque Curado<\/li>\n<\/ul>\n<h3>Profil des terp\u00e8nes et des cannabino\u00efdes<\/h3>\n<p>Ce hash m\u00e9ticuleusement \u00e9labor\u00e9 pr\u00e9sente une solide teneur en terp\u00e8nes de 3,28 %, ce qui contribue \u00e0 son profil aromatique complexe. Le concentr\u00e9 pr\u00e9sente une concentration abondante de THC sup\u00e9rieure \u00e0 60 %, compl\u00e9t\u00e9e par une touche distinctive de CBG. Le processus de vieillissement prolong\u00e9 favorise des r\u00e9actions chimiques continues, permettant le d\u00e9veloppement de nouveaux cannabino\u00efdes et terp\u00e8nes qui am\u00e9liorent la qualit\u00e9 et le potentiel th\u00e9rapeutique du produit au fil du temps.  <\/p>\n<h3>Pourquoi choisir Hash<\/h3>\n<p>Les concentr\u00e9s de haschisch offrent aux patients qui consomment du cannabis m\u00e9dical une option puissante et efficace pour la gestion des sympt\u00f4mes. Le profil des cannabino\u00efdes concentr\u00e9s peut aider \u00e0 r\u00e9pondre \u00e0 divers besoins th\u00e9rapeutiques tout en offrant une m\u00e9thode de consommation traditionnelle que de nombreux patients trouvent b\u00e9n\u00e9fique. <\/p>\n<h3>Exp\u00e9dition dans tout le Canada<\/h3>\n<p>Black Cherry Punch Hash est exp\u00e9di\u00e9 rapidement \u00e0 travers le Canada. Nous offrons une livraison gratuite pour toutes les commandes de plus de 150 $, assurant un acc\u00e8s pratique \u00e0 des produits de cannabis m\u00e9dical de premi\u00e8re qualit\u00e9 dans tout le pays. <\/p>\n<h3>Avantages et couverture pour les anciens combattants<\/h3>\n<p>Black Cherry Punch est admissible \u00e0 la couverture d&rsquo;ACC (Anciens Combattants Canada) avec facturation directe par l&rsquo;interm\u00e9diaire de Blue Cross, ce qui signifie qu&rsquo;il n&rsquo;y a pas de frais \u00e0 d\u00e9bourser pour les anciens combattants admissibles. Si vous n&rsquo;avez pas encore d&rsquo;ordonnance de cannabis m\u00e9dical, vous pouvez <a href=\"https:\/\/mendomedical.ca\/fr\/carte-medicale\/\">obtenir votre carte m\u00e9dicale gratuite rapidement et facilement<\/a> gr\u00e2ce \u00e0 notre processus simplifi\u00e9. <\/p>\n<div style=\"14px;14px\"><span><b>Ingr\u00e9dients<\/b><br \/><\/span><span>Extrait de cannabis.<\/span><\/div>\n<\/div>\n","protected":false},"featured_media":227290,"comment_status":"closed","ping_status":"closed","template":"","meta":{"_acf_changed":false,"site-sidebar-layout":"default","site-content-layout":"","ast-site-content-layout":"default","site-content-style":"default","site-sidebar-style":"default","ast-global-header-display":"","ast-banner-title-visibility":"","ast-main-header-display":"","ast-hfb-above-header-display":"","ast-hfb-below-header-display":"","ast-hfb-mobile-header-display":"","site-post-title":"","ast-breadcrumbs-content":"","ast-featured-img":"","footer-sml-layout":"","ast-disable-related-posts":"","theme-transparent-header-meta":"default","adv-header-id-meta":"","stick-header-meta":"","header-above-stick-meta":"","header-main-stick-meta":"","header-below-stick-meta":"","astra-migrate-meta-layouts":"set","ast-page-background-enabled":"default","ast-page-background-meta":{"desktop":{"background-color":"var(--ast-global-color-4)","background-image":"","background-repeat":"repeat","background-position":"center center","background-size":"auto","background-attachment":"scroll","background-type":"","background-media":"","overlay-type":"","overlay-color":"","overlay-opacity":"","overlay-gradient":""},"tablet":{"background-color":"","background-image":"","background-repeat":"repeat","background-position":"center center","background-size":"auto","background-attachment":"scroll","background-type":"","background-media":"","overlay-type":"","overlay-color":"","overlay-opacity":"","overlay-gradient":""},"mobile":{"background-color":"","background-image":"","background-repeat":"repeat","background-position":"center center","background-size":"auto","background-attachment":"scroll","background-type":"","background-media":"","overlay-type":"","overlay-color":"","overlay-opacity":"","overlay-gradient":""}},"ast-content-background-meta":{"desktop":{"background-color":"var(--ast-global-color-5)","background-image":"","background-repeat":"repeat","background-position":"center center","background-size":"auto","background-attachment":"scroll","background-type":"","background-media":"","overlay-type":"","overlay-color":"","overlay-opacity":"","overlay-gradient":""},"tablet":{"background-color":"var(--ast-global-color-5)","background-image":"","background-repeat":"repeat","background-position":"center center","background-size":"auto","background-attachment":"scroll","background-type":"","background-media":"","overlay-type":"","overlay-color":"","overlay-opacity":"","overlay-gradient":""},"mobile":{"background-color":"var(--ast-global-color-5)","background-image":"","background-repeat":"repeat","background-position":"center center","background-size":"auto","background-attachment":"scroll","background-type":"","background-media":"","overlay-type":"","overlay-color":"","overlay-opacity":"","overlay-gradient":""}}},"product_brand":[],"product_cat":[1121,1118],"product_tag":[],"product_format_filter":[],"class_list":{"0":"post-131354","1":"product","2":"type-product","3":"status-publish","4":"has-post-thumbnail","6":"product_cat-haschisch","7":"product_cat-concentres","8":"pa_format-1-5g-fr","9":"pa_intensity-thc-eleve","10":"pa_marques-curado-fr","11":"pa_origin-quebec-fr","12":"pa_profil-terpene-bisabolol-fr","13":"pa_profil-terpene-caryophyllene","14":"pa_profil-terpene-farnesene-fr","15":"pa_profil-terpene-limonene-fr","16":"pa_profil-terpene-linalol-fr","17":"pa_thc-62-1","18":"pa_type-de-plante-hybride-indica-fr","19":"desktop-align-left","20":"tablet-align-left","21":"mobile-align-left","23":"first","24":"outofstock","25":"taxable","26":"shipping-taxable","27":"purchasable","28":"product-type-simple"},"group_of_quantity":0,"min_quantity":0,"max_quantity":"","exclude_order_quantity_value_rules":"no","exclude_category_quantity_rules":"no","combine_variations":"no","acf":[],"_links":{"self":[{"href":"https:\/\/mendomedical.ca\/fr\/wp-json\/wp\/v2\/product\/131354","targetHints":{"allow":["GET"]}}],"collection":[{"href":"https:\/\/mendomedical.ca\/fr\/wp-json\/wp\/v2\/product"}],"about":[{"href":"https:\/\/mendomedical.ca\/fr\/wp-json\/wp\/v2\/types\/product"}],"replies":[{"embeddable":true,"href":"https:\/\/mendomedical.ca\/fr\/wp-json\/wp\/v2\/comments?post=131354"}],"wp:featuredmedia":[{"embeddable":true,"href":"https:\/\/mendomedical.ca\/fr\/wp-json\/wp\/v2\/media\/227290"}],"wp:attachment":[{"href":"https:\/\/mendomedical.ca\/fr\/wp-json\/wp\/v2\/media?parent=131354"}],"wp:term":[{"taxonomy":"product_brand","embeddable":true,"href":"https:\/\/mendomedical.ca\/fr\/wp-json\/wp\/v2\/product_brand?post=131354"},{"taxonomy":"product_cat","embeddable":true,"href":"https:\/\/mendomedical.ca\/fr\/wp-json\/wp\/v2\/product_cat?post=131354"},{"taxonomy":"product_tag","embeddable":true,"href":"https:\/\/mendomedical.ca\/fr\/wp-json\/wp\/v2\/product_tag?post=131354"},{"taxonomy":"product_format_filter","embeddable":true,"href":"https:\/\/mendomedical.ca\/fr\/wp-json\/wp\/v2\/product_format_filter?post=131354"}],"curies":[{"name":"wp","href":"https:\/\/api.w.org\/{rel}","templated":true}]}}