{"id":131316,"date":"2025-08-26T05:00:02","date_gmt":"2025-08-26T09:00:02","guid":{"rendered":"https:\/\/mendomedical.ca\/?post_type=product&#038;p=131316"},"modified":"2026-02-23T12:43:32","modified_gmt":"2026-02-23T17:43:32","slug":"gelules-live-rosin","status":"publish","type":"product","link":"https:\/\/mendomedical.ca\/fr\/produit\/gelules-live-rosin\/","title":{"rendered":"G\u00e9lules Live Rosin"},"content":{"rendered":"","protected":false},"excerpt":{"rendered":"<div class=\"ExternalClassF5ABB3A5048E46D196C749295D9ECDA4\">\n<h3>Simply Bare Organic Live Rosin Softgels<\/h3>\n<p>D\u00e9couvrez les bienfaits purs et complets du cannabis avec les g\u00e9lules Live Rosin de Simply Bare. Chaque paquet contient 30 capsules molles soigneusement \u00e9labor\u00e9es, d\u00e9livrant une dose pr\u00e9cise de 10 mg d&rsquo;extrait de cannabis biologique de premi\u00e8re qualit\u00e9. \u00c0 partir de fleurs coup\u00e9es \u00e0 la main et cultiv\u00e9es dans un sol vivant, ces g\u00e9lules\u00a0 capturent le profil complet des cannabino\u00efdes et des terp\u00e8nes gr\u00e2ce \u00e0 des techniques expertes de pressage de la Live Rosin. Parfaites pour ceux qui recherchent une exp\u00e9rience pratique, coh\u00e9rente et discr\u00e8te du cannabis.<\/p>\n<h4>Caract\u00e9ristiques principales<\/h4>\n<ul>\n<li>30 g\u00e9lules par paquet avec 10mg d&rsquo;extrait de cannabis biologique par capsule<\/li>\n<li>Fabriqu\u00e9 \u00e0 partir de cultivars certifi\u00e9s biologiques cultiv\u00e9s dans un sol vivant<\/li>\n<li>L&rsquo;extraction de la Live Rosin \u00e0 spectre complet pr\u00e9serve les cannabino\u00efdes et les terp\u00e8nes naturels.<\/li>\n<li>Formulation v\u00e9g\u00e9talienne, sans sucre et sans gluten<\/li>\n<li>Dosage pr\u00e9cis pour des effets constants et un titrage facile<\/li>\n<\/ul>\n<h4>Pourquoi choisir les g\u00e9lules<\/h4>\n<p>Les g\u00e9lules offrent aux consommateurs de cannabis m\u00e9dical une option discr\u00e8te, inodore et pr\u00e9cis\u00e9ment dos\u00e9e qui peut contribuer \u00e0 r\u00e9pondre \u00e0 divers besoins de bien-\u00eatre. Le format encapsul\u00e9 fournit des effets constants et \u00e9limine le besoin de fumer ou de vaper, ce qui le rend id\u00e9al pour ceux qui recherchent une alternative respectueuse des poumons.<\/p>\n<h4>Exp\u00e9dition dans tout le Canada<\/h4>\n<p>Les g\u00e9lules de Live Rosin sont exp\u00e9di\u00e9es rapidement dans tout le Canada et la livraison est gratuite \u00e0 partir de 150 $ d&rsquo;achat. Veuillez noter que les produits contenant de la g\u00e9latine peuvent fondre pendant l&rsquo;exp\u00e9dition en \u00e9t\u00e9. Nous vous recommandons de tenir compte de ce probl\u00e8me potentiel lorsque vous passez votre commande. Malheureusement, nous ne pouvons pas offrir de remboursement ou de remplacement pour les produits qui fondent pendant le transport. Nous vous remercions de votre compr\u00e9hension.<\/p>\n<h4>Avantages et couverture pour les anciens combattants<\/h4>\n<p>Les G\u00e9lules de Live Rosin sont admissibles \u00e0 la couverture d&rsquo;ACC (Anciens Combattants Canada) avec facturation directe par l&rsquo;entremise de la Croix Bleue, ce qui signifie que les anciens combattants admissibles n&rsquo;ont pas \u00e0 d\u00e9bourser d&rsquo;argent. Si vous n&rsquo;avez pas encore de carte m\u00e9dicale, <a href=\"https:\/\/mendomedical.ca\/fr\/carte-medicale\/\">obtenez votre carte m\u00e9dicale gratuite rapidement et facilement<\/a>.<\/p>\n<p><strong>Ingr\u00e9dients :<\/strong> Huile de graines de chanvre biologique, g\u00e9latine, glyc\u00e9rine biologique USP, extrait de cannabis biologique, eau purifi\u00e9e USP.<\/p>\n<\/div>\n","protected":false},"featured_media":131318,"comment_status":"closed","ping_status":"closed","template":"","meta":{"_acf_changed":false,"site-sidebar-layout":"default","site-content-layout":"","ast-site-content-layout":"default","site-content-style":"default","site-sidebar-style":"default","ast-global-header-display":"","ast-banner-title-visibility":"","ast-main-header-display":"","ast-hfb-above-header-display":"","ast-hfb-below-header-display":"","ast-hfb-mobile-header-display":"","site-post-title":"","ast-breadcrumbs-content":"","ast-featured-img":"","footer-sml-layout":"","ast-disable-related-posts":"","theme-transparent-header-meta":"default","adv-header-id-meta":"","stick-header-meta":"","header-above-stick-meta":"","header-main-stick-meta":"","header-below-stick-meta":"","astra-migrate-meta-layouts":"set","ast-page-background-enabled":"default","ast-page-background-meta":{"desktop":{"background-color":"var(--ast-global-color-4)","background-image":"","background-repeat":"repeat","background-position":"center center","background-size":"auto","background-attachment":"scroll","background-type":"","background-media":"","overlay-type":"","overlay-color":"","overlay-opacity":"","overlay-gradient":""},"tablet":{"background-color":"","background-image":"","background-repeat":"repeat","background-position":"center center","background-size":"auto","background-attachment":"scroll","background-type":"","background-media":"","overlay-type":"","overlay-color":"","overlay-opacity":"","overlay-gradient":""},"mobile":{"background-color":"","background-image":"","background-repeat":"repeat","background-position":"center center","background-size":"auto","background-attachment":"scroll","background-type":"","background-media":"","overlay-type":"","overlay-color":"","overlay-opacity":"","overlay-gradient":""}},"ast-content-background-meta":{"desktop":{"background-color":"var(--ast-global-color-5)","background-image":"","background-repeat":"repeat","background-position":"center center","background-size":"auto","background-attachment":"scroll","background-type":"","background-media":"","overlay-type":"","overlay-color":"","overlay-opacity":"","overlay-gradient":""},"tablet":{"background-color":"var(--ast-global-color-5)","background-image":"","background-repeat":"repeat","background-position":"center center","background-size":"auto","background-attachment":"scroll","background-type":"","background-media":"","overlay-type":"","overlay-color":"","overlay-opacity":"","overlay-gradient":""},"mobile":{"background-color":"var(--ast-global-color-5)","background-image":"","background-repeat":"repeat","background-position":"center center","background-size":"auto","background-attachment":"scroll","background-type":"","background-media":"","overlay-type":"","overlay-color":"","overlay-opacity":"","overlay-gradient":""}}},"product_brand":[],"product_cat":[1116,1114],"product_tag":[3901],"product_format_filter":[],"class_list":{"0":"post-131316","1":"product","2":"type-product","3":"status-publish","4":"has-post-thumbnail","6":"product_cat-gels-mous","7":"product_cat-gelules","8":"product_tag-simply-bare-fr","9":"pa_format-30-units-fr","10":"pa_intensity-thc-moyen","11":"pa_marques-simply-bare-organic-fr","12":"pa_origin-colombie-britannique-fr","13":"pa_thc-10mg-fr","14":"pa_type-de-plante-thc-fr","15":"desktop-align-left","16":"tablet-align-left","17":"mobile-align-left","19":"first","20":"outofstock","21":"taxable","22":"shipping-taxable","23":"purchasable","24":"product-type-simple"},"group_of_quantity":0,"min_quantity":0,"max_quantity":"","exclude_order_quantity_value_rules":"no","exclude_category_quantity_rules":"no","combine_variations":"no","acf":[],"_links":{"self":[{"href":"https:\/\/mendomedical.ca\/fr\/wp-json\/wp\/v2\/product\/131316","targetHints":{"allow":["GET"]}}],"collection":[{"href":"https:\/\/mendomedical.ca\/fr\/wp-json\/wp\/v2\/product"}],"about":[{"href":"https:\/\/mendomedical.ca\/fr\/wp-json\/wp\/v2\/types\/product"}],"replies":[{"embeddable":true,"href":"https:\/\/mendomedical.ca\/fr\/wp-json\/wp\/v2\/comments?post=131316"}],"wp:featuredmedia":[{"embeddable":true,"href":"https:\/\/mendomedical.ca\/fr\/wp-json\/wp\/v2\/media\/131318"}],"wp:attachment":[{"href":"https:\/\/mendomedical.ca\/fr\/wp-json\/wp\/v2\/media?parent=131316"}],"wp:term":[{"taxonomy":"product_brand","embeddable":true,"href":"https:\/\/mendomedical.ca\/fr\/wp-json\/wp\/v2\/product_brand?post=131316"},{"taxonomy":"product_cat","embeddable":true,"href":"https:\/\/mendomedical.ca\/fr\/wp-json\/wp\/v2\/product_cat?post=131316"},{"taxonomy":"product_tag","embeddable":true,"href":"https:\/\/mendomedical.ca\/fr\/wp-json\/wp\/v2\/product_tag?post=131316"},{"taxonomy":"product_format_filter","embeddable":true,"href":"https:\/\/mendomedical.ca\/fr\/wp-json\/wp\/v2\/product_format_filter?post=131316"}],"curies":[{"name":"wp","href":"https:\/\/api.w.org\/{rel}","templated":true}]}}