{"id":131308,"date":"2025-09-17T17:20:50","date_gmt":"2025-09-17T21:20:50","guid":{"rendered":"https:\/\/mendomedical.ca\/?post_type=product&#038;p=131308"},"modified":"2026-03-18T10:36:45","modified_gmt":"2026-03-18T14:36:45","slug":"neutronium-2","status":"publish","type":"product","link":"https:\/\/mendomedical.ca\/fr\/produit\/neutronium-2\/","title":{"rendered":"Neutronium"},"content":{"rendered":"","protected":false},"excerpt":{"rendered":"<div class=\"ExternalClass9EDFDA94CC9E478EB34C79BE3291C120\">\n<h3>Neutronium by Six One Charlie - Cultiv\u00e9 par : Koots Canna<\/h3>\n<h3>Terp\u00e8nes totaux : 2,60 %.<\/h3>\n<p>D\u00e9couvrez la qualit\u00e9 exceptionnelle de Neutronium, une fleur de cannabis haut de gamme cultiv\u00e9e pour les v\u00e9t\u00e9rans. Cette vari\u00e9t\u00e9 soigneusement s\u00e9lectionn\u00e9e par Six One Charlie offre une combinaison unique de saveurs gazeuses et sucr\u00e9es, avec des Cocottes incroyablement denses qui s&rsquo;\u00e9tendent consid\u00e9rablement lorsqu&rsquo;elles sont moulues. Avec une teneur totale en terp\u00e8nes de 2,60 %, Neutronium offre un profil complexe con\u00e7u pour soutenir ceux qui g\u00e8rent l&rsquo;anxi\u00e9t\u00e9, la d\u00e9pression, le SSPT et les probl\u00e8mes d&rsquo;app\u00e9tit.  <\/p>\n<h4>Caract\u00e9ristiques principales<\/h4>\n<ul>\n<li>Hybride Itz Fire x Mentz cultiv\u00e9 par Koots Canna avec 2,60 % de Terp\u00e8nes totaux.<\/li>\n<li>Des cocottes denses et givr\u00e9es d&rsquo;un vert et d&rsquo;un violet \u00e9clatants, d&rsquo;un attrait visuel exceptionnel.<\/li>\n<li>Souche s\u00e9lectionn\u00e9e par des v\u00e9t\u00e9rans et r\u00e9pondant aux normes de qualit\u00e9 rigoureuses 10\/10<\/li>\n<li>La combustion est lente, la fum\u00e9e est \u00e9paisse et la saveur est intense tout au long de la consommation.<\/li>\n<li>Peut contribuer \u00e0 la relaxation, \u00e0 l&rsquo;euphorie et \u00e0 la stimulation de l&rsquo;app\u00e9tit.<\/li>\n<\/ul>\n<h4>Profil aromatique et terp\u00e9nique<\/h4>\n<p>Neutronium offre une exp\u00e9rience gustative sophistiqu\u00e9e combinant un funk gazeux \u00e0 l&rsquo;ancienne et des notes de p\u00e2tisserie sucr\u00e9es. L&rsquo;ar\u00f4me complexe m\u00e9lange des \u00e9l\u00e9ments de kush, de cookies et de zkittlez pour une sensation de bouche enrob\u00e9e. Les principaux terp\u00e8nes de la vari\u00e9t\u00e9 comprennent le linalol, le farn\u00e9s\u00e8ne, le limon\u00e8ne et le b\u00eata-caryophyll\u00e8ne, cr\u00e9ant un profil bien \u00e9quilibr\u00e9 qui se traduit magnifiquement de l&rsquo;ar\u00f4me au go\u00fbt. Les utilisateurs rapportent un effet puissant et \u00e9quilibr\u00e9 qui peut aider \u00e0 g\u00e9rer les sympt\u00f4mes sans causer d&rsquo;anxi\u00e9t\u00e9 ou d&rsquo;\u00e9puisement.   <\/p>\n<h4>Pourquoi choisir Premium Flower<\/h4>\n<p>La fleur de cannabis de premi\u00e8re qualit\u00e9 offre aux utilisateurs m\u00e9dicaux un contr\u00f4le pr\u00e9cis du dosage et une apparition imm\u00e9diate des effets. La g\u00e9n\u00e9tique et les pratiques de culture soigneusement s\u00e9lectionn\u00e9es de Neutronium garantissent une qualit\u00e9 et une puissance constantes pour une gestion fiable des sympt\u00f4mes. <\/p>\n<h4>Exp\u00e9dition dans tout le Canada<\/h4>\n<p>Neutronium est exp\u00e9di\u00e9 rapidement \u00e0 travers le Canada avec une livraison gratuite pour les commandes de plus de 150 $. Nous veillons \u00e0 ce que vos fleurs de qualit\u00e9 sup\u00e9rieure arrivent fra\u00eeches et pr\u00eates \u00e0 vous procurer le soulagement dont vous avez besoin. <\/p>\n<h4>Avantages et couverture pour les anciens combattants<\/h4>\n<p>Neutronium est admissible \u00e0 la couverture d&rsquo;ACC (Anciens Combattants Canada) avec facturation directe par l&rsquo;entremise de la Croix Bleue, ce qui signifie que les anciens combattants admissibles n&rsquo;ont pas \u00e0 d\u00e9bourser d&rsquo;argent. Si vous n&rsquo;avez pas encore d&rsquo;ordonnance de cannabis m\u00e9dical, vous pouvez <a href=\"https:\/\/mendomedical.ca\/fr\/carte-medicale\/\">obtenir votre carte m\u00e9dicale gratuite rapidement et facilement<\/a> pour acc\u00e9der aux avantages de la couverture. <\/p>\n<div>\n<h5><em>61 Charlie a \u00e9t\u00e9 cr\u00e9\u00e9 par des v\u00e9t\u00e9rans pour des v\u00e9t\u00e9rans. Nous mettons un point d&rsquo;honneur \u00e0 s\u00e9lectionner nos produits avec le plus grand soin et la plus grande attention. En tant que patients et v\u00e9t\u00e9rans impartiaux, nous avons eu l&rsquo;occasion unique d&rsquo;explorer les meilleures offres de cannabis m\u00e9dical disponibles sur le march\u00e9, en veillant \u00e0 n&rsquo;accepter que les produits qui r\u00e9pondent \u00e0 nos normes rigoureuses - dix sur dix, \u00e0 chaque fois. Notre mission est claire : fournir des solutions efficaces aux anciens combattants et \u00e0 ceux qui luttent contre les probl\u00e8mes de sant\u00e9 mentale et de stress post-traumatique. Les fleurs que nous choisissons pour nos sachets sont soigneusement s\u00e9lectionn\u00e9es en fonction de leurs propri\u00e9t\u00e9s uniques et de leur efficacit\u00e9, ainsi que des commentaires des patients, pour lutter contre une vari\u00e9t\u00e9 de sympt\u00f4mes - qu&rsquo;il s&rsquo;agisse de douleurs chroniques, d&rsquo;anxi\u00e9t\u00e9, de d\u00e9pression, de probl\u00e8mes de sommeil, d&rsquo;irritabilit\u00e9 ou de probl\u00e8mes de concentration. Chaque produit que nous proposons est con\u00e7u pour soutenir le parcours de gu\u00e9rison de ceux qui servent courageusement notre pays et de ceux qui cherchent \u00e0 \u00eatre soulag\u00e9s dans leur vie quotidienne. \u00c0 61 Charlie, nous voulons donner \u00e0 notre communaut\u00e9 les outils dont elle a besoin pour retrouver son bien-\u00eatre et s&rsquo;\u00e9panouir.<\/em><\/h5>\n<p>&nbsp;<\/p>\n<\/div>\n<\/div>\n","protected":false},"featured_media":256282,"comment_status":"closed","ping_status":"closed","template":"","meta":{"_acf_changed":false,"site-sidebar-layout":"default","site-content-layout":"","ast-site-content-layout":"default","site-content-style":"default","site-sidebar-style":"default","ast-global-header-display":"","ast-banner-title-visibility":"","ast-main-header-display":"","ast-hfb-above-header-display":"","ast-hfb-below-header-display":"","ast-hfb-mobile-header-display":"","site-post-title":"","ast-breadcrumbs-content":"","ast-featured-img":"","footer-sml-layout":"","ast-disable-related-posts":"","theme-transparent-header-meta":"default","adv-header-id-meta":"","stick-header-meta":"","header-above-stick-meta":"","header-main-stick-meta":"","header-below-stick-meta":"","astra-migrate-meta-layouts":"set","ast-page-background-enabled":"default","ast-page-background-meta":{"desktop":{"background-color":"var(--ast-global-color-4)","background-image":"","background-repeat":"repeat","background-position":"center center","background-size":"auto","background-attachment":"scroll","background-type":"","background-media":"","overlay-type":"","overlay-color":"","overlay-opacity":"","overlay-gradient":""},"tablet":{"background-color":"","background-image":"","background-repeat":"repeat","background-position":"center center","background-size":"auto","background-attachment":"scroll","background-type":"","background-media":"","overlay-type":"","overlay-color":"","overlay-opacity":"","overlay-gradient":""},"mobile":{"background-color":"","background-image":"","background-repeat":"repeat","background-position":"center center","background-size":"auto","background-attachment":"scroll","background-type":"","background-media":"","overlay-type":"","overlay-color":"","overlay-opacity":"","overlay-gradient":""}},"ast-content-background-meta":{"desktop":{"background-color":"var(--ast-global-color-5)","background-image":"","background-repeat":"repeat","background-position":"center center","background-size":"auto","background-attachment":"scroll","background-type":"","background-media":"","overlay-type":"","overlay-color":"","overlay-opacity":"","overlay-gradient":""},"tablet":{"background-color":"var(--ast-global-color-5)","background-image":"","background-repeat":"repeat","background-position":"center center","background-size":"auto","background-attachment":"scroll","background-type":"","background-media":"","overlay-type":"","overlay-color":"","overlay-opacity":"","overlay-gradient":""},"mobile":{"background-color":"var(--ast-global-color-5)","background-image":"","background-repeat":"repeat","background-position":"center center","background-size":"auto","background-attachment":"scroll","background-type":"","background-media":"","overlay-type":"","overlay-color":"","overlay-opacity":"","overlay-gradient":""}}},"product_brand":[4089],"product_cat":[4801,1137],"product_tag":[2656],"product_format_filter":[6373],"class_list":{"0":"post-131308","1":"product","2":"type-product","3":"status-publish","4":"has-post-thumbnail","6":"product_brand-six-one-charlie","7":"product_cat-six-one-charlie-fr","8":"product_cat-fleur","9":"product_tag-six-one-charlie-fr","10":"pa_flavours-gaz","11":"pa_flavours-doux","12":"pa_intensity-thc-eleve","13":"pa_marques-six-one-charlie-fr","14":"pa_origin-colombie-britannique-fr","15":"pa_packaging-date-12-1-2025","16":"pa_prix-par-gramme-8-57-fr","17":"pa_profil-terpene-caryophyllene","18":"pa_profil-terpene-farnesene-fr","19":"pa_profil-terpene-limonene-fr","20":"pa_profil-terpene-linalol-fr","21":"pa_type-de-plante-indica-fr","22":"product_format_filter-7g","23":"desktop-align-left","24":"tablet-align-left","25":"mobile-align-left","27":"first","28":"outofstock","29":"taxable","30":"shipping-taxable","31":"purchasable","32":"product-type-simple"},"group_of_quantity":0,"min_quantity":0,"max_quantity":"","exclude_order_quantity_value_rules":"no","exclude_category_quantity_rules":"no","combine_variations":"no","acf":[],"_links":{"self":[{"href":"https:\/\/mendomedical.ca\/fr\/wp-json\/wp\/v2\/product\/131308","targetHints":{"allow":["GET"]}}],"collection":[{"href":"https:\/\/mendomedical.ca\/fr\/wp-json\/wp\/v2\/product"}],"about":[{"href":"https:\/\/mendomedical.ca\/fr\/wp-json\/wp\/v2\/types\/product"}],"replies":[{"embeddable":true,"href":"https:\/\/mendomedical.ca\/fr\/wp-json\/wp\/v2\/comments?post=131308"}],"wp:featuredmedia":[{"embeddable":true,"href":"https:\/\/mendomedical.ca\/fr\/wp-json\/wp\/v2\/media\/256282"}],"wp:attachment":[{"href":"https:\/\/mendomedical.ca\/fr\/wp-json\/wp\/v2\/media?parent=131308"}],"wp:term":[{"taxonomy":"product_brand","embeddable":true,"href":"https:\/\/mendomedical.ca\/fr\/wp-json\/wp\/v2\/product_brand?post=131308"},{"taxonomy":"product_cat","embeddable":true,"href":"https:\/\/mendomedical.ca\/fr\/wp-json\/wp\/v2\/product_cat?post=131308"},{"taxonomy":"product_tag","embeddable":true,"href":"https:\/\/mendomedical.ca\/fr\/wp-json\/wp\/v2\/product_tag?post=131308"},{"taxonomy":"product_format_filter","embeddable":true,"href":"https:\/\/mendomedical.ca\/fr\/wp-json\/wp\/v2\/product_format_filter?post=131308"}],"curies":[{"name":"wp","href":"https:\/\/api.w.org\/{rel}","templated":true}]}}