{"id":131299,"date":"2025-08-31T18:25:51","date_gmt":"2025-08-31T22:25:51","guid":{"rendered":"https:\/\/mendomedical.ca\/?post_type=product&#038;p=131299"},"modified":"2026-01-21T12:46:59","modified_gmt":"2026-01-21T17:46:59","slug":"live-rosin-mobpie-diamond","status":"publish","type":"product","link":"https:\/\/mendomedical.ca\/fr\/produit\/live-rosin-mobpie-diamond\/","title":{"rendered":"MOB Pie Live Rosin Diamant"},"content":{"rendered":"","protected":false},"excerpt":{"rendered":"<div class=\"ExternalClassEE063D1EE5654E05ABDDEE03E721858F\">\n<h3>MOB Pie Live Rosin Diamond - Concentr\u00e9 de cannabis premium sans solvant<\/h3>\n<h3>TERP\u00c8NES TOTAUX 15-16%.<\/h3>\n<p>D\u00e9couvrez le summum de l&rsquo;extraction sans solvant avec la MOB Pie Live Rosin Diamond Jam de Sauce Rosin Labs. Ce concentr\u00e9 exceptionnel combine les g\u00e9n\u00e9tiques de MOB x Wedding Pie pour offrir un profil terp\u00e9nique extraordinairement complexe pr\u00e9sentant 15-16 % de terp\u00e8nes totaux. Fabriqu\u00e9e \u00e0 partir de fleurs de cannabis fra\u00eeches et congel\u00e9es de premi\u00e8re qualit\u00e9 et de techniques exclusives de s\u00e9chage \u00e0 froid, cette Live Rosin diamond jam offre une consistance humide et terpif\u00e8re distinctive qui maintient une fra\u00eecheur optimale. Le processus d&rsquo;extraction innovant utilise le hachage \u00e0 l&rsquo;eau glac\u00e9e avec une gamme de microns de 73\u03bc-159\u03bc, ce qui permet d&rsquo;obtenir un concentr\u00e9 puissant avec 85,85% de cannabino\u00efdes totaux.   <\/p>\n<h4>Caract\u00e9ristiques principales<\/h4>\n<ul>\n<li>Diamants THCa sans solvant dans un badigeon de pr\u00e9cision \u00e0 froid enrob\u00e9 d&rsquo;une riche sauce terp\u00e9nique.<\/li>\n<li>La consistance de la signature emp\u00eache les extraits de se dess\u00e9cher et maintient une texture optimale.<\/li>\n<li>Fabriqu\u00e9 \u00e0 partir de cannabis frais congel\u00e9 de premi\u00e8re qualit\u00e9 en utilisant des m\u00e9thodes d&rsquo;extraction strictement sans solvant.<\/li>\n<li>Temp\u00e9rature de vaporisation optimale de 490\u00b0F \u00e0 510\u00b0F pour une saveur maximale<\/li>\n<li>Doit \u00eatre conserv\u00e9 au r\u00e9frig\u00e9rateur pour pr\u00e9server sa fra\u00eecheur et son profil terp\u00e9nique.<\/li>\n<\/ul>\n<h4>Saveur, ar\u00f4me et profil des terp\u00e8nes<\/h4>\n<p>MOB Pie Live Rosin Diamond offre une exp\u00e9rience sensorielle exotique gr\u00e2ce \u00e0 son profil \u00e0 plusieurs niveaux. L&rsquo;ar\u00f4me et la saveur pr\u00e9sentent des notes d&rsquo;agrumes vives qui se fondent harmonieusement dans une combinaison de gaz et de baies, et se terminent par de lourdes nuances dank. Ce profil complexe est obtenu gr\u00e2ce \u00e0 une impressionnante teneur en terp\u00e8nes de 15,49 %, avec de fortes concentrations de limon\u00e8ne, d&rsquo;humul\u00e8ne, de b\u00eata-caryophyll\u00e8ne, de germacr\u00e8ne B, de s\u00e9linadi\u00e8nes, de linalol, d&rsquo;alpha-bisabolol, d&rsquo;alpha-pin\u00e8ne et de b\u00eata-pin\u00e8ne. L&rsquo;attrait visuel pr\u00e9sente une consistance terpiforme et humide qui indique la qualit\u00e9 et la fra\u00eecheur exceptionnelles du produit.   <\/p>\n<h4>Pourquoi choisir les concentr\u00e9s de cannabis ?<\/h4>\n<p>Les concentr\u00e9s de cannabis offrent aux utilisateurs m\u00e9dicaux des possibilit\u00e9s de dosage pr\u00e9cis et une apparition rapide des effets. La teneur \u00e9lev\u00e9e en cannabino\u00efdes et en terp\u00e8nes des concentr\u00e9s tels que le MOB Pie Live Rosin Diamond peut offrir des avantages th\u00e9rapeutiques accrus par rapport aux produits floraux traditionnels. <\/p>\n<h4>Exp\u00e9dition dans tout le Canada<\/h4>\n<p>MOB Pie Live Rosin Diamond est exp\u00e9di\u00e9 rapidement \u00e0 travers le Canada avec une livraison gratuite pour les commandes de plus de 150 $. Nous nous assurons que votre concentr\u00e9 arrive dans un \u00e9tat optimal avec un emballage appropri\u00e9 pour maintenir l&rsquo;int\u00e9grit\u00e9 du produit pendant le transport. <\/p>\n<h4>Avantages et couverture pour les anciens combattants<\/h4>\n<p>MOB Pie Live Rosin Diamond est admissible \u00e0 la couverture d&rsquo;ACC (Anciens Combattants Canada) avec facturation directe par l&rsquo;entremise de la Croix Bleue, ce qui \u00e9limine les frais remboursables pour les anciens combattants admissibles. Si vous n&rsquo;avez pas encore obtenu votre carte de cannabis m\u00e9dical, obtenez votre carte m\u00e9dicale gratuite rapidement et facilement sur <a href=\"https:\/\/mendomedical.ca\/fr\/carte-medicale\/\">https:\/\/mendomedical.ca\/medical-card\/.<\/a> <\/p>\n<\/div>\n","protected":false},"featured_media":131301,"comment_status":"closed","ping_status":"closed","template":"","meta":{"_acf_changed":false,"site-sidebar-layout":"default","site-content-layout":"","ast-site-content-layout":"default","site-content-style":"default","site-sidebar-style":"default","ast-global-header-display":"","ast-banner-title-visibility":"","ast-main-header-display":"","ast-hfb-above-header-display":"","ast-hfb-below-header-display":"","ast-hfb-mobile-header-display":"","site-post-title":"","ast-breadcrumbs-content":"","ast-featured-img":"","footer-sml-layout":"","ast-disable-related-posts":"","theme-transparent-header-meta":"default","adv-header-id-meta":"","stick-header-meta":"","header-above-stick-meta":"","header-main-stick-meta":"","header-below-stick-meta":"","astra-migrate-meta-layouts":"set","ast-page-background-enabled":"default","ast-page-background-meta":{"desktop":{"background-color":"var(--ast-global-color-4)","background-image":"","background-repeat":"repeat","background-position":"center center","background-size":"auto","background-attachment":"scroll","background-type":"","background-media":"","overlay-type":"","overlay-color":"","overlay-opacity":"","overlay-gradient":""},"tablet":{"background-color":"","background-image":"","background-repeat":"repeat","background-position":"center center","background-size":"auto","background-attachment":"scroll","background-type":"","background-media":"","overlay-type":"","overlay-color":"","overlay-opacity":"","overlay-gradient":""},"mobile":{"background-color":"","background-image":"","background-repeat":"repeat","background-position":"center center","background-size":"auto","background-attachment":"scroll","background-type":"","background-media":"","overlay-type":"","overlay-color":"","overlay-opacity":"","overlay-gradient":""}},"ast-content-background-meta":{"desktop":{"background-color":"var(--ast-global-color-5)","background-image":"","background-repeat":"repeat","background-position":"center center","background-size":"auto","background-attachment":"scroll","background-type":"","background-media":"","overlay-type":"","overlay-color":"","overlay-opacity":"","overlay-gradient":""},"tablet":{"background-color":"var(--ast-global-color-5)","background-image":"","background-repeat":"repeat","background-position":"center center","background-size":"auto","background-attachment":"scroll","background-type":"","background-media":"","overlay-type":"","overlay-color":"","overlay-opacity":"","overlay-gradient":""},"mobile":{"background-color":"var(--ast-global-color-5)","background-image":"","background-repeat":"repeat","background-position":"center center","background-size":"auto","background-attachment":"scroll","background-type":"","background-media":"","overlay-type":"","overlay-color":"","overlay-opacity":"","overlay-gradient":""}}},"product_brand":[],"product_cat":[3926,1120,1125,1118,1119],"product_tag":[2581],"product_format_filter":[6369],"class_list":{"0":"post-131299","1":"product","2":"type-product","3":"status-publish","4":"has-post-thumbnail","6":"product_cat-cbd-minors-2-fr","7":"product_cat-diamants","8":"product_cat-rosin-vivante","9":"product_cat-concentres","10":"product_cat-tout-sans-solvant","11":"product_tag-sauce-fr","12":"pa_flavours-agrume","13":"pa_flavours-baies","14":"pa_flavours-dank-fr","15":"pa_flavours-gaz","16":"pa_format-1g-2-fr","17":"pa_intensity-thc-eleve","18":"pa_marques-sauce-rosin-labs-fr","19":"pa_origin-colombie-britannique-fr","20":"pa_profil-terpene-caryophyllene","21":"pa_profil-terpene-humulene-fr","22":"pa_profil-terpene-limonene-fr","23":"pa_profil-terpene-pinene-fr","24":"pa_thc-70-3-fr","25":"pa_type-de-plante-hybride-fr","26":"product_format_filter-1g","27":"desktop-align-left","28":"tablet-align-left","29":"mobile-align-left","31":"first","32":"outofstock","33":"taxable","34":"shipping-taxable","35":"purchasable","36":"product-type-simple"},"group_of_quantity":0,"min_quantity":0,"max_quantity":"","exclude_order_quantity_value_rules":"no","exclude_category_quantity_rules":"no","combine_variations":"no","acf":[],"_links":{"self":[{"href":"https:\/\/mendomedical.ca\/fr\/wp-json\/wp\/v2\/product\/131299","targetHints":{"allow":["GET"]}}],"collection":[{"href":"https:\/\/mendomedical.ca\/fr\/wp-json\/wp\/v2\/product"}],"about":[{"href":"https:\/\/mendomedical.ca\/fr\/wp-json\/wp\/v2\/types\/product"}],"replies":[{"embeddable":true,"href":"https:\/\/mendomedical.ca\/fr\/wp-json\/wp\/v2\/comments?post=131299"}],"wp:featuredmedia":[{"embeddable":true,"href":"https:\/\/mendomedical.ca\/fr\/wp-json\/wp\/v2\/media\/131301"}],"wp:attachment":[{"href":"https:\/\/mendomedical.ca\/fr\/wp-json\/wp\/v2\/media?parent=131299"}],"wp:term":[{"taxonomy":"product_brand","embeddable":true,"href":"https:\/\/mendomedical.ca\/fr\/wp-json\/wp\/v2\/product_brand?post=131299"},{"taxonomy":"product_cat","embeddable":true,"href":"https:\/\/mendomedical.ca\/fr\/wp-json\/wp\/v2\/product_cat?post=131299"},{"taxonomy":"product_tag","embeddable":true,"href":"https:\/\/mendomedical.ca\/fr\/wp-json\/wp\/v2\/product_tag?post=131299"},{"taxonomy":"product_format_filter","embeddable":true,"href":"https:\/\/mendomedical.ca\/fr\/wp-json\/wp\/v2\/product_format_filter?post=131299"}],"curies":[{"name":"wp","href":"https:\/\/api.w.org\/{rel}","templated":true}]}}