{"id":131239,"date":"2023-06-01T11:19:50","date_gmt":"2023-06-01T15:19:50","guid":{"rendered":"https:\/\/mendomedical.ca\/?post_type=product&#038;p=131239"},"modified":"2026-04-08T09:03:38","modified_gmt":"2026-04-08T13:03:38","slug":"1000-mg-thc-1000-mg-cbd-softgels-100-x-10-mg-thc-10-mg-cbd","status":"publish","type":"product","link":"https:\/\/mendomedical.ca\/fr\/produit\/1000-mg-thc-1000-mg-cbd-softgels-100-x-10-mg-thc-10-mg-cbd\/","title":{"rendered":"1 000 mg de THC + 1 000 mg de CBD Softgels"},"content":{"rendered":"","protected":false},"excerpt":{"rendered":"<div class=\"ExternalClass42A069CC0E324007B034EFEEBB6343AD\">\n<h3>Emprise 1 000 mg THC + 1 000 mg CBD Softgels<\/h3>\n<p>D\u00e9couvrez l&rsquo;\u00e9quilibre parfait des cannabino\u00efdes avec les capsules molles de qualit\u00e9 sup\u00e9rieure d&rsquo;Emprise, qui pr\u00e9sentent un ratio \u00e9gal de 1 000 mg de THC et de 1 000 mg de CBD par bouteille. Cette formulation \u00e0 haute puissance fournit 100 softgels, chacun contenant 10 mg de THC et 10 mg de CBD, offrant aux patients de cannabis m\u00e9dical un dosage pr\u00e9cis dans la puissance maximale autoris\u00e9e au Canada. Fabriqu\u00e9es \u00e0 partir d&rsquo;extraits de cannabis \u00e0 spectre complet et d&rsquo;huile de support de graines de chanvre, ces g\u00e9lules vertes dor\u00e9es soutiennent l&rsquo;effet d&rsquo;entourage pour une exp\u00e9rience fid\u00e8le \u00e0 la plante.  <\/p>\n<h4>Caract\u00e9ristiques principales<\/h4>\n<ul>\n<li>Puissance l\u00e9gale maximale au Canada : 100 g\u00e9lules contenant 10 mg de THC + 10 mg de CBD chacune<\/li>\n<li>Extraits de cannabis \u00e0 spectre complet avec de l&rsquo;huile de graines de chanvre pour un effet d&rsquo;entourage renforc\u00e9<\/li>\n<li>Le format sup\u00e9rieur des softgels emp\u00eache la d\u00e9gradation par oxydation et pr\u00e9serve la fra\u00eecheur.<\/li>\n<li>Dosage discret et pr\u00e9cis avec une valeur exceptionnelle par rapport aux edibles<\/li>\n<li>Rapport \u00e9quilibr\u00e9 de 1:1 entre le THC et le CBD pour des effets th\u00e9rapeutiques optimaux<\/li>\n<\/ul>\n<h4>Profil des cannabino\u00efdes<\/h4>\n<p>Chaque softgel d\u00e9livre une dose pr\u00e9cis\u00e9ment \u00e9quilibr\u00e9e de 10 mg de THC et de 10 mg de CBD, soit un total de 1 000 mg de chaque cannabino\u00efde par flacon. Ce rapport 1:1 est formul\u00e9 \u00e0 partir d&rsquo;extraits de cannabis \u00e0 spectre complet, ce qui vous permet de b\u00e9n\u00e9ficier de la gamme compl\u00e8te des compos\u00e9s b\u00e9n\u00e9fiques pr\u00e9sents dans la plante de cannabis. L&rsquo;huile de chanvre am\u00e9liore la biodisponibilit\u00e9 tout en soutenant l&rsquo;effet synergique de l&rsquo;entourage.  <\/p>\n<h4>Pourquoi choisir les capsules molles ?<\/h4>\n<p>Les capsules molles offrent aux patients qui consomment du cannabis m\u00e9dical une commodit\u00e9 et une r\u00e9gularit\u00e9 in\u00e9gal\u00e9es. Le format scell\u00e9 prot\u00e8ge l&rsquo;huile de cannabis de la d\u00e9gradation, garantissant la puissance et la fra\u00eecheur de chaque dose. Leur nature discr\u00e8te et leur dosage pr\u00e9cis les rendent id\u00e9ales pour maintenir votre routine th\u00e9rapeutique tout au long de la journ\u00e9e.  <\/p>\n<h4>Exp\u00e9dition dans tout le Canada<\/h4>\n<p>Les capsules molles Emprise de 1 000 mg de THC + 1 000 mg de CBD sont exp\u00e9di\u00e9es rapidement dans tout le Canada, avec une livraison gratuite pour les commandes de plus de 150 $. Veuillez noter que les produits contenant de la g\u00e9latine peuvent fondre pendant l&rsquo;exp\u00e9dition en \u00e9t\u00e9.  Nous vous recommandons de tenir compte de ce probl\u00e8me potentiel lorsque vous passez votre commande. Malheureusement, nous ne pouvons pas offrir de remboursement ou de remplacement pour les produits qui fondent pendant le transport. Nous vous remercions de votre compr\u00e9hension.<\/p>\n<h4>Avantages et couverture pour les anciens combattants<\/h4>\n<p>Les capsules molles Emprise 1 000 mg de THC + 1 000 mg de CBD sont admissibles \u00e0 la couverture d&rsquo;ACC (Anciens Combattants Canada) avec facturation directe par l&rsquo;entremise de la Croix Bleue, ce qui signifie que les anciens combattants admissibles n&rsquo;ont pas \u00e0 d\u00e9bourser d&rsquo;argent. Si vous n&rsquo;avez pas encore votre carte de cannabis m\u00e9dical, <a href=\"https:\/\/mendomedical.ca\/fr\/carte-medicale\/\">obtenez votre carte m\u00e9dicale gratuite rapidement et facilement<\/a> pour acc\u00e9der \u00e0 ces avantages. <\/p>\n<p><strong>Ingr\u00e9dients :<\/strong> Huile de graines de chanvre, g\u00e9latine bovine, glyc\u00e9rine, eau, extraits de cannabis.<\/p>\n<\/div>\n","protected":false},"featured_media":131241,"comment_status":"closed","ping_status":"closed","template":"","meta":{"_acf_changed":false,"site-sidebar-layout":"default","site-content-layout":"","ast-site-content-layout":"default","site-content-style":"default","site-sidebar-style":"default","ast-global-header-display":"","ast-banner-title-visibility":"","ast-main-header-display":"","ast-hfb-above-header-display":"","ast-hfb-below-header-display":"","ast-hfb-mobile-header-display":"","site-post-title":"","ast-breadcrumbs-content":"","ast-featured-img":"","footer-sml-layout":"","ast-disable-related-posts":"","theme-transparent-header-meta":"default","adv-header-id-meta":"","stick-header-meta":"","header-above-stick-meta":"","header-main-stick-meta":"","header-below-stick-meta":"","astra-migrate-meta-layouts":"set","ast-page-background-enabled":"default","ast-page-background-meta":{"desktop":{"background-color":"var(--ast-global-color-4)","background-image":"","background-repeat":"repeat","background-position":"center center","background-size":"auto","background-attachment":"scroll","background-type":"","background-media":"","overlay-type":"","overlay-color":"","overlay-opacity":"","overlay-gradient":""},"tablet":{"background-color":"","background-image":"","background-repeat":"repeat","background-position":"center center","background-size":"auto","background-attachment":"scroll","background-type":"","background-media":"","overlay-type":"","overlay-color":"","overlay-opacity":"","overlay-gradient":""},"mobile":{"background-color":"","background-image":"","background-repeat":"repeat","background-position":"center center","background-size":"auto","background-attachment":"scroll","background-type":"","background-media":"","overlay-type":"","overlay-color":"","overlay-opacity":"","overlay-gradient":""}},"ast-content-background-meta":{"desktop":{"background-color":"var(--ast-global-color-5)","background-image":"","background-repeat":"repeat","background-position":"center center","background-size":"auto","background-attachment":"scroll","background-type":"","background-media":"","overlay-type":"","overlay-color":"","overlay-opacity":"","overlay-gradient":""},"tablet":{"background-color":"var(--ast-global-color-5)","background-image":"","background-repeat":"repeat","background-position":"center center","background-size":"auto","background-attachment":"scroll","background-type":"","background-media":"","overlay-type":"","overlay-color":"","overlay-opacity":"","overlay-gradient":""},"mobile":{"background-color":"var(--ast-global-color-5)","background-image":"","background-repeat":"repeat","background-position":"center center","background-size":"auto","background-attachment":"scroll","background-type":"","background-media":"","overlay-type":"","overlay-color":"","overlay-opacity":"","overlay-gradient":""}}},"product_brand":[],"product_cat":[1116,1114],"product_tag":[3632],"product_format_filter":[],"class_list":{"0":"post-131239","1":"product","2":"type-product","3":"status-publish","4":"has-post-thumbnail","6":"product_cat-gels-mous","7":"product_cat-gelules","8":"product_tag-emprise-fr","9":"pa_intensity-thc-eleve","10":"pa_intensity-eleve-en-cbd","11":"pa_marques-emprise-fr","12":"pa_origin-alberta-fr","13":"pa_type-de-plante-cbd-fr","14":"pa_type-de-plante-thc-fr","15":"desktop-align-left","16":"tablet-align-left","17":"mobile-align-left","19":"first","20":"outofstock","21":"taxable","22":"shipping-taxable","23":"purchasable","24":"product-type-simple"},"group_of_quantity":0,"min_quantity":0,"max_quantity":"","exclude_order_quantity_value_rules":"no","exclude_category_quantity_rules":"no","combine_variations":"no","acf":[],"_links":{"self":[{"href":"https:\/\/mendomedical.ca\/fr\/wp-json\/wp\/v2\/product\/131239","targetHints":{"allow":["GET"]}}],"collection":[{"href":"https:\/\/mendomedical.ca\/fr\/wp-json\/wp\/v2\/product"}],"about":[{"href":"https:\/\/mendomedical.ca\/fr\/wp-json\/wp\/v2\/types\/product"}],"replies":[{"embeddable":true,"href":"https:\/\/mendomedical.ca\/fr\/wp-json\/wp\/v2\/comments?post=131239"}],"wp:featuredmedia":[{"embeddable":true,"href":"https:\/\/mendomedical.ca\/fr\/wp-json\/wp\/v2\/media\/131241"}],"wp:attachment":[{"href":"https:\/\/mendomedical.ca\/fr\/wp-json\/wp\/v2\/media?parent=131239"}],"wp:term":[{"taxonomy":"product_brand","embeddable":true,"href":"https:\/\/mendomedical.ca\/fr\/wp-json\/wp\/v2\/product_brand?post=131239"},{"taxonomy":"product_cat","embeddable":true,"href":"https:\/\/mendomedical.ca\/fr\/wp-json\/wp\/v2\/product_cat?post=131239"},{"taxonomy":"product_tag","embeddable":true,"href":"https:\/\/mendomedical.ca\/fr\/wp-json\/wp\/v2\/product_tag?post=131239"},{"taxonomy":"product_format_filter","embeddable":true,"href":"https:\/\/mendomedical.ca\/fr\/wp-json\/wp\/v2\/product_format_filter?post=131239"}],"curies":[{"name":"wp","href":"https:\/\/api.w.org\/{rel}","templated":true}]}}