{"id":131179,"date":"2024-01-01T09:50:52","date_gmt":"2024-01-01T14:50:52","guid":{"rendered":"https:\/\/mendomedical.ca\/?post_type=product&#038;p=131179"},"modified":"2025-11-26T10:23:32","modified_gmt":"2025-11-26T15:23:32","slug":"lunar-eclipse-cbnthc-lemon-chamomile-live-rosin-gummy","status":"publish","type":"product","link":"https:\/\/mendomedical.ca\/fr\/produit\/lunar-eclipse-cbnthc-lemon-chamomile-live-rosin-gummy\/","title":{"rendered":"Lunar Eclipse CBN:THC Lemon Chamomile Live Rosin Gummy"},"content":{"rendered":"","protected":false},"excerpt":{"rendered":"<div class=\"ExternalClass35DA726BBD8B4BF4B3C341D2839179D2\">\n<h3>Lunar Eclipse CBN:THC Lemon Chamomile Live Rosin Gummy<\/h3>\n<p>Faites l&rsquo;exp\u00e9rience de l&rsquo;\u00e9quilibre parfait de la relaxation avec les gommes Lunar Eclipse CBN:THC 1:1 Live Rosin de BLAST. Ces edibles \u00e0 base de plantes et sans sucre combinent des parts \u00e9gales de THC et de CBN avec l&rsquo;essence apaisante du citron et de la camomille, cr\u00e9ant ainsi un compagnon de soir\u00e9e id\u00e9al pour ceux qui recherchent un soulagement naturel du stress et un soutien au sommeil. Infus\u00e9 avec du Live Rosin de premi\u00e8re qualit\u00e9 pour une puissance et une saveur accrues, chaque gomme offre une exp\u00e9rience coh\u00e9rente et apaisante.  <\/p>\n<h4>Caract\u00e9ristiques principales<\/h4>\n<ul>\n<li>Rapport 1:1 entre le CBN et le THC pour des effets \u00e9quilibr\u00e9s et synergiques<\/li>\n<li>Formule \u00e0 base de plantes et sans sucre avec \u00e9dulcorant naturel \u00e0 base de fruits de moine<\/li>\n<li>Infusion de Live Rosin pour une saveur sup\u00e9rieure et un profil de cannabino\u00efdes am\u00e9lior\u00e9.<\/li>\n<li>M\u00e9lange de camomille citronn\u00e9e offrant des notes d&rsquo;agrumes vives avec des nuances florales apaisantes.<\/li>\n<li>Base de pectine sans g\u00e9latine convenant aux r\u00e9gimes v\u00e9g\u00e9tariens<\/li>\n<\/ul>\n<h4>Profil aromatique et gustatif<\/h4>\n<p>Ces gommes pr\u00e9sentent un profil sophistiqu\u00e9 de camomille citronn\u00e9e, rehauss\u00e9 par une infusion de Live Rosin. Le zeste vif et citronn\u00e9 du citron compl\u00e8te parfaitement la douceur florale de la camomille, qui apporte des touches subtiles de chaleur semblable \u00e0 celle de la pomme. Le Rosin vivant ajoute une profondeur riche et terreuse \u00e0 la complexit\u00e9 des herbes, cr\u00e9ant une exp\u00e9rience gustative bien \u00e9quilibr\u00e9e, \u00e0 la fois rafra\u00eechissante et apaisante. Ce m\u00e9lange harmonieux renforce les terp\u00e8nes naturels pr\u00e9sents dans l&rsquo;extrait de cannabis, offrant ainsi une exp\u00e9rience comestible de premi\u00e8re qualit\u00e9.   <\/p>\n<h4>Pourquoi choisir CBN:THC Edibles ?<\/h4>\n<p>Les edibles combinant CBN et THC offrent aux consommateurs de cannabis m\u00e9dical un profil cannabino\u00efde unique qui peut contribuer \u00e0 la relaxation et \u00e0 la qualit\u00e9 du sommeil. Le rapport 1:1 fournit des effets \u00e9quilibr\u00e9s que de nombreux utilisateurs trouvent id\u00e9aux pour la consommation en soir\u00e9e, la gestion du stress et la promotion d&rsquo;un sommeil r\u00e9parateur sans effets psychoactifs excessifs. <\/p>\n<h4>Exp\u00e9dition dans tout le Canada<\/h4>\n<p>Lunar Eclipse CBN:THC Lemon Chamomile Live Rosin Gummy est livr\u00e9 rapidement au Canada. Nous offrons une livraison gratuite pour toutes les commandes de plus de 150 $. Veuillez noter que les produits contenant de la g\u00e9latine peuvent fondre pendant l&rsquo;exp\u00e9dition durant les mois d&rsquo;\u00e9t\u00e9. Nous vous recommandons de tenir compte de ce probl\u00e8me potentiel lorsque vous passez votre commande.    Malheureusement, nous ne pouvons pas offrir de remboursement ou de remplacement pour les produits qui fondent pendant le transport. Nous vous remercions de votre compr\u00e9hension.<\/p>\n<h4>Avantages et couverture pour les anciens combattants<\/h4>\n<p>Lunar Eclipse CBN:THC Lemon Chamomile Live Rosin Gummy est admissible \u00e0 la couverture d&rsquo;ACC (Anciens Combattants Canada) avec facturation directe par la Croix Bleue, ce qui signifie qu&rsquo;il n&rsquo;y a pas de frais \u00e0 d\u00e9bourser pour les anciens combattants admissibles. Si vous n&rsquo;avez pas encore d&rsquo;ordonnance de cannabis m\u00e9dical, vous pouvez <a href=\"https:\/\/mendomedical.ca\/fr\/carte-medicale\/\">obtenir votre carte m\u00e9dicale gratuite rapidement et facilement<\/a>. <\/p>\n<p><strong>Ingr\u00e9dients :<\/strong> Sirop de fibres, eau, \u00e9rythritol, pectine, concentr\u00e9 de jus de monkfruit, huile MCT, extrait de cannabis, ar\u00f4me naturel, acide citrique, l\u00e9cithine de tournesol, jus de l\u00e9gumes, extrait de camomille.<\/p>\n<\/div>\n","protected":false},"featured_media":131181,"comment_status":"closed","ping_status":"closed","template":"","meta":{"_acf_changed":false,"site-sidebar-layout":"default","site-content-layout":"","ast-site-content-layout":"default","site-content-style":"default","site-sidebar-style":"default","ast-global-header-display":"","ast-banner-title-visibility":"","ast-main-header-display":"","ast-hfb-above-header-display":"","ast-hfb-below-header-display":"","ast-hfb-mobile-header-display":"","site-post-title":"","ast-breadcrumbs-content":"","ast-featured-img":"","footer-sml-layout":"","ast-disable-related-posts":"","theme-transparent-header-meta":"default","adv-header-id-meta":"","stick-header-meta":"","header-above-stick-meta":"","header-main-stick-meta":"","header-below-stick-meta":"","astra-migrate-meta-layouts":"set","ast-page-background-enabled":"default","ast-page-background-meta":{"desktop":{"background-color":"var(--ast-global-color-4)","background-image":"","background-repeat":"repeat","background-position":"center center","background-size":"auto","background-attachment":"scroll","background-type":"","background-media":"","overlay-type":"","overlay-color":"","overlay-opacity":"","overlay-gradient":""},"tablet":{"background-color":"","background-image":"","background-repeat":"repeat","background-position":"center center","background-size":"auto","background-attachment":"scroll","background-type":"","background-media":"","overlay-type":"","overlay-color":"","overlay-opacity":"","overlay-gradient":""},"mobile":{"background-color":"","background-image":"","background-repeat":"repeat","background-position":"center center","background-size":"auto","background-attachment":"scroll","background-type":"","background-media":"","overlay-type":"","overlay-color":"","overlay-opacity":"","overlay-gradient":""}},"ast-content-background-meta":{"desktop":{"background-color":"var(--ast-global-color-5)","background-image":"","background-repeat":"repeat","background-position":"center center","background-size":"auto","background-attachment":"scroll","background-type":"","background-media":"","overlay-type":"","overlay-color":"","overlay-opacity":"","overlay-gradient":""},"tablet":{"background-color":"var(--ast-global-color-5)","background-image":"","background-repeat":"repeat","background-position":"center center","background-size":"auto","background-attachment":"scroll","background-type":"","background-media":"","overlay-type":"","overlay-color":"","overlay-opacity":"","overlay-gradient":""},"mobile":{"background-color":"var(--ast-global-color-5)","background-image":"","background-repeat":"repeat","background-position":"center center","background-size":"auto","background-attachment":"scroll","background-type":"","background-media":"","overlay-type":"","overlay-color":"","overlay-opacity":"","overlay-gradient":""}}},"product_brand":[],"product_cat":[3825,1132,1135,1511,1128],"product_tag":[2237],"product_format_filter":[],"class_list":{"0":"post-131179","1":"product","2":"type-product","3":"status-publish","4":"has-post-thumbnail","6":"product_cat-cbd-minors-3-fr","7":"product_cat-bonbons","8":"product_cat-sans-sucre","9":"product_cat-full-spectrum-fr","10":"product_cat-comestibles","11":"product_tag-blast-fr","12":"pa_cbn-10mg-fr","13":"pa_flavours-chamomile-fr","14":"pa_flavours-citron","15":"pa_format-1-unit-fr","16":"pa_intensity-med-cbn-fr","17":"pa_intensity-thc-moyen","18":"pa_marques-blast-fr","19":"pa_origin-colombie-britannique-fr","20":"pa_thc-10mg-fr","21":"pa_type-de-plante-cbn-fr","22":"pa_type-de-plante-thc-fr","23":"desktop-align-left","24":"tablet-align-left","25":"mobile-align-left","27":"first","28":"outofstock","29":"taxable","30":"shipping-taxable","31":"purchasable","32":"product-type-simple"},"group_of_quantity":0,"min_quantity":0,"max_quantity":"","exclude_order_quantity_value_rules":"no","exclude_category_quantity_rules":"no","combine_variations":"no","acf":[],"_links":{"self":[{"href":"https:\/\/mendomedical.ca\/fr\/wp-json\/wp\/v2\/product\/131179","targetHints":{"allow":["GET"]}}],"collection":[{"href":"https:\/\/mendomedical.ca\/fr\/wp-json\/wp\/v2\/product"}],"about":[{"href":"https:\/\/mendomedical.ca\/fr\/wp-json\/wp\/v2\/types\/product"}],"replies":[{"embeddable":true,"href":"https:\/\/mendomedical.ca\/fr\/wp-json\/wp\/v2\/comments?post=131179"}],"wp:featuredmedia":[{"embeddable":true,"href":"https:\/\/mendomedical.ca\/fr\/wp-json\/wp\/v2\/media\/131181"}],"wp:attachment":[{"href":"https:\/\/mendomedical.ca\/fr\/wp-json\/wp\/v2\/media?parent=131179"}],"wp:term":[{"taxonomy":"product_brand","embeddable":true,"href":"https:\/\/mendomedical.ca\/fr\/wp-json\/wp\/v2\/product_brand?post=131179"},{"taxonomy":"product_cat","embeddable":true,"href":"https:\/\/mendomedical.ca\/fr\/wp-json\/wp\/v2\/product_cat?post=131179"},{"taxonomy":"product_tag","embeddable":true,"href":"https:\/\/mendomedical.ca\/fr\/wp-json\/wp\/v2\/product_tag?post=131179"},{"taxonomy":"product_format_filter","embeddable":true,"href":"https:\/\/mendomedical.ca\/fr\/wp-json\/wp\/v2\/product_format_filter?post=131179"}],"curies":[{"name":"wp","href":"https:\/\/api.w.org\/{rel}","templated":true}]}}