{"id":131170,"date":"2024-01-01T09:45:22","date_gmt":"2024-01-01T14:45:22","guid":{"rendered":"https:\/\/mendomedical.ca\/?post_type=product&#038;p=131170"},"modified":"2026-04-14T18:24:16","modified_gmt":"2026-04-14T22:24:16","slug":"wild-raspberry-animal-style-live-rosin-gummy","status":"publish","type":"product","link":"https:\/\/mendomedical.ca\/fr\/produit\/wild-raspberry-animal-style-live-rosin-gummy\/","title":{"rendered":"Framboise sauvage Animal Style Live Rosin Gummy"},"content":{"rendered":"","protected":false},"excerpt":{"rendered":"<div class=\"ExternalClass534740179B1C428A8E32AD566C2B2EC3\">\n<h3>Framboise sauvage Animal Style Live Rosin Gummy by BLAST<\/h3>\n<p>D\u00e9couvrez la combinaison exceptionnelle d&rsquo;une douceur fruit\u00e9e et de notes d&rsquo;herbes complexes avec les gommes Live Rosin de BLAST&rsquo;s Wild Raspberry Animal Style. Ces edibles haut de gamme contiennent du Live Rosin extrait de la puissante vari\u00e9t\u00e9 Animal Style, cr\u00e9\u00e9e par Swamp Boys Genetics. Chaque gomme offre une saveur all\u00e9chante de framboise sauvage rehauss\u00e9e par le profil terp\u00e9nique distinctif de la souche, cr\u00e9ant ainsi une sensation gustative unique qui \u00e9quilibre la saveur acidul\u00e9e des baies avec des notes terreuses et \u00e9pic\u00e9es.  <\/p>\n<h4>Caract\u00e9ristiques principales<\/h4>\n<ul>\n<li>L&rsquo;extraction Live Rosin pr\u00e9serve tout le spectre des cannabino\u00efdes et des terp\u00e8nes de la souche Animal Style.<\/li>\n<li>Les effets de type indica vont de l&rsquo;\u00e9l\u00e9vation c\u00e9r\u00e9brale \u00e0 la relaxation du corps entier.<\/li>\n<li>Profil terp\u00e9nique riche en alpha-pin\u00e8ne, myrc\u00e8ne, b\u00eata-caryophyll\u00e8ne et D-limon\u00e8ne.<\/li>\n<li>Fabriqu\u00e9 avec de la pectine (et non de la g\u00e9latine) et des ingr\u00e9dients naturels, notamment de l&rsquo;huile MCT et de la l\u00e9cithine de tournesol.<\/li>\n<li>Ph\u00e9notype dominant OGM crois\u00e9 entre Animal Cookies et OGM x (Tk x Skunk)<\/li>\n<\/ul>\n<h4>Saveur, ar\u00f4me et profil des terp\u00e8nes<\/h4>\n<p><strong>Ar\u00f4me :<\/strong> sal\u00e9, \u00e9pic\u00e9, piquant<\/p>\n<p><strong>Profil d&rsquo;ar\u00f4me :<\/strong> La framboise sauvage apporte une explosion de baies acidul\u00e9es et sucr\u00e9es, tandis que les terp\u00e8nes d&rsquo;Animal Style apportent des notes terreuses, l\u00e9g\u00e8rement \u00e9pic\u00e9es et herbac\u00e9es avec des touches de richesse cr\u00e9meuse. Cette combinaison dynamique cr\u00e9e un \u00e9quilibre satisfaisant entre un fruit\u00e9 vibrant et des nuances plus profondes et plus complexes. <\/p>\n<p><strong>Profil des terp\u00e8nes :<\/strong> Alpha-Pin\u00e8ne, Myrc\u00e8ne, B\u00eata-Caryophyll\u00e8ne, D-Limon\u00e8ne<\/p>\n<p><strong>Effets :<\/strong> Animal Style produit des effets puissants et r\u00e9guliers, en commen\u00e7ant par un buzz c\u00e9r\u00e9bral stimulant qui passe progressivement dans tout le corps, pour culminer dans une exp\u00e9rience profond\u00e9ment relaxante, id\u00e9ale pour une utilisation en soir\u00e9e.<\/p>\n<h4>Pourquoi choisir les Gummies ?<\/h4>\n<p>Les gommes de cannabis offrent un dosage pr\u00e9cis et des effets durables, ce qui en fait un excellent choix pour les utilisateurs m\u00e9dicaux \u00e0 la recherche d&rsquo;un soulagement constant. Le format discret et les saveurs agr\u00e9ables rendent la consommation quotidienne plus plaisante tout en procurant des avantages th\u00e9rapeutiques durables. <\/p>\n<h4>Exp\u00e9dition dans tout le Canada<\/h4>\n<p>Les gommes \u00e0 m\u00e2cher Wild Raspberry Animal Style Live Rosin sont exp\u00e9di\u00e9es rapidement dans tout le Canada, avec livraison gratuite \u00e0 partir de 150 $ d&rsquo;achat. Veuillez noter que les produits contenant de la pectine peuvent se ramollir pendant l&rsquo;exp\u00e9dition en \u00e9t\u00e9. Nous vous recommandons de tenir compte de ce probl\u00e8me potentiel lorsque vous passez votre commande. Malheureusement, nous ne pouvons pas offrir de remboursement ou de remplacement pour les produits qui ramollissent pendant le transport.    Nous vous remercions de votre compr\u00e9hension.<\/p>\n<h4>Avantages et couverture pour les anciens combattants<\/h4>\n<p>Les gommes Wild Raspberry Animal Style Live Rosin sont admissibles \u00e0 la couverture d&rsquo;ACC (Anciens Combattants Canada) avec facturation directe par l&rsquo;entremise de la Croix Bleue, ce qui signifie qu&rsquo;il n&rsquo;y a pas de frais \u00e0 d\u00e9bourser pour les anciens combattants admissibles. Si vous n&rsquo;avez pas encore votre carte de cannabis m\u00e9dical, <a href=\"https:\/\/mendomedical.ca\/fr\/carte-medicale\/\">obtenez votre carte m\u00e9dicale gratuite rapidement et facilement<\/a>. <\/p>\n<p><strong>Ingr\u00e9dients :<\/strong> Sirop de glucose, sucre, eau, pectine, huile MCT, ar\u00f4me naturel, acide citrique, extrait de cannabis, l\u00e9cithine de tournesol, concentr\u00e9 de carotte noire.<\/p>\n<\/div>\n","protected":false},"featured_media":131173,"comment_status":"closed","ping_status":"closed","template":"","meta":{"_acf_changed":false,"site-sidebar-layout":"default","site-content-layout":"","ast-site-content-layout":"default","site-content-style":"default","site-sidebar-style":"default","ast-global-header-display":"","ast-banner-title-visibility":"","ast-main-header-display":"","ast-hfb-above-header-display":"","ast-hfb-below-header-display":"","ast-hfb-mobile-header-display":"","site-post-title":"","ast-breadcrumbs-content":"","ast-featured-img":"","footer-sml-layout":"","ast-disable-related-posts":"","theme-transparent-header-meta":"default","adv-header-id-meta":"","stick-header-meta":"","header-above-stick-meta":"","header-main-stick-meta":"","header-below-stick-meta":"","astra-migrate-meta-layouts":"set","ast-page-background-enabled":"default","ast-page-background-meta":{"desktop":{"background-color":"var(--ast-global-color-4)","background-image":"","background-repeat":"repeat","background-position":"center center","background-size":"auto","background-attachment":"scroll","background-type":"","background-media":"","overlay-type":"","overlay-color":"","overlay-opacity":"","overlay-gradient":""},"tablet":{"background-color":"","background-image":"","background-repeat":"repeat","background-position":"center center","background-size":"auto","background-attachment":"scroll","background-type":"","background-media":"","overlay-type":"","overlay-color":"","overlay-opacity":"","overlay-gradient":""},"mobile":{"background-color":"","background-image":"","background-repeat":"repeat","background-position":"center center","background-size":"auto","background-attachment":"scroll","background-type":"","background-media":"","overlay-type":"","overlay-color":"","overlay-opacity":"","overlay-gradient":""}},"ast-content-background-meta":{"desktop":{"background-color":"var(--ast-global-color-5)","background-image":"","background-repeat":"repeat","background-position":"center center","background-size":"auto","background-attachment":"scroll","background-type":"","background-media":"","overlay-type":"","overlay-color":"","overlay-opacity":"","overlay-gradient":""},"tablet":{"background-color":"var(--ast-global-color-5)","background-image":"","background-repeat":"repeat","background-position":"center center","background-size":"auto","background-attachment":"scroll","background-type":"","background-media":"","overlay-type":"","overlay-color":"","overlay-opacity":"","overlay-gradient":""},"mobile":{"background-color":"var(--ast-global-color-5)","background-image":"","background-repeat":"repeat","background-position":"center center","background-size":"auto","background-attachment":"scroll","background-type":"","background-media":"","overlay-type":"","overlay-color":"","overlay-opacity":"","overlay-gradient":""}}},"product_brand":[],"product_cat":[1132,1511,1128],"product_tag":[2237],"product_format_filter":[],"class_list":{"0":"post-131170","1":"product","2":"type-product","3":"status-publish","4":"has-post-thumbnail","6":"product_cat-bonbons","7":"product_cat-full-spectrum-fr","8":"product_cat-comestibles","9":"product_tag-blast-fr","10":"pa_flavours-wild-raspberry","11":"pa_format-1-unit-fr","12":"pa_intensity-thc-moyen","13":"pa_marques-blast-fr","14":"pa_origin-colombie-britannique-fr","15":"pa_thc-10mg-fr","16":"pa_type-de-plante-hybride-fr","17":"pa_type-de-plante-thc-fr","18":"desktop-align-left","19":"tablet-align-left","20":"mobile-align-left","22":"first","23":"instock","24":"taxable","25":"shipping-taxable","26":"purchasable","27":"product-type-simple"},"group_of_quantity":0,"min_quantity":0,"max_quantity":"","exclude_order_quantity_value_rules":"no","exclude_category_quantity_rules":"no","combine_variations":"no","acf":[],"_links":{"self":[{"href":"https:\/\/mendomedical.ca\/fr\/wp-json\/wp\/v2\/product\/131170","targetHints":{"allow":["GET"]}}],"collection":[{"href":"https:\/\/mendomedical.ca\/fr\/wp-json\/wp\/v2\/product"}],"about":[{"href":"https:\/\/mendomedical.ca\/fr\/wp-json\/wp\/v2\/types\/product"}],"replies":[{"embeddable":true,"href":"https:\/\/mendomedical.ca\/fr\/wp-json\/wp\/v2\/comments?post=131170"}],"wp:featuredmedia":[{"embeddable":true,"href":"https:\/\/mendomedical.ca\/fr\/wp-json\/wp\/v2\/media\/131173"}],"wp:attachment":[{"href":"https:\/\/mendomedical.ca\/fr\/wp-json\/wp\/v2\/media?parent=131170"}],"wp:term":[{"taxonomy":"product_brand","embeddable":true,"href":"https:\/\/mendomedical.ca\/fr\/wp-json\/wp\/v2\/product_brand?post=131170"},{"taxonomy":"product_cat","embeddable":true,"href":"https:\/\/mendomedical.ca\/fr\/wp-json\/wp\/v2\/product_cat?post=131170"},{"taxonomy":"product_tag","embeddable":true,"href":"https:\/\/mendomedical.ca\/fr\/wp-json\/wp\/v2\/product_tag?post=131170"},{"taxonomy":"product_format_filter","embeddable":true,"href":"https:\/\/mendomedical.ca\/fr\/wp-json\/wp\/v2\/product_format_filter?post=131170"}],"curies":[{"name":"wp","href":"https:\/\/api.w.org\/{rel}","templated":true}]}}