{"id":131137,"date":"2025-08-29T08:00:13","date_gmt":"2025-08-29T12:00:13","guid":{"rendered":"https:\/\/mendomedical.ca\/?post_type=product&#038;p=131137"},"modified":"2026-04-07T16:17:27","modified_gmt":"2026-04-07T20:17:27","slug":"glenns-no-13-lite-distillate-delta-9-xl-real-fruit-cherry","status":"publish","type":"product","link":"https:\/\/mendomedical.ca\/fr\/produit\/glenns-no-13-lite-distillate-delta-9-xl-real-fruit-cherry\/","title":{"rendered":"N\u00b0 13 Lite Distillate Delta 9 XL - V\u00e9ritable fruit \u00e0 la cerise"},"content":{"rendered":"","protected":false},"excerpt":{"rendered":"<h2>Glenn&rsquo;s No.13 Lite - Real Fruit Delta 9 Cherry Gummies (gommes \u00e0 la cerise) <\/h2>\n<p>&nbsp;<\/p>\n<h3>Naturellement simple. D\u00e9licieusement efficace. <\/h3>\n<p>D\u00e9couvrez l&rsquo;approche claire et nette de Glenn&rsquo;s No.13 Lite - Real Fruit Cherry, un produit comestible de haute qualit\u00e9 con\u00e7u dans un souci de bien-\u00eatre. Ces <strong>gommes \u00e0 la cerise Delta 9<\/strong> sont <strong>fabriqu\u00e9es \u00e0 partir de vraies cerises<\/strong>, sans aucun ajout artificiel - pas de sucres ajout\u00e9s, pas de colorants synth\u00e9tiques et pas de substances de remplissage inutiles.  <\/p>\n<p>Chaque gomme est une dose unique infus\u00e9e avec 10 mg de distillat de THC Delta 9, offrant une exp\u00e9rience douce et coh\u00e9rente pour ceux qui recherchent une mani\u00e8re consciente et contr\u00f4l\u00e9e de consommer du cannabis.<\/p>\n<p>&nbsp;<\/p>\n<h3>Fabriqu\u00e9 avec de vrais fruits, pas de faux ar\u00f4mes<\/h3>\n<p><a title=\"En savoir plus sur les produits comestibles de Glenn\" href=\"https:\/\/glennsedibles.com\/\" target=\"_blank\" rel=\"noopener\">Les gommes de Glenn&rsquo;s<\/a> sont con\u00e7ues pour les patients qui veulent de l&rsquo;authenticit\u00e9. C&rsquo;est pourquoi <strong>chaque bouch\u00e9e offre l&rsquo;acidit\u00e9 naturelle de la cerise<\/strong>, compl\u00e9t\u00e9e par un soup\u00e7on subtil de vanille et d&rsquo;extraits de plantes pour la couleur et l&rsquo;\u00e9quilibre.<\/p>\n<p>Ce produit comestible est <strong>\u00e0 base de g\u00e9latine<\/strong> pour la texture et la stabilit\u00e9 de conservation, mais il reste propre en utilisant des<strong>ingr\u00e9dients naturels<\/strong> tels que des extraits de radis rouge et de chou rouge au lieu de colorants artificiels.<\/p>\n<p>&nbsp;<\/p>\n<h3>Pourquoi choisir ces gommes ?<\/h3>\n<ul>\n<li>Sans sucres ajout\u00e9s ni \u00e9dulcorants artificiels<\/li>\n<li>Sans colorants ni ar\u00f4mes synth\u00e9tiques<\/li>\n<li>Dose constante de 10 mg de THC Delta 9<\/li>\n<li>Fabriqu\u00e9 \u00e0 partir de vraies cerises et d&rsquo;ingr\u00e9dients d\u00e9riv\u00e9s de plantes.<\/li>\n<li>Format compact, en portion individuelle, id\u00e9al pour le voyage ou le microdosage<\/li>\n<\/ul>\n<p>Que vous souhaitiez d\u00e9couvrir le <a title=\"Acheter des edibles de cannabis avec Mendo Medical\" href=\"https:\/\/mendomedical.ca\/fr\/categorie-produit\/comestibles\/\" target=\"_blank\" rel=\"noopener\">cannabis sous une forme discr\u00e8te et maniable<\/a>, ou que vous recherchiez une alternative douce \u00e0 l&rsquo;inhalation, ces <strong>Delta 9 Cherry Gummies<\/strong> constituent une option pratique qui peut aider \u00e0 soutenir des objectifs de bien-\u00eatre tels que la gestion du stress, la relaxation ou le soulagement des douleurs l\u00e9g\u00e8res.<\/p>\n<p>&nbsp;<\/p>\n<h3>Couverture des v\u00e9t\u00e9rans et acc\u00e8s aux soins m\u00e9dicaux<\/h3>\n<p>Ce produit est admissible \u00e0 la <strong>facturation directe d&rsquo;<\/strong> ACC <strong>par l&rsquo;entremise d&rsquo;Anciens Combattants Canada<\/strong> et b\u00e9n\u00e9ficie du soutien de   <strong>Couverture de la Croix Bleue.<\/strong>  Les anciens combattants, les conjoints et les premiers intervenants peuvent faire leurs achats en toute confiance, sachant que Mendo les soutient :<\/p>\n<ul>\n<li>Facturation directe \u00e0 l&rsquo;assurance<\/li>\n<li>Bridge commande jusqu&rsquo;\u00e0 300 g pour les nouveaux patients<\/li>\n<li>R\u00e9ductions exclusives pour les v\u00e9t\u00e9rans et options s\u00e9lectionn\u00e9es<\/li>\n<\/ul>\n<p>Si vous avez besoin d&rsquo;aide pour acc\u00e9der au cannabis dans le cadre des prestations d&rsquo;ACC, notre \u00e9quipe est l\u00e0 pour vous aider.<\/p>\n<p>&nbsp;<\/p>\n<h3>Exp\u00e9dition rapide et discr\u00e8te dans tout le Canada<\/h3>\n<p>Votre commande sera emball\u00e9e avec soin et livr\u00e9e discr\u00e8tement dans tout le Canada. Profitez de la <strong>livraison gratuite pour les commandes de plus de 150 $<\/strong> et d&rsquo;un service fiable qui respecte votre vie priv\u00e9e et votre emploi du temps. <\/p>\n<p><strong>Avis de livraison estivale<\/strong>: Ce produit contient de la g\u00e9latine et peut se ramollir ou fondre pendant les mois les plus chauds. Bien que nous emballions les commandes avec soin, Mendo ne peut garantir la forme du produit s&rsquo;il est expos\u00e9 \u00e0 la chaleur pendant le transport. Aucun remboursement ou remplacement n&rsquo;est possible pour les articles fondus.  <\/p>\n<p>&nbsp;<\/p>\n<h3>La diff\u00e9rence Glenn&rsquo;s Lite<\/h3>\n<p>Si vous cherchez  des <a title=\"Boutique THC Gummies avec Mendo Medical\" href=\"https:\/\/mendomedical.ca\/fr\/categorie-produit\/comestibles\/bonbons\/\" target=\"_blank\" rel=\"noopener\">gommes naturelles au THC<\/a> au Canada qui \u00e9quilibrent des ingr\u00e9dients propres, du cannabis de qualit\u00e9 et des normes de qualit\u00e9 m\u00e9dicale - Glenn&rsquo;s No.13 Lite Delta 9 Cherry Gummies se distingue des autres. Il s&rsquo;agit d&rsquo;un produit comestible bien pens\u00e9, con\u00e7u pour les personnes qui recherchent le bien-\u00eatre au quotidien et les v\u00e9t\u00e9rans. <strong>Besoin d&rsquo;un document m\u00e9dical ? <\/strong><a title=\"Obtenez un document sur le cannabis m\u00e9dical aupr\u00e8s de Mendo Medical\" href=\"https:\/\/mendomedical.ca\/fr\/carte-medicale\/\" target=\"_blank\" rel=\"noopener\">Obtenez votre document m\u00e9dical gratuit pour le cannabis<\/a> rapidement et facilement pour commencer \u00e0 acheter tout de suite !<\/p>\n<p>&nbsp;<\/p>\n<h4>Ingr\u00e9dients<\/h4>\n<p>Fructooligosaccharides, eau, g\u00e9latine, sucre de canne (enrobage), acide citrique, ar\u00f4me naturel, pectine, huile MCT, extrait de cannabis (distillat), anthocyane, vanille naturelle, extrait de radis rouge, extrait de chou rouge.<\/p>\n","protected":false},"featured_media":236958,"comment_status":"closed","ping_status":"closed","template":"","meta":{"_acf_changed":false,"site-sidebar-layout":"default","site-content-layout":"","ast-site-content-layout":"default","site-content-style":"default","site-sidebar-style":"default","ast-global-header-display":"","ast-banner-title-visibility":"","ast-main-header-display":"","ast-hfb-above-header-display":"","ast-hfb-below-header-display":"","ast-hfb-mobile-header-display":"","site-post-title":"","ast-breadcrumbs-content":"","ast-featured-img":"","footer-sml-layout":"","ast-disable-related-posts":"","theme-transparent-header-meta":"default","adv-header-id-meta":"","stick-header-meta":"","header-above-stick-meta":"","header-main-stick-meta":"","header-below-stick-meta":"","astra-migrate-meta-layouts":"set","ast-page-background-enabled":"default","ast-page-background-meta":{"desktop":{"background-color":"var(--ast-global-color-4)","background-image":"","background-repeat":"repeat","background-position":"center center","background-size":"auto","background-attachment":"scroll","background-type":"","background-media":"","overlay-type":"","overlay-color":"","overlay-opacity":"","overlay-gradient":""},"tablet":{"background-color":"","background-image":"","background-repeat":"repeat","background-position":"center center","background-size":"auto","background-attachment":"scroll","background-type":"","background-media":"","overlay-type":"","overlay-color":"","overlay-opacity":"","overlay-gradient":""},"mobile":{"background-color":"","background-image":"","background-repeat":"repeat","background-position":"center center","background-size":"auto","background-attachment":"scroll","background-type":"","background-media":"","overlay-type":"","overlay-color":"","overlay-opacity":"","overlay-gradient":""}},"ast-content-background-meta":{"desktop":{"background-color":"var(--ast-global-color-5)","background-image":"","background-repeat":"repeat","background-position":"center center","background-size":"auto","background-attachment":"scroll","background-type":"","background-media":"","overlay-type":"","overlay-color":"","overlay-opacity":"","overlay-gradient":""},"tablet":{"background-color":"var(--ast-global-color-5)","background-image":"","background-repeat":"repeat","background-position":"center center","background-size":"auto","background-attachment":"scroll","background-type":"","background-media":"","overlay-type":"","overlay-color":"","overlay-opacity":"","overlay-gradient":""},"mobile":{"background-color":"var(--ast-global-color-5)","background-image":"","background-repeat":"repeat","background-position":"center center","background-size":"auto","background-attachment":"scroll","background-type":"","background-media":"","overlay-type":"","overlay-color":"","overlay-opacity":"","overlay-gradient":""}}},"product_brand":[],"product_cat":[1132,1128],"product_tag":[3640],"product_format_filter":[6366],"class_list":{"0":"post-131137","1":"product","2":"type-product","3":"status-publish","4":"has-post-thumbnail","6":"product_cat-bonbons","7":"product_cat-comestibles","8":"product_tag-glenns-fr","9":"pa_flavours-cherry-fr","10":"pa_format-1-unit-fr","11":"pa_intensity-thc-moyen","12":"pa_marques-glenns-fr","13":"pa_origin-ontario-fr","14":"pa_thc-10mg-fr","15":"pa_type-de-plante-thc-fr","16":"product_format_filter-1units","17":"desktop-align-left","18":"tablet-align-left","19":"mobile-align-left","21":"first","22":"instock","23":"taxable","24":"shipping-taxable","25":"purchasable","26":"product-type-simple"},"group_of_quantity":0,"min_quantity":0,"max_quantity":"","exclude_order_quantity_value_rules":"no","exclude_category_quantity_rules":"no","combine_variations":"no","acf":[],"_links":{"self":[{"href":"https:\/\/mendomedical.ca\/fr\/wp-json\/wp\/v2\/product\/131137","targetHints":{"allow":["GET"]}}],"collection":[{"href":"https:\/\/mendomedical.ca\/fr\/wp-json\/wp\/v2\/product"}],"about":[{"href":"https:\/\/mendomedical.ca\/fr\/wp-json\/wp\/v2\/types\/product"}],"replies":[{"embeddable":true,"href":"https:\/\/mendomedical.ca\/fr\/wp-json\/wp\/v2\/comments?post=131137"}],"wp:featuredmedia":[{"embeddable":true,"href":"https:\/\/mendomedical.ca\/fr\/wp-json\/wp\/v2\/media\/236958"}],"wp:attachment":[{"href":"https:\/\/mendomedical.ca\/fr\/wp-json\/wp\/v2\/media?parent=131137"}],"wp:term":[{"taxonomy":"product_brand","embeddable":true,"href":"https:\/\/mendomedical.ca\/fr\/wp-json\/wp\/v2\/product_brand?post=131137"},{"taxonomy":"product_cat","embeddable":true,"href":"https:\/\/mendomedical.ca\/fr\/wp-json\/wp\/v2\/product_cat?post=131137"},{"taxonomy":"product_tag","embeddable":true,"href":"https:\/\/mendomedical.ca\/fr\/wp-json\/wp\/v2\/product_tag?post=131137"},{"taxonomy":"product_format_filter","embeddable":true,"href":"https:\/\/mendomedical.ca\/fr\/wp-json\/wp\/v2\/product_format_filter?post=131137"}],"curies":[{"name":"wp","href":"https:\/\/api.w.org\/{rel}","templated":true}]}}