{"id":131121,"date":"2024-07-01T08:56:35","date_gmt":"2024-07-01T12:56:35","guid":{"rendered":"https:\/\/mendomedical.ca\/?post_type=product&#038;p=131121"},"modified":"2026-04-16T16:22:35","modified_gmt":"2026-04-16T20:22:35","slug":"sport-11-cool-mint-gel","status":"publish","type":"product","link":"https:\/\/mendomedical.ca\/fr\/produit\/sport-11-cool-mint-gel\/","title":{"rendered":"Sport 1:1 Cool Mint Gel"},"content":{"rendered":"<div class=\"description_toggle\">\n<div class=\"the_content active_toggle\">\n<div id=\"shopify-section-product-template\" class=\"shopify-section\">\n<section class=\"product-single wrapper product--product-template\" data-section-type=\"product-template\" data-section-id=\"product-template\" data-reviews=\"false\" data-swatches=\"false\">\n<div class=\"grid--full\">\n<div class=\"grid__item\">\n<div class=\"grid\">\n<div class=\"grid__item large--one-half text-left\">\n<div class=\"product-description-wrapper\">\n<div class=\"product-tabs js-product-tabs\">\n<div class=\"product-tab\">\n<div id=\"ProductTab--ingredients-2\" class=\"product-tab__content is-expanded\" data-collapsible-container=\"\">\n<div class=\"product-tab__inner rte\" data-collapsible-content=\"\">\n<p>&nbsp;<\/p>\n<\/div>\n<\/div>\n<\/div>\n<\/div>\n<\/div>\n<\/div>\n<\/div>\n<\/div>\n<\/div>\n<\/section>\n<\/div>\n<\/div>\n<\/div>\n<p class=\"format_produit\">\n","protected":false},"excerpt":{"rendered":"<div class=\"ExternalClass1246BBA9638C4BD9B4AB0F8EA7701FD6\">\n<h3>Sport 1:1 Cool Mint Gel<\/h3>\n<p>Faites l&rsquo;exp\u00e9rience d&rsquo;un soulagement cibl\u00e9 avec le gel Cool Mint 1:1 de Proofly&rsquo;s Sport, une formulation topique pr\u00e9cis\u00e9ment \u00e9quilibr\u00e9e contenant 250 mg de THC et 250 mg de CBD. Ce gel innovant combine les avantages synergiques des cannabino\u00efdes avec du menthol de haute qualit\u00e9 pour offrir un confort rafra\u00eechissant \u00e0 action rapide pour les muscles et les articulations. La formule l\u00e9g\u00e8re et non grasse est rapidement absorb\u00e9e par la peau, procurant un soulagement imm\u00e9diat et durable sans r\u00e9sidus collants.  <\/p>\n<h4>Caract\u00e9ristiques principales<\/h4>\n<ul>\n<li>Rapport \u00e9quilibr\u00e9 1:1 avec 250mg de THC et 250mg de CBD pour des effets synergiques optimaux.<\/li>\n<li>Enrichi en menthol de premi\u00e8re qualit\u00e9 pour une sensation de fra\u00eecheur instantan\u00e9e et une augmentation de la circulation sanguine.<\/li>\n<li>La texture gel \u00e0 absorption rapide ne laisse aucun r\u00e9sidu collant ou gras.<\/li>\n<li>Formul\u00e9 scientifiquement pour un soulagement rapide et durable.<\/li>\n<li>Formule sans parab\u00e8ne et sans cruaut\u00e9<\/li>\n<\/ul>\n<h4>Profil sensoriel<\/h4>\n<p><strong>L&rsquo;attrait visuel :<\/strong> Gel bleu aquatique<\/p>\n<p><strong>Ar\u00f4me :<\/strong> Menthol<\/p>\n<p><strong>Effets :<\/strong> La combinaison de THC et de CBD agit en synergie pour soulager les muscles et les articulations. L&rsquo;ajout de menthol procure des sensations de fra\u00eecheur tout en favorisant l&rsquo;augmentation du flux sanguin dans la zone affect\u00e9e. <\/p>\n<h4>Pourquoi choisir les gels topiques ?<\/h4>\n<p>Les gels topiques de cannabis permettent une application cibl\u00e9e directement l\u00e0 o\u00f9 vous en avez le plus besoin, sans effets syst\u00e9miques. Le format du gel garantit une absorption rapide et un dosage pr\u00e9cis, ce qui le rend id\u00e9al pour les utilisateurs m\u00e9dicaux qui recherchent un soulagement localis\u00e9. <\/p>\n<h4>Exp\u00e9dition dans tout le Canada<\/h4>\n<p>Le gel de menthe fra\u00eeche Sport 1:1 est exp\u00e9di\u00e9 rapidement au Canada. Nous offrons la livraison gratuite pour les commandes de plus de 150 $, ce qui vous assure de recevoir vos produits de soulagement rapidement et \u00e0 un prix abordable. <\/p>\n<h4>Avantages et couverture pour les anciens combattants<\/h4>\n<p>Le gel de menthe fra\u00eeche Sport 1:1 est admissible \u00e0 la couverture d&rsquo;ACC (Anciens Combattants Canada) et \u00e0 la facturation directe par l&rsquo;entremise de la Croix Bleue, ce qui signifie que les anciens combattants admissibles n&rsquo;ont pas \u00e0 d\u00e9bourser d&rsquo;argent. Si vous n&rsquo;avez pas encore votre carte de cannabis m\u00e9dical, <a href=\"https:\/\/mendomedical.ca\/fr\/carte-medicale\/\">obtenez votre carte m\u00e9dicale gratuite rapidement et facilement ici<\/a>. <\/p>\n<div style=\"14px;14px\"><b>Ingr\u00e9dients<\/b><br \/>Aqua\/Water\/Eau, Isopropyl alcohol, Menthol, Sodium polyacrylate, Camphor, Phenoxyethanol, Ethylhexylglycerin, Polysorbate 20, Tocopherol, Cannabis sativa extract, Blue 1(CI 42090)<\/div>\n<\/div>\n","protected":false},"featured_media":131123,"comment_status":"closed","ping_status":"closed","template":"","meta":{"_acf_changed":false,"site-sidebar-layout":"default","site-content-layout":"","ast-site-content-layout":"default","site-content-style":"default","site-sidebar-style":"default","ast-global-header-display":"","ast-banner-title-visibility":"","ast-main-header-display":"","ast-hfb-above-header-display":"","ast-hfb-below-header-display":"","ast-hfb-mobile-header-display":"","site-post-title":"","ast-breadcrumbs-content":"","ast-featured-img":"","footer-sml-layout":"","ast-disable-related-posts":"","theme-transparent-header-meta":"default","adv-header-id-meta":"","stick-header-meta":"","header-above-stick-meta":"","header-main-stick-meta":"","header-below-stick-meta":"","astra-migrate-meta-layouts":"set","ast-page-background-enabled":"default","ast-page-background-meta":{"desktop":{"background-color":"var(--ast-global-color-4)","background-image":"","background-repeat":"repeat","background-position":"center center","background-size":"auto","background-attachment":"scroll","background-type":"","background-media":"","overlay-type":"","overlay-color":"","overlay-opacity":"","overlay-gradient":""},"tablet":{"background-color":"","background-image":"","background-repeat":"repeat","background-position":"center center","background-size":"auto","background-attachment":"scroll","background-type":"","background-media":"","overlay-type":"","overlay-color":"","overlay-opacity":"","overlay-gradient":""},"mobile":{"background-color":"","background-image":"","background-repeat":"repeat","background-position":"center center","background-size":"auto","background-attachment":"scroll","background-type":"","background-media":"","overlay-type":"","overlay-color":"","overlay-opacity":"","overlay-gradient":""}},"ast-content-background-meta":{"desktop":{"background-color":"var(--ast-global-color-5)","background-image":"","background-repeat":"repeat","background-position":"center center","background-size":"auto","background-attachment":"scroll","background-type":"","background-media":"","overlay-type":"","overlay-color":"","overlay-opacity":"","overlay-gradient":""},"tablet":{"background-color":"var(--ast-global-color-5)","background-image":"","background-repeat":"repeat","background-position":"center center","background-size":"auto","background-attachment":"scroll","background-type":"","background-media":"","overlay-type":"","overlay-color":"","overlay-opacity":"","overlay-gradient":""},"mobile":{"background-color":"var(--ast-global-color-5)","background-image":"","background-repeat":"repeat","background-position":"center center","background-size":"auto","background-attachment":"scroll","background-type":"","background-media":"","overlay-type":"","overlay-color":"","overlay-opacity":"","overlay-gradient":""}}},"product_brand":[],"product_cat":[1154,1150],"product_tag":[3686],"product_format_filter":[],"class_list":{"0":"post-131121","1":"product","2":"type-product","3":"status-publish","4":"has-post-thumbnail","6":"product_cat-gels-fr","7":"product_cat-topiques","8":"product_tag-proofly-fr","9":"pa_cbd-250mg","10":"pa_format-100g-fr","11":"pa_intensity-cbd-moyen","12":"pa_intensity-thc-moyen","13":"pa_marques-a-lepreuve","14":"pa_origin-ontario-fr","15":"pa_thc-250mg-fr","16":"desktop-align-left","17":"tablet-align-left","18":"mobile-align-left","20":"first","21":"instock","22":"taxable","23":"shipping-taxable","24":"purchasable","25":"product-type-simple"},"group_of_quantity":0,"min_quantity":0,"max_quantity":"","exclude_order_quantity_value_rules":"no","exclude_category_quantity_rules":"no","combine_variations":"no","acf":[],"_links":{"self":[{"href":"https:\/\/mendomedical.ca\/fr\/wp-json\/wp\/v2\/product\/131121","targetHints":{"allow":["GET"]}}],"collection":[{"href":"https:\/\/mendomedical.ca\/fr\/wp-json\/wp\/v2\/product"}],"about":[{"href":"https:\/\/mendomedical.ca\/fr\/wp-json\/wp\/v2\/types\/product"}],"replies":[{"embeddable":true,"href":"https:\/\/mendomedical.ca\/fr\/wp-json\/wp\/v2\/comments?post=131121"}],"wp:featuredmedia":[{"embeddable":true,"href":"https:\/\/mendomedical.ca\/fr\/wp-json\/wp\/v2\/media\/131123"}],"wp:attachment":[{"href":"https:\/\/mendomedical.ca\/fr\/wp-json\/wp\/v2\/media?parent=131121"}],"wp:term":[{"taxonomy":"product_brand","embeddable":true,"href":"https:\/\/mendomedical.ca\/fr\/wp-json\/wp\/v2\/product_brand?post=131121"},{"taxonomy":"product_cat","embeddable":true,"href":"https:\/\/mendomedical.ca\/fr\/wp-json\/wp\/v2\/product_cat?post=131121"},{"taxonomy":"product_tag","embeddable":true,"href":"https:\/\/mendomedical.ca\/fr\/wp-json\/wp\/v2\/product_tag?post=131121"},{"taxonomy":"product_format_filter","embeddable":true,"href":"https:\/\/mendomedical.ca\/fr\/wp-json\/wp\/v2\/product_format_filter?post=131121"}],"curies":[{"name":"wp","href":"https:\/\/api.w.org\/{rel}","templated":true}]}}