{"id":131116,"date":"2023-06-01T08:49:28","date_gmt":"2023-06-01T12:49:28","guid":{"rendered":"https:\/\/mendomedical.ca\/?post_type=product&#038;p=131116"},"modified":"2026-02-01T11:25:42","modified_gmt":"2026-02-01T16:25:42","slug":"fast-acting-cbd-50-max-1500-softgels","status":"publish","type":"product","link":"https:\/\/mendomedical.ca\/fr\/produit\/fast-acting-cbd-50-max-1500-softgels\/","title":{"rendered":"CBD 50 Max 1500 softgels \u00e0 action rapide"},"content":{"rendered":"<div class=\"description_toggle\">\n<div class=\"the_content active_toggle\">\n<div id=\"shopify-section-product-template\" class=\"shopify-section\">\n<section class=\"product-single wrapper product--product-template\" data-section-type=\"product-template\" data-section-id=\"product-template\" data-reviews=\"false\" data-swatches=\"false\">\n<div class=\"grid--full\">\n<div class=\"grid__item\">\n<div class=\"grid\">\n<div class=\"grid__item large--one-half text-left\">\n<div class=\"product-description-wrapper\">\n<div class=\"product-tabs js-product-tabs\">\n<div class=\"product-tab\">\n<div id=\"ProductTab--ingredients-2\" class=\"product-tab__content is-expanded\" data-collapsible-container=\"\">\n<div class=\"product-tab__inner rte\" data-collapsible-content=\"\">\n<p>&nbsp;<\/p>\n<\/div>\n<\/div>\n<\/div>\n<\/div>\n<\/div>\n<\/div>\n<\/div>\n<\/div>\n<\/div>\n<\/section>\n<\/div>\n<\/div>\n<\/div>\n<p class=\"format_produit\">\n","protected":false},"excerpt":{"rendered":"<div class=\"ExternalClassA4190E8C829C4366A9CFF734B8D86DE3\">\n<h3>CBD 50 Max 1500 softgels \u00e0 action rapide<\/h3>\n<p>D\u00e9couvrez la commodit\u00e9 et la pr\u00e9cision des g\u00e9lules de CBD 50 Max 1500 \u00e0 action rapide de Proofly. Ces capsules molles de qualit\u00e9 sup\u00e9rieure fournissent 50 mg de CBD par capsule dans un format facile \u00e0 avaler, utilisant une technologie avanc\u00e9e d&rsquo;action rapide pour une meilleure absorption. Chaque flacon contient 30 capsules molles dor\u00e9es, ce qui repr\u00e9sente un mois complet de suppl\u00e9mentation en CBD coh\u00e9rente et sans d\u00e9g\u00e2ts.  <\/p>\n<h4>Caract\u00e9ristiques principales<\/h4>\n<ul>\n<li>50mg de CBD par softgel avec une formulation \u00e0 action rapide pour un effet plus rapide<\/li>\n<li>30 softgels par bouteille (1500mg de CBD au total)<\/li>\n<li>Pas de d\u00e9g\u00e2ts, pas de tracas - \u00e9limine les fuites et les \u00e9coulements d&rsquo;huile<\/li>\n<li>Dosage pr\u00e9cis pour une prise quotidienne constante<\/li>\n<li>G\u00e9lules dor\u00e9es discr\u00e8tes et pratiques<\/li>\n<\/ul>\n<h4>Profil des cannabino\u00efdes<\/h4>\n<p>Chaque softgel contient un profil cannabino\u00efde soigneusement mesur\u00e9 de 50 mg de CBD et 2,5 mg de THC par g\u00e9lule. Cette formulation \u00e9quilibr\u00e9e peut contribuer \u00e0 la gestion de la douleur et \u00e0 la r\u00e9duction de l&rsquo;inflammation. La recherche sugg\u00e8re que le CBD peut \u00eatre b\u00e9n\u00e9fique pour divers types d&rsquo;inconfort, y compris les douleurs nerveuses et dorsales, tout en interagissant potentiellement avec les neurotransmetteurs pour promouvoir le bien-\u00eatre g\u00e9n\u00e9ral.  <\/p>\n<h4>Pourquoi choisir les capsules molles de CBD<\/h4>\n<p>Les capsules molles de CBD offrent aux utilisateurs m\u00e9dicaux une m\u00e9thode de dosage pr\u00e9cise et coh\u00e9rente, sans le go\u00fbt ou la texture des huiles. Le format pr\u00e9mesur\u00e9 garantit une prise pr\u00e9cise, tandis que la technologie \u00e0 action rapide peut apporter un soulagement plus rapide que les formulations traditionnelles. <\/p>\n<h4>Exp\u00e9dition dans tout le Canada<\/h4>\n<p>Fast Acting CBD 50 Max 1500 Softgels est exp\u00e9di\u00e9 rapidement \u00e0 travers le Canada. Nous offrons la livraison gratuite pour les commandes de plus de 150 $. Veuillez noter que les produits contenant de la g\u00e9latine peuvent fondre pendant l&rsquo;exp\u00e9dition en \u00e9t\u00e9. Nous vous recommandons de tenir compte de ce probl\u00e8me potentiel lorsque vous passez votre commande.    Malheureusement, nous ne pouvons pas offrir de remboursement ou de remplacement pour les produits qui fondent pendant le transport. Nous vous remercions de votre compr\u00e9hension.<\/p>\n<h4>Avantages et couverture pour les anciens combattants<\/h4>\n<p>Fast Acting CBD 50 Max 1500 Softgels est admissible \u00e0 la couverture d&rsquo;ACC (Anciens Combattants Canada) avec facturation directe par l&rsquo;entremise de la Croix Bleue - aucun d\u00e9bours\u00e9 n&rsquo;est requis. Si vous n&rsquo;avez pas encore de carte m\u00e9dicale, <a href=\"https:\/\/mendomedical.ca\/fr\/carte-medicale\/\">obtenez votre carte m\u00e9dicale gratuite rapidement et facilement ici.<\/a> <\/p>\n<div><b>Ingr\u00e9dients<\/b><br \/>\nTriglyc\u00e9rides \u00e0 cha\u00eene moyenne, g\u00e9latine, eau purifi\u00e9e, glyc\u00e9rine v\u00e9g\u00e9tale, isolat de CBD.<\/div>\n<\/div>\n","protected":false},"featured_media":131118,"comment_status":"closed","ping_status":"closed","template":"","meta":{"_acf_changed":false,"site-sidebar-layout":"default","site-content-layout":"","ast-site-content-layout":"default","site-content-style":"default","site-sidebar-style":"default","ast-global-header-display":"","ast-banner-title-visibility":"","ast-main-header-display":"","ast-hfb-above-header-display":"","ast-hfb-below-header-display":"","ast-hfb-mobile-header-display":"","site-post-title":"","ast-breadcrumbs-content":"","ast-featured-img":"","footer-sml-layout":"","ast-disable-related-posts":"","theme-transparent-header-meta":"default","adv-header-id-meta":"","stick-header-meta":"","header-above-stick-meta":"","header-main-stick-meta":"","header-below-stick-meta":"","astra-migrate-meta-layouts":"set","ast-page-background-enabled":"default","ast-page-background-meta":{"desktop":{"background-color":"var(--ast-global-color-4)","background-image":"","background-repeat":"repeat","background-position":"center center","background-size":"auto","background-attachment":"scroll","background-type":"","background-media":"","overlay-type":"","overlay-color":"","overlay-opacity":"","overlay-gradient":""},"tablet":{"background-color":"","background-image":"","background-repeat":"repeat","background-position":"center center","background-size":"auto","background-attachment":"scroll","background-type":"","background-media":"","overlay-type":"","overlay-color":"","overlay-opacity":"","overlay-gradient":""},"mobile":{"background-color":"","background-image":"","background-repeat":"repeat","background-position":"center center","background-size":"auto","background-attachment":"scroll","background-type":"","background-media":"","overlay-type":"","overlay-color":"","overlay-opacity":"","overlay-gradient":""}},"ast-content-background-meta":{"desktop":{"background-color":"var(--ast-global-color-5)","background-image":"","background-repeat":"repeat","background-position":"center center","background-size":"auto","background-attachment":"scroll","background-type":"","background-media":"","overlay-type":"","overlay-color":"","overlay-opacity":"","overlay-gradient":""},"tablet":{"background-color":"var(--ast-global-color-5)","background-image":"","background-repeat":"repeat","background-position":"center center","background-size":"auto","background-attachment":"scroll","background-type":"","background-media":"","overlay-type":"","overlay-color":"","overlay-opacity":"","overlay-gradient":""},"mobile":{"background-color":"var(--ast-global-color-5)","background-image":"","background-repeat":"repeat","background-position":"center center","background-size":"auto","background-attachment":"scroll","background-type":"","background-media":"","overlay-type":"","overlay-color":"","overlay-opacity":"","overlay-gradient":""}}},"product_brand":[],"product_cat":[3853,1116,1114],"product_tag":[3686],"product_format_filter":[],"class_list":{"0":"post-131116","1":"product","2":"type-product","3":"status-publish","4":"has-post-thumbnail","6":"product_cat-cbd-minors-5-fr","7":"product_cat-gels-mous","8":"product_cat-gelules","9":"product_tag-proofly-fr","10":"pa_cbd-50mg-fr","11":"pa_format-30-units-fr","12":"pa_intensity-faible-thc","13":"pa_marques-a-lepreuve","14":"pa_origin-ontario-fr","15":"pa_thc-2-5mg-fr","16":"desktop-align-left","17":"tablet-align-left","18":"mobile-align-left","20":"first","21":"instock","22":"taxable","23":"shipping-taxable","24":"purchasable","25":"product-type-simple"},"group_of_quantity":0,"min_quantity":0,"max_quantity":"","exclude_order_quantity_value_rules":"no","exclude_category_quantity_rules":"no","combine_variations":"no","acf":[],"_links":{"self":[{"href":"https:\/\/mendomedical.ca\/fr\/wp-json\/wp\/v2\/product\/131116","targetHints":{"allow":["GET"]}}],"collection":[{"href":"https:\/\/mendomedical.ca\/fr\/wp-json\/wp\/v2\/product"}],"about":[{"href":"https:\/\/mendomedical.ca\/fr\/wp-json\/wp\/v2\/types\/product"}],"replies":[{"embeddable":true,"href":"https:\/\/mendomedical.ca\/fr\/wp-json\/wp\/v2\/comments?post=131116"}],"wp:featuredmedia":[{"embeddable":true,"href":"https:\/\/mendomedical.ca\/fr\/wp-json\/wp\/v2\/media\/131118"}],"wp:attachment":[{"href":"https:\/\/mendomedical.ca\/fr\/wp-json\/wp\/v2\/media?parent=131116"}],"wp:term":[{"taxonomy":"product_brand","embeddable":true,"href":"https:\/\/mendomedical.ca\/fr\/wp-json\/wp\/v2\/product_brand?post=131116"},{"taxonomy":"product_cat","embeddable":true,"href":"https:\/\/mendomedical.ca\/fr\/wp-json\/wp\/v2\/product_cat?post=131116"},{"taxonomy":"product_tag","embeddable":true,"href":"https:\/\/mendomedical.ca\/fr\/wp-json\/wp\/v2\/product_tag?post=131116"},{"taxonomy":"product_format_filter","embeddable":true,"href":"https:\/\/mendomedical.ca\/fr\/wp-json\/wp\/v2\/product_format_filter?post=131116"}],"curies":[{"name":"wp","href":"https:\/\/api.w.org\/{rel}","templated":true}]}}