{"id":131109,"date":"2023-06-01T08:47:34","date_gmt":"2023-06-01T12:47:34","guid":{"rendered":"https:\/\/mendomedical.ca\/?post_type=product&#038;p=131109"},"modified":"2026-03-29T20:16:27","modified_gmt":"2026-03-30T00:16:27","slug":"nightly-chamomile-softgels-cbncbdthccbg-terpenes","status":"publish","type":"product","link":"https:\/\/mendomedical.ca\/fr\/produit\/nightly-chamomile-softgels-cbncbdthccbg-terpenes\/","title":{"rendered":"Nightly Chamomile Softgels - CBN:CBD:THC:CBG + Terp\u00e8nes"},"content":{"rendered":"<div class=\"description_toggle\">\n<div class=\"the_content active_toggle\">\n<div id=\"shopify-section-product-template\" class=\"shopify-section\">\n<section class=\"product-single wrapper product--product-template\" data-section-type=\"product-template\" data-section-id=\"product-template\" data-reviews=\"false\" data-swatches=\"false\">\n<div class=\"grid--full\">\n<div class=\"grid__item\">\n<div class=\"grid\">\n<div class=\"grid__item large--one-half text-left\">\n<div class=\"product-description-wrapper\">\n<div class=\"product-tabs js-product-tabs\">\n<div class=\"product-tab\">\n<div id=\"ProductTab--ingredients-2\" class=\"product-tab__content is-expanded\" data-collapsible-container=\"\">\n<div class=\"product-tab__inner rte\" data-collapsible-content=\"\">\n<p>&nbsp;<\/p>\n<\/div>\n<\/div>\n<\/div>\n<\/div>\n<\/div>\n<\/div>\n<\/div>\n<\/div>\n<\/div>\n<\/section>\n<\/div>\n<\/div>\n<\/div>\n<p class=\"format_produit\">\n","protected":false},"excerpt":{"rendered":"<div class=\"ExternalClassA108DB68DA4B4D47845C0E561BBE199C\">\n<h3>Nightly Chamomile Softgels - CBN:CBD:THC:CBG + Terp\u00e8nes<\/h3>\n<p>Transformez votre routine du coucher avec les Nightly Chamomile Softgels de Proofly, un m\u00e9lange soigneusement formul\u00e9 de cannabino\u00efdes et de terp\u00e8nes con\u00e7u pour favoriser un sommeil r\u00e9parateur. Ces capsules molles dor\u00e9es associent le CBD, le CBN, le THC et le CBG \u00e0 la camomille apaisante et aux terp\u00e8nes favorisant le sommeil pour vous aider \u00e0 vous d\u00e9tendre naturellement et \u00e0 vous r\u00e9veiller en pleine forme. <\/p>\n<h4>Caract\u00e9ristiques principales<\/h4>\n<ul>\n<li>Capsules molles \u00e0 dosage pr\u00e9cis contenant 20 mg de CBD, 5 mg de CBN, 5 mg de CBG et 2,5 mg de THC par capsule.<\/li>\n<li>Am\u00e9lior\u00e9 par la camomille et un m\u00e9lange cibl\u00e9 de terp\u00e8nes pour un soutien nocturne optimal.<\/li>\n<li>Capsules molles dor\u00e9es faciles \u00e0 avaler pour un dosage pratique \u00e0 l&rsquo;heure du coucher<\/li>\n<li>Formule multi-cannabino\u00efdes con\u00e7ue pour favoriser la tranquillit\u00e9 et un repos \u00e9quilibr\u00e9<\/li>\n<li>Ingr\u00e9dients de premi\u00e8re qualit\u00e9 s\u00e9lectionn\u00e9s pour leurs effets synergiques<\/li>\n<\/ul>\n<h4>Profil des cannabino\u00efdes et des terp\u00e8nes<\/h4>\n<p><strong>Teneur en cannabino\u00efdes par g\u00e9lule :<\/strong><\/p>\n<p>CBD : 20mg | THC : 2.5mg | CBG : 5mg | CBN : 5mg<\/p>\n<p><strong>Terpene Profile:<\/strong><\/p>\n<p>Ce m\u00e9lange bien pens\u00e9 contient du myrc\u00e8ne, du linalol, du b\u00eata-caryophyll\u00e8ne et du D-limon\u00e8ne. Ces terp\u00e8nes agissent en synergie avec les cannabino\u00efdes, le myrc\u00e8ne et le linalol \u00e9tant particuli\u00e8rement connus pour leurs propri\u00e9t\u00e9s calmantes, tandis que le b\u00eata-caryophyll\u00e8ne et le D-limon\u00e8ne ajoutent des effets compl\u00e9mentaires pour favoriser la relaxation g\u00e9n\u00e9rale. <\/p>\n<h4>Pourquoi choisir les g\u00e9lules ?<\/h4>\n<p>Les capsules offrent aux consommateurs de cannabis m\u00e9dical un dosage pr\u00e9cis et coh\u00e9rent, sans qu&rsquo;il soit n\u00e9cessaire de les mesurer ou de les pr\u00e9parer. Elles sont discr\u00e8tes, n&rsquo;ont pas de go\u00fbt et produisent des effets durables, id\u00e9aux pour le soutien nocturne. La nature \u00e0 lib\u00e9ration lente des capsules les rend particuli\u00e8rement adapt\u00e9es aux applications d&rsquo;aide au sommeil.  <\/p>\n<h4>Exp\u00e9dition dans tout le Canada<\/h4>\n<p>Les g\u00e9lules de camomille nocturne sont exp\u00e9di\u00e9es rapidement au Canada, et la livraison est gratuite pour les commandes de plus de 150 $. Veuillez noter que les produits contenant de la g\u00e9latine peuvent fondre pendant l&rsquo;exp\u00e9dition durant les mois d&rsquo;\u00e9t\u00e9. Nous vous recommandons de tenir compte de ce probl\u00e8me potentiel lorsque vous passez votre commande.   Malheureusement, nous ne pouvons pas offrir de remboursement ou de remplacement pour les produits qui fondent pendant le transport. Nous vous remercions de votre compr\u00e9hension.<\/p>\n<h4>Avantages et couverture pour les anciens combattants<\/h4>\n<p>Les capsules molles de camomille Nightly sont admissibles \u00e0 la couverture d&rsquo;ACC (Anciens Combattants Canada) avec facturation directe par l&rsquo;entremise de la Croix Bleue, ce qui signifie que les anciens combattants admissibles n&rsquo;ont pas \u00e0 d\u00e9bourser d&rsquo;argent. Si vous n&rsquo;avez pas encore votre carte de cannabis m\u00e9dical, vous pouvez <a href=\"https:\/\/mendomedical.ca\/fr\/carte-medicale\/\">obtenir votre carte m\u00e9dicale gratuite rapidement et facilement ici.<\/a> <\/p>\n<div><b>Ingr\u00e9dients<\/b><br \/>\nTriglyc\u00e9rides \u00e0 cha\u00eene moyenne, g\u00e9latine, eau purifi\u00e9e, glyc\u00e9rine v\u00e9g\u00e9tale, extrait de Cannabis Sativa, huile de fleur d&rsquo;Anthemis Nobilis, myrc\u00e8ne, linalol, b\u00eata-caryophyll\u00e8ne, D-limon\u00e8ne.<\/div>\n<\/div>\n","protected":false},"featured_media":290641,"comment_status":"closed","ping_status":"closed","template":"","meta":{"_acf_changed":false,"site-sidebar-layout":"default","site-content-layout":"","ast-site-content-layout":"default","site-content-style":"default","site-sidebar-style":"default","ast-global-header-display":"","ast-banner-title-visibility":"","ast-main-header-display":"","ast-hfb-above-header-display":"","ast-hfb-below-header-display":"","ast-hfb-mobile-header-display":"","site-post-title":"","ast-breadcrumbs-content":"","ast-featured-img":"","footer-sml-layout":"","ast-disable-related-posts":"","theme-transparent-header-meta":"default","adv-header-id-meta":"","stick-header-meta":"","header-above-stick-meta":"","header-main-stick-meta":"","header-below-stick-meta":"","astra-migrate-meta-layouts":"set","ast-page-background-enabled":"default","ast-page-background-meta":{"desktop":{"background-color":"var(--ast-global-color-4)","background-image":"","background-repeat":"repeat","background-position":"center center","background-size":"auto","background-attachment":"scroll","background-type":"","background-media":"","overlay-type":"","overlay-color":"","overlay-opacity":"","overlay-gradient":""},"tablet":{"background-color":"","background-image":"","background-repeat":"repeat","background-position":"center center","background-size":"auto","background-attachment":"scroll","background-type":"","background-media":"","overlay-type":"","overlay-color":"","overlay-opacity":"","overlay-gradient":""},"mobile":{"background-color":"","background-image":"","background-repeat":"repeat","background-position":"center center","background-size":"auto","background-attachment":"scroll","background-type":"","background-media":"","overlay-type":"","overlay-color":"","overlay-opacity":"","overlay-gradient":""}},"ast-content-background-meta":{"desktop":{"background-color":"var(--ast-global-color-5)","background-image":"","background-repeat":"repeat","background-position":"center center","background-size":"auto","background-attachment":"scroll","background-type":"","background-media":"","overlay-type":"","overlay-color":"","overlay-opacity":"","overlay-gradient":""},"tablet":{"background-color":"var(--ast-global-color-5)","background-image":"","background-repeat":"repeat","background-position":"center center","background-size":"auto","background-attachment":"scroll","background-type":"","background-media":"","overlay-type":"","overlay-color":"","overlay-opacity":"","overlay-gradient":""},"mobile":{"background-color":"var(--ast-global-color-5)","background-image":"","background-repeat":"repeat","background-position":"center center","background-size":"auto","background-attachment":"scroll","background-type":"","background-media":"","overlay-type":"","overlay-color":"","overlay-opacity":"","overlay-gradient":""}}},"product_brand":[],"product_cat":[3853,1116,1114],"product_tag":[3686],"product_format_filter":[],"class_list":{"0":"post-131109","1":"product","2":"type-product","3":"status-publish","4":"has-post-thumbnail","6":"product_cat-cbd-minors-5-fr","7":"product_cat-gels-mous","8":"product_cat-gelules","9":"product_tag-proofly-fr","10":"pa_cbd-20mg-fr","11":"pa_cbg-5mg-4-fr","12":"pa_cbn-5mg-fr","13":"pa_format-30-units-fr","14":"pa_intensity-faible-thc","15":"pa_intensity-low-cbg-fr","16":"pa_intensity-low-cbn-fr","17":"pa_intensity-cbd-moyen","18":"pa_marques-a-lepreuve","19":"pa_origin-ontario-fr","20":"pa_thc-2-5mg-fr","21":"desktop-align-left","22":"tablet-align-left","23":"mobile-align-left","25":"first","26":"instock","27":"taxable","28":"shipping-taxable","29":"purchasable","30":"product-type-simple"},"group_of_quantity":0,"min_quantity":0,"max_quantity":"","exclude_order_quantity_value_rules":"no","exclude_category_quantity_rules":"no","combine_variations":"no","acf":[],"_links":{"self":[{"href":"https:\/\/mendomedical.ca\/fr\/wp-json\/wp\/v2\/product\/131109","targetHints":{"allow":["GET"]}}],"collection":[{"href":"https:\/\/mendomedical.ca\/fr\/wp-json\/wp\/v2\/product"}],"about":[{"href":"https:\/\/mendomedical.ca\/fr\/wp-json\/wp\/v2\/types\/product"}],"replies":[{"embeddable":true,"href":"https:\/\/mendomedical.ca\/fr\/wp-json\/wp\/v2\/comments?post=131109"}],"wp:featuredmedia":[{"embeddable":true,"href":"https:\/\/mendomedical.ca\/fr\/wp-json\/wp\/v2\/media\/290641"}],"wp:attachment":[{"href":"https:\/\/mendomedical.ca\/fr\/wp-json\/wp\/v2\/media?parent=131109"}],"wp:term":[{"taxonomy":"product_brand","embeddable":true,"href":"https:\/\/mendomedical.ca\/fr\/wp-json\/wp\/v2\/product_brand?post=131109"},{"taxonomy":"product_cat","embeddable":true,"href":"https:\/\/mendomedical.ca\/fr\/wp-json\/wp\/v2\/product_cat?post=131109"},{"taxonomy":"product_tag","embeddable":true,"href":"https:\/\/mendomedical.ca\/fr\/wp-json\/wp\/v2\/product_tag?post=131109"},{"taxonomy":"product_format_filter","embeddable":true,"href":"https:\/\/mendomedical.ca\/fr\/wp-json\/wp\/v2\/product_format_filter?post=131109"}],"curies":[{"name":"wp","href":"https:\/\/api.w.org\/{rel}","templated":true}]}}