{"id":131103,"date":"2023-06-01T08:45:31","date_gmt":"2023-06-01T12:45:31","guid":{"rendered":"https:\/\/mendomedical.ca\/?post_type=product&#038;p=131103"},"modified":"2026-04-28T12:45:59","modified_gmt":"2026-04-28T16:45:59","slug":"the-vert-gelules-quotidiennes-cbccbgcbd-terpenes","status":"publish","type":"product","link":"https:\/\/mendomedical.ca\/fr\/produit\/the-vert-gelules-quotidiennes-cbccbgcbd-terpenes\/","title":{"rendered":"Th\u00e9 vert Daily Softgels CBC:CBG:CBD + Terp\u00e8nes"},"content":{"rendered":"<div class=\"description_toggle\">\n<div class=\"the_content active_toggle\">\n<div id=\"shopify-section-product-template\" class=\"shopify-section\">\n<section class=\"product-single wrapper product--product-template\" data-section-type=\"product-template\" data-section-id=\"product-template\" data-reviews=\"false\" data-swatches=\"false\">\n<div class=\"grid--full\">\n<div class=\"grid__item\">\n<div class=\"grid\">\n<div class=\"grid__item large--one-half text-left\">\n<div class=\"product-description-wrapper\">\n<div class=\"product-tabs js-product-tabs\">\n<div class=\"product-tab\">\n<div id=\"ProductTab--ingredients-2\" class=\"product-tab__content is-expanded\" data-collapsible-container=\"\">\n<div class=\"product-tab__inner rte\" data-collapsible-content=\"\">\n<p>&nbsp;<\/p>\n<\/div>\n<\/div>\n<\/div>\n<\/div>\n<\/div>\n<\/div>\n<\/div>\n<\/div>\n<\/div>\n<\/section>\n<\/div>\n<\/div>\n<\/div>\n<p class=\"format_produit\">\n","protected":false},"excerpt":{"rendered":"<div class=\"ExternalClass1B08294CB5BE4FF3A569C9BB0ADCE8FB\">\n<h3>Th\u00e9 vert Daily Softgels CBC:CBG:CBD + Terp\u00e8nes<\/h3>\n<p>D\u00e9couvrez le compagnon de bien-\u00eatre parfait pour la journ\u00e9e avec Proofly&rsquo;s Green Tea Daily Softgels. Ce suppl\u00e9ment soigneusement formul\u00e9 combine 20 mg de CBD, 5 mg de CBG et 5 mg de CBC avec un extrait de th\u00e9 vert \u00e9nergisant et un m\u00e9lange soigneusement s\u00e9lectionn\u00e9 de terp\u00e8nes diurnes. Ces capsules molles dor\u00e9es sont con\u00e7ues pour soutenir votre routine quotidienne avec des ingr\u00e9dients naturels qui peuvent aider \u00e0 promouvoir l&rsquo;\u00e9quilibre et la productivit\u00e9 tout au long de la journ\u00e9e.  <\/p>\n<h4>Points forts du produit<\/h4>\n<ul>\n<li>Profil cannabino\u00efde complet : 20 mg de CBD, 5 mg de CBG et 5 mg de CBC par softgel<\/li>\n<li>Enrichi en extrait de th\u00e9 vert pour un soutien naturel pendant la journ\u00e9e<\/li>\n<li>Formule sans THC (0mg THC)<\/li>\n<li>Format pratique de softgel avec un aspect dor\u00e9 distinctif<\/li>\n<li>Enrichi de six terp\u00e8nes synergiques pour des effets renforc\u00e9s<\/li>\n<\/ul>\n<h4>Profil des cannabino\u00efdes et des terp\u00e8nes<\/h4>\n<p>Chaque softgel d\u00e9livre un m\u00e9lange pr\u00e9cis de cannabino\u00efdes de 20 mg de CBD, 5 mg de CBG et 5 mg de CBC. Le profil terp\u00e9nique comprend du D-Limon\u00e8ne, du \u03b2-Caryophyll\u00e8ne, du Terpinol\u00e8ne, de l&rsquo;\u03b1-Pin\u00e8ne, du Myrc\u00e8ne et de l&rsquo;Ocim\u00e8ne - des compos\u00e9s connus pour leurs propri\u00e9t\u00e9s stimulantes et \u00e9nergisantes. Cette combinaison unique est sp\u00e9cifiquement formul\u00e9e pour fournir un soutien diurne, vous aidant potentiellement \u00e0 maintenir votre concentration et vos niveaux d&rsquo;\u00e9nergie tout en restant \u00e9quilibr\u00e9 tout au long de vos activit\u00e9s quotidiennes.  <\/p>\n<h4>Pourquoi choisir les g\u00e9lules ?<\/h4>\n<p>Les g\u00e9lules offrent aux utilisateurs m\u00e9dicaux un dosage pr\u00e9cis et constant, sans qu&rsquo;il soit n\u00e9cessaire de les mesurer ou de les pr\u00e9parer. Elles sont discr\u00e8tes, pratiques et id\u00e9ales pour maintenir une routine de bien-\u00eatre r\u00e9guli\u00e8re. Le format softgel permet d&rsquo;avaler facilement et d&rsquo;absorber le produit de mani\u00e8re optimale.  <\/p>\n<h4>Exp\u00e9dition dans tout le Canada<\/h4>\n<p>Green Tea Daily Softgels CBC:CBG:CBD + Terpenes est exp\u00e9di\u00e9 rapidement au Canada. Nous offrons une livraison gratuite pour toutes les commandes de plus de 150 $. Veuillez noter que les produits contenant de la g\u00e9latine peuvent fondre pendant l&rsquo;exp\u00e9dition durant les mois d&rsquo;\u00e9t\u00e9. Nous vous recommandons de tenir compte de ce probl\u00e8me potentiel lorsque vous passez votre commande.    Malheureusement, nous ne pouvons pas offrir de remboursement ou de remplacement pour les produits qui fondent pendant le transport. Nous vous remercions de votre compr\u00e9hension.<\/p>\n<h4>Avantages et couverture pour les anciens combattants<\/h4>\n<p>Green Tea Daily Softgels CBC:CBG:CBD + Terpenes est admissible \u00e0 la couverture d&rsquo;ACC (Anciens Combattants Canada) et \u00e0 la facturation directe par l&rsquo;entremise de la Croix Bleue, sans aucun d\u00e9bours\u00e9. Si vous n&rsquo;avez pas encore de carte m\u00e9dicale, <a href=\"https:\/\/mendomedical.ca\/fr\/carte-medicale\/\">obtenez votre carte m\u00e9dicale gratuite rapidement et facilement<\/a>. <\/p>\n<\/div>\n","protected":false},"featured_media":131105,"comment_status":"closed","ping_status":"closed","template":"","meta":{"_acf_changed":false,"site-sidebar-layout":"default","site-content-layout":"","ast-site-content-layout":"default","site-content-style":"default","site-sidebar-style":"default","ast-global-header-display":"","ast-banner-title-visibility":"","ast-main-header-display":"","ast-hfb-above-header-display":"","ast-hfb-below-header-display":"","ast-hfb-mobile-header-display":"","site-post-title":"","ast-breadcrumbs-content":"","ast-featured-img":"","footer-sml-layout":"","ast-disable-related-posts":"","theme-transparent-header-meta":"default","adv-header-id-meta":"","stick-header-meta":"","header-above-stick-meta":"","header-main-stick-meta":"","header-below-stick-meta":"","astra-migrate-meta-layouts":"set","ast-page-background-enabled":"default","ast-page-background-meta":{"desktop":{"background-color":"var(--ast-global-color-4)","background-image":"","background-repeat":"repeat","background-position":"center center","background-size":"auto","background-attachment":"scroll","background-type":"","background-media":"","overlay-type":"","overlay-color":"","overlay-opacity":"","overlay-gradient":""},"tablet":{"background-color":"","background-image":"","background-repeat":"repeat","background-position":"center center","background-size":"auto","background-attachment":"scroll","background-type":"","background-media":"","overlay-type":"","overlay-color":"","overlay-opacity":"","overlay-gradient":""},"mobile":{"background-color":"","background-image":"","background-repeat":"repeat","background-position":"center center","background-size":"auto","background-attachment":"scroll","background-type":"","background-media":"","overlay-type":"","overlay-color":"","overlay-opacity":"","overlay-gradient":""}},"ast-content-background-meta":{"desktop":{"background-color":"var(--ast-global-color-5)","background-image":"","background-repeat":"repeat","background-position":"center center","background-size":"auto","background-attachment":"scroll","background-type":"","background-media":"","overlay-type":"","overlay-color":"","overlay-opacity":"","overlay-gradient":""},"tablet":{"background-color":"var(--ast-global-color-5)","background-image":"","background-repeat":"repeat","background-position":"center center","background-size":"auto","background-attachment":"scroll","background-type":"","background-media":"","overlay-type":"","overlay-color":"","overlay-opacity":"","overlay-gradient":""},"mobile":{"background-color":"var(--ast-global-color-5)","background-image":"","background-repeat":"repeat","background-position":"center center","background-size":"auto","background-attachment":"scroll","background-type":"","background-media":"","overlay-type":"","overlay-color":"","overlay-opacity":"","overlay-gradient":""}}},"product_brand":[],"product_cat":[3853,1116,1114],"product_tag":[3686],"product_format_filter":[],"class_list":{"0":"post-131103","1":"product","2":"type-product","3":"status-publish","4":"has-post-thumbnail","6":"product_cat-cbd-minors-5-fr","7":"product_cat-gels-mous","8":"product_cat-gelules","9":"product_tag-proofly-fr","10":"pa_cbd-20mg-fr","11":"pa_cbg-5mg-4-fr","12":"pa_format-30-units-fr","13":"pa_intensity-low-cbg-fr","14":"pa_intensity-low-cbn-fr","15":"pa_intensity-cbd-moyen","16":"pa_marques-a-lepreuve","17":"pa_origin-ontario-fr","18":"desktop-align-left","19":"tablet-align-left","20":"mobile-align-left","22":"first","23":"instock","24":"taxable","25":"shipping-taxable","26":"purchasable","27":"product-type-simple"},"group_of_quantity":0,"min_quantity":0,"max_quantity":"","exclude_order_quantity_value_rules":"no","exclude_category_quantity_rules":"no","combine_variations":"no","acf":[],"_links":{"self":[{"href":"https:\/\/mendomedical.ca\/fr\/wp-json\/wp\/v2\/product\/131103","targetHints":{"allow":["GET"]}}],"collection":[{"href":"https:\/\/mendomedical.ca\/fr\/wp-json\/wp\/v2\/product"}],"about":[{"href":"https:\/\/mendomedical.ca\/fr\/wp-json\/wp\/v2\/types\/product"}],"replies":[{"embeddable":true,"href":"https:\/\/mendomedical.ca\/fr\/wp-json\/wp\/v2\/comments?post=131103"}],"wp:featuredmedia":[{"embeddable":true,"href":"https:\/\/mendomedical.ca\/fr\/wp-json\/wp\/v2\/media\/131105"}],"wp:attachment":[{"href":"https:\/\/mendomedical.ca\/fr\/wp-json\/wp\/v2\/media?parent=131103"}],"wp:term":[{"taxonomy":"product_brand","embeddable":true,"href":"https:\/\/mendomedical.ca\/fr\/wp-json\/wp\/v2\/product_brand?post=131103"},{"taxonomy":"product_cat","embeddable":true,"href":"https:\/\/mendomedical.ca\/fr\/wp-json\/wp\/v2\/product_cat?post=131103"},{"taxonomy":"product_tag","embeddable":true,"href":"https:\/\/mendomedical.ca\/fr\/wp-json\/wp\/v2\/product_tag?post=131103"},{"taxonomy":"product_format_filter","embeddable":true,"href":"https:\/\/mendomedical.ca\/fr\/wp-json\/wp\/v2\/product_format_filter?post=131103"}],"curies":[{"name":"wp","href":"https:\/\/api.w.org\/{rel}","templated":true}]}}