{"id":131088,"date":"2023-06-01T16:39:41","date_gmt":"2023-06-01T20:39:41","guid":{"rendered":"https:\/\/mendomedical.ca\/?post_type=product&#038;p=131088"},"modified":"2026-03-18T11:45:59","modified_gmt":"2026-03-18T15:45:59","slug":"popz-full-spectrum-high-thc-caps","status":"publish","type":"product","link":"https:\/\/mendomedical.ca\/fr\/produit\/popz-full-spectrum-high-thc-caps\/","title":{"rendered":"Popz Full Spectrum High THC Caps"},"content":{"rendered":"","protected":false},"excerpt":{"rendered":"<div class=\"ExternalClassBD0A66019F5C458B90A6BEEBAB22AA79\">\n<h3>Popz Full Spectrum High THC Caps<\/h3>\n<p>Les Popz Full Spectrum High THC Caps de Plush offrent un moyen pr\u00e9cis et pratique d&rsquo;exp\u00e9rimenter les avantages de l&rsquo;huile de cannabis \u00e0 spectre complet. Chaque capsule dure contient 10mg de THC ainsi qu&rsquo;un profil complet de cannabino\u00efdes et terp\u00e8nes naturels provenant de la souche Bubba Cookies (Bubba Kush X Girl Scout Cookies). Ces capsules discr\u00e8tes fournissent des effets constants et durables, id\u00e9aux pour les patients de cannabis m\u00e9dical \u00e0 la recherche d&rsquo;un dosage fiable.  <\/p>\n<h4>Caract\u00e9ristiques principales<\/h4>\n<ul>\n<li>10mg de THC par g\u00e9lule pour un dosage pr\u00e9cis et coh\u00e9rent<\/li>\n<li>L&rsquo;huile de cannabis \u00e0 spectre complet pr\u00e9serve le profil naturel des cannabino\u00efdes et des terp\u00e8nes.<\/li>\n<li>Effet d&rsquo;entourage renforc\u00e9 pour une exp\u00e9rience globale du cannabis<\/li>\n<li>Format discret et pratique, id\u00e9al pour une utilisation en d\u00e9placement<\/li>\n<li>Fabriqu\u00e9 avec de l&rsquo;huile MCT et de l&rsquo;extrait de cannabis pour une absorption optimale<\/li>\n<\/ul>\n<h4>Profil des cannabino\u00efdes et des terp\u00e8nes<\/h4>\n<p>Chaque capsule contient de l&rsquo;huile de cannabis \u00e0 spectre complet d\u00e9riv\u00e9e de la Bubba Cookies, un hybride puissant cr\u00e9\u00e9 en croisant la Bubba Kush avec la Girl Scout Cookies. Cette formulation maintient l&rsquo;\u00e9quilibre naturel des cannabino\u00efdes et des terp\u00e8nes, maximisant l&rsquo;effet d&rsquo;entourage pour offrir une exp\u00e9rience de cannabis robuste et compl\u00e8te. <\/p>\n<h4>Pourquoi choisir les g\u00e9lules ?<\/h4>\n<p>Les capsules de cannabis offrent aux utilisateurs m\u00e9dicaux une pr\u00e9cision de dosage et une commodit\u00e9 in\u00e9gal\u00e9es. Elles offrent une option sans fum\u00e9e et sans odeur, facile \u00e0 int\u00e9grer dans les routines quotidiennes de bien-\u00eatre, ce qui les rend id\u00e9ales pour les patients qui ont besoin d&rsquo;effets constants et pr\u00e9visibles. <\/p>\n<h4>Exp\u00e9dition dans tout le Canada<\/h4>\n<p>Les Popz Full Spectrum High THC Caps sont exp\u00e9di\u00e9s rapidement \u00e0 travers le Canada. Nous offrons une livraison gratuite pour toutes les commandes de plus de 150 $, ce qui vous assure de recevoir vos produits de cannabis m\u00e9dical rapidement et discr\u00e8tement. <\/p>\n<h4>Avantages et couverture pour les anciens combattants<\/h4>\n<p>Les Popz Full Spectrum High THC Caps sont admissibles \u00e0 la couverture d&rsquo;ACC (Anciens Combattants Canada) et \u00e0 la facturation directe par la Croix Bleue, ce qui signifie que les anciens combattants admissibles n&rsquo;ont pas \u00e0 d\u00e9bourser d&rsquo;argent. Si vous n&rsquo;avez pas encore de carte de cannabis m\u00e9dical, <a href=\"https:\/\/mendomedical.ca\/fr\/carte-medicale\/\">obtenez votre carte m\u00e9dicale gratuite rapidement et facilement<\/a> pour acc\u00e9der \u00e0 ces avantages. <\/p>\n<p><strong>Ingr\u00e9dients :<\/strong> Huile MCT, extrait de cannabis<\/p>\n<\/div>\n","protected":false},"featured_media":131090,"comment_status":"closed","ping_status":"closed","template":"","meta":{"_acf_changed":false,"site-sidebar-layout":"default","site-content-layout":"","ast-site-content-layout":"default","site-content-style":"default","site-sidebar-style":"default","ast-global-header-display":"","ast-banner-title-visibility":"","ast-main-header-display":"","ast-hfb-above-header-display":"","ast-hfb-below-header-display":"","ast-hfb-mobile-header-display":"","site-post-title":"","ast-breadcrumbs-content":"","ast-featured-img":"","footer-sml-layout":"","ast-disable-related-posts":"","theme-transparent-header-meta":"default","adv-header-id-meta":"","stick-header-meta":"","header-above-stick-meta":"","header-main-stick-meta":"","header-below-stick-meta":"","astra-migrate-meta-layouts":"set","ast-page-background-enabled":"default","ast-page-background-meta":{"desktop":{"background-color":"var(--ast-global-color-4)","background-image":"","background-repeat":"repeat","background-position":"center center","background-size":"auto","background-attachment":"scroll","background-type":"","background-media":"","overlay-type":"","overlay-color":"","overlay-opacity":"","overlay-gradient":""},"tablet":{"background-color":"","background-image":"","background-repeat":"repeat","background-position":"center center","background-size":"auto","background-attachment":"scroll","background-type":"","background-media":"","overlay-type":"","overlay-color":"","overlay-opacity":"","overlay-gradient":""},"mobile":{"background-color":"","background-image":"","background-repeat":"repeat","background-position":"center center","background-size":"auto","background-attachment":"scroll","background-type":"","background-media":"","overlay-type":"","overlay-color":"","overlay-opacity":"","overlay-gradient":""}},"ast-content-background-meta":{"desktop":{"background-color":"var(--ast-global-color-5)","background-image":"","background-repeat":"repeat","background-position":"center center","background-size":"auto","background-attachment":"scroll","background-type":"","background-media":"","overlay-type":"","overlay-color":"","overlay-opacity":"","overlay-gradient":""},"tablet":{"background-color":"var(--ast-global-color-5)","background-image":"","background-repeat":"repeat","background-position":"center center","background-size":"auto","background-attachment":"scroll","background-type":"","background-media":"","overlay-type":"","overlay-color":"","overlay-opacity":"","overlay-gradient":""},"mobile":{"background-color":"var(--ast-global-color-5)","background-image":"","background-repeat":"repeat","background-position":"center center","background-size":"auto","background-attachment":"scroll","background-type":"","background-media":"","overlay-type":"","overlay-color":"","overlay-opacity":"","overlay-gradient":""}}},"product_brand":[],"product_cat":[1115,1114],"product_tag":[2369],"product_format_filter":[],"class_list":{"0":"post-131088","1":"product","2":"type-product","3":"status-publish","4":"has-post-thumbnail","6":"product_cat-gelules-fr","7":"product_cat-gelules","8":"product_tag-plush-fr","9":"pa_format-50-units-fr","10":"pa_intensity-thc-eleve","11":"pa_marques-plush-fr","12":"pa_origin-ontario-fr","13":"pa_thc-500mg-total-2-fr","14":"desktop-align-left","15":"tablet-align-left","16":"mobile-align-left","18":"first","19":"instock","20":"taxable","21":"shipping-taxable","22":"purchasable","23":"product-type-simple"},"group_of_quantity":0,"min_quantity":0,"max_quantity":"","exclude_order_quantity_value_rules":"no","exclude_category_quantity_rules":"no","combine_variations":"no","acf":[],"_links":{"self":[{"href":"https:\/\/mendomedical.ca\/fr\/wp-json\/wp\/v2\/product\/131088","targetHints":{"allow":["GET"]}}],"collection":[{"href":"https:\/\/mendomedical.ca\/fr\/wp-json\/wp\/v2\/product"}],"about":[{"href":"https:\/\/mendomedical.ca\/fr\/wp-json\/wp\/v2\/types\/product"}],"replies":[{"embeddable":true,"href":"https:\/\/mendomedical.ca\/fr\/wp-json\/wp\/v2\/comments?post=131088"}],"wp:featuredmedia":[{"embeddable":true,"href":"https:\/\/mendomedical.ca\/fr\/wp-json\/wp\/v2\/media\/131090"}],"wp:attachment":[{"href":"https:\/\/mendomedical.ca\/fr\/wp-json\/wp\/v2\/media?parent=131088"}],"wp:term":[{"taxonomy":"product_brand","embeddable":true,"href":"https:\/\/mendomedical.ca\/fr\/wp-json\/wp\/v2\/product_brand?post=131088"},{"taxonomy":"product_cat","embeddable":true,"href":"https:\/\/mendomedical.ca\/fr\/wp-json\/wp\/v2\/product_cat?post=131088"},{"taxonomy":"product_tag","embeddable":true,"href":"https:\/\/mendomedical.ca\/fr\/wp-json\/wp\/v2\/product_tag?post=131088"},{"taxonomy":"product_format_filter","embeddable":true,"href":"https:\/\/mendomedical.ca\/fr\/wp-json\/wp\/v2\/product_format_filter?post=131088"}],"curies":[{"name":"wp","href":"https:\/\/api.w.org\/{rel}","templated":true}]}}