{"id":131082,"date":"2023-06-01T08:33:23","date_gmt":"2023-06-01T12:33:23","guid":{"rendered":"https:\/\/mendomedical.ca\/?post_type=product&#038;p=131082"},"modified":"2026-04-16T15:47:36","modified_gmt":"2026-04-16T19:47:36","slug":"rest-moment-cbdcbncbg-tablets","status":"publish","type":"product","link":"https:\/\/mendomedical.ca\/fr\/produit\/rest-moment-cbdcbncbg-tablets\/","title":{"rendered":"Rest Moments CBD:CBN:CBG comprim\u00e9s"},"content":{"rendered":"","protected":false},"excerpt":{"rendered":"<div class=\"ExternalClass33BA3B08B75E4ED18CCBE371ACCC1E6D\">\n<h3>Rest Moment CBD:CBN:CBG Comprim\u00e9s<\/h3>\n<p>D\u00e9couvrez la puissance de la science avanc\u00e9e des cannabino\u00efdes avec les comprim\u00e9s Rest Moment d&rsquo;Ufeelu. Ces comprim\u00e9s innovants RapidSense\u2122 nano-\u00e9mulsifi\u00e9s combinent le CBD, le CBN et le CBG avec un m\u00e9lange exclusif de 18 terp\u00e8nes REST pour favoriser la relaxation et le repos. Chaque bo\u00eete contient 15 comprim\u00e9s \u00e0 action rapide et \u00e0 avaler qui sont v\u00e9g\u00e9taliens, sans sucre, sans gluten, casher et certifi\u00e9s halal, ce qui les rend adapt\u00e9s \u00e0 diverses exigences alimentaires.  <\/p>\n<h4>Caract\u00e9ristiques principales<\/h4>\n<ul>\n<li>Nanotechnologie avanc\u00e9e RapidSense\u2122 pour une biodisponibilit\u00e9 am\u00e9lior\u00e9e et une action plus rapide.<\/li>\n<li>Formule non psychoactive \u00e0 base de trois cannabino\u00efdes, dont le CBD, le CBN et le CBG<\/li>\n<li>M\u00e9lange exclusif de 18 terp\u00e8nes REST d\u00e9velopp\u00e9 avec Ebyna Technologies<\/li>\n<li>15 comprim\u00e9s par bo\u00eete - v\u00e9g\u00e9talien, sans sucre, sans gluten, casher et halal<\/li>\n<li>Fabriqu\u00e9 avec de l&rsquo;extrait de chanvre cultiv\u00e9 au Canada<\/li>\n<\/ul>\n<h4>Profil des cannabino\u00efdes et des terp\u00e8nes<\/h4>\n<p>Les comprim\u00e9s Rest Moment pr\u00e9sentent un profil cannabino\u00efde soigneusement \u00e9labor\u00e9, centr\u00e9 sur le CBN, qui a fait l&rsquo;objet de recherches pour ses propri\u00e9t\u00e9s potentielles de relaxation et de r\u00e9gulation du sommeil. La formule comprend du CBD et du CBG, des cannabino\u00efdes \u00e9tudi\u00e9s pour leurs bienfaits anti-inflammatoires potentiels. Le m\u00e9lange exclusif 18-terp\u00e8nes REST, d\u00e9velopp\u00e9 en collaboration avec Ebyna Technologies, comprend du \u0394-limon\u00e8ne, du linalol, de l&rsquo;\u03b1-pin\u00e8ne, du \u03b2-caryophyll\u00e8ne et du \u03b2-pin\u00e8ne pour am\u00e9liorer l&rsquo;exp\u00e9rience globale.  <\/p>\n<h4>Pourquoi choisir les capsules de CBD<\/h4>\n<p>Les capsules de CBD offrent aux utilisateurs m\u00e9dicaux un moyen pratique, pr\u00e9cis et discret d&rsquo;incorporer les cannabino\u00efdes dans leur routine de bien-\u00eatre. Les doses pr\u00e9mesur\u00e9es \u00e9liminent les conjectures, tandis que le format familier des comprim\u00e9s les rend faciles \u00e0 int\u00e9grer dans les r\u00e9gimes de compl\u00e9ments quotidiens. <\/p>\n<h4>Exp\u00e9dition dans tout le Canada<\/h4>\n<p>Les comprim\u00e9s Rest Moment CBD:CBN:CBG sont exp\u00e9di\u00e9s rapidement au Canada. Nous offrons une livraison gratuite pour toutes les commandes de plus de 150 $, ce qui vous assure de recevoir vos produits de bien-\u00eatre rapidement et \u00e0 un prix abordable. <\/p>\n<h4>Avantages et couverture pour les anciens combattants<\/h4>\n<p>Les comprim\u00e9s CBD:CBN:CBG de Rest Moment sont admissibles \u00e0 la couverture d&rsquo;ACC (Anciens Combattants Canada) avec facturation directe par l&rsquo;entremise de la Croix Bleue, ce qui signifie que les anciens combattants admissibles n&rsquo;ont pas \u00e0 d\u00e9bourser d&rsquo;argent. Si vous n&rsquo;avez pas encore d&rsquo;ordonnance de cannabis m\u00e9dical, obtenez votre carte m\u00e9dicale gratuite rapidement et facilement sur <a href=\"https:\/\/mendomedical.ca\/fr\/carte-medicale\/\">https:\/\/mendomedical.ca\/medical-card\/.<\/a> <\/p>\n<\/div>\n","protected":false},"featured_media":131084,"comment_status":"closed","ping_status":"closed","template":"","meta":{"_acf_changed":false,"site-sidebar-layout":"default","site-content-layout":"","ast-site-content-layout":"default","site-content-style":"default","site-sidebar-style":"default","ast-global-header-display":"","ast-banner-title-visibility":"","ast-main-header-display":"","ast-hfb-above-header-display":"","ast-hfb-below-header-display":"","ast-hfb-mobile-header-display":"","site-post-title":"","ast-breadcrumbs-content":"","ast-featured-img":"","footer-sml-layout":"","ast-disable-related-posts":"","theme-transparent-header-meta":"default","adv-header-id-meta":"","stick-header-meta":"","header-above-stick-meta":"","header-main-stick-meta":"","header-below-stick-meta":"","astra-migrate-meta-layouts":"set","ast-page-background-enabled":"default","ast-page-background-meta":{"desktop":{"background-color":"var(--ast-global-color-4)","background-image":"","background-repeat":"repeat","background-position":"center center","background-size":"auto","background-attachment":"scroll","background-type":"","background-media":"","overlay-type":"","overlay-color":"","overlay-opacity":"","overlay-gradient":""},"tablet":{"background-color":"","background-image":"","background-repeat":"repeat","background-position":"center center","background-size":"auto","background-attachment":"scroll","background-type":"","background-media":"","overlay-type":"","overlay-color":"","overlay-opacity":"","overlay-gradient":""},"mobile":{"background-color":"","background-image":"","background-repeat":"repeat","background-position":"center center","background-size":"auto","background-attachment":"scroll","background-type":"","background-media":"","overlay-type":"","overlay-color":"","overlay-opacity":"","overlay-gradient":""}},"ast-content-background-meta":{"desktop":{"background-color":"var(--ast-global-color-5)","background-image":"","background-repeat":"repeat","background-position":"center center","background-size":"auto","background-attachment":"scroll","background-type":"","background-media":"","overlay-type":"","overlay-color":"","overlay-opacity":"","overlay-gradient":""},"tablet":{"background-color":"var(--ast-global-color-5)","background-image":"","background-repeat":"repeat","background-position":"center center","background-size":"auto","background-attachment":"scroll","background-type":"","background-media":"","overlay-type":"","overlay-color":"","overlay-opacity":"","overlay-gradient":""},"mobile":{"background-color":"var(--ast-global-color-5)","background-image":"","background-repeat":"repeat","background-position":"center center","background-size":"auto","background-attachment":"scroll","background-type":"","background-media":"","overlay-type":"","overlay-color":"","overlay-opacity":"","overlay-gradient":""}}},"product_brand":[],"product_cat":[1115,3853,1114],"product_tag":[3838],"product_format_filter":[],"class_list":{"0":"post-131082","1":"product","2":"type-product","3":"status-publish","4":"has-post-thumbnail","6":"product_cat-gelules-fr","7":"product_cat-cbd-minors-5-fr","8":"product_cat-gelules","9":"product_tag-ufeelu-fr","10":"pa_cbd-10mg-fr","11":"pa_cbg-5mg-4-fr","12":"pa_cbn-5mg-fr","13":"pa_format-15-units-fr","14":"pa_intensity-low-cbg-fr","15":"pa_intensity-low-cbn-fr","16":"pa_intensity-cbd-moyen","17":"pa_marques-ufeelu-fr","18":"pa_origin-ontario-fr","19":"desktop-align-left","20":"tablet-align-left","21":"mobile-align-left","23":"first","24":"instock","25":"taxable","26":"shipping-taxable","27":"purchasable","28":"product-type-simple"},"group_of_quantity":0,"min_quantity":0,"max_quantity":"","exclude_order_quantity_value_rules":"no","exclude_category_quantity_rules":"no","combine_variations":"no","acf":[],"_links":{"self":[{"href":"https:\/\/mendomedical.ca\/fr\/wp-json\/wp\/v2\/product\/131082","targetHints":{"allow":["GET"]}}],"collection":[{"href":"https:\/\/mendomedical.ca\/fr\/wp-json\/wp\/v2\/product"}],"about":[{"href":"https:\/\/mendomedical.ca\/fr\/wp-json\/wp\/v2\/types\/product"}],"replies":[{"embeddable":true,"href":"https:\/\/mendomedical.ca\/fr\/wp-json\/wp\/v2\/comments?post=131082"}],"wp:featuredmedia":[{"embeddable":true,"href":"https:\/\/mendomedical.ca\/fr\/wp-json\/wp\/v2\/media\/131084"}],"wp:attachment":[{"href":"https:\/\/mendomedical.ca\/fr\/wp-json\/wp\/v2\/media?parent=131082"}],"wp:term":[{"taxonomy":"product_brand","embeddable":true,"href":"https:\/\/mendomedical.ca\/fr\/wp-json\/wp\/v2\/product_brand?post=131082"},{"taxonomy":"product_cat","embeddable":true,"href":"https:\/\/mendomedical.ca\/fr\/wp-json\/wp\/v2\/product_cat?post=131082"},{"taxonomy":"product_tag","embeddable":true,"href":"https:\/\/mendomedical.ca\/fr\/wp-json\/wp\/v2\/product_tag?post=131082"},{"taxonomy":"product_format_filter","embeddable":true,"href":"https:\/\/mendomedical.ca\/fr\/wp-json\/wp\/v2\/product_format_filter?post=131082"}],"curies":[{"name":"wp","href":"https:\/\/api.w.org\/{rel}","templated":true}]}}