{"id":131076,"date":"2023-06-01T08:30:50","date_gmt":"2023-06-01T12:30:50","guid":{"rendered":"https:\/\/mendomedical.ca\/?post_type=product&#038;p=131076"},"modified":"2026-04-16T22:26:35","modified_gmt":"2026-04-17T02:26:35","slug":"focus-moment-cbdcbccbg-tablets","status":"publish","type":"product","link":"https:\/\/mendomedical.ca\/fr\/produit\/focus-moment-cbdcbccbg-tablets\/","title":{"rendered":"Focus Moments CBD:CBC:CBG comprim\u00e9s"},"content":{"rendered":"","protected":false},"excerpt":{"rendered":"<div class=\"ExternalClassE4062B28DEAF474ABFF35161182AA5DC\">\n<h3>Focus Moment CBD:CBC:CBG Comprim\u00e9s<\/h3>\n<p>Faites l&rsquo;exp\u00e9rience d&rsquo;une clart\u00e9 mentale accrue avec les comprim\u00e9s Focus Moment d&rsquo;Ufeelu. Ces comprim\u00e9s nano-\u00e9mulsifi\u00e9s innovants combinent le CBD, le CBC et le CBG avec un m\u00e9lange exclusif de 38 terp\u00e8nes FOCUS, offrant un soutien \u00e0 action rapide lorsque vous en avez le plus besoin. Fabriqu\u00e9 \u00e0 l&rsquo;aide de la nanotechnologie RapidSense\u2122 pour une biodisponibilit\u00e9 sup\u00e9rieure, chaque paquet contient 15 comprim\u00e9s v\u00e9g\u00e9taliens, sans sucre et conformes aux normes kasher et halal.  <\/p>\n<h4>Caract\u00e9ristiques principales<\/h4>\n<ul>\n<li>Formule avanc\u00e9e RapidSense\u2122 nano-\u00e9mulsionn\u00e9e pour une absorption plus rapide et une biodisponibilit\u00e9 plus \u00e9lev\u00e9e que les g\u00e9lules standard.<\/li>\n<li>M\u00e9lange non psychoactif de cannabino\u00efdes CBD, CBC et CBG pour une utilisation quotidienne polyvalente.<\/li>\n<li>Contient un m\u00e9lange FOCUS de 38 terp\u00e8nes d\u00e9velopp\u00e9 en collaboration avec Ebyna Technologies.<\/li>\n<li>Certifi\u00e9 v\u00e9g\u00e9talien, sans sucre, sans gluten, casher et halal<\/li>\n<li>Fabriqu\u00e9 \u00e0 partir d&rsquo;extrait de chanvre cultiv\u00e9 au Canada, ce qui garantit sa qualit\u00e9 et sa puret\u00e9.<\/li>\n<\/ul>\n<h4>Profil des cannabino\u00efdes et des terp\u00e8nes<\/h4>\n<p>Les comprim\u00e9s Focus Moment contiennent une combinaison bien pens\u00e9e de cannabino\u00efdes et de terp\u00e8nes. Le CBC et le CBG sont inclus pour leurs propri\u00e9t\u00e9s anti-inflammatoires, stimulantes et r\u00e9gulatrices de l&rsquo;humeur. Le m\u00e9lange exclusif de terp\u00e8nes FOCUS comprend du n\u00e9rolidol, du linalol, du farn\u00e9sol, du menthol et du g\u00e9raniol, sp\u00e9cifiquement s\u00e9lectionn\u00e9s pour compl\u00e9ter le profil des cannabino\u00efdes et am\u00e9liorer l&rsquo;exp\u00e9rience globale.  <\/p>\n<h4>Pourquoi choisir les capsules de CBD<\/h4>\n<p>Les capsules de CBD offrent aux consommateurs de cannabis m\u00e9dical un dosage pr\u00e9cis et une consommation pratique sans avoir \u00e0 fumer ou \u00e0 vaper. La technologie nano-\u00e9mulsifi\u00e9e des comprim\u00e9s Focus Moment peut offrir un temps d&rsquo;action plus rapide que les g\u00e9lules traditionnelles, ce qui les rend id\u00e9ales pour ceux qui recherchent un soutien rapide pour la concentration et la clart\u00e9 mentale. <\/p>\n<h4>Exp\u00e9dition dans tout le Canada<\/h4>\n<p>Les comprim\u00e9s Focus Moment CBD:CBC:CBG sont exp\u00e9di\u00e9s rapidement au Canada. Nous offrons une livraison gratuite pour les commandes de plus de 150 $, ce qui vous assure de recevoir vos produits de bien-\u00eatre \u00e0 votre porte. <\/p>\n<h4>Avantages et couverture pour les anciens combattants<\/h4>\n<p>Les comprim\u00e9s Focus Moment CBD:CBC:CBG sont admissibles \u00e0 la couverture d&rsquo;ACC (Anciens Combattants Canada) avec facturation directe par l&rsquo;entremise de la Croix Bleue - ce qui signifie que les anciens combattants admissibles n&rsquo;ont pas \u00e0 d\u00e9bourser d&rsquo;argent. Si vous n&rsquo;avez pas encore d&rsquo;ordonnance de cannabis m\u00e9dical, <a href=\"https:\/\/mendomedical.ca\/fr\/carte-medicale\/\">obtenez rapidement et facilement votre carte m\u00e9dicale gratuite<\/a>. <\/p>\n<div style=\"14px;14px\"><span><b>Ingr\u00e9dients<\/b><br \/><\/span><span>Betadex, cellulose microcristalline, extrait de cannabis, copovidone, st\u00e9arate de magn\u00e9sium, crosscarmellose sodique, dioxyde de silicone, acide ascorbique, agent aromatique, terp\u00e8nes botaniques.<\/span><\/div>\n<\/div>\n","protected":false},"featured_media":131078,"comment_status":"closed","ping_status":"closed","template":"","meta":{"_acf_changed":false,"site-sidebar-layout":"default","site-content-layout":"","ast-site-content-layout":"default","site-content-style":"default","site-sidebar-style":"default","ast-global-header-display":"","ast-banner-title-visibility":"","ast-main-header-display":"","ast-hfb-above-header-display":"","ast-hfb-below-header-display":"","ast-hfb-mobile-header-display":"","site-post-title":"","ast-breadcrumbs-content":"","ast-featured-img":"","footer-sml-layout":"","ast-disable-related-posts":"","theme-transparent-header-meta":"default","adv-header-id-meta":"","stick-header-meta":"","header-above-stick-meta":"","header-main-stick-meta":"","header-below-stick-meta":"","astra-migrate-meta-layouts":"set","ast-page-background-enabled":"default","ast-page-background-meta":{"desktop":{"background-color":"var(--ast-global-color-4)","background-image":"","background-repeat":"repeat","background-position":"center center","background-size":"auto","background-attachment":"scroll","background-type":"","background-media":"","overlay-type":"","overlay-color":"","overlay-opacity":"","overlay-gradient":""},"tablet":{"background-color":"","background-image":"","background-repeat":"repeat","background-position":"center center","background-size":"auto","background-attachment":"scroll","background-type":"","background-media":"","overlay-type":"","overlay-color":"","overlay-opacity":"","overlay-gradient":""},"mobile":{"background-color":"","background-image":"","background-repeat":"repeat","background-position":"center center","background-size":"auto","background-attachment":"scroll","background-type":"","background-media":"","overlay-type":"","overlay-color":"","overlay-opacity":"","overlay-gradient":""}},"ast-content-background-meta":{"desktop":{"background-color":"var(--ast-global-color-5)","background-image":"","background-repeat":"repeat","background-position":"center center","background-size":"auto","background-attachment":"scroll","background-type":"","background-media":"","overlay-type":"","overlay-color":"","overlay-opacity":"","overlay-gradient":""},"tablet":{"background-color":"var(--ast-global-color-5)","background-image":"","background-repeat":"repeat","background-position":"center center","background-size":"auto","background-attachment":"scroll","background-type":"","background-media":"","overlay-type":"","overlay-color":"","overlay-opacity":"","overlay-gradient":""},"mobile":{"background-color":"var(--ast-global-color-5)","background-image":"","background-repeat":"repeat","background-position":"center center","background-size":"auto","background-attachment":"scroll","background-type":"","background-media":"","overlay-type":"","overlay-color":"","overlay-opacity":"","overlay-gradient":""}}},"product_brand":[],"product_cat":[1115,3853,1114],"product_tag":[3838],"product_format_filter":[],"class_list":{"0":"post-131076","1":"product","2":"type-product","3":"status-publish","4":"has-post-thumbnail","6":"product_cat-gelules-fr","7":"product_cat-cbd-minors-5-fr","8":"product_cat-gelules","9":"product_tag-ufeelu-fr","10":"pa_cbc-5mg-fr","11":"pa_cbd-10mg-fr","12":"pa_cbg-5mg-4-fr","13":"pa_format-15-units-fr","14":"pa_intensity-low-cbc-fr","15":"pa_intensity-low-cbg-fr","16":"pa_intensity-cbd-moyen","17":"pa_marques-ufeelu-fr","18":"pa_origin-ontario-fr","19":"desktop-align-left","20":"tablet-align-left","21":"mobile-align-left","23":"first","24":"instock","25":"taxable","26":"shipping-taxable","27":"purchasable","28":"product-type-simple"},"group_of_quantity":0,"min_quantity":0,"max_quantity":"","exclude_order_quantity_value_rules":"no","exclude_category_quantity_rules":"no","combine_variations":"no","acf":[],"_links":{"self":[{"href":"https:\/\/mendomedical.ca\/fr\/wp-json\/wp\/v2\/product\/131076","targetHints":{"allow":["GET"]}}],"collection":[{"href":"https:\/\/mendomedical.ca\/fr\/wp-json\/wp\/v2\/product"}],"about":[{"href":"https:\/\/mendomedical.ca\/fr\/wp-json\/wp\/v2\/types\/product"}],"replies":[{"embeddable":true,"href":"https:\/\/mendomedical.ca\/fr\/wp-json\/wp\/v2\/comments?post=131076"}],"wp:featuredmedia":[{"embeddable":true,"href":"https:\/\/mendomedical.ca\/fr\/wp-json\/wp\/v2\/media\/131078"}],"wp:attachment":[{"href":"https:\/\/mendomedical.ca\/fr\/wp-json\/wp\/v2\/media?parent=131076"}],"wp:term":[{"taxonomy":"product_brand","embeddable":true,"href":"https:\/\/mendomedical.ca\/fr\/wp-json\/wp\/v2\/product_brand?post=131076"},{"taxonomy":"product_cat","embeddable":true,"href":"https:\/\/mendomedical.ca\/fr\/wp-json\/wp\/v2\/product_cat?post=131076"},{"taxonomy":"product_tag","embeddable":true,"href":"https:\/\/mendomedical.ca\/fr\/wp-json\/wp\/v2\/product_tag?post=131076"},{"taxonomy":"product_format_filter","embeddable":true,"href":"https:\/\/mendomedical.ca\/fr\/wp-json\/wp\/v2\/product_format_filter?post=131076"}],"curies":[{"name":"wp","href":"https:\/\/api.w.org\/{rel}","templated":true}]}}