{"id":131068,"date":"2023-08-01T11:28:31","date_gmt":"2023-08-01T15:28:31","guid":{"rendered":"https:\/\/mendomedical.ca\/?post_type=product&#038;p=131068"},"modified":"2026-05-05T10:02:27","modified_gmt":"2026-05-05T14:02:27","slug":"calm-drops","status":"publish","type":"product","link":"https:\/\/mendomedical.ca\/fr\/produit\/calm-drops\/","title":{"rendered":"Calm Drops"},"content":{"rendered":"","protected":false},"excerpt":{"rendered":"<div class=\"ExternalClass4E36B1B96C8447999D366E727FACD1C2\">\n<h3>Calm Drops par Ufeelu - Teinture d&rsquo;huile de CBD et CBG de qualit\u00e9 sup\u00e9rieure<\/h3>\n<p>Faites l&rsquo;exp\u00e9rience de la tranquillit\u00e9 avec Calm Drops d&rsquo;Ufeelu, une teinture d&rsquo;huile de CBD \u00e9labor\u00e9e avec soin, comprenant un m\u00e9lange non intoxicant de 900 mg de CBD et 300 mg de CBG dans une base d&rsquo;huile de tournesol douce. Cet extrait de chanvre \u00e0 large spectre combine la puissance des cannabino\u00efdes avec le m\u00e9lange CALM d&rsquo;Ufeelu, compos\u00e9 de 18 terp\u00e8nes botaniques, offrant des notes subtiles de lavande, de menthe poivr\u00e9e et d&rsquo;agrumes. Con\u00e7ue pour une utilisation quotidienne polyvalente, chaque dose de 1 ml, mesur\u00e9e avec pr\u00e9cision, d\u00e9livre 30 mg de CBD et 10 mg de CBG, ce qui permet de l&rsquo;int\u00e9grer facilement \u00e0 votre routine de bien-\u00eatre, qu&rsquo;elle soit prise par voie sublinguale ou ajout\u00e9e \u00e0 votre boisson pr\u00e9f\u00e9r\u00e9e.  <\/p>\n<h4>Caract\u00e9ristiques principales<\/h4>\n<ul>\n<li>Formule premium \u00e0 large spectre avec 900 mg de CBD et 300 mg de CBG extraits de chanvre cultiv\u00e9 au Canada.<\/li>\n<li>Infus\u00e9 avec le m\u00e9lange CALM exclusif comprenant 18 terp\u00e8nes botaniques dont le \u03b2-caryophyll\u00e8ne, le linalol et le \u0394-limon\u00e8ne.<\/li>\n<li>La base d&rsquo;huile de tournesol douce constitue une alternative \u00e0 l&rsquo;huile MCT qui m\u00e9nage l&rsquo;estomac.<\/li>\n<li>Dosage pr\u00e9cis gr\u00e2ce \u00e0 la seringue de 1ml incluse qui d\u00e9livre 30mg de CBD et 10mg de CBG par portion.<\/li>\n<li>Formule non psychoactive adapt\u00e9e \u00e0 une utilisation \u00e0 tout moment de la journ\u00e9e<\/li>\n<\/ul>\n<h4>Profil aromatique et terp\u00e9nique<\/h4>\n<p>Calm Drops pr\u00e9sente un profil de saveur sophistiqu\u00e9 avec des notes subtiles de lavande, de menthe et d&rsquo;agrumes d\u00e9riv\u00e9es du m\u00e9lange terp\u00e9nique CALM personnalis\u00e9. D\u00e9velopp\u00e9 en collaboration avec Ebyna Technologies, leader mondial de la recherche sur les terp\u00e8nes, ce m\u00e9lange fonctionnel contient du \u03b2-caryophyll\u00e8ne, du linalol, du \u0394-limon\u00e8ne, de l&rsquo;\u03b1-phellandr\u00e8ne et du myrc\u00e8ne. L&rsquo;ajout de CBG, recherch\u00e9 pour ses propri\u00e9t\u00e9s r\u00e9gulatrices de l&rsquo;humeur, compl\u00e8te le profil terp\u00e9nique pour cr\u00e9er une exp\u00e9rience de centrage con\u00e7ue pour apporter un \u00e9quilibre \u00e0 votre journ\u00e9e.  <\/p>\n<h4>Pourquoi choisir les teintures d&rsquo;huile de CBD<\/h4>\n<p>Les teintures d&rsquo;huile de CBD offrent aux consommateurs de cannabis m\u00e9dical un contr\u00f4le pr\u00e9cis du dosage et des m\u00e9thodes de consommation polyvalentes. La m\u00e9thode d&rsquo;administration sublinguale permet une absorption efficace, tandis que la possibilit\u00e9 d&rsquo;ajouter des gouttes aux boissons offre une certaine flexibilit\u00e9 \u00e0 ceux qui pr\u00e9f\u00e8rent d&rsquo;autres m\u00e9thodes de consommation. <\/p>\n<h4>Exp\u00e9dition dans tout le Canada<\/h4>\n<p>Calm Drops est exp\u00e9di\u00e9 rapidement \u00e0 travers le Canada avec une livraison gratuite sur les commandes de plus de 150 $. Nous assurons une livraison rapide et discr\u00e8te \u00e0 votre porte, ce qui vous permet de maintenir votre routine de bien-\u00eatre. <\/p>\n<h4>Avantages et couverture pour les anciens combattants<\/h4>\n<p>Calm Drops est admissible \u00e0 la couverture d&rsquo;ACC (Anciens Combattants Canada) et \u00e0 la facturation directe par l&rsquo;entremise de la Croix Bleue, ce qui signifie qu&rsquo;il n&rsquo;y a pas de frais \u00e0 d\u00e9bourser pour les anciens combattants admissibles. Si vous n&rsquo;avez pas encore votre carte de cannabis m\u00e9dical, <a href=\"https:\/\/mendomedical.ca\/fr\/carte-medicale\/\">obtenez votre carte m\u00e9dicale gratuite rapidement et facilement<\/a> pour acc\u00e9der \u00e0 ces avantages. <\/p>\n<\/div>\n","protected":false},"featured_media":131070,"comment_status":"closed","ping_status":"closed","template":"","meta":{"_acf_changed":false,"site-sidebar-layout":"default","site-content-layout":"","ast-site-content-layout":"default","site-content-style":"default","site-sidebar-style":"default","ast-global-header-display":"","ast-banner-title-visibility":"","ast-main-header-display":"","ast-hfb-above-header-display":"","ast-hfb-below-header-display":"","ast-hfb-mobile-header-display":"","site-post-title":"","ast-breadcrumbs-content":"","ast-featured-img":"","footer-sml-layout":"","ast-disable-related-posts":"","theme-transparent-header-meta":"default","adv-header-id-meta":"","stick-header-meta":"","header-above-stick-meta":"","header-main-stick-meta":"","header-below-stick-meta":"","astra-migrate-meta-layouts":"set","ast-page-background-enabled":"default","ast-page-background-meta":{"desktop":{"background-color":"var(--ast-global-color-4)","background-image":"","background-repeat":"repeat","background-position":"center center","background-size":"auto","background-attachment":"scroll","background-type":"","background-media":"","overlay-type":"","overlay-color":"","overlay-opacity":"","overlay-gradient":""},"tablet":{"background-color":"","background-image":"","background-repeat":"repeat","background-position":"center center","background-size":"auto","background-attachment":"scroll","background-type":"","background-media":"","overlay-type":"","overlay-color":"","overlay-opacity":"","overlay-gradient":""},"mobile":{"background-color":"","background-image":"","background-repeat":"repeat","background-position":"center center","background-size":"auto","background-attachment":"scroll","background-type":"","background-media":"","overlay-type":"","overlay-color":"","overlay-opacity":"","overlay-gradient":""}},"ast-content-background-meta":{"desktop":{"background-color":"var(--ast-global-color-5)","background-image":"","background-repeat":"repeat","background-position":"center center","background-size":"auto","background-attachment":"scroll","background-type":"","background-media":"","overlay-type":"","overlay-color":"","overlay-opacity":"","overlay-gradient":""},"tablet":{"background-color":"var(--ast-global-color-5)","background-image":"","background-repeat":"repeat","background-position":"center center","background-size":"auto","background-attachment":"scroll","background-type":"","background-media":"","overlay-type":"","overlay-color":"","overlay-opacity":"","overlay-gradient":""},"mobile":{"background-color":"var(--ast-global-color-5)","background-image":"","background-repeat":"repeat","background-position":"center center","background-size":"auto","background-attachment":"scroll","background-type":"","background-media":"","overlay-type":"","overlay-color":"","overlay-opacity":"","overlay-gradient":""}}},"product_brand":[],"product_cat":[3837,1691,1143],"product_tag":[3838],"product_format_filter":[],"class_list":{"0":"post-131068","1":"product","2":"type-product","3":"status-publish","4":"has-post-thumbnail","6":"product_cat-cbd-minors-4-fr","7":"product_cat-sans-thc","8":"product_cat-huiles-et-teintures","9":"product_tag-ufeelu-fr","10":"pa_cbd-30mg-ml-fr","11":"pa_cbg-10mg-ml-fr","12":"pa_flavours-agrume","13":"pa_flavours-lavender-fr","14":"pa_flavours-mint","15":"pa_format-30ml-fr","16":"pa_intensity-low-cbg-fr","17":"pa_intensity-cbd-moyen","18":"pa_marques-ufeelu-fr","19":"pa_origin-ontario-fr","20":"desktop-align-left","21":"tablet-align-left","22":"mobile-align-left","24":"first","25":"instock","26":"taxable","27":"shipping-taxable","28":"purchasable","29":"product-type-simple"},"group_of_quantity":0,"min_quantity":0,"max_quantity":"","exclude_order_quantity_value_rules":"no","exclude_category_quantity_rules":"no","combine_variations":"no","acf":[],"_links":{"self":[{"href":"https:\/\/mendomedical.ca\/fr\/wp-json\/wp\/v2\/product\/131068","targetHints":{"allow":["GET"]}}],"collection":[{"href":"https:\/\/mendomedical.ca\/fr\/wp-json\/wp\/v2\/product"}],"about":[{"href":"https:\/\/mendomedical.ca\/fr\/wp-json\/wp\/v2\/types\/product"}],"replies":[{"embeddable":true,"href":"https:\/\/mendomedical.ca\/fr\/wp-json\/wp\/v2\/comments?post=131068"}],"wp:featuredmedia":[{"embeddable":true,"href":"https:\/\/mendomedical.ca\/fr\/wp-json\/wp\/v2\/media\/131070"}],"wp:attachment":[{"href":"https:\/\/mendomedical.ca\/fr\/wp-json\/wp\/v2\/media?parent=131068"}],"wp:term":[{"taxonomy":"product_brand","embeddable":true,"href":"https:\/\/mendomedical.ca\/fr\/wp-json\/wp\/v2\/product_brand?post=131068"},{"taxonomy":"product_cat","embeddable":true,"href":"https:\/\/mendomedical.ca\/fr\/wp-json\/wp\/v2\/product_cat?post=131068"},{"taxonomy":"product_tag","embeddable":true,"href":"https:\/\/mendomedical.ca\/fr\/wp-json\/wp\/v2\/product_tag?post=131068"},{"taxonomy":"product_format_filter","embeddable":true,"href":"https:\/\/mendomedical.ca\/fr\/wp-json\/wp\/v2\/product_format_filter?post=131068"}],"curies":[{"name":"wp","href":"https:\/\/api.w.org\/{rel}","templated":true}]}}