{"id":131058,"date":"2023-08-01T11:24:24","date_gmt":"2023-08-01T15:24:24","guid":{"rendered":"https:\/\/mendomedical.ca\/?post_type=product&#038;p=131058"},"modified":"2026-04-14T13:09:59","modified_gmt":"2026-04-14T17:09:59","slug":"relief-drops","status":"publish","type":"product","link":"https:\/\/mendomedical.ca\/fr\/produit\/relief-drops\/","title":{"rendered":"Relief Drops"},"content":{"rendered":"","protected":false},"excerpt":{"rendered":"<div class=\"ExternalClassA864DC303FC740248E955D569C7BC123\">\n<h3>Relief Drops d&rsquo;Ufeelu - Teinture de CBD et de CBC de premi\u00e8re qualit\u00e9<\/h3>\n<p>D\u00e9couvrez le potentiel th\u00e9rapeutique de Relief Drops, une teinture bien con\u00e7ue qui contient un puissant m\u00e9lange de 900 mg de CBD et 300 mg de CBC. D\u00e9velopp\u00e9e par le collectif de cannabis Ufeelu bas\u00e9 \u00e0 Vancouver, cette formule non intoxicante combine des cannabino\u00efdes \u00e0 large spectre avec une formulation exclusive de RELIEF \u00e0 28 terp\u00e8nes. Disponibles dans les saveurs subtiles de Chai et d&rsquo;Orange Valencia, ces gouttes de qualit\u00e9 sup\u00e9rieure offrent un soutien quotidien polyvalent par voie sublinguale ou en tant qu&rsquo;ajout \u00e0 vos boissons pr\u00e9f\u00e9r\u00e9es.<\/p>\n<h4>Caract\u00e9ristiques principales<\/h4>\n<ul>\n<li>Formule non intoxicante avec 900 mg de CBD et 300 mg de CBC pour un soutien complet des cannabino\u00efdes.<\/li>\n<li>M\u00e9lange exclusif RELIEF comprenant 28 terp\u00e8nes soigneusement s\u00e9lectionn\u00e9s et d\u00e9velopp\u00e9s avec Ebyna Technologies.<\/li>\n<li>Base d&rsquo;huile de tournesol douce comme alternative \u00e0 l&rsquo;huile MCT, id\u00e9ale pour les syst\u00e8mes sensibles<\/li>\n<li>Dosage pr\u00e9cis gr\u00e2ce \u00e0 la seringue de 1ml incluse qui d\u00e9livre 30mg de CBD et 10mg de CBC par dose.<\/li>\n<li>Extrait de chanvre canadien avec des m\u00e9thodes d&rsquo;application polyvalentes<\/li>\n<\/ul>\n<h4>Profil aromatique et terp\u00e9nique<\/h4>\n<p>Les gouttes Relief pr\u00e9sentent des notes subtiles d&rsquo;orange Valencia et de cha\u00ef, d\u00e9riv\u00e9es d&rsquo;un m\u00e9lange personnalis\u00e9 de 28 terp\u00e8nes RELIEF. Cette formulation exclusive comprend du \u0394-limon\u00e8ne, du \u03b2-caryophyll\u00e8ne, du terpinol\u00e8ne, du \u03b2-myrc\u00e8ne et de l&rsquo;\u03b1-humul\u00e8ne, cr\u00e9ant ainsi une palette sophistiqu\u00e9e aux accents fruit\u00e9s. La teneur en CBC peut apporter des propri\u00e9t\u00e9s anti-inflammatoires et stimulantes, tandis que le profil terp\u00e9nique complet est con\u00e7u pour renforcer les effets apaisants qui conviennent \u00e0 tout moment de la journ\u00e9e.<\/p>\n<h4>Pourquoi choisir les teintures CBD et CBC ?<\/h4>\n<p>Les teintures offrent aux consommateurs de cannabis m\u00e9dical un contr\u00f4le pr\u00e9cis du dosage et un effet rapide lorsqu&rsquo;elles sont prises par voie sublinguale. La combinaison de CBD et de CBC dans les gouttes de soulagement peut aider \u00e0 soutenir le bien-\u00eatre g\u00e9n\u00e9ral et fournir une exp\u00e9rience \u00e9quilibr\u00e9e, non intoxicante, id\u00e9ale pour un usage quotidien.<\/p>\n<h4>Exp\u00e9dition dans tout le Canada<\/h4>\n<p>Relief Drops livre rapidement partout au Canada et offre la livraison gratuite pour les commandes de plus de 150 $. Notre livraison efficace vous assure de recevoir vos produits de bien-\u00eatre rapidement et discr\u00e8tement.<\/p>\n<h4>Avantages et couverture pour les anciens combattants<\/h4>\n<p>Relief Drops est admissible \u00e0 la couverture d&rsquo;ACC (Anciens Combattants Canada) avec facturation directe par l&rsquo;entremise de la Croix Bleue, ce qui signifie que les anciens combattants admissibles n&rsquo;ont pas \u00e0 d\u00e9bourser d&rsquo;argent. Si vous n&rsquo;avez pas encore d&rsquo;ordonnance de cannabis m\u00e9dical, vous pouvez <a href=\"https:\/\/mendomedical.ca\/fr\/carte-medicale\/\">obtenir votre carte m\u00e9dicale gratuite rapidement et facilement<\/a> gr\u00e2ce \u00e0 notre processus simplifi\u00e9.<\/p>\n<\/div>\n","protected":false},"featured_media":131060,"comment_status":"closed","ping_status":"closed","template":"","meta":{"_acf_changed":false,"site-sidebar-layout":"default","site-content-layout":"","ast-site-content-layout":"default","site-content-style":"default","site-sidebar-style":"default","ast-global-header-display":"","ast-banner-title-visibility":"","ast-main-header-display":"","ast-hfb-above-header-display":"","ast-hfb-below-header-display":"","ast-hfb-mobile-header-display":"","site-post-title":"","ast-breadcrumbs-content":"","ast-featured-img":"","footer-sml-layout":"","ast-disable-related-posts":"","theme-transparent-header-meta":"default","adv-header-id-meta":"","stick-header-meta":"","header-above-stick-meta":"","header-main-stick-meta":"","header-below-stick-meta":"","astra-migrate-meta-layouts":"set","ast-page-background-enabled":"default","ast-page-background-meta":{"desktop":{"background-color":"var(--ast-global-color-4)","background-image":"","background-repeat":"repeat","background-position":"center center","background-size":"auto","background-attachment":"scroll","background-type":"","background-media":"","overlay-type":"","overlay-color":"","overlay-opacity":"","overlay-gradient":""},"tablet":{"background-color":"","background-image":"","background-repeat":"repeat","background-position":"center center","background-size":"auto","background-attachment":"scroll","background-type":"","background-media":"","overlay-type":"","overlay-color":"","overlay-opacity":"","overlay-gradient":""},"mobile":{"background-color":"","background-image":"","background-repeat":"repeat","background-position":"center center","background-size":"auto","background-attachment":"scroll","background-type":"","background-media":"","overlay-type":"","overlay-color":"","overlay-opacity":"","overlay-gradient":""}},"ast-content-background-meta":{"desktop":{"background-color":"var(--ast-global-color-5)","background-image":"","background-repeat":"repeat","background-position":"center center","background-size":"auto","background-attachment":"scroll","background-type":"","background-media":"","overlay-type":"","overlay-color":"","overlay-opacity":"","overlay-gradient":""},"tablet":{"background-color":"var(--ast-global-color-5)","background-image":"","background-repeat":"repeat","background-position":"center center","background-size":"auto","background-attachment":"scroll","background-type":"","background-media":"","overlay-type":"","overlay-color":"","overlay-opacity":"","overlay-gradient":""},"mobile":{"background-color":"var(--ast-global-color-5)","background-image":"","background-repeat":"repeat","background-position":"center center","background-size":"auto","background-attachment":"scroll","background-type":"","background-media":"","overlay-type":"","overlay-color":"","overlay-opacity":"","overlay-gradient":""}}},"product_brand":[],"product_cat":[3837,1691,1143],"product_tag":[3838],"product_format_filter":[],"class_list":{"0":"post-131058","1":"product","2":"type-product","3":"status-publish","4":"has-post-thumbnail","6":"product_cat-cbd-minors-4-fr","7":"product_cat-sans-thc","8":"product_cat-huiles-et-teintures","9":"product_tag-ufeelu-fr","10":"pa_cbc-10mg-ml-fr","11":"pa_cbd-30mg-ml-fr","12":"pa_flavours-chai-fr","13":"pa_flavours-orange-fr","14":"pa_format-30ml-fr","15":"pa_intensity-low-cbc-fr","16":"pa_intensity-cbd-moyen","17":"pa_marques-ufeelu-fr","18":"pa_origin-ontario-fr","19":"desktop-align-left","20":"tablet-align-left","21":"mobile-align-left","23":"first","24":"instock","25":"taxable","26":"shipping-taxable","27":"purchasable","28":"product-type-simple"},"group_of_quantity":0,"min_quantity":0,"max_quantity":"","exclude_order_quantity_value_rules":"no","exclude_category_quantity_rules":"no","combine_variations":"no","acf":[],"_links":{"self":[{"href":"https:\/\/mendomedical.ca\/fr\/wp-json\/wp\/v2\/product\/131058","targetHints":{"allow":["GET"]}}],"collection":[{"href":"https:\/\/mendomedical.ca\/fr\/wp-json\/wp\/v2\/product"}],"about":[{"href":"https:\/\/mendomedical.ca\/fr\/wp-json\/wp\/v2\/types\/product"}],"replies":[{"embeddable":true,"href":"https:\/\/mendomedical.ca\/fr\/wp-json\/wp\/v2\/comments?post=131058"}],"wp:featuredmedia":[{"embeddable":true,"href":"https:\/\/mendomedical.ca\/fr\/wp-json\/wp\/v2\/media\/131060"}],"wp:attachment":[{"href":"https:\/\/mendomedical.ca\/fr\/wp-json\/wp\/v2\/media?parent=131058"}],"wp:term":[{"taxonomy":"product_brand","embeddable":true,"href":"https:\/\/mendomedical.ca\/fr\/wp-json\/wp\/v2\/product_brand?post=131058"},{"taxonomy":"product_cat","embeddable":true,"href":"https:\/\/mendomedical.ca\/fr\/wp-json\/wp\/v2\/product_cat?post=131058"},{"taxonomy":"product_tag","embeddable":true,"href":"https:\/\/mendomedical.ca\/fr\/wp-json\/wp\/v2\/product_tag?post=131058"},{"taxonomy":"product_format_filter","embeddable":true,"href":"https:\/\/mendomedical.ca\/fr\/wp-json\/wp\/v2\/product_format_filter?post=131058"}],"curies":[{"name":"wp","href":"https:\/\/api.w.org\/{rel}","templated":true}]}}