{"id":130878,"date":"2024-01-01T11:49:59","date_gmt":"2024-01-01T16:49:59","guid":{"rendered":"https:\/\/mendomedical.ca\/?post_type=product&#038;p=130878"},"modified":"2025-11-05T11:06:47","modified_gmt":"2025-11-05T16:06:47","slug":"naturally-calm-gum-cbdcbg","status":"publish","type":"product","link":"https:\/\/mendomedical.ca\/fr\/produit\/naturally-calm-gum-cbdcbg\/","title":{"rendered":"Gomme Naturally Calm (CBD:CBG)"},"content":{"rendered":"","protected":false},"excerpt":{"rendered":"<p><strong>Notre chewing-gum r\u00e9volutionnaire infus\u00e9 au CBD et au CBG est une fusion magistrale des tr\u00e9sors de la nature. Ce chewing-gum enti\u00e8rement naturel est m\u00e9ticuleusement fabriqu\u00e9 \u00e0 la main pour \u00e9lever les moments de d\u00e9tente. Chaque morceau contient 20 mg de CBD et 20 mg de CBG, pour un total cumul\u00e9 de 200 mg de CBD + 200 mg de CBG par contenant. Ce chewing-gum \u00e0 faible teneur en sucre vous offre une exp\u00e9rience transformatrice \u00e0 chaque bouch\u00e9e.  <\/strong><\/p>\n<p><strong>Con\u00e7us pour \u00eatre efficaces, nos chewing-gums CBD + CBG garantissent un processus d&rsquo;absorption rapide et sans faille. \u00c0 travers les muqueuses de votre bouche, les cannabino\u00efdes sont facilement assimil\u00e9s, d\u00e9livrant leurs effets plus rapidement que les m\u00e9thodes conventionnelles. Qu&rsquo;il s&rsquo;agisse de se d\u00e9tendre apr\u00e8s une journ\u00e9e \u00e9prouvante ou de rechercher un moment de s\u00e9r\u00e9nit\u00e9, notre chewing-gum s&rsquo;int\u00e8gre sans effort dans votre routine quotidienne.  <\/strong><\/p>\n<p><strong>Fabriqu\u00e9 avec soin, notre chewing-gum est une ode \u00e0 la simplicit\u00e9. Sans additifs ni \u00e9dulcorants artificiels, il s&rsquo;agit d&rsquo;un plaisir enti\u00e8rement naturel et \u00e0 faible teneur en sucre. <\/strong><\/p>\n<p>&nbsp;<\/p>\n<h4>Ingr\u00e9dients<\/h4>\n<p>Base de gomme, huile MCT, isolat de CBD, isolat de CBG, isolat de CBN, sirop de ma\u00efs, glyc\u00e9rine, xylitol, st\u00e9via, fruit du moine, m\u00e9lisse, menthe poivr\u00e9e, colorant alimentaire vert, min\u00e9raux collo\u00efdaux, sorbate de potassium, benzoate de sodium.<\/p>\n","protected":false},"featured_media":130935,"comment_status":"closed","ping_status":"closed","template":"","meta":{"_acf_changed":false,"site-sidebar-layout":"default","site-content-layout":"","ast-site-content-layout":"default","site-content-style":"default","site-sidebar-style":"default","ast-global-header-display":"","ast-banner-title-visibility":"","ast-main-header-display":"","ast-hfb-above-header-display":"","ast-hfb-below-header-display":"","ast-hfb-mobile-header-display":"","site-post-title":"","ast-breadcrumbs-content":"","ast-featured-img":"","footer-sml-layout":"","ast-disable-related-posts":"","theme-transparent-header-meta":"default","adv-header-id-meta":"","stick-header-meta":"","header-above-stick-meta":"","header-main-stick-meta":"","header-below-stick-meta":"","astra-migrate-meta-layouts":"set","ast-page-background-enabled":"default","ast-page-background-meta":{"desktop":{"background-color":"var(--ast-global-color-4)","background-image":"","background-repeat":"repeat","background-position":"center center","background-size":"auto","background-attachment":"scroll","background-type":"","background-media":"","overlay-type":"","overlay-color":"","overlay-opacity":"","overlay-gradient":""},"tablet":{"background-color":"","background-image":"","background-repeat":"repeat","background-position":"center center","background-size":"auto","background-attachment":"scroll","background-type":"","background-media":"","overlay-type":"","overlay-color":"","overlay-opacity":"","overlay-gradient":""},"mobile":{"background-color":"","background-image":"","background-repeat":"repeat","background-position":"center center","background-size":"auto","background-attachment":"scroll","background-type":"","background-media":"","overlay-type":"","overlay-color":"","overlay-opacity":"","overlay-gradient":""}},"ast-content-background-meta":{"desktop":{"background-color":"var(--ast-global-color-5)","background-image":"","background-repeat":"repeat","background-position":"center center","background-size":"auto","background-attachment":"scroll","background-type":"","background-media":"","overlay-type":"","overlay-color":"","overlay-opacity":"","overlay-gradient":""},"tablet":{"background-color":"var(--ast-global-color-5)","background-image":"","background-repeat":"repeat","background-position":"center center","background-size":"auto","background-attachment":"scroll","background-type":"","background-media":"","overlay-type":"","overlay-color":"","overlay-opacity":"","overlay-gradient":""},"mobile":{"background-color":"var(--ast-global-color-5)","background-image":"","background-repeat":"repeat","background-position":"center center","background-size":"auto","background-attachment":"scroll","background-type":"","background-media":"","overlay-type":"","overlay-color":"","overlay-opacity":"","overlay-gradient":""}}},"product_brand":[],"product_cat":[3825,1128],"product_tag":[3831],"product_format_filter":[6366],"class_list":{"0":"post-130878","1":"product","2":"type-product","3":"status-publish","4":"has-post-thumbnail","6":"product_cat-cbd-minors-3-fr","7":"product_cat-comestibles","8":"product_tag-naturally-nutra-fr","9":"pa_cbd-200mg-total-fr","10":"pa_cbg-200mg-total-fr","11":"pa_flavours-mint","12":"pa_format-10-unites","13":"pa_intensity-cbd-moyen","14":"pa_intensity-med-cbg-fr","15":"pa_marques-naturally-nutra-fr","16":"pa_origin-colombie-britannique-fr","17":"product_format_filter-1units","18":"desktop-align-left","19":"tablet-align-left","20":"mobile-align-left","22":"first","23":"outofstock","24":"taxable","25":"shipping-taxable","26":"purchasable","27":"product-type-simple"},"group_of_quantity":0,"min_quantity":0,"max_quantity":"","exclude_order_quantity_value_rules":"no","exclude_category_quantity_rules":"no","combine_variations":"no","acf":[],"_links":{"self":[{"href":"https:\/\/mendomedical.ca\/fr\/wp-json\/wp\/v2\/product\/130878","targetHints":{"allow":["GET"]}}],"collection":[{"href":"https:\/\/mendomedical.ca\/fr\/wp-json\/wp\/v2\/product"}],"about":[{"href":"https:\/\/mendomedical.ca\/fr\/wp-json\/wp\/v2\/types\/product"}],"replies":[{"embeddable":true,"href":"https:\/\/mendomedical.ca\/fr\/wp-json\/wp\/v2\/comments?post=130878"}],"wp:featuredmedia":[{"embeddable":true,"href":"https:\/\/mendomedical.ca\/fr\/wp-json\/wp\/v2\/media\/130935"}],"wp:attachment":[{"href":"https:\/\/mendomedical.ca\/fr\/wp-json\/wp\/v2\/media?parent=130878"}],"wp:term":[{"taxonomy":"product_brand","embeddable":true,"href":"https:\/\/mendomedical.ca\/fr\/wp-json\/wp\/v2\/product_brand?post=130878"},{"taxonomy":"product_cat","embeddable":true,"href":"https:\/\/mendomedical.ca\/fr\/wp-json\/wp\/v2\/product_cat?post=130878"},{"taxonomy":"product_tag","embeddable":true,"href":"https:\/\/mendomedical.ca\/fr\/wp-json\/wp\/v2\/product_tag?post=130878"},{"taxonomy":"product_format_filter","embeddable":true,"href":"https:\/\/mendomedical.ca\/fr\/wp-json\/wp\/v2\/product_format_filter?post=130878"}],"curies":[{"name":"wp","href":"https:\/\/api.w.org\/{rel}","templated":true}]}}