{"id":130832,"date":"2024-07-01T11:59:17","date_gmt":"2024-07-01T15:59:17","guid":{"rendered":"https:\/\/mendomedical.ca\/?post_type=product&#038;p=130832"},"modified":"2025-04-18T08:32:14","modified_gmt":"2025-04-18T12:32:14","slug":"relief-gel-11-thccbd","status":"publish","type":"product","link":"https:\/\/mendomedical.ca\/fr\/produit\/relief-gel-11-thccbd\/","title":{"rendered":"Relief Gel 1:1 THC:CBD"},"content":{"rendered":"","protected":false},"excerpt":{"rendered":"<p><strong>Le Relief Gel se d\u00e9marque v\u00e9ritablement sur le march\u00e9 du cannabis topique, offrant un dosage pr\u00e9cis, chaque pompe d\u00e9livrant 4,3 mg de THC et 4,3 mg de CBD. Cette formule haut de gamme combine un puissant distillat de THC et un isolat de CBD pur avec des extraits botaniques et des agents transdermiques soigneusement s\u00e9lectionn\u00e9s, garantissant une p\u00e9n\u00e9tration profonde des ingr\u00e9dients actifs pour apaiser efficacement les zones cibl\u00e9es. Contrairement \u00e0 d\u2019autres produits \u00e0 base d\u2019eau, ce gel adh\u00e8re \u00e0 la peau plus longtemps, procurant un soulagement prolong\u00e9. De plus, son ar\u00f4me rafra\u00eechissant d\u2019eucalyptus rehausse l\u2019exp\u00e9rience, rendant l\u2019application non seulement efficace mais aussi agr\u00e9able.<\/strong><\/p>\n<p>&nbsp;<\/p>\n<h5><b>Ar\u00f4me:<\/b><\/h5>\n<p>Un m\u00e9lange d\u2019extraits botaniques pour apaiser la peau, avec un profil aromatique d\u2019eucalyptus.<\/p>\n<p>&nbsp;<\/p>\n<h5>Profil cannabino\u00efde et terp\u00e8ne\u00a0:<\/h5>\n<p>Le Relief Gel de Remidose permet une distribution pr\u00e9cise de 4,3 mg de THC et 4,3 mg de CBD pour chaque dose (pompe). Le profil terp\u00e9nique contient du menthol, de l\u2019eucalyptol et de l\u2019alpha-pin\u00e8ne.<\/p>\n<p>&nbsp;<\/p>\n<h5>Effets:<\/h5>\n<p>Un gel topique de cannabis \u00e0 action rapide et \u00e0 dosage pr\u00e9cis qui procure un soulagement apaisant aux zones touch\u00e9es. Il contient des ingr\u00e9dients qui permettent au cannabis d\u2019\u00eatre rapidement absorb\u00e9 par la peau, et la vaseline permet au gel de rester sur la peau plus longtemps que les formulations \u00e0 base d\u2019eau.<\/p>\n<p>&nbsp;<\/p>\n<h5>Que disent les patients \u00e0 propos de ce produit\u00a0:<\/h5>\n<p>\u00ab\u00a0Je souffre de douleurs articulaires chroniques dues \u00e0 l\u2019arthrite, et le Remidose Relief Gel a chang\u00e9 la donne pour moi. Le dosage pr\u00e9cis de 4,3 mg de THC et de CBD par pompe facilite l\u2019application directe de la bonne quantit\u00e9. \u00e0 la zone touch\u00e9e.<br \/>\nApr\u00e8s l\u2019avoir utilis\u00e9, j\u2019ai remarqu\u00e9 un soulagement significatif en 5 \u00e0 10 minutes. Le gel agit rapidement, ce que j\u2019appr\u00e9cie. Je peux reprendre mes activit\u00e9s quotidiennes sans me sentir alourdi par la douleur.<br \/>\nLe parfum d\u2019eucalyptus est rafra\u00eechissant et rend le processus d\u2019application apaisant, presque comme une mini routine de soins personnels. J\u2019ai essay\u00e9 d\u2019autres traitements topiques, mais celui-ci se d\u00e9marque par son efficacit\u00e9 et sa facilit\u00e9 d\u2019utilisation. Je recommande vivement le Remidose Relief Gel \u00e0 toute personne souffrant de douleurs articulaires\u00a0!\u00a0\u00bb<\/p>\n","protected":false},"featured_media":130834,"comment_status":"closed","ping_status":"closed","template":"","meta":{"_acf_changed":false,"site-sidebar-layout":"default","site-content-layout":"","ast-site-content-layout":"default","site-content-style":"default","site-sidebar-style":"default","ast-global-header-display":"","ast-banner-title-visibility":"","ast-main-header-display":"","ast-hfb-above-header-display":"","ast-hfb-below-header-display":"","ast-hfb-mobile-header-display":"","site-post-title":"","ast-breadcrumbs-content":"","ast-featured-img":"","footer-sml-layout":"","ast-disable-related-posts":"","theme-transparent-header-meta":"default","adv-header-id-meta":"","stick-header-meta":"","header-above-stick-meta":"","header-main-stick-meta":"","header-below-stick-meta":"","astra-migrate-meta-layouts":"set","ast-page-background-enabled":"default","ast-page-background-meta":{"desktop":{"background-color":"var(--ast-global-color-4)","background-image":"","background-repeat":"repeat","background-position":"center center","background-size":"auto","background-attachment":"scroll","background-type":"","background-media":"","overlay-type":"","overlay-color":"","overlay-opacity":"","overlay-gradient":""},"tablet":{"background-color":"","background-image":"","background-repeat":"repeat","background-position":"center center","background-size":"auto","background-attachment":"scroll","background-type":"","background-media":"","overlay-type":"","overlay-color":"","overlay-opacity":"","overlay-gradient":""},"mobile":{"background-color":"","background-image":"","background-repeat":"repeat","background-position":"center center","background-size":"auto","background-attachment":"scroll","background-type":"","background-media":"","overlay-type":"","overlay-color":"","overlay-opacity":"","overlay-gradient":""}},"ast-content-background-meta":{"desktop":{"background-color":"var(--ast-global-color-5)","background-image":"","background-repeat":"repeat","background-position":"center center","background-size":"auto","background-attachment":"scroll","background-type":"","background-media":"","overlay-type":"","overlay-color":"","overlay-opacity":"","overlay-gradient":""},"tablet":{"background-color":"var(--ast-global-color-5)","background-image":"","background-repeat":"repeat","background-position":"center center","background-size":"auto","background-attachment":"scroll","background-type":"","background-media":"","overlay-type":"","overlay-color":"","overlay-opacity":"","overlay-gradient":""},"mobile":{"background-color":"var(--ast-global-color-5)","background-image":"","background-repeat":"repeat","background-position":"center center","background-size":"auto","background-attachment":"scroll","background-type":"","background-media":"","overlay-type":"","overlay-color":"","overlay-opacity":"","overlay-gradient":""}}},"product_brand":[],"product_cat":[1154,1150],"product_tag":[3810],"product_format_filter":[],"class_list":{"0":"post-130832","1":"product","2":"type-product","3":"status-publish","4":"has-post-thumbnail","6":"product_cat-gels-fr","7":"product_cat-topiques","8":"product_tag-remidose-fr","9":"pa_format-20g","10":"pa_intensity-faible-cbd","11":"pa_marques-remidose-fr","12":"pa_origin-ile-du-prince-edouard","13":"pa_thc-250mg-total-fr","14":"pa_type-de-plante-cbd-fr","15":"desktop-align-left","16":"tablet-align-left","17":"mobile-align-left","19":"first","20":"outofstock","21":"taxable","22":"shipping-taxable","23":"purchasable","24":"product-type-simple"},"group_of_quantity":0,"min_quantity":0,"max_quantity":"","exclude_order_quantity_value_rules":"no","exclude_category_quantity_rules":"no","combine_variations":"no","acf":[],"_links":{"self":[{"href":"https:\/\/mendomedical.ca\/fr\/wp-json\/wp\/v2\/product\/130832","targetHints":{"allow":["GET"]}}],"collection":[{"href":"https:\/\/mendomedical.ca\/fr\/wp-json\/wp\/v2\/product"}],"about":[{"href":"https:\/\/mendomedical.ca\/fr\/wp-json\/wp\/v2\/types\/product"}],"replies":[{"embeddable":true,"href":"https:\/\/mendomedical.ca\/fr\/wp-json\/wp\/v2\/comments?post=130832"}],"wp:featuredmedia":[{"embeddable":true,"href":"https:\/\/mendomedical.ca\/fr\/wp-json\/wp\/v2\/media\/130834"}],"wp:attachment":[{"href":"https:\/\/mendomedical.ca\/fr\/wp-json\/wp\/v2\/media?parent=130832"}],"wp:term":[{"taxonomy":"product_brand","embeddable":true,"href":"https:\/\/mendomedical.ca\/fr\/wp-json\/wp\/v2\/product_brand?post=130832"},{"taxonomy":"product_cat","embeddable":true,"href":"https:\/\/mendomedical.ca\/fr\/wp-json\/wp\/v2\/product_cat?post=130832"},{"taxonomy":"product_tag","embeddable":true,"href":"https:\/\/mendomedical.ca\/fr\/wp-json\/wp\/v2\/product_tag?post=130832"},{"taxonomy":"product_format_filter","embeddable":true,"href":"https:\/\/mendomedical.ca\/fr\/wp-json\/wp\/v2\/product_format_filter?post=130832"}],"curies":[{"name":"wp","href":"https:\/\/api.w.org\/{rel}","templated":true}]}}