{"id":130818,"date":"2023-06-01T16:30:54","date_gmt":"2023-06-01T20:30:54","guid":{"rendered":"https:\/\/mendomedical.ca\/?post_type=product&#038;p=130818"},"modified":"2026-04-15T06:37:30","modified_gmt":"2026-04-15T10:37:30","slug":"night-cap-cbd15cbn5","status":"publish","type":"product","link":"https:\/\/mendomedical.ca\/fr\/produit\/night-cap-cbd15cbn5\/","title":{"rendered":"Cap sur la nuit ! (CBD15:CBN5)"},"content":{"rendered":"","protected":false},"excerpt":{"rendered":"<div class=\"ExternalClass599C3E0FBC9244CFA789ABA037BF6316\">\n<h3>Night Cap (CBD15:CBN5) - G\u00e9lules molles de CBD et CBN \u00e0 spectre complet <\/h3>\n<p>D\u00e9couvrez la synergie apaisante du CBD et du CBN avec Night Cap ! de QCBD. Chaque gel souple fabriqu\u00e9 avec pr\u00e9cision contient 15 mg de CBD et 5 mg de CBN, d\u00e9riv\u00e9s d&rsquo;extraits de cannabis \u00e0 spectre complet et associ\u00e9s \u00e0 de l&rsquo;huile MCT sans huile de palme pour une absorption optimale. Con\u00e7ues pour soutenir votre routine de bien-\u00eatre en soir\u00e9e, ces capsules sans THC offrent un moyen pratique de passer du jour \u00e0 la nuit, avec 60 capsules par contenant.  <\/p>\n<h4>Caract\u00e9ristiques principales<\/h4>\n<ul>\n<li>Dosage pr\u00e9cis avec 15 mg de CBD et 5 mg de CBN par g\u00e9lule pour des r\u00e9sultats constants.<\/li>\n<li>L&rsquo;extrait de cannabis \u00e0 spectre complet capture les compos\u00e9s b\u00e9n\u00e9fiques de la plante tout en conservant un profil sans THC.<\/li>\n<li>Am\u00e9lior\u00e9 avec de l&rsquo;huile MCT 100% d\u00e9riv\u00e9e de la noix de coco pour une meilleure biodisponibilit\u00e9 et une absorption rapide.<\/li>\n<li>Format de gel mou facile \u00e0 avaler avec une finition lisse et uniforme dans un contenant de 60 unit\u00e9s.<\/li>\n<li>Formul\u00e9 pour favoriser la relaxation et le calme sans affecter la clart\u00e9 mentale<\/li>\n<\/ul>\n<h4>Profil et composition des cannabino\u00efdes<\/h4>\n<p>Night Cap ! fournit un m\u00e9lange soigneusement \u00e9quilibr\u00e9 de cannabino\u00efdes par le biais d&rsquo;un extrait de cannabis \u00e0 spectre complet. Chaque g\u00e9lule fournit 15 mg de CBD et 5 mg de CBN, deux compos\u00e9s qui agissent en synergie pour favoriser la relaxation. La formulation \u00e0 spectre complet pr\u00e9serve les compos\u00e9s naturels de la plante tout en garantissant une exp\u00e9rience non intoxicante et sans THC. L&rsquo;huile de coco utilis\u00e9e comme support renforce l&rsquo;interaction naturelle entre les cannabino\u00efdes, ce qui permet d&rsquo;obtenir des effets constants et fiables.   <\/p>\n<h4>Pourquoi choisir les g\u00e9lules souples<\/h4>\n<p>Les capsules de gel souple offrent aux consommateurs de cannabis m\u00e9dical un dosage pr\u00e9cis et coh\u00e9rent avec un maximum de commodit\u00e9. Le format pr\u00e9-dos\u00e9 \u00e9limine les conjectures et offre une option discr\u00e8te et inodore, parfaite pour maintenir votre routine de bien-\u00eatre \u00e0 la maison ou en voyage. <\/p>\n<h4>Exp\u00e9dition dans tout le Canada<\/h4>\n<p>Night Cap ! (CBD15:CBN5) est exp\u00e9di\u00e9 rapidement \u00e0 travers le Canada avec une livraison gratuite pour les commandes de plus de 150 $. Veuillez noter que les produits contenant de la g\u00e9latine peuvent fondre pendant l&rsquo;exp\u00e9dition en \u00e9t\u00e9. Nous vous recommandons de tenir compte de ce probl\u00e8me potentiel lorsque vous passez votre commande.    Malheureusement, nous ne pouvons pas offrir de remboursement ou de remplacement pour les produits qui fondent pendant le transport. Nous vous remercions de votre compr\u00e9hension.<\/p>\n<h4>Avantages et couverture pour les anciens combattants<\/h4>\n<p>Night Cap ! (CBD15:CBN5) est admissible \u00e0 la couverture d&rsquo;ACC (Anciens Combattants Canada) avec facturation directe par la Croix Bleue, ce qui signifie que les anciens combattants admissibles n&rsquo;ont pas \u00e0 d\u00e9bourser d&rsquo;argent. Si vous n&rsquo;avez pas encore d&rsquo;ordonnance de cannabis m\u00e9dical, vous pouvez <a href=\"https:\/\/mendomedical.ca\/fr\/carte-medicale\/\">obtenir votre carte m\u00e9dicale gratuite rapidement et facilement<\/a> gr\u00e2ce \u00e0 notre processus simplifi\u00e9.  <\/p>\n<p><strong>Ingr\u00e9dients :<\/strong> G\u00e9latine, eau, glyc\u00e9rine, huile MCT, extrait de cannabis.<\/p>\n<\/div>\n","protected":false},"featured_media":130820,"comment_status":"closed","ping_status":"closed","template":"","meta":{"_acf_changed":false,"site-sidebar-layout":"default","site-content-layout":"","ast-site-content-layout":"default","site-content-style":"default","site-sidebar-style":"default","ast-global-header-display":"","ast-banner-title-visibility":"","ast-main-header-display":"","ast-hfb-above-header-display":"","ast-hfb-below-header-display":"","ast-hfb-mobile-header-display":"","site-post-title":"","ast-breadcrumbs-content":"","ast-featured-img":"","footer-sml-layout":"","ast-disable-related-posts":"","theme-transparent-header-meta":"default","adv-header-id-meta":"","stick-header-meta":"","header-above-stick-meta":"","header-main-stick-meta":"","header-below-stick-meta":"","astra-migrate-meta-layouts":"set","ast-page-background-enabled":"default","ast-page-background-meta":{"desktop":{"background-color":"var(--ast-global-color-4)","background-image":"","background-repeat":"repeat","background-position":"center center","background-size":"auto","background-attachment":"scroll","background-type":"","background-media":"","overlay-type":"","overlay-color":"","overlay-opacity":"","overlay-gradient":""},"tablet":{"background-color":"","background-image":"","background-repeat":"repeat","background-position":"center center","background-size":"auto","background-attachment":"scroll","background-type":"","background-media":"","overlay-type":"","overlay-color":"","overlay-opacity":"","overlay-gradient":""},"mobile":{"background-color":"","background-image":"","background-repeat":"repeat","background-position":"center center","background-size":"auto","background-attachment":"scroll","background-type":"","background-media":"","overlay-type":"","overlay-color":"","overlay-opacity":"","overlay-gradient":""}},"ast-content-background-meta":{"desktop":{"background-color":"var(--ast-global-color-5)","background-image":"","background-repeat":"repeat","background-position":"center center","background-size":"auto","background-attachment":"scroll","background-type":"","background-media":"","overlay-type":"","overlay-color":"","overlay-opacity":"","overlay-gradient":""},"tablet":{"background-color":"var(--ast-global-color-5)","background-image":"","background-repeat":"repeat","background-position":"center center","background-size":"auto","background-attachment":"scroll","background-type":"","background-media":"","overlay-type":"","overlay-color":"","overlay-opacity":"","overlay-gradient":""},"mobile":{"background-color":"var(--ast-global-color-5)","background-image":"","background-repeat":"repeat","background-position":"center center","background-size":"auto","background-attachment":"scroll","background-type":"","background-media":"","overlay-type":"","overlay-color":"","overlay-opacity":"","overlay-gradient":""}}},"product_brand":[],"product_cat":[1116,1114],"product_tag":[3802],"product_format_filter":[],"class_list":{"0":"post-130818","1":"product","2":"type-product","3":"status-publish","4":"has-post-thumbnail","6":"product_cat-gels-mous","7":"product_cat-gelules","8":"product_tag-qcbd-fr","9":"pa_cbd-15-mg","10":"pa_cbn-5mg-fr","11":"pa_format-60-unites","12":"pa_intensity-cbd-moyen","13":"pa_intensity-med-cbn-fr","14":"pa_marques-qcbd-fr","15":"pa_origin-quebec-fr","16":"desktop-align-left","17":"tablet-align-left","18":"mobile-align-left","20":"first","21":"instock","22":"taxable","23":"shipping-taxable","24":"purchasable","25":"product-type-simple"},"group_of_quantity":0,"min_quantity":0,"max_quantity":"","exclude_order_quantity_value_rules":"no","exclude_category_quantity_rules":"no","combine_variations":"no","acf":[],"_links":{"self":[{"href":"https:\/\/mendomedical.ca\/fr\/wp-json\/wp\/v2\/product\/130818","targetHints":{"allow":["GET"]}}],"collection":[{"href":"https:\/\/mendomedical.ca\/fr\/wp-json\/wp\/v2\/product"}],"about":[{"href":"https:\/\/mendomedical.ca\/fr\/wp-json\/wp\/v2\/types\/product"}],"replies":[{"embeddable":true,"href":"https:\/\/mendomedical.ca\/fr\/wp-json\/wp\/v2\/comments?post=130818"}],"wp:featuredmedia":[{"embeddable":true,"href":"https:\/\/mendomedical.ca\/fr\/wp-json\/wp\/v2\/media\/130820"}],"wp:attachment":[{"href":"https:\/\/mendomedical.ca\/fr\/wp-json\/wp\/v2\/media?parent=130818"}],"wp:term":[{"taxonomy":"product_brand","embeddable":true,"href":"https:\/\/mendomedical.ca\/fr\/wp-json\/wp\/v2\/product_brand?post=130818"},{"taxonomy":"product_cat","embeddable":true,"href":"https:\/\/mendomedical.ca\/fr\/wp-json\/wp\/v2\/product_cat?post=130818"},{"taxonomy":"product_tag","embeddable":true,"href":"https:\/\/mendomedical.ca\/fr\/wp-json\/wp\/v2\/product_tag?post=130818"},{"taxonomy":"product_format_filter","embeddable":true,"href":"https:\/\/mendomedical.ca\/fr\/wp-json\/wp\/v2\/product_format_filter?post=130818"}],"curies":[{"name":"wp","href":"https:\/\/api.w.org\/{rel}","templated":true}]}}