{"id":130808,"date":"2024-09-01T06:10:46","date_gmt":"2024-09-01T10:10:46","guid":{"rendered":"https:\/\/mendomedical.ca\/?post_type=product&#038;p=130808"},"modified":"2026-03-30T08:16:19","modified_gmt":"2026-03-30T12:16:19","slug":"gorilla-breath-x-burnt-orange-cookies-rosin-infused-joint","status":"publish","type":"product","link":"https:\/\/mendomedical.ca\/fr\/produit\/gorilla-breath-x-burnt-orange-cookies-rosin-infused-joint\/","title":{"rendered":"Gorilla Breath x Burnt Orange Cookies Joint Infus\u00e9 \u00e0 la Rosine"},"content":{"rendered":"","protected":false},"excerpt":{"rendered":"<div class=\"ExternalClass051291D0139C4C61BBC495FD07ADEB0C\">\n<h3>Gorilla Breath x Burnt Orange Cookies Joint Infus\u00e9 \u00e0 la Rosine<\/h3>\n<h3>Terp\u00e8nes totaux : 4-5%.<\/h3>\n<p>Faites l&rsquo;exp\u00e9rience du cannabis artisanal de premi\u00e8re qualit\u00e9 de la Colombie-Britannique avec le joint infus\u00e9 \u00e0 la rosine Gorilla Breath x Burnt Orange Cookies de West Coast Craft. Ce Pr\u00e9-roll 1g m\u00e9ticuleusement \u00e9labor\u00e9 combine deux cultivars exceptionnels - la fleur Gorilla Breath (Gorilla Glue x OG Kush Breath) infus\u00e9e avec la rosine Burnt Orange Cookies (Tangerine Cookies x OMFG). Avec des niveaux impressionnants de THC allant de 35 \u00e0 41 % et un total de terp\u00e8nes de 4 \u00e0 5 %, ce joint infus\u00e9 \u00e0 la rosine de haschisch sans solvant offre une exp\u00e9rience puissante et \u00e0 spectre complet qui met en valeur le meilleur du cannabis artisanal de la Colombie-Britannique.  <\/p>\n<h4>Caract\u00e9ristiques principales<\/h4>\n<ul>\n<li>Pr\u00e9-rolls Premium de 1g contenant de la fleur Gorilla Breath infus\u00e9e avec de la rosine de haschisch sans solvant Burnt Orange Cookies.<\/li>\n<li>Puissance \u00e9lev\u00e9e avec 35-41% de THC et 4-5% de terp\u00e8nes totaux pour des effets renforc\u00e9s.<\/li>\n<li>Profil de saveurs complexes d&rsquo;agrumes, de pin et de terre avec une finale gazeuse.<\/li>\n<li>Roulements experts pour une combustion homog\u00e8ne et des tirages doux et r\u00e9guliers.<\/li>\n<li>Cannabis artisanal cultiv\u00e9 en C.-B. avec des s\u00e9lections de souches en rotation pour plus de vari\u00e9t\u00e9<\/li>\n<\/ul>\n<h4>Profil aromatique et terp\u00e9nique<\/h4>\n<p>Le voyage aromatique commence par des notes d&rsquo;agrumes vives et piquantes qui revigorent les sens, suivies par des nuances profondes de pin et des complexit\u00e9s gazeuses terreuses. Le profil terp\u00e9nique est domin\u00e9 par le s\u00e9linadi\u00e8ne, le farn\u00e9s\u00e8ne et le caryophyll\u00e8ne, qui contribuent \u00e0 l&rsquo;\u00e9clat des agrumes, \u00e0 la richesse du pin et \u00e0 la finale audacieuse du joint. Chaque tirage offre une explosion d&rsquo;ar\u00f4mes de mandarine \u00e9quilibr\u00e9s par un pin terreux, culminant dans une expiration cr\u00e9meuse et gazeuse rehauss\u00e9e par l&rsquo;infusion de Rosin sans solvant. Ce profil \u00e0 spectre complet cr\u00e9e un effet synergique qui amplifie \u00e0 la fois la saveur et la puissance.   <\/p>\n<h4>Pourquoi choisir les pr\u00e9-rolls ?<\/h4>\n<p>Les Pr\u00e9-rolls offrent aux patients de cannabis m\u00e9dical des options pratiques et pr\u00e9cis\u00e9ment dos\u00e9es sans qu&rsquo;il soit n\u00e9cessaire de les broyer ou de les rouler. Ce joint infus\u00e9 au Rosin offre une puissance constante et des effets am\u00e9lior\u00e9s, ce qui le rend id\u00e9al pour les utilisateurs exp\u00e9riment\u00e9s \u00e0 la recherche d&rsquo;exp\u00e9riences fiables et de qualit\u00e9 sup\u00e9rieure. <\/p>\n<h4>Exp\u00e9dition dans tout le Canada<\/h4>\n<p>Gorilla Breath x Burnt Orange Cookies Rosin Infused Joint est exp\u00e9di\u00e9 rapidement \u00e0 travers le Canada. Nous offrons une livraison gratuite pour les commandes de plus de 150 $, ce qui garantit que vos produits de cannabis de qualit\u00e9 sup\u00e9rieure arrivent rapidement et discr\u00e8tement \u00e0 votre porte. <\/p>\n<h4>Avantages et couverture pour les anciens combattants<\/h4>\n<p>Gorilla Breath x Burnt Orange Cookies Rosin Infused Joint est admissible \u00e0 la couverture d&rsquo;ACC (Anciens Combattants Canada) avec facturation directe par la Croix Bleue, ce qui signifie qu&rsquo;il n&rsquo;y a pas de frais \u00e0 d\u00e9bourser pour les anciens combattants admissibles. Si vous n&rsquo;avez pas encore de carte m\u00e9dicale, <a href=\"https:\/\/mendomedical.ca\/fr\/carte-medicale\/\">obtenez votre carte m\u00e9dicale gratuite rapidement et facilement<\/a> pour acc\u00e9der \u00e0 ces avantages. <\/p>\n<\/div>\n","protected":false},"featured_media":130810,"comment_status":"closed","ping_status":"closed","template":"","meta":{"_acf_changed":false,"site-sidebar-layout":"default","site-content-layout":"","ast-site-content-layout":"default","site-content-style":"default","site-sidebar-style":"default","ast-global-header-display":"","ast-banner-title-visibility":"","ast-main-header-display":"","ast-hfb-above-header-display":"","ast-hfb-below-header-display":"","ast-hfb-mobile-header-display":"","site-post-title":"","ast-breadcrumbs-content":"","ast-featured-img":"","footer-sml-layout":"","ast-disable-related-posts":"","theme-transparent-header-meta":"default","adv-header-id-meta":"","stick-header-meta":"","header-above-stick-meta":"","header-main-stick-meta":"","header-below-stick-meta":"","astra-migrate-meta-layouts":"set","ast-page-background-enabled":"default","ast-page-background-meta":{"desktop":{"background-color":"var(--ast-global-color-4)","background-image":"","background-repeat":"repeat","background-position":"center center","background-size":"auto","background-attachment":"scroll","background-type":"","background-media":"","overlay-type":"","overlay-color":"","overlay-opacity":"","overlay-gradient":""},"tablet":{"background-color":"","background-image":"","background-repeat":"repeat","background-position":"center center","background-size":"auto","background-attachment":"scroll","background-type":"","background-media":"","overlay-type":"","overlay-color":"","overlay-opacity":"","overlay-gradient":""},"mobile":{"background-color":"","background-image":"","background-repeat":"repeat","background-position":"center center","background-size":"auto","background-attachment":"scroll","background-type":"","background-media":"","overlay-type":"","overlay-color":"","overlay-opacity":"","overlay-gradient":""}},"ast-content-background-meta":{"desktop":{"background-color":"var(--ast-global-color-5)","background-image":"","background-repeat":"repeat","background-position":"center center","background-size":"auto","background-attachment":"scroll","background-type":"","background-media":"","overlay-type":"","overlay-color":"","overlay-opacity":"","overlay-gradient":""},"tablet":{"background-color":"var(--ast-global-color-5)","background-image":"","background-repeat":"repeat","background-position":"center center","background-size":"auto","background-attachment":"scroll","background-type":"","background-media":"","overlay-type":"","overlay-color":"","overlay-opacity":"","overlay-gradient":""},"mobile":{"background-color":"var(--ast-global-color-5)","background-image":"","background-repeat":"repeat","background-position":"center center","background-size":"auto","background-attachment":"scroll","background-type":"","background-media":"","overlay-type":"","overlay-color":"","overlay-opacity":"","overlay-gradient":""}}},"product_brand":[],"product_cat":[1147,1144],"product_tag":[2606],"product_format_filter":[6369],"class_list":{"0":"post-130808","1":"product","2":"type-product","3":"status-publish","4":"has-post-thumbnail","6":"product_cat-pre-roules-infuses","7":"product_cat-pre-roules","8":"product_tag-west-coast-craft-fr","9":"pa_flavours-agrume","10":"pa_flavours-pin","11":"pa_flavours-terreux","12":"pa_format-1g-2-fr","13":"pa_intensity-thc-eleve","14":"pa_marques-artisanat-de-la-cote-ouest","15":"pa_origin-ontario-fr","16":"pa_profil-terpene-bisabolol-fr","17":"pa_profil-terpene-caryophyllene","18":"pa_profil-terpene-farnesene-fr","19":"pa_profil-terpene-humulene-fr","20":"pa_profil-terpene-limonene-fr","21":"pa_thc-37-8-fr","22":"pa_type-de-plante-hybride-fr","23":"product_format_filter-1g","24":"desktop-align-left","25":"tablet-align-left","26":"mobile-align-left","28":"first","29":"instock","30":"taxable","31":"shipping-taxable","32":"purchasable","33":"product-type-simple"},"group_of_quantity":0,"min_quantity":0,"max_quantity":"","exclude_order_quantity_value_rules":"no","exclude_category_quantity_rules":"no","combine_variations":"no","acf":[],"_links":{"self":[{"href":"https:\/\/mendomedical.ca\/fr\/wp-json\/wp\/v2\/product\/130808","targetHints":{"allow":["GET"]}}],"collection":[{"href":"https:\/\/mendomedical.ca\/fr\/wp-json\/wp\/v2\/product"}],"about":[{"href":"https:\/\/mendomedical.ca\/fr\/wp-json\/wp\/v2\/types\/product"}],"replies":[{"embeddable":true,"href":"https:\/\/mendomedical.ca\/fr\/wp-json\/wp\/v2\/comments?post=130808"}],"wp:featuredmedia":[{"embeddable":true,"href":"https:\/\/mendomedical.ca\/fr\/wp-json\/wp\/v2\/media\/130810"}],"wp:attachment":[{"href":"https:\/\/mendomedical.ca\/fr\/wp-json\/wp\/v2\/media?parent=130808"}],"wp:term":[{"taxonomy":"product_brand","embeddable":true,"href":"https:\/\/mendomedical.ca\/fr\/wp-json\/wp\/v2\/product_brand?post=130808"},{"taxonomy":"product_cat","embeddable":true,"href":"https:\/\/mendomedical.ca\/fr\/wp-json\/wp\/v2\/product_cat?post=130808"},{"taxonomy":"product_tag","embeddable":true,"href":"https:\/\/mendomedical.ca\/fr\/wp-json\/wp\/v2\/product_tag?post=130808"},{"taxonomy":"product_format_filter","embeddable":true,"href":"https:\/\/mendomedical.ca\/fr\/wp-json\/wp\/v2\/product_format_filter?post=130808"}],"curies":[{"name":"wp","href":"https:\/\/api.w.org\/{rel}","templated":true}]}}