{"id":130740,"date":"2025-09-24T11:00:58","date_gmt":"2025-09-24T15:00:58","guid":{"rendered":"https:\/\/mendomedical.ca\/?post_type=product&#038;p=130740"},"modified":"2026-03-25T12:38:59","modified_gmt":"2026-03-25T16:38:59","slug":"drop-culture-grape-gas-live-rosin","status":"publish","type":"product","link":"https:\/\/mendomedical.ca\/fr\/produit\/drop-culture-grape-gas-live-rosin\/","title":{"rendered":"Drop Culture - Grape gas Live Rosin"},"content":{"rendered":"<p>103830<\/p>\n","protected":false},"excerpt":{"rendered":"<div class=\"ExternalClassEE22706A3AB54F539959B13CCA1E3026\">\n<h3>Drop Culture - Grape gas Live Rosin de SUGR<\/h3>\n<h3>Terp\u00e8nes totaux : 11,08%.<\/h3>\n<p>D\u00e9couvrez le summum de la concentration de cannabis avec Drop Culture - Grape Gas Live Rosin de SUGR. Ce Live Rosin de premi\u00e8re qualit\u00e9 d\u00e9livre un taux exceptionnel de 11,08 % de terp\u00e8nes totaux gr\u00e2ce \u00e0 un processus d&rsquo;extraction sans solvant qui pr\u00e9serve l&rsquo;essence naturelle de la plante. Cr\u00e9\u00e9 \u00e0 partir de la g\u00e9n\u00e9tique distinctive Jet Fuel Gelato x Grape Pie, ce concentr\u00e9 offre un m\u00e9lange harmonieux de douceur au go\u00fbt de raisin et de notes de gaz terreux qui satisfont m\u00eame les connaisseurs de cannabis les plus exigeants.  <\/p>\n<h4>Caract\u00e9ristiques principales<\/h4>\n<ul>\n<li>Extraction sans solvant de premi\u00e8re qualit\u00e9 pr\u00e9servant 11,08 % de terp\u00e8nes totaux pour une saveur et un effet maximum.<\/li>\n<li>Surgel\u00e9 au moment de la r\u00e9colte pour obtenir des profils de cannabino\u00efdes et de terp\u00e8nes optimaux.<\/li>\n<li>Couleur dor\u00e9e \u00e0 ambr\u00e9e avec des reflets brillants indiquant une extraction pure et propre.<\/li>\n<li>Consistance lisse, semblable \u00e0 de la s\u00e8ve, id\u00e9ale pour le dabbing ou la vaporisation.<\/li>\n<li>Effets \u00e9quilibr\u00e9s combinant l&rsquo;euphorie et la relaxation.<\/li>\n<\/ul>\n<h4>Profil aromatique et terp\u00e8nes<\/h4>\n<p>Grape Gas Live Rosin pr\u00e9sente un profil terp\u00e9nique complexe domin\u00e9 par des notes sucr\u00e9es et de raisin, compl\u00e9t\u00e9es par des nuances fruit\u00e9es. Le parcours de l&rsquo;ar\u00f4me comprend des accents terreux, semblables \u00e0 ceux du gaz, avec de subtiles nuances v\u00e9g\u00e9tales qui donnent \u00e0 ce concentr\u00e9 son caract\u00e8re \u00ab\u00a0gazeux\u00a0\u00bb distinctif. La teneur \u00e9lev\u00e9e en myrc\u00e8ne contribue aux effets notablement relaxants du produit, tandis que les 11,08 % de terp\u00e8nes totaux garantissent une exp\u00e9rience riche et cors\u00e9e \u00e0 chaque utilisation.  <\/p>\n<h4>Pourquoi choisir Live Rosin ?<\/h4>\n<p>Live Rosin repr\u00e9sente l&rsquo;\u00e9talon-or pour les patients du cannabis m\u00e9dical \u00e0 la recherche d&rsquo;un soulagement pur et puissant, sans solvants ni additifs. Cette m\u00e9thode de concentration pr\u00e9serve le profil th\u00e9rapeutique complet de la plante, ce qui la rend id\u00e9ale pour les patients qui ont besoin d&rsquo;effets constants et fiables pour g\u00e9rer la douleur, le stress ou les probl\u00e8mes de sommeil. <\/p>\n<h4>Exp\u00e9dition dans tout le Canada<\/h4>\n<p>Drop Culture - Grape gas Live Rosin est exp\u00e9di\u00e9 rapidement \u00e0 travers le Canada avec livraison gratuite \u00e0 partir de 150 $ d&rsquo;achat. Nous assurons un emballage discret et s\u00e9curitaire afin de pr\u00e9server l&rsquo;int\u00e9grit\u00e9 du produit pendant le transport jusqu&rsquo;\u00e0 votre porte. <\/p>\n<h4>Avantages et couverture pour les anciens combattants<\/h4>\n<p>Drop Culture - Grape Gas Live Rosin est admissible \u00e0 la couverture d&rsquo;ACC (Anciens Combattants Canada) avec facturation directe par la Croix Bleue, ce qui \u00e9limine les frais remboursables pour les anciens combattants admissibles. Si vous n&rsquo;avez pas encore obtenu votre carte de cannabis m\u00e9dical, <a href=\"https:\/\/mendomedical.ca\/fr\/carte-medicale\/\">obtenez votre carte m\u00e9dicale gratuite rapidement et facilement ici.<\/a> <\/p>\n<\/div>\n","protected":false},"featured_media":130744,"comment_status":"closed","ping_status":"closed","template":"","meta":{"_acf_changed":false,"site-sidebar-layout":"default","site-content-layout":"","ast-site-content-layout":"default","site-content-style":"default","site-sidebar-style":"default","ast-global-header-display":"","ast-banner-title-visibility":"","ast-main-header-display":"","ast-hfb-above-header-display":"","ast-hfb-below-header-display":"","ast-hfb-mobile-header-display":"","site-post-title":"","ast-breadcrumbs-content":"","ast-featured-img":"","footer-sml-layout":"","ast-disable-related-posts":"","theme-transparent-header-meta":"default","adv-header-id-meta":"","stick-header-meta":"","header-above-stick-meta":"","header-main-stick-meta":"","header-below-stick-meta":"","astra-migrate-meta-layouts":"set","ast-page-background-enabled":"default","ast-page-background-meta":{"desktop":{"background-color":"var(--ast-global-color-4)","background-image":"","background-repeat":"repeat","background-position":"center center","background-size":"auto","background-attachment":"scroll","background-type":"","background-media":"","overlay-type":"","overlay-color":"","overlay-opacity":"","overlay-gradient":""},"tablet":{"background-color":"","background-image":"","background-repeat":"repeat","background-position":"center center","background-size":"auto","background-attachment":"scroll","background-type":"","background-media":"","overlay-type":"","overlay-color":"","overlay-opacity":"","overlay-gradient":""},"mobile":{"background-color":"","background-image":"","background-repeat":"repeat","background-position":"center center","background-size":"auto","background-attachment":"scroll","background-type":"","background-media":"","overlay-type":"","overlay-color":"","overlay-opacity":"","overlay-gradient":""}},"ast-content-background-meta":{"desktop":{"background-color":"var(--ast-global-color-5)","background-image":"","background-repeat":"repeat","background-position":"center center","background-size":"auto","background-attachment":"scroll","background-type":"","background-media":"","overlay-type":"","overlay-color":"","overlay-opacity":"","overlay-gradient":""},"tablet":{"background-color":"var(--ast-global-color-5)","background-image":"","background-repeat":"repeat","background-position":"center center","background-size":"auto","background-attachment":"scroll","background-type":"","background-media":"","overlay-type":"","overlay-color":"","overlay-opacity":"","overlay-gradient":""},"mobile":{"background-color":"var(--ast-global-color-5)","background-image":"","background-repeat":"repeat","background-position":"center center","background-size":"auto","background-attachment":"scroll","background-type":"","background-media":"","overlay-type":"","overlay-color":"","overlay-opacity":"","overlay-gradient":""}}},"product_brand":[],"product_cat":[1125,1118,1119],"product_tag":[3773],"product_format_filter":[6369],"class_list":{"0":"post-130740","1":"product","2":"type-product","3":"status-publish","4":"has-post-thumbnail","6":"product_cat-rosin-vivante","7":"product_cat-concentres","8":"product_cat-tout-sans-solvant","9":"product_tag-sugr-fr","10":"pa_flavours-fruite","11":"pa_flavours-a-base-de-plantes","12":"pa_flavours-raisin","13":"pa_flavours-doux","14":"pa_flavours-terreux","15":"pa_intensity-thc-eleve","16":"pa_marques-sugr-fr","17":"pa_origin-ontario-fr","18":"pa_profil-terpene-caryophyllene","19":"pa_profil-terpene-farnesene-fr","20":"pa_profil-terpene-humulene-fr","21":"pa_profil-terpene-limonene-fr","22":"pa_profil-terpene-linalol-fr","23":"pa_type-de-plante-hybride-fr","24":"product_format_filter-1g","25":"desktop-align-left","26":"tablet-align-left","27":"mobile-align-left","29":"first","30":"outofstock","31":"taxable","32":"shipping-taxable","33":"purchasable","34":"product-type-simple"},"group_of_quantity":0,"min_quantity":0,"max_quantity":"","exclude_order_quantity_value_rules":"no","exclude_category_quantity_rules":"no","combine_variations":"no","acf":[],"_links":{"self":[{"href":"https:\/\/mendomedical.ca\/fr\/wp-json\/wp\/v2\/product\/130740","targetHints":{"allow":["GET"]}}],"collection":[{"href":"https:\/\/mendomedical.ca\/fr\/wp-json\/wp\/v2\/product"}],"about":[{"href":"https:\/\/mendomedical.ca\/fr\/wp-json\/wp\/v2\/types\/product"}],"replies":[{"embeddable":true,"href":"https:\/\/mendomedical.ca\/fr\/wp-json\/wp\/v2\/comments?post=130740"}],"wp:featuredmedia":[{"embeddable":true,"href":"https:\/\/mendomedical.ca\/fr\/wp-json\/wp\/v2\/media\/130744"}],"wp:attachment":[{"href":"https:\/\/mendomedical.ca\/fr\/wp-json\/wp\/v2\/media?parent=130740"}],"wp:term":[{"taxonomy":"product_brand","embeddable":true,"href":"https:\/\/mendomedical.ca\/fr\/wp-json\/wp\/v2\/product_brand?post=130740"},{"taxonomy":"product_cat","embeddable":true,"href":"https:\/\/mendomedical.ca\/fr\/wp-json\/wp\/v2\/product_cat?post=130740"},{"taxonomy":"product_tag","embeddable":true,"href":"https:\/\/mendomedical.ca\/fr\/wp-json\/wp\/v2\/product_tag?post=130740"},{"taxonomy":"product_format_filter","embeddable":true,"href":"https:\/\/mendomedical.ca\/fr\/wp-json\/wp\/v2\/product_format_filter?post=130740"}],"curies":[{"name":"wp","href":"https:\/\/api.w.org\/{rel}","templated":true}]}}