{"id":116847,"date":"2025-06-07T01:00:45","date_gmt":"2025-06-07T05:00:45","guid":{"rendered":"https:\/\/mendomedical.ca\/?post_type=product&#038;p=116847"},"modified":"2025-07-16T14:50:15","modified_gmt":"2025-07-16T18:50:15","slug":"mendo-select-gary-payton","status":"publish","type":"product","link":"https:\/\/mendomedical.ca\/fr\/produit\/mendo-select-gary-payton\/","title":{"rendered":"Gary Payton"},"content":{"rendered":"","protected":false},"excerpt":{"rendered":"<h3>Terp\u00e8nes Totaux : 3.27%<\/h3>\n<h5>The Y X Snowman<\/h5>\n<p><strong>Hybride \u00e0 dominante Indica, soigneusement fabriqu\u00e9 \u00e0 la main pour pr\u00e9server les trichomes. D\u00e9couvrez les effets puissants et \u00e9quilibr\u00e9s de la vari\u00e9t\u00e9 Gary Payton. Id\u00e9al pour les occasions sociales et pour soulager l\u2019anxi\u00e9t\u00e9, la d\u00e9pression et le stress.<\/strong><\/p>\n<p>&nbsp;<\/p>\n<h5>Aspect Visuel:<\/h5>\n<p>Grosses cocottes, haute teneur en cristaux avec une bonne densit\u00e9.<\/p>\n<p>&nbsp;<\/p>\n<h5>Ar\u00f4me :<\/h5>\n<p>Fruit\u00e9 avec une pointe de gaz. Son ar\u00f4me est aromatique et elle pr\u00e9sente des t\u00eates visuellement color\u00e9es gr\u00e2ce \u00e0 sa riche g\u00e9n\u00e9tique.<\/p>\n<p>&nbsp;<\/p>\n<h5>Profil de saveur :<\/h5>\n<p>Gary Payton a un profil de saveur unique mettant en vedette le poivre, la lavande et l\u2019abricot. Son ar\u00f4me est aromatique et elle pr\u00e9sente des cocottes visuellement color\u00e9es gr\u00e2ce \u00e0 sa riche g\u00e9n\u00e9tique.<\/p>\n<p>&nbsp;<\/p>\n<h5>Profil cannabino\u00efde et terp\u00e8ne\u00a0:<\/h5>\n<p>La vari\u00e9t\u00e9 Gary Payton a une teneur \u00e9lev\u00e9e en THC et CBD offrant une exp\u00e9rience exceptionnelle aux utilisateurs r\u00e9cr\u00e9atifs et m\u00e9dicinaux. Il pr\u00e9sente un profil terp\u00e9nique diversifi\u00e9, comprenant principalement du trans-caryophyll\u00e8ne, de l\u2019ocim\u00e8ne, du b\u00eata-pin\u00e8ne, du limon\u00e8ne, de l\u2019alpha-humul\u00e8ne, du linalol, de l\u2019alpha-bisabolol, de l\u2019oxyde de caryophyll\u00e8ne, de l\u2019alpha-terpin\u00e9ol, du trans-n\u00e9rolidol, de l\u2019alcool fenchylique, du camph\u00e8ne et du squal\u00e8ne.<\/p>\n<p>&nbsp;<\/p>\n<h5 id=\"tw-target-text\" class=\"tw-data-text tw-text-large tw-ta\" dir=\"ltr\" data-placeholder=\"Traduction\" aria-label=\"Texte traduit\" data-ved=\"2ahUKEwihm8zt7pyFAxWMN2IAHRerA8cQ3ewLegQIBRAU\"><span class=\"Y2IQFc\" lang=\"fr\">Effets:<\/span><\/h5>\n<p>Gary Payton fait rire les utilisateurs et les rend euphoriques. C\u2019est id\u00e9al pour les occasions sociales et pour am\u00e9liorer votre humeur.<\/p>\n","protected":false},"featured_media":227259,"comment_status":"closed","ping_status":"closed","template":"","meta":{"_acf_changed":false,"site-sidebar-layout":"default","site-content-layout":"","ast-site-content-layout":"default","site-content-style":"default","site-sidebar-style":"default","ast-global-header-display":"","ast-banner-title-visibility":"","ast-main-header-display":"","ast-hfb-above-header-display":"","ast-hfb-below-header-display":"","ast-hfb-mobile-header-display":"","site-post-title":"","ast-breadcrumbs-content":"","ast-featured-img":"","footer-sml-layout":"","ast-disable-related-posts":"","theme-transparent-header-meta":"default","adv-header-id-meta":"","stick-header-meta":"","header-above-stick-meta":"","header-main-stick-meta":"","header-below-stick-meta":"","astra-migrate-meta-layouts":"set","ast-page-background-enabled":"default","ast-page-background-meta":{"desktop":{"background-color":"var(--ast-global-color-4)","background-image":"","background-repeat":"repeat","background-position":"center center","background-size":"auto","background-attachment":"scroll","background-type":"","background-media":"","overlay-type":"","overlay-color":"","overlay-opacity":"","overlay-gradient":""},"tablet":{"background-color":"","background-image":"","background-repeat":"repeat","background-position":"center center","background-size":"auto","background-attachment":"scroll","background-type":"","background-media":"","overlay-type":"","overlay-color":"","overlay-opacity":"","overlay-gradient":""},"mobile":{"background-color":"","background-image":"","background-repeat":"repeat","background-position":"center center","background-size":"auto","background-attachment":"scroll","background-type":"","background-media":"","overlay-type":"","overlay-color":"","overlay-opacity":"","overlay-gradient":""}},"ast-content-background-meta":{"desktop":{"background-color":"var(--ast-global-color-5)","background-image":"","background-repeat":"repeat","background-position":"center center","background-size":"auto","background-attachment":"scroll","background-type":"","background-media":"","overlay-type":"","overlay-color":"","overlay-opacity":"","overlay-gradient":""},"tablet":{"background-color":"var(--ast-global-color-5)","background-image":"","background-repeat":"repeat","background-position":"center center","background-size":"auto","background-attachment":"scroll","background-type":"","background-media":"","overlay-type":"","overlay-color":"","overlay-opacity":"","overlay-gradient":""},"mobile":{"background-color":"var(--ast-global-color-5)","background-image":"","background-repeat":"repeat","background-position":"center center","background-size":"auto","background-attachment":"scroll","background-type":"","background-media":"","overlay-type":"","overlay-color":"","overlay-opacity":"","overlay-gradient":""}}},"product_brand":[],"product_cat":[1140,1137],"product_tag":[1345],"product_format_filter":[],"class_list":{"0":"post-116847","1":"product","2":"type-product","3":"status-publish","4":"has-post-thumbnail","6":"product_cat-selection-mendo","7":"product_cat-fleur","8":"product_tag-mendo-select-fr","9":"pa_flavours-apricot-fr","10":"pa_flavours-lavender-fr","11":"pa_flavours-pepper","12":"pa_format-7g-fr","13":"pa_intensity-thc-eleve","14":"pa_marques-mendo-select-fr","15":"pa_origin-alberta-fr","16":"pa_packaging-date-28-10-2024-fr","17":"pa_prix-par-gramme-8-57-fr","18":"pa_profil-terpene-caryophyllene","19":"pa_profil-terpene-farnesene-fr","20":"pa_profil-terpene-myrcene","21":"pa_profil-terpene-pinene-fr","22":"pa_thc-27-1","23":"pa_type-de-plante-hybride-fr","24":"desktop-align-left","25":"tablet-align-left","26":"mobile-align-left","28":"first","29":"outofstock","30":"taxable","31":"shipping-taxable","32":"purchasable","33":"product-type-simple"},"group_of_quantity":0,"min_quantity":0,"max_quantity":"","exclude_order_quantity_value_rules":"no","exclude_category_quantity_rules":"no","combine_variations":"no","acf":[],"_links":{"self":[{"href":"https:\/\/mendomedical.ca\/fr\/wp-json\/wp\/v2\/product\/116847","targetHints":{"allow":["GET"]}}],"collection":[{"href":"https:\/\/mendomedical.ca\/fr\/wp-json\/wp\/v2\/product"}],"about":[{"href":"https:\/\/mendomedical.ca\/fr\/wp-json\/wp\/v2\/types\/product"}],"replies":[{"embeddable":true,"href":"https:\/\/mendomedical.ca\/fr\/wp-json\/wp\/v2\/comments?post=116847"}],"wp:featuredmedia":[{"embeddable":true,"href":"https:\/\/mendomedical.ca\/fr\/wp-json\/wp\/v2\/media\/227259"}],"wp:attachment":[{"href":"https:\/\/mendomedical.ca\/fr\/wp-json\/wp\/v2\/media?parent=116847"}],"wp:term":[{"taxonomy":"product_brand","embeddable":true,"href":"https:\/\/mendomedical.ca\/fr\/wp-json\/wp\/v2\/product_brand?post=116847"},{"taxonomy":"product_cat","embeddable":true,"href":"https:\/\/mendomedical.ca\/fr\/wp-json\/wp\/v2\/product_cat?post=116847"},{"taxonomy":"product_tag","embeddable":true,"href":"https:\/\/mendomedical.ca\/fr\/wp-json\/wp\/v2\/product_tag?post=116847"},{"taxonomy":"product_format_filter","embeddable":true,"href":"https:\/\/mendomedical.ca\/fr\/wp-json\/wp\/v2\/product_format_filter?post=116847"}],"curies":[{"name":"wp","href":"https:\/\/api.w.org\/{rel}","templated":true}]}}