{"id":111811,"date":"2025-08-10T16:05:37","date_gmt":"2025-08-10T20:05:37","guid":{"rendered":"https:\/\/mendomedical.ca\/?post_type=product&#038;p=111811"},"modified":"2025-12-02T09:22:29","modified_gmt":"2025-12-02T14:22:29","slug":"the-hive-live-rosin","status":"publish","type":"product","link":"https:\/\/mendomedical.ca\/fr\/produit\/the-hive-live-rosin\/","title":{"rendered":"La Ruche Live Rosin"},"content":{"rendered":"","protected":false},"excerpt":{"rendered":"<div class=\"ExternalClass9AD56605C83D455C9C2C5BBFC7DC5206\">\n<h3>The Hive Live Rosin de Brindle Farms Inc.<\/h3>\n<p>D\u00e9couvrez le summum de l&rsquo;extraction sans solvant avec The Hive Live Rosin de Brindle Farms Inc. Ce concentr\u00e9 exceptionnel met en valeur la g\u00e9n\u00e9tique rare Honey Banana x Papaya, d\u00e9livrant un total impressionnant de 8,79 % de terp\u00e8nes totaux dans un format de Live Rosin de premi\u00e8re qualit\u00e9. Apr\u00e8s avoir test\u00e9 des centaines de cultivars, Brindle Farms a mis au point cet extrait extraordinaire qui associe des saveurs sucr\u00e9es \u00e0 de puissants effets \u00e0 dominante sativa.  <\/p>\n<h4>Caract\u00e9ristiques principales<\/h4>\n<ul>\n<li>Live Rosin de qualit\u00e9 sup\u00e9rieure sans solvant avec 8,79 % de terp\u00e8nes totaux issus de la g\u00e9n\u00e9tique Honey Banana x Papaya.<\/li>\n<li>Texture humide et g\u00e9latineuse avec une stabilit\u00e9 exceptionnelle et une couleur presque blanche avec des nuances dor\u00e9es\/jaunes.<\/li>\n<li>Ar\u00f4me intense de bonbon avec des notes sucr\u00e9es et mielleuses qui procurent une saveur persistante.<\/li>\n<li>Les effets dominants de la sativa offrent une euphorie exaltante, une cr\u00e9ativit\u00e9 accrue et une clart\u00e9 mentale.<\/li>\n<li>\u00c9labor\u00e9 par des experts gr\u00e2ce \u00e0 des processus de culture et d&rsquo;extraction m\u00e9ticuleux pour une puret\u00e9 maximale.<\/li>\n<\/ul>\n<h4>Profil aromatique et terp\u00e8nes<\/h4>\n<p>The Hive Live Rosin offre une exp\u00e9rience sensorielle bouleversante avec ses profils de saveurs dominantes de bonbons, de miel et de sucreries. La teneur \u00e9lev\u00e9e en terp\u00e8nes (8,79 %) cr\u00e9e une puissance aromatique imm\u00e9diatement perceptible \u00e0 l&rsquo;ouverture. Le go\u00fbt sucr\u00e9, semblable \u00e0 celui d&rsquo;un bonbon, s&rsquo;associe \u00e0 des notes de miel et de sucre pour cr\u00e9er une exp\u00e9rience qui met l&rsquo;eau \u00e0 la bouche. Le profil des terp\u00e8nes procure une sensation d&rsquo;enrobage qui persiste longtemps apr\u00e8s la consommation, offrant des sessions douces et savoureuses \u00e0 chaque utilisation.   <\/p>\n<h4>Pourquoi choisir Live Rosin ?<\/h4>\n<p>Les concentr\u00e9s de Live Rosin offrent aux utilisateurs m\u00e9dicaux une option pure, sans solvant, qui pr\u00e9serve le spectre complet des cannabino\u00efdes et des terp\u00e8nes. Le format concentr\u00e9 permet un dosage pr\u00e9cis tout en conservant les propri\u00e9t\u00e9s th\u00e9rapeutiques naturelles de la plante. <\/p>\n<h4>Exp\u00e9dition dans tout le Canada<\/h4>\n<p>The Hive Live Rosin est exp\u00e9di\u00e9 rapidement \u00e0 travers le Canada. Nous offrons la livraison gratuite pour toutes les commandes de plus de 150 $, ce qui vous assure de recevoir vos concentr\u00e9s de qualit\u00e9 sup\u00e9rieure rapidement et discr\u00e8tement. <\/p>\n<h4>Avantages et couverture pour les anciens combattants<\/h4>\n<p>La Ruche Live Rosin est admissible \u00e0 la couverture d&rsquo;ACC (Anciens Combattants Canada) avec facturation directe par l&rsquo;entremise de la Croix Bleue, ce qui signifie que les anciens combattants admissibles n&rsquo;ont pas \u00e0 d\u00e9bourser d&rsquo;argent. Si vous n&rsquo;avez pas encore votre carte m\u00e9dicale, vous pouvez <a href=\"https:\/\/mendomedical.ca\/fr\/carte-medicale\/\">l&rsquo;obtenir rapidement et facilement<\/a> pour acc\u00e9der \u00e0 ces avantages. <\/p>\n<\/div>\n","protected":false},"featured_media":257986,"comment_status":"closed","ping_status":"closed","template":"","meta":{"_acf_changed":false,"site-sidebar-layout":"default","site-content-layout":"","ast-site-content-layout":"default","site-content-style":"default","site-sidebar-style":"default","ast-global-header-display":"","ast-banner-title-visibility":"","ast-main-header-display":"","ast-hfb-above-header-display":"","ast-hfb-below-header-display":"","ast-hfb-mobile-header-display":"","site-post-title":"","ast-breadcrumbs-content":"","ast-featured-img":"","footer-sml-layout":"","ast-disable-related-posts":"","theme-transparent-header-meta":"default","adv-header-id-meta":"","stick-header-meta":"","header-above-stick-meta":"","header-main-stick-meta":"","header-below-stick-meta":"","astra-migrate-meta-layouts":"set","ast-page-background-enabled":"default","ast-page-background-meta":{"desktop":{"background-color":"var(--ast-global-color-4)","background-image":"","background-repeat":"repeat","background-position":"center center","background-size":"auto","background-attachment":"scroll","background-type":"","background-media":"","overlay-type":"","overlay-color":"","overlay-opacity":"","overlay-gradient":""},"tablet":{"background-color":"","background-image":"","background-repeat":"repeat","background-position":"center center","background-size":"auto","background-attachment":"scroll","background-type":"","background-media":"","overlay-type":"","overlay-color":"","overlay-opacity":"","overlay-gradient":""},"mobile":{"background-color":"","background-image":"","background-repeat":"repeat","background-position":"center center","background-size":"auto","background-attachment":"scroll","background-type":"","background-media":"","overlay-type":"","overlay-color":"","overlay-opacity":"","overlay-gradient":""}},"ast-content-background-meta":{"desktop":{"background-color":"var(--ast-global-color-5)","background-image":"","background-repeat":"repeat","background-position":"center center","background-size":"auto","background-attachment":"scroll","background-type":"","background-media":"","overlay-type":"","overlay-color":"","overlay-opacity":"","overlay-gradient":""},"tablet":{"background-color":"var(--ast-global-color-5)","background-image":"","background-repeat":"repeat","background-position":"center center","background-size":"auto","background-attachment":"scroll","background-type":"","background-media":"","overlay-type":"","overlay-color":"","overlay-opacity":"","overlay-gradient":""},"mobile":{"background-color":"var(--ast-global-color-5)","background-image":"","background-repeat":"repeat","background-position":"center center","background-size":"auto","background-attachment":"scroll","background-type":"","background-media":"","overlay-type":"","overlay-color":"","overlay-opacity":"","overlay-gradient":""}}},"product_brand":[],"product_cat":[1125,1118,1119],"product_tag":[2775],"product_format_filter":[6369],"class_list":{"0":"post-111811","1":"product","2":"type-product","3":"status-publish","4":"has-post-thumbnail","6":"product_cat-rosin-vivante","7":"product_cat-concentres","8":"product_cat-tout-sans-solvant","9":"product_tag-brindle-farms-fr","10":"pa_flavours-bonbons","11":"pa_flavours-honey-fr","12":"pa_flavours-doux","13":"pa_intensity-thc-eleve","14":"pa_marques-brindle-farms-inc-fr","15":"pa_origin-colombie-britannique-fr","16":"pa_profil-terpene-caryophyllene","17":"pa_profil-terpene-farnesene-fr","18":"pa_profil-terpene-limonene-fr","19":"pa_profil-terpene-myrcene","20":"pa_type-de-plante-hybride-fr","21":"product_format_filter-1g","22":"desktop-align-left","23":"tablet-align-left","24":"mobile-align-left","26":"first","27":"outofstock","28":"taxable","29":"shipping-taxable","30":"purchasable","31":"product-type-simple"},"group_of_quantity":0,"min_quantity":0,"max_quantity":"","exclude_order_quantity_value_rules":"no","exclude_category_quantity_rules":"no","combine_variations":"no","acf":[],"_links":{"self":[{"href":"https:\/\/mendomedical.ca\/fr\/wp-json\/wp\/v2\/product\/111811","targetHints":{"allow":["GET"]}}],"collection":[{"href":"https:\/\/mendomedical.ca\/fr\/wp-json\/wp\/v2\/product"}],"about":[{"href":"https:\/\/mendomedical.ca\/fr\/wp-json\/wp\/v2\/types\/product"}],"replies":[{"embeddable":true,"href":"https:\/\/mendomedical.ca\/fr\/wp-json\/wp\/v2\/comments?post=111811"}],"wp:featuredmedia":[{"embeddable":true,"href":"https:\/\/mendomedical.ca\/fr\/wp-json\/wp\/v2\/media\/257986"}],"wp:attachment":[{"href":"https:\/\/mendomedical.ca\/fr\/wp-json\/wp\/v2\/media?parent=111811"}],"wp:term":[{"taxonomy":"product_brand","embeddable":true,"href":"https:\/\/mendomedical.ca\/fr\/wp-json\/wp\/v2\/product_brand?post=111811"},{"taxonomy":"product_cat","embeddable":true,"href":"https:\/\/mendomedical.ca\/fr\/wp-json\/wp\/v2\/product_cat?post=111811"},{"taxonomy":"product_tag","embeddable":true,"href":"https:\/\/mendomedical.ca\/fr\/wp-json\/wp\/v2\/product_tag?post=111811"},{"taxonomy":"product_format_filter","embeddable":true,"href":"https:\/\/mendomedical.ca\/fr\/wp-json\/wp\/v2\/product_format_filter?post=111811"}],"curies":[{"name":"wp","href":"https:\/\/api.w.org\/{rel}","templated":true}]}}