{"id":111804,"date":"2024-01-01T06:25:58","date_gmt":"2024-01-01T11:25:58","guid":{"rendered":"https:\/\/mendomedical.ca\/?post_type=product&#038;p=111804"},"modified":"2025-11-05T11:14:05","modified_gmt":"2025-11-05T16:14:05","slug":"hash-rosin-maple-salted-caramel","status":"publish","type":"product","link":"https:\/\/mendomedical.ca\/fr\/produit\/hash-rosin-maple-salted-caramel\/","title":{"rendered":"Caramel sal\u00e9 au Hash Rosin et \u00e0 l&rsquo;\u00e9rable"},"content":{"rendered":"","protected":false},"excerpt":{"rendered":"<p><strong>2x 5mg THC Caramel<\/strong><\/p>\n<p><strong>Souche : Guava Gas<\/strong><\/p>\n<p>Offrez-vous un pur bonheur avec le caramel \u00e0 l&rsquo;\u00e9rable sal\u00e9 \u00e0 la rosine de haschisch de MANNA. \u00c9labor\u00e9 \u00e0 partir de rosin de haschisch de premi\u00e8re qualit\u00e9, de beurre et de cr\u00e8me biologiques et de sirop d&rsquo;\u00e9rable biologique, ce r\u00e9gal gourmet offre un go\u00fbt exquis de deux saveurs canadiennes classiques, avec juste une pinc\u00e9e de sel. Savourez ce caramel cr\u00e9meux lentement pour garantir une absorption optimale et une exp\u00e9rience gustative prolong\u00e9e.  <\/p>\n<p>&nbsp;<\/p>\n<h5>Aspect Visuel:<\/h5>\n<p>Ces caramels fabriqu\u00e9s en petites s\u00e9ries sont faits \u00e0 la main, coup\u00e9s \u00e0 la main et emball\u00e9s \u00e0 la main dans un emballage compostable, avec amour. Chaque caramel refl\u00e8te le soin et le savoir-faire apport\u00e9s \u00e0 chaque \u00e9tape, depuis la s\u00e9lection d&rsquo;ingr\u00e9dients de qualit\u00e9 jusqu&rsquo;\u00e0 l&rsquo;exp\u00e9rience client. <\/p>\n<p>&nbsp;<\/p>\n<h5>Profil de saveur :<\/h5>\n<p>Chaque bouch\u00e9e de caramel \u00e0 l&rsquo;\u00e9rable sal\u00e9 et \u00e0 la rosine de haschisch de MANNA offre une texture riche et velout\u00e9e qui fond doucement sur la langue. Les notes chaudes et terreuses du Rosin de Hash de premi\u00e8re qualit\u00e9 se m\u00e9langent sans effort \u00e0 la douceur du sirop d&rsquo;\u00e9rable canadien pur, cr\u00e9ant ainsi une profondeur de go\u00fbt \u00e9quilibr\u00e9e. Un soup\u00e7on de sel rehausse la complexit\u00e9 du caramel, rehausse le go\u00fbt sucr\u00e9 tout en laissant une finale savoureuse et satisfaisante. Cette combinaison d\u00e9cadente vous invite \u00e0 savourer chaque instant, faisant de chaque go\u00fbt un plaisir typiquement canadien.   <\/p>\n<p>&nbsp;<\/p>\n<h5>Effets :<\/h5>\n<p>Les effets du Hash Rosin Salted Maple Caramel de MANNA proviennent de la rosine de haschisch \u00e0 spectre complet, offrant une exp\u00e9rience apaisante et \u00e9quilibr\u00e9e qui d\u00e9tend doucement l&rsquo;esprit et le corps. Gr\u00e2ce au Rosin \u00e0 spectre complet, les utilisateurs peuvent profiter d&rsquo;une gamme plus riche de cannabino\u00efdes pour un effet plus complet. Pour une absorption optimale, savourez chaque caramel lentement.  <\/p>\n","protected":false},"featured_media":111806,"comment_status":"closed","ping_status":"closed","template":"","meta":{"_acf_changed":false,"site-sidebar-layout":"default","site-content-layout":"","ast-site-content-layout":"default","site-content-style":"default","site-sidebar-style":"default","ast-global-header-display":"","ast-banner-title-visibility":"","ast-main-header-display":"","ast-hfb-above-header-display":"","ast-hfb-below-header-display":"","ast-hfb-mobile-header-display":"","site-post-title":"","ast-breadcrumbs-content":"","ast-featured-img":"","footer-sml-layout":"","ast-disable-related-posts":"","theme-transparent-header-meta":"default","adv-header-id-meta":"","stick-header-meta":"","header-above-stick-meta":"","header-main-stick-meta":"","header-below-stick-meta":"","astra-migrate-meta-layouts":"set","ast-page-background-enabled":"default","ast-page-background-meta":{"desktop":{"background-color":"var(--ast-global-color-4)","background-image":"","background-repeat":"repeat","background-position":"center center","background-size":"auto","background-attachment":"scroll","background-type":"","background-media":"","overlay-type":"","overlay-color":"","overlay-opacity":"","overlay-gradient":""},"tablet":{"background-color":"","background-image":"","background-repeat":"repeat","background-position":"center center","background-size":"auto","background-attachment":"scroll","background-type":"","background-media":"","overlay-type":"","overlay-color":"","overlay-opacity":"","overlay-gradient":""},"mobile":{"background-color":"","background-image":"","background-repeat":"repeat","background-position":"center center","background-size":"auto","background-attachment":"scroll","background-type":"","background-media":"","overlay-type":"","overlay-color":"","overlay-opacity":"","overlay-gradient":""}},"ast-content-background-meta":{"desktop":{"background-color":"var(--ast-global-color-5)","background-image":"","background-repeat":"repeat","background-position":"center center","background-size":"auto","background-attachment":"scroll","background-type":"","background-media":"","overlay-type":"","overlay-color":"","overlay-opacity":"","overlay-gradient":""},"tablet":{"background-color":"var(--ast-global-color-5)","background-image":"","background-repeat":"repeat","background-position":"center center","background-size":"auto","background-attachment":"scroll","background-type":"","background-media":"","overlay-type":"","overlay-color":"","overlay-opacity":"","overlay-gradient":""},"mobile":{"background-color":"var(--ast-global-color-5)","background-image":"","background-repeat":"repeat","background-position":"center center","background-size":"auto","background-attachment":"scroll","background-type":"","background-media":"","overlay-type":"","overlay-color":"","overlay-opacity":"","overlay-gradient":""}}},"product_brand":[],"product_cat":[1511,1128],"product_tag":[3732],"product_format_filter":[6498],"class_list":{"0":"post-111804","1":"product","2":"type-product","3":"status-publish","4":"has-post-thumbnail","6":"product_cat-full-spectrum-fr","7":"product_cat-comestibles","8":"product_tag-manna","9":"pa_flavours-salted-caramel-fr","10":"pa_flavours-maple-fr","11":"pa_format-2-unites","12":"pa_intensity-thc-moyen","13":"pa_marques-manna-fr","14":"pa_origin-alberta-fr","15":"pa_thc-10mg-fr","16":"pa_type-de-plante-hybride-fr","17":"product_format_filter-2units","18":"desktop-align-left","19":"tablet-align-left","20":"mobile-align-left","22":"first","23":"outofstock","24":"taxable","25":"shipping-taxable","26":"purchasable","27":"product-type-simple"},"group_of_quantity":0,"min_quantity":0,"max_quantity":"","exclude_order_quantity_value_rules":"no","exclude_category_quantity_rules":"no","combine_variations":"no","acf":[],"_links":{"self":[{"href":"https:\/\/mendomedical.ca\/fr\/wp-json\/wp\/v2\/product\/111804","targetHints":{"allow":["GET"]}}],"collection":[{"href":"https:\/\/mendomedical.ca\/fr\/wp-json\/wp\/v2\/product"}],"about":[{"href":"https:\/\/mendomedical.ca\/fr\/wp-json\/wp\/v2\/types\/product"}],"replies":[{"embeddable":true,"href":"https:\/\/mendomedical.ca\/fr\/wp-json\/wp\/v2\/comments?post=111804"}],"wp:featuredmedia":[{"embeddable":true,"href":"https:\/\/mendomedical.ca\/fr\/wp-json\/wp\/v2\/media\/111806"}],"wp:attachment":[{"href":"https:\/\/mendomedical.ca\/fr\/wp-json\/wp\/v2\/media?parent=111804"}],"wp:term":[{"taxonomy":"product_brand","embeddable":true,"href":"https:\/\/mendomedical.ca\/fr\/wp-json\/wp\/v2\/product_brand?post=111804"},{"taxonomy":"product_cat","embeddable":true,"href":"https:\/\/mendomedical.ca\/fr\/wp-json\/wp\/v2\/product_cat?post=111804"},{"taxonomy":"product_tag","embeddable":true,"href":"https:\/\/mendomedical.ca\/fr\/wp-json\/wp\/v2\/product_tag?post=111804"},{"taxonomy":"product_format_filter","embeddable":true,"href":"https:\/\/mendomedical.ca\/fr\/wp-json\/wp\/v2\/product_format_filter?post=111804"}],"curies":[{"name":"wp","href":"https:\/\/api.w.org\/{rel}","templated":true}]}}