{"id":111739,"date":"2025-08-22T14:05:06","date_gmt":"2025-08-22T18:05:06","guid":{"rendered":"https:\/\/mendomedical.ca\/?post_type=product&#038;p=111739"},"modified":"2026-04-10T15:35:08","modified_gmt":"2026-04-10T19:35:08","slug":"warming-cinnamon-ginger-cbd-pain-relief-stick","status":"publish","type":"product","link":"https:\/\/mendomedical.ca\/fr\/produit\/warming-cinnamon-ginger-cbd-pain-relief-stick\/","title":{"rendered":"Stick anti-douleur CBD cannelle et gingembre r\u00e9chauffant"},"content":{"rendered":"<div class=\"description_toggle\">\n<div class=\"the_content active_toggle\">\n<div id=\"shopify-section-product-template\" class=\"shopify-section\">\n<section class=\"product-single wrapper product--product-template\" data-section-type=\"product-template\" data-section-id=\"product-template\" data-reviews=\"false\" data-swatches=\"false\">\n<div class=\"grid--full\">\n<div class=\"grid__item\">\n<div class=\"grid\">\n<div class=\"grid__item large--one-half text-left\">\n<div class=\"product-description-wrapper\">\n<div class=\"product-tabs js-product-tabs\">\n<div class=\"product-tab\">\n<div id=\"ProductTab--ingredients-2\" class=\"product-tab__content is-expanded\" data-collapsible-container=\"\">\n<div class=\"product-tab__inner rte\" data-collapsible-content=\"\">\n<p>&nbsp;<\/p>\n<\/div>\n<\/div>\n<\/div>\n<\/div>\n<\/div>\n<\/div>\n<\/div>\n<\/div>\n<\/div>\n<\/section>\n<\/div>\n<\/div>\n<\/div>\n<p class=\"format_produit\">\n","protected":false},"excerpt":{"rendered":"<div class=\"ExternalClass53E2C9365D824F8AAE79A38D51C99283\">\n<h3>Stick anti-douleur CBD cannelle et gingembre r\u00e9chauffant<\/h3>\n<p>Faites l&rsquo;exp\u00e9rience d&rsquo;un soulagement cibl\u00e9 avec le Stick anti-douleur CBD Cannelle et Gingembre de Wildwood Labs. Ce produit topique \u00e0 base de CBD de chanvre \u00e0 spectre complet, formul\u00e9 par des experts, associe les propri\u00e9t\u00e9s chauffantes naturelles de la cannelle et du gingembre pour apporter un confort apaisant en cas d&rsquo;inconfort musculaire et articulaire quotidien. Fabriqu\u00e9 dans une ferme familiale canadienne et dot\u00e9 d&rsquo;un design pratique \u00e0 tourner, ce b\u00e2ton anti-douleur enti\u00e8rement naturel offre une absorption \u00e0 retardement pour un soutien continu tout au long de la journ\u00e9e.  <\/p>\n<h4>Caract\u00e9ristiques principales<\/h4>\n<ul>\n<li>CBD de chanvre \u00e0 spectre complet avec des cannabino\u00efdes naturels, dont le CBD, le THC, le CBN, le CBC et le CBGA.<\/li>\n<li>La formule chauffante \u00e0 la cannelle et au gingembre offre une th\u00e9rapie thermique douce pour un soulagement cibl\u00e9.<\/li>\n<li>Technologie d&rsquo;absorption \u00e0 retardement pour un confort continu et durable<\/li>\n<li>B\u00e2ton pratique \u00e0 visser pour une application facile et sans d\u00e9sordre en d\u00e9placement.<\/li>\n<li>Produit enti\u00e8rement canadien cultiv\u00e9 et extrait dans la ferme familiale Lakeside de Wildwood Labs<\/li>\n<\/ul>\n<h4>Exp\u00e9rience aromatique et sensorielle<\/h4>\n<p>D\u00e8s l&rsquo;ouverture, vous d\u00e9couvrirez un m\u00e9lange revigorant de cannelle chaude et de gingembre piquant qui cr\u00e9e un parfum invitant, semblable \u00e0 celui d&rsquo;un spa. Les \u00e9pices aromatiques procurent une exp\u00e9rience sensorielle agr\u00e9able lors de l&rsquo;application, laissant une douce sensation de chaleur et un soup\u00e7on persistant d&rsquo;\u00e9pices et de douceur sur la peau. Cette combinaison r\u00e9confortante contribue \u00e0 cr\u00e9er un rituel relaxant pour votre routine quotidienne de bien-\u00eatre.  <\/p>\n<h4>Pourquoi choisir les produits topiques au CBD<\/h4>\n<p>Les produits topiques \u00e0 base de CBD offrent un soulagement cibl\u00e9 exactement l\u00e0 o\u00f9 vous en avez le plus besoin, ce qui les rend id\u00e9aux pour g\u00e9rer l&rsquo;inconfort localis\u00e9. Le format roll-on garantit une application pr\u00e9cise sans effets syst\u00e9miques, ce qui permet aux utilisateurs m\u00e9dicaux de poursuivre leurs activit\u00e9s quotidiennes tout en soutenant les processus naturels de confort de leur corps. <\/p>\n<h4>Exp\u00e9dition dans tout le Canada<\/h4>\n<p>Le b\u00e2ton anti-douleur CBD Cannelle et Gingembre est exp\u00e9di\u00e9 rapidement au Canada. Nous offrons une livraison gratuite pour toutes les commandes de plus de 150 $, ce qui vous assure de recevoir vos produits de bien-\u00eatre \u00e0 votre porte. <\/p>\n<h4>Avantages et couverture pour les anciens combattants<\/h4>\n<p>Ce produit est admissible \u00e0 la couverture d&rsquo;ACC (Anciens Combattants Canada) avec facturation directe par l&rsquo;entremise de la Croix Bleue, ce qui signifie que les anciens combattants admissibles n&rsquo;ont pas \u00e0 d\u00e9bourser d&rsquo;argent. Si vous n&rsquo;avez pas encore de carte m\u00e9dicale, vous pouvez <a href=\"https:\/\/mendomedical.ca\/fr\/carte-medicale\/\">obtenir votre carte m\u00e9dicale gratuite rapidement et facilement<\/a> pour acc\u00e9der \u00e0 ces avantages. <\/p>\n<\/div>\n","protected":false},"featured_media":111747,"comment_status":"closed","ping_status":"closed","template":"","meta":{"_acf_changed":false,"site-sidebar-layout":"default","site-content-layout":"","ast-site-content-layout":"default","site-content-style":"default","site-sidebar-style":"default","ast-global-header-display":"","ast-banner-title-visibility":"","ast-main-header-display":"","ast-hfb-above-header-display":"","ast-hfb-below-header-display":"","ast-hfb-mobile-header-display":"","site-post-title":"","ast-breadcrumbs-content":"","ast-featured-img":"","footer-sml-layout":"","ast-disable-related-posts":"","theme-transparent-header-meta":"default","adv-header-id-meta":"","stick-header-meta":"","header-above-stick-meta":"","header-main-stick-meta":"","header-below-stick-meta":"","astra-migrate-meta-layouts":"set","ast-page-background-enabled":"default","ast-page-background-meta":{"desktop":{"background-color":"var(--ast-global-color-4)","background-image":"","background-repeat":"repeat","background-position":"center center","background-size":"auto","background-attachment":"scroll","background-type":"","background-media":"","overlay-type":"","overlay-color":"","overlay-opacity":"","overlay-gradient":""},"tablet":{"background-color":"","background-image":"","background-repeat":"repeat","background-position":"center center","background-size":"auto","background-attachment":"scroll","background-type":"","background-media":"","overlay-type":"","overlay-color":"","overlay-opacity":"","overlay-gradient":""},"mobile":{"background-color":"","background-image":"","background-repeat":"repeat","background-position":"center center","background-size":"auto","background-attachment":"scroll","background-type":"","background-media":"","overlay-type":"","overlay-color":"","overlay-opacity":"","overlay-gradient":""}},"ast-content-background-meta":{"desktop":{"background-color":"var(--ast-global-color-5)","background-image":"","background-repeat":"repeat","background-position":"center center","background-size":"auto","background-attachment":"scroll","background-type":"","background-media":"","overlay-type":"","overlay-color":"","overlay-opacity":"","overlay-gradient":""},"tablet":{"background-color":"var(--ast-global-color-5)","background-image":"","background-repeat":"repeat","background-position":"center center","background-size":"auto","background-attachment":"scroll","background-type":"","background-media":"","overlay-type":"","overlay-color":"","overlay-opacity":"","overlay-gradient":""},"mobile":{"background-color":"var(--ast-global-color-5)","background-image":"","background-repeat":"repeat","background-position":"center center","background-size":"auto","background-attachment":"scroll","background-type":"","background-media":"","overlay-type":"","overlay-color":"","overlay-opacity":"","overlay-gradient":""}}},"product_brand":[],"product_cat":[1151,1155,1150],"product_tag":[3684],"product_format_filter":[6408],"class_list":{"0":"post-111739","1":"product","2":"type-product","3":"status-publish","4":"has-post-thumbnail","6":"product_cat-baumes","7":"product_cat-rouleaux","8":"product_cat-topiques","9":"product_tag-wildwood-labs-fr","10":"pa_cbd-525mg-fr","11":"pa_format-30g-fr","12":"pa_intensity-faible-thc","13":"pa_intensity-cbd-moyen","14":"pa_marques-wildwood-labs-fr","15":"pa_origin-ontario-fr","16":"pa_thc-50mg-fr","17":"pa_type-de-plante-cbd-fr","18":"pa_type-de-plante-thc-fr","19":"product_format_filter-3g","20":"desktop-align-left","21":"tablet-align-left","22":"mobile-align-left","24":"first","25":"outofstock","26":"taxable","27":"shipping-taxable","28":"purchasable","29":"product-type-simple"},"group_of_quantity":0,"min_quantity":0,"max_quantity":"","exclude_order_quantity_value_rules":"no","exclude_category_quantity_rules":"no","combine_variations":"no","acf":[],"_links":{"self":[{"href":"https:\/\/mendomedical.ca\/fr\/wp-json\/wp\/v2\/product\/111739","targetHints":{"allow":["GET"]}}],"collection":[{"href":"https:\/\/mendomedical.ca\/fr\/wp-json\/wp\/v2\/product"}],"about":[{"href":"https:\/\/mendomedical.ca\/fr\/wp-json\/wp\/v2\/types\/product"}],"replies":[{"embeddable":true,"href":"https:\/\/mendomedical.ca\/fr\/wp-json\/wp\/v2\/comments?post=111739"}],"wp:featuredmedia":[{"embeddable":true,"href":"https:\/\/mendomedical.ca\/fr\/wp-json\/wp\/v2\/media\/111747"}],"wp:attachment":[{"href":"https:\/\/mendomedical.ca\/fr\/wp-json\/wp\/v2\/media?parent=111739"}],"wp:term":[{"taxonomy":"product_brand","embeddable":true,"href":"https:\/\/mendomedical.ca\/fr\/wp-json\/wp\/v2\/product_brand?post=111739"},{"taxonomy":"product_cat","embeddable":true,"href":"https:\/\/mendomedical.ca\/fr\/wp-json\/wp\/v2\/product_cat?post=111739"},{"taxonomy":"product_tag","embeddable":true,"href":"https:\/\/mendomedical.ca\/fr\/wp-json\/wp\/v2\/product_tag?post=111739"},{"taxonomy":"product_format_filter","embeddable":true,"href":"https:\/\/mendomedical.ca\/fr\/wp-json\/wp\/v2\/product_format_filter?post=111739"}],"curies":[{"name":"wp","href":"https:\/\/api.w.org\/{rel}","templated":true}]}}