{"id":107547,"date":"2024-07-01T16:05:48","date_gmt":"2024-07-01T20:05:48","guid":{"rendered":"https:\/\/mendomedical.ca\/?post_type=product&#038;p=107547"},"modified":"2026-01-07T09:17:02","modified_gmt":"2026-01-07T14:17:02","slug":"cbd-infused-herbal-rub-2","status":"publish","type":"product","link":"https:\/\/mendomedical.ca\/fr\/produit\/cbd-infused-herbal-rub-2\/","title":{"rendered":"Ruban aux herbes infus\u00e9 au CBD"},"content":{"rendered":"","protected":false},"excerpt":{"rendered":"<div class=\"ExternalClassDCAE29C08F384C869870B1FC56762417\">\n<h3>Ruban aux herbes infus\u00e9 au CBD par 19 Paths<\/h3>\n<p>S&rsquo;inspirant de si\u00e8cles de sagesse de la m\u00e9decine traditionnelle chinoise (MTC), 19 Paths CBD Infused Herbal Rub combine 19 ingr\u00e9dients anti-douleur soigneusement s\u00e9lectionn\u00e9s dans le cadre d&rsquo;un processus d&rsquo;infusion naturel exclusif de 4 mois. Ce baume topique de qualit\u00e9 sup\u00e9rieure offre les avantages synergiques de l&rsquo;isolat de CBD et d&rsquo;ingr\u00e9dients \u00e0 base de plantes ayant fait leurs preuves, offrant une approche unique pour un soulagement cibl\u00e9 qui va au-del\u00e0 des produits CBD conventionnels. <\/p>\n<h4>Caract\u00e9ristiques principales<\/h4>\n<ul>\n<li>19 ingr\u00e9dients de premi\u00e8re qualit\u00e9, dont 250 mg d&rsquo;isolat de CBD pur d\u00e9riv\u00e9 du chanvre par pot de 75 ml<\/li>\n<li>Formule sans THC avec menthol et camphre pour une sensation de fra\u00eecheur\/r\u00e9chauffement<\/li>\n<li>Le processus de brassage naturel de 4 mois permet d&rsquo;extraire les compos\u00e9s actifs sans acc\u00e9l\u00e9rateurs artificiels.<\/li>\n<li>Formule non collante \u00e0 absorption rapide avec un ar\u00f4me fort qui se dissipe rapidement<\/li>\n<li>Combine les herbes de la m\u00e9decine traditionnelle chinoise avec la science moderne des cannabino\u00efdes.<\/li>\n<\/ul>\n<h4>Profil des ar\u00f4mes et des effets<\/h4>\n<p>Cette friction \u00e0 base d&rsquo;herbes se caract\u00e9rise par un ar\u00f4me initial puissant qui s&rsquo;estompe rapidement apr\u00e8s l&rsquo;application. La combinaison de menthol et de camphre cr\u00e9e une sensation distinctive de refroidissement et de r\u00e9chauffement sur la peau. Chaque pot de 75 ml contient 250 mg d&rsquo;isolat de CBD pur d\u00e9riv\u00e9 du chanvre et est totalement exempt de THC.  <\/p>\n<h4>Liste des ingr\u00e9dients Premium<\/h4>\n<p>CBD (isolat de CBD de chanvre), menthol, camphre, MSM (m\u00e9thylsulfonylm\u00e9thane, dim\u00e9thyl sulfone), Eleutherococcus gracilistylus (\u00e9corce de racine), Angelica pubescens (racine), Panax notoginseng (racine), Carthamus tinctorius (fleur), Citrus aurantium (fruit), Curcuma longa (rhizome), Prunus persica (graine), Rehmannia glutinosa (tubercule), Aquilaria sinensis (aubier de la tige), Atractylodes macrocephala (rhizome), Boswellia sacra (r\u00e9sine de l&rsquo;\u00e9corce de la tige), Cyperus rotundus (rhizome), Daemonorops draco (r\u00e9sine du fruit), Eucommia ulmoides (\u00e9corce de la tige), Sparganium eurycarpum (rhizome).<\/p>\n<h4>Pourquoi choisir les baumes topiques ?<\/h4>\n<p>Les baumes topiques au CBD permettent une application cibl\u00e9e directement l\u00e0 o\u00f9 le besoin s&rsquo;en fait sentir, ce qui les rend id\u00e9aux en cas d&rsquo;inconfort localis\u00e9. La combinaison du CBD avec des ingr\u00e9dients \u00e0 base de plantes traditionnelles peut contribuer \u00e0 la r\u00e9cup\u00e9ration musculaire et au confort des articulations sans effets syst\u00e9miques. <\/p>\n<h4>Exp\u00e9dition dans tout le Canada<\/h4>\n<p>CBD Infused Herbal Rub est exp\u00e9di\u00e9 rapidement \u00e0 travers le Canada. Nous offrons une livraison gratuite pour toutes les commandes de plus de 150 $, ce qui vous assure de recevoir vos produits topiques de premi\u00e8re qualit\u00e9 rapidement et \u00e0 un prix abordable. <\/p>\n<h4>Avantages et couverture pour les anciens combattants<\/h4>\n<p>Le CBD Infused Herbal Rub est admissible \u00e0 la couverture d&rsquo;ACC (Anciens Combattants Canada) avec facturation directe par l&rsquo;entremise de la Croix Bleue - ce qui signifie que les anciens combattants admissibles n&rsquo;ont pas \u00e0 d\u00e9bourser d&rsquo;argent. Si vous n&rsquo;avez pas encore de carte de cannabis m\u00e9dical, vous pouvez <a href=\"https:\/\/mendomedical.ca\/fr\/carte-medicale\/\">obtenir votre carte m\u00e9dicale gratuite rapidement et facilement ici.<\/a> <\/p>\n<div style=\"14px;14px\"><b>Ingr\u00e9dients :<\/b><br \/> CBD (isolat de CBD de chanvre), menthol, camphre, MSM (m\u00e9thylsulfonylm\u00e9thane, dim\u00e9thyl sulfone), Eleutherococcus gracilistylus, Angleica pubescens, Panax notoginseng, Carthamus tinctorius, Citrus aurantium, Curcuma longa, Prunus persica, Rehmannia glutinosa, Aquilaria sinensis, Atractylodes macrocephala, Boswellia sacra, Cyperus rotundus, Daemonorops draco, Eucommia ulmoides, Sparganium eurycarpum.<\/div>\n<\/div>\n","protected":false},"featured_media":107549,"comment_status":"closed","ping_status":"closed","template":"","meta":{"_acf_changed":false,"site-sidebar-layout":"default","site-content-layout":"","ast-site-content-layout":"default","site-content-style":"default","site-sidebar-style":"default","ast-global-header-display":"","ast-banner-title-visibility":"","ast-main-header-display":"","ast-hfb-above-header-display":"","ast-hfb-below-header-display":"","ast-hfb-mobile-header-display":"","site-post-title":"","ast-breadcrumbs-content":"","ast-featured-img":"","footer-sml-layout":"","ast-disable-related-posts":"","theme-transparent-header-meta":"default","adv-header-id-meta":"","stick-header-meta":"","header-above-stick-meta":"","header-main-stick-meta":"","header-below-stick-meta":"","astra-migrate-meta-layouts":"set","ast-page-background-enabled":"default","ast-page-background-meta":{"desktop":{"background-color":"var(--ast-global-color-4)","background-image":"","background-repeat":"repeat","background-position":"center center","background-size":"auto","background-attachment":"scroll","background-type":"","background-media":"","overlay-type":"","overlay-color":"","overlay-opacity":"","overlay-gradient":""},"tablet":{"background-color":"","background-image":"","background-repeat":"repeat","background-position":"center center","background-size":"auto","background-attachment":"scroll","background-type":"","background-media":"","overlay-type":"","overlay-color":"","overlay-opacity":"","overlay-gradient":""},"mobile":{"background-color":"","background-image":"","background-repeat":"repeat","background-position":"center center","background-size":"auto","background-attachment":"scroll","background-type":"","background-media":"","overlay-type":"","overlay-color":"","overlay-opacity":"","overlay-gradient":""}},"ast-content-background-meta":{"desktop":{"background-color":"var(--ast-global-color-5)","background-image":"","background-repeat":"repeat","background-position":"center center","background-size":"auto","background-attachment":"scroll","background-type":"","background-media":"","overlay-type":"","overlay-color":"","overlay-opacity":"","overlay-gradient":""},"tablet":{"background-color":"var(--ast-global-color-5)","background-image":"","background-repeat":"repeat","background-position":"center center","background-size":"auto","background-attachment":"scroll","background-type":"","background-media":"","overlay-type":"","overlay-color":"","overlay-opacity":"","overlay-gradient":""},"mobile":{"background-color":"var(--ast-global-color-5)","background-image":"","background-repeat":"repeat","background-position":"center center","background-size":"auto","background-attachment":"scroll","background-type":"","background-media":"","overlay-type":"","overlay-color":"","overlay-opacity":"","overlay-gradient":""}}},"product_brand":[4287],"product_cat":[1151,1150],"product_tag":[3576],"product_format_filter":[],"class_list":{"0":"post-107547","1":"product","2":"type-product","3":"status-publish","4":"has-post-thumbnail","6":"product_brand-19-paths","7":"product_cat-baumes","8":"product_cat-topiques","9":"product_tag-19-paths-fr","10":"pa_cbd-250mg","11":"pa_format-75ml-fr","12":"pa_intensity-eleve-en-cbd","13":"pa_marques-19-paths-fr","14":"pa_origin-quebec-fr","15":"desktop-align-left","16":"tablet-align-left","17":"mobile-align-left","19":"first","20":"outofstock","21":"taxable","22":"shipping-taxable","23":"purchasable","24":"product-type-simple"},"group_of_quantity":0,"min_quantity":0,"max_quantity":"","exclude_order_quantity_value_rules":"no","exclude_category_quantity_rules":"no","combine_variations":"no","acf":[],"_links":{"self":[{"href":"https:\/\/mendomedical.ca\/fr\/wp-json\/wp\/v2\/product\/107547","targetHints":{"allow":["GET"]}}],"collection":[{"href":"https:\/\/mendomedical.ca\/fr\/wp-json\/wp\/v2\/product"}],"about":[{"href":"https:\/\/mendomedical.ca\/fr\/wp-json\/wp\/v2\/types\/product"}],"replies":[{"embeddable":true,"href":"https:\/\/mendomedical.ca\/fr\/wp-json\/wp\/v2\/comments?post=107547"}],"wp:featuredmedia":[{"embeddable":true,"href":"https:\/\/mendomedical.ca\/fr\/wp-json\/wp\/v2\/media\/107549"}],"wp:attachment":[{"href":"https:\/\/mendomedical.ca\/fr\/wp-json\/wp\/v2\/media?parent=107547"}],"wp:term":[{"taxonomy":"product_brand","embeddable":true,"href":"https:\/\/mendomedical.ca\/fr\/wp-json\/wp\/v2\/product_brand?post=107547"},{"taxonomy":"product_cat","embeddable":true,"href":"https:\/\/mendomedical.ca\/fr\/wp-json\/wp\/v2\/product_cat?post=107547"},{"taxonomy":"product_tag","embeddable":true,"href":"https:\/\/mendomedical.ca\/fr\/wp-json\/wp\/v2\/product_tag?post=107547"},{"taxonomy":"product_format_filter","embeddable":true,"href":"https:\/\/mendomedical.ca\/fr\/wp-json\/wp\/v2\/product_format_filter?post=107547"}],"curies":[{"name":"wp","href":"https:\/\/api.w.org\/{rel}","templated":true}]}}