{"id":107535,"date":"2024-07-01T16:00:05","date_gmt":"2024-07-01T20:00:05","guid":{"rendered":"https:\/\/mendomedical.ca\/?post_type=product&#038;p=107535"},"modified":"2026-04-20T23:22:41","modified_gmt":"2026-04-21T03:22:41","slug":"cbd-infused-herbal-rub","status":"publish","type":"product","link":"https:\/\/mendomedical.ca\/fr\/produit\/cbd-infused-herbal-rub\/","title":{"rendered":"Ruban aux herbes infus\u00e9 au CBD"},"content":{"rendered":"","protected":false},"excerpt":{"rendered":"<div class=\"ExternalClass666DCEC3461C4322A905155B8F86882F\">\n<h3>Ruban aux herbes infus\u00e9 au CBD par 19 Paths<\/h3>\n<p>D\u00e9couvrez le pouvoir synergique de 19 ingr\u00e9dients soigneusement s\u00e9lectionn\u00e9s dans ce baume \u00e0 base de plantes infus\u00e9 au CBD. En combinant la sagesse de la m\u00e9decine traditionnelle chinoise (MTC) et l&rsquo;innovation scientifique moderne, 19 Paths a cr\u00e9\u00e9 un baume topique unique qui exploite l&rsquo;effet d&rsquo;entourage de plusieurs plantes anti-douleur. Chaque pot de 10 ml contient 35 mg d&rsquo;isolat de CBD pur d\u00e9riv\u00e9 du chanvre, m\u00e9ticuleusement m\u00e9lang\u00e9 selon un processus de brassage naturel exclusif de 4 mois qui pr\u00e9serve la puissance et la puret\u00e9 de chaque ingr\u00e9dient.  <\/p>\n<h4>Caract\u00e9ristiques principales<\/h4>\n<ul>\n<li>19 ingr\u00e9dients de premi\u00e8re qualit\u00e9 pour soulager la douleur, dont de l&rsquo;isolat de CBD, du menthol, du camphre et du MSM<\/li>\n<li>Formule sans THC avec 35 mg d&rsquo;isolat de CBD pur d\u00e9riv\u00e9 du chanvre par pot de 10 ml<\/li>\n<li>Le processus de brassage naturel de 4 mois permet d&rsquo;extraire les compos\u00e9s actifs sans chaleur ni acc\u00e9l\u00e9rateurs artificiels.<\/li>\n<li>Sensation de fra\u00eecheur et de chaleur gr\u00e2ce au menthol et au camphre<\/li>\n<li>Bas\u00e9 sur les principes de la m\u00e9decine traditionnelle chinoise \u00e9prouv\u00e9s par le temps et renforc\u00e9s par la science moderne.<\/li>\n<\/ul>\n<h4>Ar\u00f4me et effets<\/h4>\n<p>Cette friction \u00e0 base de plantes pr\u00e9sente un ar\u00f4me initial puissant qui se dissipe rapidement apr\u00e8s l&rsquo;application. La combinaison de menthol et de camphre cr\u00e9e une sensation distinctive de refroidissement et de r\u00e9chauffement sur la peau, procurant une exp\u00e9rience apaisante \u00e0 l&rsquo;endroit o\u00f9 elle est appliqu\u00e9e. <\/p>\n<h4>Ingr\u00e9dients de premi\u00e8re qualit\u00e9<\/h4>\n<p>CBD (isolat de CBD de chanvre), menthol, camphre, MSM (m\u00e9thylsulfonylm\u00e9thane, dim\u00e9thyl sulfone), Eleutherococcus gracilistylus (\u00e9corce de racine), Angelica pubescens (racine), Panax notoginseng (racine), Carthamus tinctorius (fleur), Citrus aurantium (fruit), Curcuma longa (rhizome), Prunus persica (graine), Rehmannia glutinosa (tubercule), Aquilaria sinensis (aubier de la tige), Atractylodes macrocephala (rhizome), Boswellia sacra (r\u00e9sine de l&rsquo;\u00e9corce de la tige), Cyperus rotundus (rhizome), Daemonorops draco (r\u00e9sine du fruit), Eucommia ulmoides (\u00e9corce de la tige), Sparganium eurycarpum (rhizome).<\/p>\n<h4>Pourquoi choisir les baumes topiques ?<\/h4>\n<p>Les baumes topiques au CBD permettent une application cibl\u00e9e directement sur les zones d&rsquo;inconfort, ce qui permet d&rsquo;obtenir des effets localis\u00e9s sans absorption syst\u00e9mique. Ils constituent donc un excellent choix pour les utilisateurs m\u00e9dicaux \u00e0 la recherche d&rsquo;un soulagement cibl\u00e9. <\/p>\n<h4>Exp\u00e9dition dans tout le Canada<\/h4>\n<p>Le produit CBD Infused Herbal Rub est exp\u00e9di\u00e9 rapidement partout au Canada. Profitez de la livraison gratuite pour les commandes de plus de 150 $. <\/p>\n<h4>Avantages et couverture pour les anciens combattants<\/h4>\n<p>Le produit CBD Infused Herbal Rub est admissible \u00e0 la couverture d&rsquo;ACC (Anciens Combattants Canada) avec facturation directe par l&rsquo;entremise de la Croix Bleue, ce qui signifie que les anciens combattants admissibles n&rsquo;ont pas \u00e0 d\u00e9bourser d&rsquo;argent. Si vous n&rsquo;avez pas encore de carte m\u00e9dicale, <a href=\"https:\/\/mendomedical.ca\/fr\/carte-medicale\/\">obtenez-la rapidement et facilement<\/a>. <\/p>\n<p><b>Ingr\u00e9dients<\/b><\/p>\n<div style=\"14px;14px\">CBD (isolat de CBD de chanvre), menthol, camphre, MSM (m\u00e9thylsulfonylm\u00e9thane, dim\u00e9thyl sulfone), Eleutherococcus gracilistylus, Angleica pubescens, Panax notoginseng, Carthamus tinctorius, Citrus aurantium, Curcuma longa, Prunus persica, Rehmannia glutinosa, Aquilaria sinensis, Atractylodes macrocephala, Boswellia sacra, Cyperus rotundus, Daemonorops draco, Eucommia ulmoides, Sparganium eurycarpum.<\/div>\n<\/div>\n","protected":false},"featured_media":107537,"comment_status":"closed","ping_status":"closed","template":"","meta":{"_acf_changed":false,"site-sidebar-layout":"default","site-content-layout":"","ast-site-content-layout":"default","site-content-style":"default","site-sidebar-style":"default","ast-global-header-display":"","ast-banner-title-visibility":"","ast-main-header-display":"","ast-hfb-above-header-display":"","ast-hfb-below-header-display":"","ast-hfb-mobile-header-display":"","site-post-title":"","ast-breadcrumbs-content":"","ast-featured-img":"","footer-sml-layout":"","ast-disable-related-posts":"","theme-transparent-header-meta":"default","adv-header-id-meta":"","stick-header-meta":"","header-above-stick-meta":"","header-main-stick-meta":"","header-below-stick-meta":"","astra-migrate-meta-layouts":"set","ast-page-background-enabled":"default","ast-page-background-meta":{"desktop":{"background-color":"var(--ast-global-color-4)","background-image":"","background-repeat":"repeat","background-position":"center center","background-size":"auto","background-attachment":"scroll","background-type":"","background-media":"","overlay-type":"","overlay-color":"","overlay-opacity":"","overlay-gradient":""},"tablet":{"background-color":"","background-image":"","background-repeat":"repeat","background-position":"center center","background-size":"auto","background-attachment":"scroll","background-type":"","background-media":"","overlay-type":"","overlay-color":"","overlay-opacity":"","overlay-gradient":""},"mobile":{"background-color":"","background-image":"","background-repeat":"repeat","background-position":"center center","background-size":"auto","background-attachment":"scroll","background-type":"","background-media":"","overlay-type":"","overlay-color":"","overlay-opacity":"","overlay-gradient":""}},"ast-content-background-meta":{"desktop":{"background-color":"var(--ast-global-color-5)","background-image":"","background-repeat":"repeat","background-position":"center center","background-size":"auto","background-attachment":"scroll","background-type":"","background-media":"","overlay-type":"","overlay-color":"","overlay-opacity":"","overlay-gradient":""},"tablet":{"background-color":"var(--ast-global-color-5)","background-image":"","background-repeat":"repeat","background-position":"center center","background-size":"auto","background-attachment":"scroll","background-type":"","background-media":"","overlay-type":"","overlay-color":"","overlay-opacity":"","overlay-gradient":""},"mobile":{"background-color":"var(--ast-global-color-5)","background-image":"","background-repeat":"repeat","background-position":"center center","background-size":"auto","background-attachment":"scroll","background-type":"","background-media":"","overlay-type":"","overlay-color":"","overlay-opacity":"","overlay-gradient":""}}},"product_brand":[4287],"product_cat":[1151,1150],"product_tag":[3576],"product_format_filter":[],"class_list":{"0":"post-107535","1":"product","2":"type-product","3":"status-publish","4":"has-post-thumbnail","6":"product_brand-19-paths","7":"product_cat-baumes","8":"product_cat-topiques","9":"product_tag-19-paths-fr","10":"pa_cbd-35mg-fr","11":"pa_format-10ml-fr","12":"pa_intensity-faible-cbd","13":"pa_marques-19-paths-fr","14":"pa_origin-quebec-fr","15":"desktop-align-left","16":"tablet-align-left","17":"mobile-align-left","19":"first","20":"instock","21":"taxable","22":"shipping-taxable","23":"purchasable","24":"product-type-simple"},"group_of_quantity":0,"min_quantity":0,"max_quantity":"","exclude_order_quantity_value_rules":"no","exclude_category_quantity_rules":"no","combine_variations":"no","acf":[],"_links":{"self":[{"href":"https:\/\/mendomedical.ca\/fr\/wp-json\/wp\/v2\/product\/107535","targetHints":{"allow":["GET"]}}],"collection":[{"href":"https:\/\/mendomedical.ca\/fr\/wp-json\/wp\/v2\/product"}],"about":[{"href":"https:\/\/mendomedical.ca\/fr\/wp-json\/wp\/v2\/types\/product"}],"replies":[{"embeddable":true,"href":"https:\/\/mendomedical.ca\/fr\/wp-json\/wp\/v2\/comments?post=107535"}],"wp:featuredmedia":[{"embeddable":true,"href":"https:\/\/mendomedical.ca\/fr\/wp-json\/wp\/v2\/media\/107537"}],"wp:attachment":[{"href":"https:\/\/mendomedical.ca\/fr\/wp-json\/wp\/v2\/media?parent=107535"}],"wp:term":[{"taxonomy":"product_brand","embeddable":true,"href":"https:\/\/mendomedical.ca\/fr\/wp-json\/wp\/v2\/product_brand?post=107535"},{"taxonomy":"product_cat","embeddable":true,"href":"https:\/\/mendomedical.ca\/fr\/wp-json\/wp\/v2\/product_cat?post=107535"},{"taxonomy":"product_tag","embeddable":true,"href":"https:\/\/mendomedical.ca\/fr\/wp-json\/wp\/v2\/product_tag?post=107535"},{"taxonomy":"product_format_filter","embeddable":true,"href":"https:\/\/mendomedical.ca\/fr\/wp-json\/wp\/v2\/product_format_filter?post=107535"}],"curies":[{"name":"wp","href":"https:\/\/api.w.org\/{rel}","templated":true}]}}