{"id":107459,"date":"2024-08-31T22:00:15","date_gmt":"2024-09-01T02:00:15","guid":{"rendered":"https:\/\/mendomedical.ca\/?post_type=product&#038;p=107459"},"modified":"2025-04-21T14:54:55","modified_gmt":"2025-04-21T18:54:55","slug":"prison-infused-pre-roll","status":"publish","type":"product","link":"https:\/\/mendomedical.ca\/fr\/produit\/prison-infused-pre-roll\/","title":{"rendered":"Prison Infused Pre-roll"},"content":{"rendered":"","protected":false},"excerpt":{"rendered":"<h3>Terp\u00e8nes Totaux : 3.62%<\/h3>\n<p><strong>Les pre-rolls Prison EVIDENCE sont infus\u00e9s et fabriqu\u00e9s avec un m\u00e9lange s\u00e9lectionn\u00e9 de fleurs enti\u00e8res, sans shake, ni garniture ni tiges ! Infus\u00e9 avec du kief \u00e0 haute saveur terp\u00e9nique pour un go\u00fbt \u00e9quilibr\u00e9 et un coup de THC suppl\u00e9mentaire.<\/strong><\/p>\n<p>&nbsp;<\/p>\n<h5>Attrait visuel:<\/h5>\n<p>Pr\u00e9-rouler homog\u00e8ne pour une combustion parfaite et uniforme.<\/p>\n<p>&nbsp;<\/p>\n<h5>Ar\u00f4me :<\/h5>\n<p>Terreux, citronn\u00e9 et agrumes.<\/p>\n<p>&nbsp;<\/p>\n<h5>Profil de Saveur :<\/h5>\n<p>Un m\u00e9lange de vari\u00e9t\u00e9s, savamment moulues et m\u00e9lang\u00e9es avec du kief, offrant des effets et des go\u00fbts forts, emball\u00e9es dans un pre-roll.<\/p>\n<p>&nbsp;<\/p>\n<h5>Profil Cannabino\u00efdes et Terp\u00e8nes :<\/h5>\n<p>EVIDENCE Prison Pre-Roll est un pr\u00e9-roll infus\u00e9 \u00e0 haute teneur en THC.<\/p>\n","protected":false},"featured_media":107461,"comment_status":"closed","ping_status":"closed","template":"","meta":{"_acf_changed":false,"site-sidebar-layout":"default","site-content-layout":"","ast-site-content-layout":"default","site-content-style":"default","site-sidebar-style":"default","ast-global-header-display":"","ast-banner-title-visibility":"","ast-main-header-display":"","ast-hfb-above-header-display":"","ast-hfb-below-header-display":"","ast-hfb-mobile-header-display":"","site-post-title":"","ast-breadcrumbs-content":"","ast-featured-img":"","footer-sml-layout":"","ast-disable-related-posts":"","theme-transparent-header-meta":"default","adv-header-id-meta":"","stick-header-meta":"","header-above-stick-meta":"","header-main-stick-meta":"","header-below-stick-meta":"","astra-migrate-meta-layouts":"set","ast-page-background-enabled":"default","ast-page-background-meta":{"desktop":{"background-color":"var(--ast-global-color-4)","background-image":"","background-repeat":"repeat","background-position":"center center","background-size":"auto","background-attachment":"scroll","background-type":"","background-media":"","overlay-type":"","overlay-color":"","overlay-opacity":"","overlay-gradient":""},"tablet":{"background-color":"","background-image":"","background-repeat":"repeat","background-position":"center center","background-size":"auto","background-attachment":"scroll","background-type":"","background-media":"","overlay-type":"","overlay-color":"","overlay-opacity":"","overlay-gradient":""},"mobile":{"background-color":"","background-image":"","background-repeat":"repeat","background-position":"center center","background-size":"auto","background-attachment":"scroll","background-type":"","background-media":"","overlay-type":"","overlay-color":"","overlay-opacity":"","overlay-gradient":""}},"ast-content-background-meta":{"desktop":{"background-color":"var(--ast-global-color-5)","background-image":"","background-repeat":"repeat","background-position":"center center","background-size":"auto","background-attachment":"scroll","background-type":"","background-media":"","overlay-type":"","overlay-color":"","overlay-opacity":"","overlay-gradient":""},"tablet":{"background-color":"var(--ast-global-color-5)","background-image":"","background-repeat":"repeat","background-position":"center center","background-size":"auto","background-attachment":"scroll","background-type":"","background-media":"","overlay-type":"","overlay-color":"","overlay-opacity":"","overlay-gradient":""},"mobile":{"background-color":"var(--ast-global-color-5)","background-image":"","background-repeat":"repeat","background-position":"center center","background-size":"auto","background-attachment":"scroll","background-type":"","background-media":"","overlay-type":"","overlay-color":"","overlay-opacity":"","overlay-gradient":""}}},"product_brand":[],"product_cat":[1147,1144],"product_tag":[3454],"product_format_filter":[],"class_list":{"0":"post-107459","1":"product","2":"type-product","3":"status-publish","4":"has-post-thumbnail","6":"product_cat-pre-roules-infuses","7":"product_cat-pre-roules","8":"product_tag-evidence-fr","9":"pa_format-1g-2-fr","10":"pa_intensity-thc-eleve","11":"pa_marques-evidence-fr","12":"pa_origin-ontario-fr","13":"pa_thc-25-02","14":"pa_type-de-plante-hybride-indica-fr","15":"desktop-align-left","16":"tablet-align-left","17":"mobile-align-left","19":"first","20":"outofstock","21":"taxable","22":"shipping-taxable","23":"purchasable","24":"product-type-simple"},"group_of_quantity":0,"min_quantity":0,"max_quantity":"","exclude_order_quantity_value_rules":"no","exclude_category_quantity_rules":"no","combine_variations":"no","acf":[],"_links":{"self":[{"href":"https:\/\/mendomedical.ca\/fr\/wp-json\/wp\/v2\/product\/107459","targetHints":{"allow":["GET"]}}],"collection":[{"href":"https:\/\/mendomedical.ca\/fr\/wp-json\/wp\/v2\/product"}],"about":[{"href":"https:\/\/mendomedical.ca\/fr\/wp-json\/wp\/v2\/types\/product"}],"replies":[{"embeddable":true,"href":"https:\/\/mendomedical.ca\/fr\/wp-json\/wp\/v2\/comments?post=107459"}],"wp:featuredmedia":[{"embeddable":true,"href":"https:\/\/mendomedical.ca\/fr\/wp-json\/wp\/v2\/media\/107461"}],"wp:attachment":[{"href":"https:\/\/mendomedical.ca\/fr\/wp-json\/wp\/v2\/media?parent=107459"}],"wp:term":[{"taxonomy":"product_brand","embeddable":true,"href":"https:\/\/mendomedical.ca\/fr\/wp-json\/wp\/v2\/product_brand?post=107459"},{"taxonomy":"product_cat","embeddable":true,"href":"https:\/\/mendomedical.ca\/fr\/wp-json\/wp\/v2\/product_cat?post=107459"},{"taxonomy":"product_tag","embeddable":true,"href":"https:\/\/mendomedical.ca\/fr\/wp-json\/wp\/v2\/product_tag?post=107459"},{"taxonomy":"product_format_filter","embeddable":true,"href":"https:\/\/mendomedical.ca\/fr\/wp-json\/wp\/v2\/product_format_filter?post=107459"}],"curies":[{"name":"wp","href":"https:\/\/api.w.org\/{rel}","templated":true}]}}